{"id":15999,"date":"2023-10-23T18:52:33","date_gmt":"2023-10-23T21:52:33","guid":{"rendered":"https:\/\/com-automotive.com\/alternador-12v-65amp-f000bl0301-f000bl03a0-5u0903025d-volkswagen-bosch-seg\/"},"modified":"2025-01-02T11:34:57","modified_gmt":"2025-01-02T14:34:57","slug":"alternador-12v-65amp-f000bl0301-f000bl03a0-5u0903025d-volkswagen-bosch-seg","status":"publish","type":"product","link":"https:\/\/com-automotive.com\/es\/alternador-12v-65amp-f000bl0301-f000bl03a0-5u0903025d-volkswagen-bosch-seg\/","title":{"rendered":"Alternador compatible de 12 V y 65 amperios F000BL0301 F000BL03A0 5U0903025D<span class=\"product-sku\" style=\"display: block; font-size: 0.85em; color: #777; margin-top: 5px; margin-bottom: 5px;\">SKU: F000BL03A0-COM<\/span>"},"content":{"rendered":"<h1>Calidad de dise\u00f1o original COM-AUTOMOTIVE.<\/h1>\n<p>Alternador compatible de 12 V y 65 amperios F000BL0301, F000BL03A0, 5U0903025D<\/p>\n<h2>Preguntas m\u00e1s frecuentes<\/h2>\n<h3><strong>\u00bfCu\u00e1les son las referencias cruzadas?<\/strong><\/h3>\n<p>F000BL0301, F000BL03A0, 5U0903025D<\/p>\n<h2><strong>TABLA DE APLICACI\u00d3N<\/strong><\/h2>\n<table width=\"1036\">\n<tbody>\n<tr>\n<td width=\"1036\">VOLKSWAGEN GOL TOTAL FLEX G-5, EA111 VHT CCNA 1.0 L 8V SOHC L4 FLEX, 2008-2013.<\/td>\n<\/tr>\n<tr>\n<td>VOLKSWAGEN FOX NUEVO TOTAL FLEX G-2, EA111 VHT CCRA 1.6 L 8V SOHC L4 FLEX, 2009-2013.<\/td>\n<\/tr>\n<tr>\n<td>VOLKSWAGEN GOL 1.0 G-7, EA211 CSEA 1.0 L 12V DOHC L3 FLEX, 2019-2023.<\/td>\n<\/tr>\n<tr>\n<td>VOLKSWAGEN FOX NUEVO TOTAL FLEX G-2, EA111 VHT CCNA 1.0 L 8V SOHC L4 FLEX, 2009-2013.<\/td>\n<\/tr>\n<tr>\n<td>VOLKSWAGEN VOYAGE COMFORTLINE , EA111 VHT CCNA 1.0 L 8V SOHC L4 FLEX, 2008-2012.<\/td>\n<\/tr>\n<tr>\n<td>VOLKSWAGEN SAVEIRO CL CE G-5, EA111 VHT CCRA 1.6 L 8V SOHC L4 FLEX, 2009-2013.<\/td>\n<\/tr>\n<tr>\n<td>VOLKSWAGEN FOX CITY TOTAL FLEX G-1, EA111 VHT CCNA 1.0 L 8V SOHC L4 FLEX, 2008-2010.<\/td>\n<\/tr>\n<tr>\n<td>VOLKSWAGEN FOX CITY TOTAL FLEX G-1, EA111 BNX 1.0 L 8V SOHC L4 FLEX, 2005-2007.<\/td>\n<\/tr>\n<tr>\n<td>VOLKSWAGEN VOYAGE COMFORTLINE G-3, EA111 VHT CCRA 1.6 L 8V SOHC L4 FLEX, 2008-2014.<\/td>\n<\/tr>\n<tr>\n<td>VOLKSWAGEN GOL PLUS TOTAL FLEX G-6, EA111 VHT CCNA 1.0 L 8V SOHC L4 FLEX, 2012-2014.<\/td>\n<\/tr>\n<tr>\n<td>VOLKSWAGEN SAVEIRO ROBUSTO CS G-7, EA111 VHT CCRA 1.6 L 8V SOHC L4 FLEX, 2016-2023.<\/td>\n<\/tr>\n<tr>\n<td>VOLKSWAGEN GOL TOTAL FLEX G-6, EA111 VHT CCRA 1.6 L 8V SOHC L4 FLEX, 2008-2013.<\/td>\n<\/tr>\n<tr>\n<td>VOLKSWAGEN GOL PLUS TOTAL FLEX G-6, EA111 TEC CCNA 1.0 L 8V SOHC L4 FLEX, 2013-2013.<\/td>\n<\/tr>\n<tr>\n<td>VOLKSWAGEN GOL TOTAL FLEX G-5, EA111 VHT CCRA 1.6 L 8V SOHC L4 FLEX, 2008-2014.<\/td>\n<\/tr>\n<tr>\n<td>VOLKSWAGEN GOL POWER TOTAL FLEX G-6, EA111 VHT CCRA 1.6 L 8V SOHC L4 FLEX, 2008-2012.<\/td>\n<\/tr>\n<tr>\n<td>VOLKSWAGEN GOL CITY TOTAL FLEX G-5, EA111 VHT CCRA 1.6 L 8V SOHC L4 FLEX, 2008-2013.<\/td>\n<\/tr>\n<tr>\n<td>VOLKSWAGEN VOYAGE MSI G-4, EA111 VHT CCRA 1.6 L 8V SOHC L4 FLEX, 2019-2023.<\/td>\n<\/tr>\n<tr>\n<td>VOLKSWAGEN POLO MPI G-4, EA211 CSEA 1.0 L 12V DOHC L3 FLEX, 2017-2023.<\/td>\n<\/tr>\n<tr>\n<td>VOLKSWAGEN FOX NEW CROSSFOX G-2, EA111 VHT CCRA 1.6 L 8V SOHC L4 FLEX, 2009-2013.<\/td>\n<\/tr>\n<tr>\n<td>VOLKSWAGEN VOYAGE HIGHLINE G-4, EA111 VHT CCRA 1.6 L 8V SOHC L4 FLEX, 2012-2018.<\/td>\n<\/tr>\n<tr>\n<td>VOLKSWAGEN VOYAGE TOTAL FLEX , EA111 TEC CCNA 1.0 L 8V SOHC L4 FLEX, 2012-2013.<\/td>\n<\/tr>\n<tr>\n<td>VOLKSWAGEN SAVEIRO SURF CS G-6, EA111 VHT CCRA 1.6 L 8V SOHC L4 FLEX, 2014-2016.<\/td>\n<\/tr>\n<tr>\n<td>VOLKSWAGEN SAVEIRO CROSS CE G-5, EA111 VHT CCRA 1.6 L 8V SOHC L4 FLEX, 2010-2013.<\/td>\n<\/tr>\n<tr>\n<td>VOLKSWAGEN FOX NEW PRIME G-2, EA111 VHT CCRA 1.6 L 8V SOHC L4 FLEX, 2009-2013.<\/td>\n<\/tr>\n<tr>\n<td>VOLKSWAGEN FOX CONNECT G-3, EA111 VHT CCRA 1.6 L 8V SOHC L4 FLEX, 2017-2023.<\/td>\n<\/tr>\n<tr>\n<td>VOLKSWAGEN GOL COMFORTLINE I-MOTION G-7, EA211 CSEA 1.0 L 12V DOHC L3 FLEX, 2016-2018.<\/td>\n<\/tr>\n<tr>\n<td>VOLKSWAGEN POLO SEDAN TOTAL FLEX , EA111 BPA 1.6 L 8V SOHC L4 FLEX, 2004-2008.<\/td>\n<\/tr>\n<tr>\n<td>VOLKSWAGEN GOL CITY TOTAL FLEX G-6, EA111 TEC CCNA 1.0 L 8V SOHC L4 FLEX, 2013-2014.<\/td>\n<\/tr>\n<tr>\n<td>VOLKSWAGEN GOL TRENDLINE G-6, EA111 TEC CPBA 1.0 L 8V SOHC L4 FLEX, 2014-2015.<\/td>\n<\/tr>\n<tr>\n<td>VOLKSWAGEN FOX PEPPER I-MOTION G-3, EA211 CNXA 1.6 L 16V DOHC L4 FLEX, 2014-2018.<\/td>\n<\/tr>\n<tr>\n<td>VOLKSWAGEN POLO SEDAN TOTAL FLEX , EA111 VHT CCRA 1.6 L 8V SOHC L4 FLEX, 2009-2014.<\/td>\n<\/tr>\n<tr>\n<td>VOLKSWAGEN FOX CROSSFOX TOTAL FLEX G-1, EA111 BPA 1.6 L 8V SOHC L4 FLEX, 2005-2007.<\/td>\n<\/tr>\n<tr>\n<td>VOLKSWAGEN FOX PEPPER G-3, EA211 CNXA 1.6 L 16V DOHC L4 FLEX, 2014-2018.<\/td>\n<\/tr>\n<tr>\n<td>VOLKSWAGEN FOX HIGHLINE I-MOTION G-3, EA211 CNXA 1.6 L 16V DOHC L4 FLEX, 2014-2018.<\/td>\n<\/tr>\n<tr>\n<td>VOLKSWAGEN VOYAGE PRUEBAS G-3, EA111 VHT CCRA 1.6 L 8V SOHC L4 FLEX, 2014-2015.<\/td>\n<\/tr>\n<tr>\n<td>VOLKSWAGEN SAVEIRO CROSS CD G-7, EA211 CNXA 1.6 L 16V DOHC L4 FLEX, 2016-2023.<\/td>\n<\/tr>\n<tr>\n<td>VOLKSWAGEN GOL POWER TOTAL FLEX G-5, EA111 VHT CCRA 1.6 L 8V SOHC L4 FLEX, 2008-2014.<\/td>\n<\/tr>\n<tr>\n<td>VOLKSWAGEN GOLF SPORTLINE TOTAL FLEX G-4, EA111 VHT CCRA 1.6 L 8V SOHC L4 FLEX, 2009-2019.<\/td>\n<\/tr>\n<tr>\n<td>VOLKSWAGEN FOX CROSSFOX TOTAL FLEX G-1, EA111 VHT CCRA 1.6 L 8V SOHC L4 FLEX, 2008-2009.<\/td>\n<\/tr>\n<tr>\n<td>VOLKSWAGEN FOX ROCK IN RIO TOTALFLEX II G-2, EA111 VHT CCRA 1.6 L 8V SOHC L4 FLEX, 2011-2015.<\/td>\n<\/tr>\n<tr>\n<td>VOLKSWAGEN FOX BLUEMOTION G-3, EA211 CSEZ 1.0 L 12V DOHC L3 FLEX, 2014-2018.<\/td>\n<\/tr>\n<tr>\n<td>VOLKSWAGEN FOX PLUS TOTAL FLEX G-1, EA111 BPA 1.6 L 8V SOHC L4 FLEX, 2005-2010.<\/td>\n<\/tr>\n<tr>\n<td>VOLKSWAGEN SAVEIRO TRENDLINE CS G-7, EA111 VHT CCRA 1.6 L 8V SOHC L4 FLEX, 2016-2023.<\/td>\n<\/tr>\n<tr>\n<td>VOLKSWAGEN POLO TOTAL FLEX , EA111 BPA 1.6 L 8V SOHC L4 FLEX, 2005-2008.<\/td>\n<\/tr>\n<tr>\n<td>VOLKSWAGEN ARRIBA CROSS UP MT G-1, EA211 CSEZ 1.0 L 12V DOHC L3 FLEX, 2014-2022.<\/td>\n<\/tr>\n<tr>\n<td>VOLKSWAGEN FOX XTREME G-3, EA111 VHT CCRA 1.6 L 8V SOHC L4 FLEX, 2017-2023.<\/td>\n<\/tr>\n<tr>\n<td>VOLKSWAGEN GOL TRENDLINE G-7, EA211 CSEA 1.0 L 12V DOHC L3 FLEX, 2016-2019.<\/td>\n<\/tr>\n<tr>\n<td>VOLKSWAGEN VOYAGE HIGHLINE I-MOTION G-4, EA111 VHT CCRA 1.6 L 8V SOHC L4 FLEX, 2012-2018.<\/td>\n<\/tr>\n<tr>\n<td>VOLKSWAGEN GOL COMFORTLINE G-6, EA111 TEC CPBA 1.0 L 8V SOHC L4 FLEX, 2014-2015.<\/td>\n<\/tr>\n<tr>\n<td>VOLKSWAGEN SPACEFOX TREND I-MOTION , EA111 VHT CCRA 1.6 L 8V SOHC L4 FLEX, 2011-2014.<\/td>\n<\/tr>\n<tr>\n<td>VOLKSWAGEN SPACEFOX PLUS TOTAL FLEX , EA111 VHT CCRA 1.6 L 8V SOHC L4 FLEX, 2008-2010.<\/td>\n<\/tr>\n<tr>\n<td>VOLKSWAGEN GOL TRACK G-6, EA111 TEC CCNA 1.0 L 8V SOHC L4 FLEX, 2013-2014.<\/td>\n<\/tr>\n<tr>\n<td>VOLKSWAGEN SPACEFOX TOTAL FLEX , EA111 VHT CCRA 1.6 L 8V SOHC L4 FLEX, 2010-2014.<\/td>\n<\/tr>\n<tr>\n<td>VOLKSWAGEN SAVEIRO CS G-5, EA111 VHT CCRA 1.6 L 8V SOHC L4 FLEX, 2013-2013.<\/td>\n<\/tr>\n<tr>\n<td>VOLKSWAGEN GOL COMFORTLINE G-6, EA111 VHT CCRA 1.6 L 8V SOHC L4 FLEX, 2014-2015.<\/td>\n<\/tr>\n<tr>\n<td>VOLKSWAGEN VOYAGE TRENDLINE G-3, EA111 VHT CCRA 1.6 L 8V SOHC L4 FLEX, 2008-2014.<\/td>\n<\/tr>\n<tr>\n<td>VOLKSWAGEN GOL COMFORTLINE G-7, EA211 CSEA 1.0 L 12V DOHC L3 FLEX, 2016-2019.<\/td>\n<\/tr>\n<tr>\n<td>VOLKSWAGEN GOL RALLYE G-6, EA211 CNXA 1.6 L 16V DOHC L4 FLEX, 2014-2015.<\/td>\n<\/tr>\n<tr>\n<td>VOLKSWAGEN FOX TRENDLINE G-3, EA111 TEC CPBA 1.0 L 8V SOHC L4 FLEX, 2014-2018.<\/td>\n<\/tr>\n<tr>\n<td>VOLKSWAGEN ARRIBA G-1 BLANCO, EA211 CSEZ 1.0 L 12V DOHC L3 FLEX, 2014-2018.<\/td>\n<\/tr>\n<tr>\n<td>VOLKSWAGEN SAVEIRO TROOPER CE G-5, EA111 VHT CCRA 1.6 L 8V SOHC L4 FLEX, 2009-2013.<\/td>\n<\/tr>\n<tr>\n<td>VOLKSWAGEN ARRIBA MOVE G-1, EA211 CSEZ 1.0 L 12V DOHC L3 FLEX, 2014-2023.<\/td>\n<\/tr>\n<tr>\n<td>VOLKSWAGEN SPACEFOX COMFORTLINE , EA111 BPA 1.6 L 8V SOHC L4 FLEX, 2006-2008.<\/td>\n<\/tr>\n<tr>\n<td>VOLKSWAGEN GOL COMFORTLINE G-7, EA111 VHT CCRA 1.6 L 8V SOHC L4 FLEX, 2016-2019.<\/td>\n<\/tr>\n<tr>\n<td>VOLKSWAGEN GOL COMFORTLINE I-MOTION G-7, EA111 VHT CCRA 1.6 L 8V SOHC L4 FLEX, 2016-2018.<\/td>\n<\/tr>\n<tr>\n<td>VOLKSWAGEN POLO TOTAL FLEX , EA111 VHT CCRA 1.6 L 8V SOHC L4 FLEX, 2009-2011.<\/td>\n<\/tr>\n<tr>\n<td>VOLKSWAGEN SAVEIRO CROSS CE G-7, EA211 CNXA 1.6 L 16V DOHC L4 FLEX, 2016-2023.<\/td>\n<\/tr>\n<tr>\n<td>VOLKSWAGEN SAVEIRO HIGHLINE CD G-6, EA111 VHT CCRA 1.6 L 8V SOHC L4 FLEX, 2014-2016.<\/td>\n<\/tr>\n<tr>\n<td>VOLKSWAGEN SAVEIRO TRENDLINE CE G-6, EA111 VHT CCRA 1.6 L 8V SOHC L4 FLEX, 2014-2016.<\/td>\n<\/tr>\n<tr>\n<td>VOLKSWAGEN GOL SPECIAL G-6, EA111 TEC CPBA 1.0 L 8V SOHC L4 FLEX, 2014-2015.<\/td>\n<\/tr>\n<tr>\n<td>VOLKSWAGEN SAVEIRO ROBUSTO CD G-7, EA111 VHT CCRA 1.6 L 8V SOHC L4 FLEX, 2019-2023.<\/td>\n<\/tr>\n<tr>\n<td>VOLKSWAGEN GOL ECOMOTION G-4, EA111 CCPA 1.0 L 8V SOHC L4 FLEX, 2010-2013.<\/td>\n<\/tr>\n<tr>\n<td>VOLKSWAGEN GOL TRENDLINE G-6, EA111 VHT CCRA 1.6 L 8V SOHC L4 FLEX, 2014-2015.<\/td>\n<\/tr>\n<tr>\n<td>VOLKSWAGEN VOYAGE COMFORTLINE I-MOTION G-3, EA111 VHT CCRA 1.6 L 8V SOHC L4 FLEX, 2012-2014.<\/td>\n<\/tr>\n<tr>\n<td>VOLKSWAGEN VOYAGE COMFORTLINE G-4, EA211 CSEZ 1.0 L 12V DOHC L3 FLEX, 2016-2023.<\/td>\n<\/tr>\n<tr>\n<td>\u00a1VOLKSWAGEN CROSS UP! 1.0 G-1, EA211 CSEA 1.0 L 12V DOHC L3 FLEX, 2014-2016.<\/td>\n<\/tr>\n<tr>\n<td>VOLKSWAGEN GOL TRENDLINE G-7, EA111 VHT CCRA 1.6 L 8V SOHC L4 FLEX, 2016-2019.<\/td>\n<\/tr>\n<tr>\n<td>VOLKSWAGEN FOX TRENDLINE G-3, EA111 VHT CCRA 1.6 L 8V SOHC L4 FLEX, 2014-2019.<\/td>\n<\/tr>\n<tr>\n<td>VOLKSWAGEN FOX HIGHLINE G-3, EA211 CNXA 1.6 L 16V DOHC L4 FLEX, 2014-2019.<\/td>\n<\/tr>\n<tr>\n<td>VOLKSWAGEN VOYAGE COMFORTLINE G-3, EA111 TEC CPBA 1.0 L 8V SOHC L4 FLEX, 2014-2015.<\/td>\n<\/tr>\n<tr>\n<td>VOLKSWAGEN SPACEFOX SPORTLINE , EA111 VHT CCRA 1.6 L 8V SOHC L4 FLEX, 2010-2014.<\/td>\n<\/tr>\n<tr>\n<td>VOLKSWAGEN GOLF SPORTLINE TOTAL FLEX G-4, EA111 BPA 1.6 L 8V SOHC L4 FLEX, 2007-2008.<\/td>\n<\/tr>\n<tr>\n<td>VOLKSWAGEN VOYAGE 1.0 G-4, EA211 CSEZ 1.0 L 12V DOHC L3 FLEX, 2019-2023.<\/td>\n<\/tr>\n<tr>\n<td>VOLKSWAGEN ARRIBA NEGRO G-1, EA211 CSEZ 1.0 L 12V DOHC L3 FLEX, 2014-2018.<\/td>\n<\/tr>\n<tr>\n<td>VOLKSWAGEN POLO SEDAN COMFORTLINE TOTAL FLEX , EA111 VHT CCRA 1.6 L 8V SOHC L4 FLEX, 2009-2013.<\/td>\n<\/tr>\n<tr>\n<td>VOLKSWAGEN GOL HIGHLINE G-7, EA111 VHT CCRA 1.6 L 8V SOHC L4 FLEX, 2016-2018.<\/td>\n<\/tr>\n<tr>\n<td>VOLKSWAGEN ARRIBA RED G-1, EA211 CSEZ 1.0 L 12V DOHC L3 FLEX, 2014-2018.<\/td>\n<\/tr>\n<tr>\n<td>VOLKSWAGEN VOYAGE TRENDLINE G-3, EA111 TEC CPBA 1.0 L 8V SOHC L4 FLEX, 2014-2015.<\/td>\n<\/tr>\n<tr>\n<td>VOLKSWAGEN VOYAGE TRENDLINE G-4, EA211 CSEZ 1.0 L 12V DOHC L3 FLEX, 2016-2023.<\/td>\n<\/tr>\n<tr>\n<td>VOLKSWAGEN SPACEFOX PLUS TOTAL FLEX , EA111 BPA 1.6 L 8V SOHC L4 FLEX, 2006-2007.<\/td>\n<\/tr>\n<tr>\n<td>VOLKSWAGEN VOYAGE I-MOTION G-3, EA111 VHT CCRA 1.6 L 8V SOHC L4 FLEX, 2012-2013.<\/td>\n<\/tr>\n<tr>\n<td>VOLKSWAGEN SAVEIRO CROSS CE G-6, EA211 CNXA 1.6 L 16V DOHC L4 FLEX, 2014-2016.<\/td>\n<\/tr>\n<tr>\n<td>VOLKSWAGEN SAVEIRO HIGHLINE CD G-7, EA111 VHT CCRA 1.6 L 8V SOHC L4 FLEX, 2016-2019.<\/td>\n<\/tr>\n<tr>\n<td>VOLKSWAGEN POLO SPORTLINE TOTAL FLEX , EA111 VHT CCRA 1.6 L 8V SOHC L4 FLEX, 2009-2015.<\/td>\n<\/tr>\n<tr>\n<td>VOLKSWAGEN VOYAGE MSI G-4, EA211 CNXA 1.6 L 16V DOHC L4 FLEX, 2019-2023.<\/td>\n<\/tr>\n<tr>\n<td>VOLKSWAGEN ARRIBA ALTA I-MOTION G-1, EA211 CSEZ 1.0 L 12V DOHC L3 FLEX, 2014-2019.<\/td>\n<\/tr>\n<tr>\n<td>VOLKSWAGEN FOX COMFORTLINE G-3, EA111 TEC CPBA 1.0 L 8V SOHC L4 FLEX, 2014-2023.<\/td>\n<\/tr>\n<tr>\n<td>VOLKSWAGEN SAVEIRO TRENDLINE CS G-6, EA111 VHT CCRA 1.6 L 8V SOHC L4 FLEX, 2014-2016.<\/td>\n<\/tr>\n<tr>\n<td>VOLKSWAGEN FOX PLUS TOTAL FLEX G-1, EA111 VHT CCRA 1.6 L 8V SOHC L4 FLEX, 2008-2009.<\/td>\n<\/tr>\n<tr>\n<td>VOLKSWAGEN GOL RALLYE TOTAL FLEX G-6, EA111 VHT CCRA 1.6 L 8V SOHC L4 FLEX, 2010-2013.<\/td>\n<\/tr>\n<tr>\n<td>VOLKSWAGEN VOYAGE COMFORTLINE G-4, EA111 VHT CCRA 1.6 L 8V SOHC L4 FLEX, 2016-2019.<\/td>\n<\/tr>\n<tr>\n<td>VOLKSWAGEN SAVEIRO CE G-5, EA111 VHT CCRA 1.6 L 8V SOHC L4 FLEX, 2013-2013.<\/td>\n<\/tr>\n<tr>\n<td>VOLKSWAGEN SAVEIRO STARTLINE CS G-6, EA111 VHT CCRA 1.6 L 8V SOHC L4 FLEX, 2014-2016.<\/td>\n<\/tr>\n<tr>\n<td>VOLKSWAGEN GOL CONNECT G-7, EA211 CSEA 1.0 L 12V DOHC L3 FLEX, 2016-2018.<\/td>\n<\/tr>\n<tr>\n<td>VOLKSWAGEN SAVEIRO TRENDLINE CD G-7, EA111 VHT CCRA 1.6 L 8V SOHC L4 FLEX, 2016-2018.<\/td>\n<\/tr>\n<tr>\n<td>VOLKSWAGEN FOX TRACK G-3, EA211 CSEA 1.0 L 12V DOHC L3 FLEX, 2015-2019.<\/td>\n<\/tr>\n<tr>\n<td>VOLKSWAGEN POLO BLUEMOTION , EA111 VHT CCRA 1.6 L 8V SOHC L4 FLEX, 2008-2015.<\/td>\n<\/tr>\n<tr>\n<td>VOLKSWAGEN GOL HIGHLINE G-6, EA111 VHT CCRA 1.6 L 8V SOHC L4 FLEX, 2014-2014.<\/td>\n<\/tr>\n<tr>\n<td>VOLKSWAGEN GOL RALLYE I-MOTION G-6, EA211 CNXA 1.6 L 16V DOHC L4 FLEX, 2014-2015.<\/td>\n<\/tr>\n<tr>\n<td>VOLKSWAGEN SPACEFOX COMFORTLINE , EA111 VHT CCRA 1.6 L 8V SOHC L4 FLEX, 2009-2019.<\/td>\n<\/tr>\n<tr>\n<td>VOLKSWAGEN GOL HIGHLINE I-MOTION G-7, EA111 VHT CCRA 1.6 L 8V SOHC L4 FLEX, 2016-2018.<\/td>\n<\/tr>\n<tr>\n<td>VOLKSWAGEN GOL MSI G-7, EA211 CNXA 1.6 L 16V DOHC L4 FLEX, 2019-2023.<\/td>\n<\/tr>\n<tr>\n<td>VOLKSWAGEN GOL CONNECT G-7, EA111 VHT CCRA 1.6 L 8V SOHC L4 FLEX, 2016-2018.<\/td>\n<\/tr>\n<tr>\n<td>VOLKSWAGEN ARRIBA TOMA G-1, EA211 CSEZ 1.0 L 12V DOHC L3 FLEX, 2014-2023.<\/td>\n<\/tr>\n<tr>\n<td>VOLKSWAGEN VOYAGE COMFORTLINE I-MOTION G-4, EA111 VHT CCRA 1.6 L 8V SOHC L4 FLEX, 2016-2018.<\/td>\n<\/tr>\n<tr>\n<td>VOLKSWAGEN FOX RUTA TOTAL FLEX G-1, EA111 BNX 1.0 L 8V SOHC L4 FLEX, 2007-2009.<\/td>\n<\/tr>\n<tr>\n<td>VOLKSWAGEN GOL TOTAL FLEX G-6, EA111 TEC CCNA 1.0 L 8V SOHC L4 FLEX, 2013-2014.<\/td>\n<\/tr>\n<tr>\n<td>VOLKSWAGEN SAVEIRO CROSS CD G-6, EA211 CNXA 1.6 L 16V DOHC L4 FLEX, 2014-2016.<\/td>\n<\/tr>\n<tr>\n<td>VOLKSWAGEN SAVEIRO TRENDLINE CE G-7, EA111 VHT CCRA 1.6 L 8V SOHC L4 FLEX, 2016-2018.<\/td>\n<\/tr>\n<tr>\n<td>VOLKSWAGEN SPACEFOX HIGHLINE , EA211 CNXA 1.6 L 16V DOHC L4 FLEX, 2014-2018.<\/td>\n<\/tr>\n<tr>\n<td>VOLKSWAGEN CROSSFOX I-MOTION G-3, EA211 CNXA 1.6 L 16V DOHC L4 FLEX, 2015-2018.<\/td>\n<\/tr>\n<tr>\n<td>VOLKSWAGEN SPACECROSS I-MOTION , EA111 VHT CCRA 1.6 L 8V SOHC L4 FLEX, 2011-2013.<\/td>\n<\/tr>\n<tr>\n<td>VOLKSWAGEN POLO SPORTLINE TOTAL FLEX , EA111 BPA 1.6 L 8V SOHC L4 FLEX, 2006-2008.<\/td>\n<\/tr>\n<tr>\n<td>VOLKSWAGEN SPACEFOX ROUTE , EA111 VHT CCRA 1.6 L 8V SOHC L4 FLEX, 2009-2010.<\/td>\n<\/tr>\n<tr>\n<td>VOLKSWAGEN GOL CITY TOTAL FLEX G-5, EA111 VHT CCNA 1.0 L 8V SOHC L4 FLEX, 2012-2012.<\/td>\n<\/tr>\n<tr>\n<td>VOLKSWAGEN VOYAGE TRENDLINE G-4, EA111 VHT CCRA 1.6 L 8V SOHC L4 FLEX, 2016-2019.<\/td>\n<\/tr>\n<tr>\n<td>VOLKSWAGEN FOX RUTA TOTAL FLEX G-1, EA111 BPA 1.6 L 8V SOHC L4 FLEX, 2007-2009.<\/td>\n<\/tr>\n<tr>\n<td>VOLKSWAGEN CROSSFOX 1.6 16V G-3, EA211 CNXA 1.6 L 16V DOHC L4 FLEX, 2015-2019.<\/td>\n<\/tr>\n<tr>\n<td>VOLKSWAGEN POLO SEDAN COMFORTLINE TOTAL FLEX , EA111 BPA 1.6 L 8V SOHC L4 FLEX, 2004-2008.<\/td>\n<\/tr>\n<tr>\n<td>VOLKSWAGEN FOX RUN G-3, EA111 VHT CCRA 1.6 L 8V SOHC L4 FLEX, 2016-2019.<\/td>\n<\/tr>\n<tr>\n<td>VOLKSWAGEN GOL I-MOTION G-5, EA111 VHT CCRA 1.6 L 8V SOHC L4 FLEX, 2008-2014.<\/td>\n<\/tr>\n<tr>\n<td>VOLKSWAGEN ARRIBA TOTAL FLEX G-1, EA211 CSEZ 1.0 L 12V DOHC L3 FLEX, 2019-2023.<\/td>\n<\/tr>\n<tr>\n<td>VOLKSWAGEN FOX PLUS TOTAL FLEX G-1, EA111 BNX 1.0 L 8V SOHC L4 FLEX, 2005-2009.<\/td>\n<\/tr>\n<tr>\n<td>VOLKSWAGEN SAVEIRO TRENDLINE CD G-6, EA111 VHT CCRA 1.6 L 8V SOHC L4 FLEX, 2014-2016.<\/td>\n<\/tr>\n<tr>\n<td>VOLKSWAGEN ARRIBA MOVE I-MOTION G-1, EA211 CSEZ 1.0 L 12V DOHC L3 FLEX, 2015-2022.<\/td>\n<\/tr>\n<tr>\n<td>VOLKSWAGEN POLO SPORT FLEX , EA111 BPA 1.6 L 8V SOHC L4 FLEX, 2004-2006.<\/td>\n<\/tr>\n<tr>\n<td>VOLKSWAGEN ARRIBA NEGRO I-MOTION G-1, EA211 CSEZ 1.0 L 12V DOHC L3 FLEX, 2015-2018.<\/td>\n<\/tr>\n<tr>\n<td>VOLKSWAGEN GOL HIGHLINE I-MOTION G-6, EA111 VHT CCRA 1.6 L 8V SOHC L4 FLEX, 2014-2014.<\/td>\n<\/tr>\n<tr>\n<td>VOLKSWAGEN FOX SUNRISE G-1, EA111 VHT CCNA 1.0 L 8V SOHC L4 FLEX, 2009-2009.<\/td>\n<\/tr>\n<tr>\n<td>VOLKSWAGEN FOX PLUS TOTAL FLEX G-2, EA111 VHT CCRA 1.6 L 8V SOHC L4 FLEX, 2013-2013.<\/td>\n<\/tr>\n<tr>\n<td>VOLKSWAGEN POLO I-MOTION , EA111 VHT CCRA 1.6 L 8V SOHC L4 FLEX, 2013-2015.<\/td>\n<\/tr>\n<tr>\n<td>VOLKSWAGEN FOX I-MOTION G-2, EA111 VHT CCRA 1.6 L 8V SOHC L4 FLEX, 2012-2013.<\/td>\n<\/tr>\n<tr>\n<td>VOLKSWAGEN GOLF TOTAL FLEX G-4, EA111 BPA 1.6 L 8V SOHC L4 FLEX, 2007-2008.<\/td>\n<\/tr>\n<tr>\n<td>VOLKSWAGEN ARRIBA CROSS UP G-1, EA211 CSEZ 1.0 L 12V DOHC L3 FLEX, 2014-2018.<\/td>\n<\/tr>\n<tr>\n<td>VOLKSWAGEN GOLF TOTAL FLEX G-4, EA111 VHT CCRA 1.6 L 8V SOHC L4 FLEX, 2009-2014.<\/td>\n<\/tr>\n<tr>\n<td>VOLKSWAGEN GOL ROCK EN RIO TOTAL FLEX G-5, EA111 VHT CCNA 1.0 L 8V SOHC L4 FLEX, 2011-2011.<\/td>\n<\/tr>\n<tr>\n<td>VOLKSWAGEN SPACECROSS VHT , EA111 VHT CCRA 1.6 L 8V SOHC L4 FLEX, 2013-2013.<\/td>\n<\/tr>\n<tr>\n<td>VOLKSWAGEN SPACEFOX COMFORTLINE I-MOTION , EA111 VHT CCRA 1.6 L 8V SOHC L4 FLEX, 2014-2018.<\/td>\n<\/tr>\n<tr>\n<td>VOLKSWAGEN POLO SPORT.I-MOTION , EA111 VHT CCRA 1.6 L 8V SOHC L4 FLEX, 2014-2015.<\/td>\n<\/tr>\n<tr>\n<td>VOLKSWAGEN FOX BLUEMOTION G-2, EA211 CSEA 1.0 L 12V DOHC L3 FLEX, 2013-2013.<\/td>\n<\/tr>\n<tr>\n<td>VOLKSWAGEN SPACEFOX TRENDLINE , EA111 VHT CCRA 1.6 L 8V SOHC L4 FLEX, 2016-2020.<\/td>\n<\/tr>\n<tr>\n<td>VOLKSWAGEN GOL SELECTION TOTAL FLEX G-5, EA111 VHT CCNA 1.0 L 8V SOHC L4 FLEX, 2010-2010.<\/td>\n<\/tr>\n<tr>\n<td>VOLKSWAGEN FOX PLUS G-1, EA111 VHT CCRA 1.6 L 8V SOHC L4 FLEX, 2009-2010.<\/td>\n<\/tr>\n<tr>\n<td>VOLKSWAGEN GOLF TECH G-4, EA111 VHT CCRA 1.6 L 8V SOHC L4 FLEX, 2008-2009.<\/td>\n<\/tr>\n<tr>\n<td>VOLKSWAGEN GOL SELECTION I-MOTION G-4, EA111 VHT CCRA 1.6 L 8V SOHC L4 FLEX, 2013-2014.<\/td>\n<\/tr>\n<tr>\n<td>\u00a1VOLKSWAGEN CROSS UP! I-MOTION G-1, EA211 CSEA 1.0 L 12V DOHC L3 FLEX, 2014-2016.<\/td>\n<\/tr>\n<tr>\n<td>VOLKSWAGEN GOL SELECTION G-4, EA111 VHT CCRA 1.6 L 8V SOHC L4 FLEX, 2013-2013.<\/td>\n<\/tr>\n<tr>\n<td>VOLKSWAGEN ARRIBA ALTA G-1, EA211 CSEZ 1.0 L 12V DOHC L3 FLEX, 2015-2022.<\/td>\n<\/tr>\n<tr>\n<td>VOLKSWAGEN FOX EXTREME G-1, EA111 VHT CCRA 1.6 L 8V SOHC L4 FLEX, 2008-2009.<\/td>\n<\/tr>\n<tr>\n<td>VOLKSWAGEN SPACEFOX HIGHLINE I-MOTION , EA211 CNXA 1.6 L 16V DOHC L4 FLEX, 2014-2018.<\/td>\n<\/tr>\n<tr>\n<td>VOLKSWAGEN GOL RALLYE G-6, EA111 VHT CCRA 1.6 L 8V SOHC L4 FLEX, 2013-2013.<\/td>\n<\/tr>\n<tr>\n<td>VOLKSWAGEN GOL SELECTION G-4, EA111 TEC CCNA 1.0 L 8V SOHC L4 FLEX, 2013-2013.<\/td>\n<\/tr>\n<tr>\n<td>VOLKSWAGEN GOLF COMFORTLINE MSI G-7, EA211 CNXA 1.6 L 16V DOHC L4 FLEX, 2016-2019.<\/td>\n<\/tr>\n<tr>\n<td>VOLKSWAGEN FOX SPORTLINE TOTAL FLEX G-1, EA111 BPA 1.6 L 8V SOHC L4 FLEX, 2005-2007.<\/td>\n<\/tr>\n<tr>\n<td>VOLKSWAGEN FOX RUTA G-1, EA111 VHT CCRA 1.6 L 8V SOHC L4 FLEX, 2009-2010.<\/td>\n<\/tr>\n<tr>\n<td>VOLKSWAGEN SPACECROSS 1.6 16V , EA211 CNXA 1.6 L 16V DOHC L4 FLEX, 2014-2014.<\/td>\n<\/tr>\n<tr>\n<td>VOLKSWAGEN GOL RALLYE I-MOTION G-6, EA111 VHT CCRA 1.6 L 8V SOHC L4 FLEX, 2013-2013.<\/td>\n<\/tr>\n<tr>\n<td>VOLKSWAGEN SPACEFOX TRENDLINE I-MOTION , EA111 VHT CCRA 1.6 L 8V SOHC L4 FLEX, 2016-2020.<\/td>\n<\/tr>\n<tr>\n<td>VOLKSWAGEN FOX CONNECT I-MOTION G-3, EA111 VHT CCRA 1.6 L 8V SOHC L4 FLEX, 2019-2019.<\/td>\n<\/tr>\n<tr>\n<td>VOLKSWAGEN SAVEIRO TROOPER CS G-5, EA111 VHT CCRA 1.6 L 8V SOHC L4 FLEX, 2013-2013.<\/td>\n<\/tr>\n<tr>\n<td>VOLKSWAGEN ARRIBA TRACK G-1, EA211 CSEZ 1.0 L 12V DOHC L3 FLEX, 2016-2019.<\/td>\n<\/tr>\n<tr>\n<td>VOLKSWAGEN FOX RUTA TOTAL FLEX G-1, EA111 VHT CCNA 1.0 L 8V SOHC L4 FLEX, 2009-2009.<\/td>\n<\/tr>\n<tr>\n<td>VOLKSWAGEN GOL PATROL TOTAL FLEX G-6, EA111 VHT CCRA 1.6 L 8V SOHC L4 FLEX, 2009-2023.<\/td>\n<\/tr>\n<tr>\n<td>VOLKSWAGEN FOX RUTA TOTAL FLEX G-1, EA111 VHT CCRA 1.6 L 8V SOHC L4 FLEX, 2009-2010.<\/td>\n<\/tr>\n<tr>\n<td>VOLKSWAGEN SAVEIRO PEPPER CD G-7, EA111 VHT CCRA 1.6 L 8V SOHC L4 FLEX, 2019-2023.<\/td>\n<\/tr>\n<tr>\n<td>VOLKSWAGEN POLO MID , EA111 VHT CCRA 1.6 L 8V SOHC L4 FLEX, 2009-2011.<\/td>\n<\/tr>\n<tr>\n<td>VOLKSWAGEN SPACECROSS 1.6 16V G-2, EA211 CNXA 1.6 L 16V DOHC L4 FLEX, 2015-2019.<\/td>\n<\/tr>\n<tr>\n<td>VOLKSWAGEN SPACECROSS I-MOTION , EA211 CNXA 1.6 L 16V DOHC L4 FLEX, 2014-2014.<\/td>\n<\/tr>\n<tr>\n<td>VOLKSWAGEN VOYAGE SELECTION G-3, EA111 TEC CCNA 1.0 L 8V SOHC L4 FLEX, 2013-2013.<\/td>\n<\/tr>\n<tr>\n<td>VOLKSWAGEN GOLF SPORTLINE G-4, EA111 VHT CCRA 1.6 L 8V SOHC L4 FLEX, 2012-2014.<\/td>\n<\/tr>\n<tr>\n<td>VOLKSWAGEN POLO CFL TOTAL FLEX , EA111 BPA 1.6 L 8V SOHC L4 FLEX, 2004-2005.<\/td>\n<\/tr>\n<tr>\n<td>VOLKSWAGEN FOX SELECTION G-2, EA111 TEC CCNA 1.0 L 8V SOHC L4 FLEX, 2013-2013.<\/td>\n<\/tr>\n<tr>\n<td>VOLKSWAGEN SAVEIRO ROCK IN RIO CD G-6, EA111 VHT CCRA 1.6 L 8V SOHC L4 FLEX, 2015-2016.<\/td>\n<\/tr>\n<tr>\n<td>VOLKSWAGEN CROSSFOX URBAN BLANCO I-MOTION G-3, EA211 CNXA 1.6 L 16V DOHC L4 FLEX, 2016-2018.<\/td>\n<\/tr>\n<tr>\n<td>VOLKSWAGEN POLO EVIDENCE TOTAL FLEX , EA111 BPA 1.6 L 8V SOHC L4 FLEX, 2005-2005.<\/td>\n<\/tr>\n<tr>\n<td>VOLKSWAGEN CROSSFOX URBANO BLANCO G-3, EA211 CNXA 1.6 L 16V DOHC L4 FLEX, 2016-2018.<\/td>\n<\/tr>\n<tr>\n<td>VOLKSWAGEN SAVEIRO PEPPER CE G-7, EA111 VHT CCRA 1.6 L 8V SOHC L4 FLEX, 2019-2023.<\/td>\n<\/tr>\n<tr>\n<td>VOLKSWAGEN VOYAGE SELECTION G-3, EA111 VHT CCRA 1.6 L 8V SOHC L4 FLEX, 2013-2013.<\/td>\n<\/tr>\n<tr>\n<td>VOLKSWAGEN SPACECROSS I-MOTION G-2, EA211 CNXA 1.6 L 16V DOHC L4 FLEX, 2015-2017.<\/td>\n<\/tr>\n<tr>\n<td>VOLKSWAGEN FOX SPORTLINE TOTAL FLEX G-1, EA111 BNX 1.0 L 8V SOHC L4 FLEX, 2006-2007.<\/td>\n<\/tr>\n<tr>\n<td>VOLKSWAGEN FOX SELECTION G-2, EA111 VHT CCRA 1.6 L 8V SOHC L4 FLEX, 2013-2013.<\/td>\n<\/tr>\n<tr>\n<td>VOLKSWAGEN FOX SELECTION I-MOTION G-2, EA111 VHT CCRA 1.6 L 8V SOHC L4 FLEX, 2013-2013.<\/td>\n<\/tr>\n<tr>\n<td>VOLKSWAGEN GOL TRACK G-7, EA211 CSEA 1.0 L 12V DOHC L3 FLEX, 2016-2023.<\/td>\n<\/tr>\n<tr>\n<td>VOLKSWAGEN VOYAGE SELECTION I-MOTION G-3, EA111 VHT CCRA 1.6 L 8V SOHC L4 FLEX, 2013-2013.<\/td>\n<\/tr>\n<tr>\n<td>VOLKSWAGEN FOX COMFORTLINE G-3, EA111 VHT CCRA 1.6 L 8V SOHC L4 FLEX, 2019-2023.<\/td>\n<\/tr>\n<tr>\n<td>VOLKSWAGEN VOYAGE CITY G-3, EA111 VHT CCRA 1.6 L 8V SOHC L4 FLEX, 2020-2023.<\/td>\n<\/tr>\n<tr>\n<td>VOLKSWAGEN FOX TRENDLINE G-3, EA211 CSEA 1.0 L 12V DOHC L3 FLEX, 2020-2023.<\/td>\n<\/tr>\n<tr>\n<td>VOLKSWAGEN FOX COMFORTLINE I-MOTION G-3, EA111 VHT CCRA 1.6 L 8V SOHC L4 FLEX, 2019-2019.<\/td>\n<\/tr>\n<tr>\n<td>VOLKSWAGEN GOLF COMFORTLINE MSI EN G-7, EA211 CNXA 1.6 L 16V DOHC L4 FLEX, 2019-2019. F000BL0301<\/td>\n<\/tr>\n<\/tbody>\n<\/table>\n<div>ATENCI\u00d3N:<\/div>\n<div>Recomendamos que la instalaci\u00f3n del F000BL0301 sea realizada por un profesional capacitado y especializado.<\/div>\n<div>Solo realiza la compra de este producto F000BL0301 aseg\u00farate de que es compatible con tu veh\u00edculo, si tienes alguna duda, no dudes en ponerte en contacto con nosotros. Nuestro horario de apertura es de lunes a viernes de 8 a 18 h.<\/div>\n<div><\/div>\n<div>Sobre nosotros<\/div>\n<div>COM Automotive est\u00e1 especializada en piezas de autom\u00f3vil de dise\u00f1o original para el sector de la reparaci\u00f3n posventa, clientes industriales y fabricantes de veh\u00edculos especiales OEM.<\/div>\n<div>Nuestro equipo tiene m\u00e1s de 28 a\u00f1os de experiencia en la fabricaci\u00f3n y el suministro de piezas de automoci\u00f3n a escala mundial.<\/div>\n<div>Nuestra MISI\u00d3N es ofrecer productos de dise\u00f1o original con una calidad impecable y una sustituci\u00f3n personalizada.<\/div>\n<div>Nuestra VISI\u00d3N es promover el crecimiento y un valor inigualable para nuestros clientes.<\/div>\n","protected":false},"excerpt":{"rendered":"<p>8000.0301-COM &#8211; Alternador F000BL0301 12V 38\/65A con polea &#8211; Dise\u00f1o: BOSCH SEG &#8211; OEM: VOLKSWAGEN<\/p>\n","protected":false},"featured_media":3986,"comment_status":"closed","ping_status":"closed","template":"","meta":[],"product_brand":[],"product_cat":[8109,8542],"product_tag":[9094,10953,10364,15048,15049,10170,15052,15051,15047,15050,15046],"class_list":{"0":"post-15999","1":"product","2":"type-product","3":"status-publish","4":"has-post-thumbnail","6":"product_cat-alternador-es-2","7":"product_cat-sempreco-es","8":"product_tag-12v-es","9":"product_tag-5u0903025-es","10":"product_tag-5u0903025d-es","11":"product_tag-5uo903025d-es","12":"product_tag-65-amperios","13":"product_tag-b3-es","14":"product_tag-f000-bl0-301-es","15":"product_tag-f000-bl0-3a0-es","16":"product_tag-f000bl0301-es","17":"product_tag-f000bl0301-com-es","18":"product_tag-f000bl03a0-es","20":"first","21":"instock","22":"taxable","23":"shipping-taxable","24":"purchasable","25":"product-type-simple"},"_links":{"self":[{"href":"https:\/\/com-automotive.com\/es\/wp-json\/wp\/v2\/product\/15999","targetHints":{"allow":["GET"]}}],"collection":[{"href":"https:\/\/com-automotive.com\/es\/wp-json\/wp\/v2\/product"}],"about":[{"href":"https:\/\/com-automotive.com\/es\/wp-json\/wp\/v2\/types\/product"}],"replies":[{"embeddable":true,"href":"https:\/\/com-automotive.com\/es\/wp-json\/wp\/v2\/comments?post=15999"}],"wp:featuredmedia":[{"embeddable":true,"href":"https:\/\/com-automotive.com\/es\/wp-json\/wp\/v2\/media\/3986"}],"wp:attachment":[{"href":"https:\/\/com-automotive.com\/es\/wp-json\/wp\/v2\/media?parent=15999"}],"wp:term":[{"taxonomy":"product_brand","embeddable":true,"href":"https:\/\/com-automotive.com\/es\/wp-json\/wp\/v2\/product_brand?post=15999"},{"taxonomy":"product_cat","embeddable":true,"href":"https:\/\/com-automotive.com\/es\/wp-json\/wp\/v2\/product_cat?post=15999"},{"taxonomy":"product_tag","embeddable":true,"href":"https:\/\/com-automotive.com\/es\/wp-json\/wp\/v2\/product_tag?post=15999"}],"curies":[{"name":"wp","href":"https:\/\/api.w.org\/{rel}","templated":true}]}}