{"id":15995,"date":"2023-10-23T18:21:45","date_gmt":"2023-10-23T21:21:45","guid":{"rendered":"https:\/\/com-automotive.com\/alternador-24v-110a-s-polea-0124655009-51261017270-para-man-tgx-tgl-tx-tgm-01\/"},"modified":"2023-10-23T18:21:45","modified_gmt":"2023-10-23T21:21:45","slug":"alternador-24v-110a-s-polea-0124655009-51261017270-para-man-tgx-tgl-tx-tgm-01","status":"publish","type":"product","link":"https:\/\/com-automotive.com\/es\/alternador-24v-110a-s-polea-0124655009-51261017270-para-man-tgx-tgl-tx-tgm-01\/","title":{"rendered":"Alternador 24V 110A S\/Polea 0124655009 51261017270 para MAN TGX TGL TX TGM 01&gt;<span class=\"product-sku\" style=\"display: block; font-size: 0.85em; color: #777; margin-top: 5px; margin-bottom: 5px;\">SKU: 8000.5011-COM<\/span>"},"content":{"rendered":"<h1>Calidad de dise\u00f1o original COM-AUTOMOTIVE.<\/h1>\n<p>Alternador 0124655009 de 24 V y 110 amperios sin polea &#8211; Dise\u00f1o: BOSCH SEG &#8211; OEM: MAN<\/p>\n<h2>Preguntas m\u00e1s frecuentes<\/h2>\n<h3><strong>\u00bfCu\u00e1les son las referencias cruzadas?<\/strong><\/h3>\n<p>0124655015, 0124655009, 51261017270, 51261017246, 51261019246, 51261019270<\/p>\n<h2><strong>TABLA DE APLICACI\u00d3N<\/strong><\/h2>\n<p>MAN TGX 28-440 XL , MAN D26 76 440 D26 76 440 12,4 L 24V DOHC L6 DIESEL, 2013-2023.<br \/>\nMAN TGX 29-480 XL , MAN D26 76 480 D26 76 480 12,4 L 24V DOHC L6 DIESEL, 2016-2023.<br \/>\nMAN TGX 33-440 , MAN D26 76 440 D26 76 440 12,4 L 24V DOHC L6 DIESEL, 2012-2015.<br \/>\nMAN TGX 28-440 XLX , MAN D26 76 440 D26 76 440 12,4 L 24V DOHC L6 DIESEL, 2013-2019.<br \/>\nMAN TGX 29-480 XLX , MAN D26 76 480 D26 76 480 12.4 L 24V DOHC L6 DIESEL, 2016-2019.<br \/>\nMAN TGX 29-440 XL , MAN D26 76 440 D26 76 440 12,4 L 24V DOHC L6 DIESEL, 2012-2020.<br \/>\nMAN TGX 29-440 XLX , MAN D26 76 440 D26 76 440 12,4 L 24V DOHC L6 DIESEL, 2011-2018.<\/p>\n<p>COM Automotive est\u00e1 especializada en piezas de autom\u00f3vil de dise\u00f1o original para el sector de la reparaci\u00f3n posventa, clientes industriales y fabricantes de veh\u00edculos especiales OEM.<br \/>\nNuestro equipo tiene m\u00e1s de 28 a\u00f1os de experiencia en la fabricaci\u00f3n y el suministro de piezas de automoci\u00f3n a escala mundial.<br \/>\nNuestra MISI\u00d3N es ofrecer productos de dise\u00f1o original con una calidad impecable y una sustituci\u00f3n personalizada.<br \/>\nNuestra VISI\u00d3N es promover el crecimiento y un valor inigualable para nuestros clientes.<br \/>\nEquipo especializado<br \/>\nValoramos el conocimiento y la diversidad para retener y ganar a los mejores profesionales del mercado.<br \/>\nPresencia mundial<br \/>\nNuestro equipo est\u00e1 presente en los principales mercados y regiones del mundo: Am\u00e9rica, Sudam\u00e9rica y Asia.<\/p>\n","protected":false},"excerpt":{"rendered":"<p>0124655009-COM. En stock. Ref: 0124655015, 0124655009, 51261017270, 51261017246, 51261019246, 51261019270, 51.261017270, MG 794, 063536550070, 8EL012584161, 8EL738211571, 8EL012584241 &#8211; compatible con: MAN. Marca: COM Automotive &#8211; Producto con calidad y dise\u00f1o originales. Compatible con Bosch<\/p>\n","protected":false},"featured_media":18897,"comment_status":"open","ping_status":"closed","template":"","meta":[],"product_brand":[],"product_cat":[8109],"product_tag":[33668,10438,10342,33681,33669,33680],"class_list":{"0":"post-15995","1":"product","2":"type-product","3":"status-publish","4":"has-post-thumbnail","6":"product_cat-alternador-es-2","7":"product_tag-063536550070-es","8":"product_tag-51261017270-es","9":"product_tag-8el012584161-es","10":"product_tag-8el012584241-es","11":"product_tag-8el738211571-es","12":"product_tag-mg-794-es","14":"first","15":"instock","16":"taxable","17":"shipping-taxable","18":"purchasable","19":"product-type-simple"},"_links":{"self":[{"href":"https:\/\/com-automotive.com\/es\/wp-json\/wp\/v2\/product\/15995","targetHints":{"allow":["GET"]}}],"collection":[{"href":"https:\/\/com-automotive.com\/es\/wp-json\/wp\/v2\/product"}],"about":[{"href":"https:\/\/com-automotive.com\/es\/wp-json\/wp\/v2\/types\/product"}],"replies":[{"embeddable":true,"href":"https:\/\/com-automotive.com\/es\/wp-json\/wp\/v2\/comments?post=15995"}],"wp:featuredmedia":[{"embeddable":true,"href":"https:\/\/com-automotive.com\/es\/wp-json\/wp\/v2\/media\/18897"}],"wp:attachment":[{"href":"https:\/\/com-automotive.com\/es\/wp-json\/wp\/v2\/media?parent=15995"}],"wp:term":[{"taxonomy":"product_brand","embeddable":true,"href":"https:\/\/com-automotive.com\/es\/wp-json\/wp\/v2\/product_brand?post=15995"},{"taxonomy":"product_cat","embeddable":true,"href":"https:\/\/com-automotive.com\/es\/wp-json\/wp\/v2\/product_cat?post=15995"},{"taxonomy":"product_tag","embeddable":true,"href":"https:\/\/com-automotive.com\/es\/wp-json\/wp\/v2\/product_tag?post=15995"}],"curies":[{"name":"wp","href":"https:\/\/api.w.org\/{rel}","templated":true}]}}