{"id":15982,"date":"2023-11-15T20:23:47","date_gmt":"2023-11-15T23:23:47","guid":{"rendered":"https:\/\/com-automotive.com\/alternador-24v-100a-0124655480-0124655479-a0001504450-mb-om457-ano2000\/"},"modified":"2023-11-15T20:23:47","modified_gmt":"2023-11-15T23:23:47","slug":"alternador-24v-100a-0124655480-0124655479-a0001504450-mb-om457-ano2000","status":"publish","type":"product","link":"https:\/\/com-automotive.com\/es\/alternador-24v-100a-0124655480-0124655479-a0001504450-mb-om457-ano2000\/","title":{"rendered":"Alternador 24V 100A 0124655480 0124655479 A0001504450 MB OM457 a\u00f1o2000&gt;<span class=\"product-sku\" style=\"display: block; font-size: 0.85em; color: #777; margin-top: 5px; margin-bottom: 5px;\">SKU: 8000.5480-COM<\/span>"},"content":{"rendered":"<h1><strong>COM-AUTOMOTIVE, calidad de dise\u00f1o original.<\/strong><\/h1>\n<p>Alternador 0124655480 24V 100Amp con polea &#8211; Dise\u00f1o: BOSCH SEG &#8211; OEM: MERCEDES<\/p>\n<h2>Preguntas m\u00e1s frecuentes<\/h2>\n<h3><strong>\u00bfCu\u00e1les son las referencias cruzadas?<\/strong><\/h3>\n<p>0124655479, 0124655480, A0001504450, 1504450 A0001504450<\/p>\n<h2><strong>Tabla de aplicaci\u00f3n<\/strong><\/h2>\n<table width=\"1105\">\n<tbody>\n<tr>\n<td width=\"1105\">MERCEDES BENZ LS 1634 , MERCEDES BENZ OM 457 LA OM 457 LA 12.0 L 24V SOHV L6 DIESEL, 2006-2018.<\/td>\n<\/tr>\n<tr>\n<td>MERCEDES BENZ AXOR 2540 S , MERCEDES BENZ OM 457 LA OM 457 LA 12.0 L 24V SOHV L6 DIESEL, 2005-2016.<\/td>\n<\/tr>\n<tr>\n<td>MERCEDES BENZ LS 1938 , MERCEDES BENZ OM 457 LA OM 457 LA 12.0 L 24V SOHV L6 DIESEL, 1998-2005.<\/td>\n<\/tr>\n<tr>\n<td>MERCEDES BENZ AXOR 2544\/33 , MERCEDES BENZ OM 457 LA OM 457 LA 12.0 L 24V SOHV L6 DIESEL, 2005-2011.<\/td>\n<\/tr>\n<tr>\n<td>MERCEDES BENZ AXOR 3344\/33 , MERCEDES BENZ OM 457 LA OM 457 LA 12.0 L 24V SOHV L6 DIESEL, 2005-2015.<\/td>\n<\/tr>\n<tr>\n<td>MERCEDES BENZ O 400 RSD , MERCEDES BENZ OM 457 LA OM 457 LA 12.0 L 24V SOHV L6 DIESEL, 1995-2005.<\/td>\n<\/tr>\n<tr>\n<td>MERCEDES BENZ O 500 RS 1836 , MERCEDES BENZ OM 457 LA OM 457 LA 12.0 L 24V SOHV L6 DIESEL, 2005-2013.<\/td>\n<\/tr>\n<tr>\n<td>MERCEDES BENZ O 400 RSE , MERCEDES BENZ OM 457 LA OM 457 LA 12.0 L 24V SOHV L6 DIESEL, 1995-2005.<\/td>\n<\/tr>\n<tr>\n<td>MERCEDES BENZ 1938 S , MERCEDES BENZ OM 457 LA OM 457 LA 12.0 L 24V SOHV L6 DIESEL, 2000-2006.<\/td>\n<\/tr>\n<tr>\n<td>MERCEDES BENZ AXOR 2035 S , MERCEDES BENZ OM 457 LA OM 457 LA 12.0 L 24V SOHV L6 DIESEL, 2005-2016.<\/td>\n<\/tr>\n<tr>\n<td>MERCEDES BENZ AXOR 4144 K , MERCEDES BENZ OM 457 LA OM 457 LA 12.0 L 24V SOHV L6 DIESEL, 2006-2015.<\/td>\n<\/tr>\n<tr>\n<td>MERCEDES BENZ AXOR 3340 , MERCEDES BENZ OM 457 LA OM 457 LA 12.0 L 24V SOHV L6 DIESEL, 2005-2019.<\/td>\n<\/tr>\n<tr>\n<td>MERCEDES BENZ AXOR 2644 S , MERCEDES BENZ OM 457 LA OM 457 LA 12.0 L 24V SOHV L6 DIESEL, 2005-2012.<\/td>\n<\/tr>\n<tr>\n<td>MERCEDES BENZ O 500 RSD 2236 , MERCEDES BENZ OM 457 LA OM 457 LA 12.0 L 24V SOHV L6 DIESEL, 2005-2010.<\/td>\n<\/tr>\n<tr>\n<td>MERCEDES BENZ O 500 RSD 2436 , MERCEDES BENZ OM 457 LA OM 457 LA 12.0 L 24V SOHV L6 DIESEL, 2008-2013.<\/td>\n<\/tr>\n<tr>\n<td>MERCEDES BENZ AXOR 2040 S , MERCEDES BENZ OM 457 LA OM 457 LA 12.0 L 24V SOHV L6 DIESEL, 2005-2012.<\/td>\n<\/tr>\n<tr>\n<td>MERCEDES BENZ LS 2638 , MERCEDES BENZ OM 457 LA OM 457 LA 12.0 L 24V SOHV L6 DIESEL, 1999-2006.<\/td>\n<\/tr>\n<tr>\n<td>MERCEDES BENZ 1944 S , MERCEDES BENZ OM 457 LA OM 457 LA 12.0 L 24V SOHV L6 DIESEL, 2002-2006.<\/td>\n<\/tr>\n<tr>\n<td>MERCEDES BENZ AXOR 2640 S , MERCEDES BENZ OM 457 LA OM 457 LA 12.0 L 24V SOHV L6 DIESEL, 2005-2015.<\/td>\n<\/tr>\n<tr>\n<td>MERCEDES BENZ AXOR 2535 , MERCEDES BENZ OM 457 LA OM 457 LA 12.0 L 24V SOHV L6 DIESEL, 2009-2012.<\/td>\n<\/tr>\n<tr>\n<td>MERCEDES BENZ AXOR 2044 S , MERCEDES BENZ OM 457 LA OM 457 LA 12.0 L 24V SOHV L6 DIESEL, 2005-2011.<\/td>\n<\/tr>\n<tr>\n<td>MERCEDES BENZ O 500 RSD 2036 , MERCEDES BENZ OM 457 LA OM 457 LA 12.0 L 24V SOHV L6 DIESEL, 2004-2005.<\/td>\n<\/tr>\n<tr>\n<td>MERCEDES BENZ O 500 RS 1636 , MERCEDES BENZ OM 457 LA OM 457 LA 12.0 L 24V SOHV L6 DIESEL, 2004-2005.<\/td>\n<\/tr>\n<tr>\n<td>MERCEDES BENZ AXOR 4140 K , MERCEDES BENZ OM 457 LA OM 457 LA 12.0 L 24V SOHV L6 DIESEL, 2006-2010.<\/td>\n<\/tr>\n<tr>\n<td>MERCEDES BENZ 2638 , MERCEDES BENZ OM 457 LA OM 457 LA 12.0 L 24V SOHV L6 DIESEL, 1997-1997. 0124655480 0124655480 0124655480<\/td>\n<\/tr>\n<\/tbody>\n<\/table>\n<p>&nbsp;<\/p>\n<div>ATENCI\u00d3N:<\/div>\n<div>Recomendamos que la instalaci\u00f3n 0124655480 ser realizada por un profesional capacitado y especializado.<\/div>\n<div>Solo realiza la compra de este producto 0124655480 aseg\u00farate de que es compatible con tu veh\u00edculo, si tienes alguna duda, no dudes en ponerte en contacto con nosotros. Nuestro horario de apertura es de lunes a viernes de 8 a 18 h.<\/div>\n<div><\/div>\n<div>Sobre nosotros<\/div>\n<div>COM Automotive est\u00e1 especializada en piezas de autom\u00f3vil de dise\u00f1o original para el sector de la reparaci\u00f3n posventa, clientes industriales y fabricantes de veh\u00edculos especiales OEM.<\/div>\n<div>Nuestro equipo tiene m\u00e1s de 28 a\u00f1os de experiencia en la fabricaci\u00f3n y el suministro de piezas de automoci\u00f3n a escala mundial.<\/div>\n<div>Nuestra MISI\u00d3N es ofrecer productos de dise\u00f1o original con una calidad impecable y una sustituci\u00f3n personalizada.<\/div>\n<div>Nuestra VISI\u00d3N es promover el crecimiento y un valor inigualable para nuestros clientes.<\/div>\n","protected":false},"excerpt":{"rendered":"<p>0124655480-COM. En stock. Ref: 0124655479, 0124655480, A0001504450, AAK5517, AAN5313, IA 1127, IA1150, MG 500, MG 63, 8EL732874001 &#8211; compatible con: MERCEDES. Marca: COM Automotive &#8211; Producto con calidad y dise\u00f1o originales. Compatible con Bosch<\/p>\n","protected":false},"featured_media":20137,"comment_status":"open","ping_status":"closed","template":"","meta":[],"product_brand":[],"product_cat":[8109],"product_tag":[14880,14882,14885,14883,14376,14378,14380],"class_list":{"0":"post-15982","1":"product","2":"type-product","3":"status-publish","4":"has-post-thumbnail","6":"product_cat-alternador-es-2","7":"product_tag-0124655479-es","8":"product_tag-0124655480-es","9":"product_tag-0124655480-com-es","10":"product_tag-a0001504450-es","11":"product_tag-aan5313-es","12":"product_tag-ia1150-es","13":"product_tag-mg-63-es","15":"first","16":"instock","17":"taxable","18":"shipping-taxable","19":"purchasable","20":"product-type-simple"},"_links":{"self":[{"href":"https:\/\/com-automotive.com\/es\/wp-json\/wp\/v2\/product\/15982","targetHints":{"allow":["GET"]}}],"collection":[{"href":"https:\/\/com-automotive.com\/es\/wp-json\/wp\/v2\/product"}],"about":[{"href":"https:\/\/com-automotive.com\/es\/wp-json\/wp\/v2\/types\/product"}],"replies":[{"embeddable":true,"href":"https:\/\/com-automotive.com\/es\/wp-json\/wp\/v2\/comments?post=15982"}],"wp:featuredmedia":[{"embeddable":true,"href":"https:\/\/com-automotive.com\/es\/wp-json\/wp\/v2\/media\/20137"}],"wp:attachment":[{"href":"https:\/\/com-automotive.com\/es\/wp-json\/wp\/v2\/media?parent=15982"}],"wp:term":[{"taxonomy":"product_brand","embeddable":true,"href":"https:\/\/com-automotive.com\/es\/wp-json\/wp\/v2\/product_brand?post=15982"},{"taxonomy":"product_cat","embeddable":true,"href":"https:\/\/com-automotive.com\/es\/wp-json\/wp\/v2\/product_cat?post=15982"},{"taxonomy":"product_tag","embeddable":true,"href":"https:\/\/com-automotive.com\/es\/wp-json\/wp\/v2\/product_tag?post=15982"}],"curies":[{"name":"wp","href":"https:\/\/api.w.org\/{rel}","templated":true}]}}