{"id":15980,"date":"2023-11-01T16:17:28","date_gmt":"2023-11-01T19:17:28","guid":{"rendered":"https:\/\/com-automotive.com\/motor-de-arranque-32v-13kw-11d-10478827-10461159-caterpillar-delco-remy\/"},"modified":"2023-11-01T16:17:28","modified_gmt":"2023-11-01T19:17:28","slug":"motor-de-arranque-32v-13kw-11d-10478827-10461159-caterpillar-delco-remy","status":"publish","type":"product","link":"https:\/\/com-automotive.com\/es\/motor-de-arranque-32v-13kw-11d-10478827-10461159-caterpillar-delco-remy\/","title":{"rendered":"Motor de arranque 32V 13KW 11D 10478827 10461159 CATERPILLAR Delco Remy<span class=\"product-sku\" style=\"display: block; font-size: 0.85em; color: #777; margin-top: 5px; margin-bottom: 5px;\">SKU: 10478827-COM<\/span>"},"content":{"rendered":"<h1><strong>COM-AUTOMOTIVE, calidad de dise\u00f1o original.<\/strong><\/h1>\n<p>10478827 Motor de arranque de 32V 13KW 11D Dise\u00f1o: Delco Remy Tipo: 50MT &#8211; OEM: CATERPILLAR<\/p>\n<h2>Preguntas m\u00e1s frecuentes<\/h2>\n<h3><strong>\u00bfCu\u00e1les son las referencias cruzadas?<\/strong><\/h3>\n<p>10478827, 10461159, T001000092, DR10478827, DELCO 10478827<\/p>\n<h2><strong>Tabla de aplicaci\u00f3n<\/strong><\/h2>\n<p>Delco 50MT 32V 11D Gr\u00faas estacionarias del motor del generador de la oruga. ORIGINALES : DR10478827 \/ DELCO 10478827<\/p>\n<p>Locomotoras SD40, GM, GE.<\/p>\n<table width=\"1594\">\n<tbody>\n<tr>\n<td colspan=\"6\" width=\"442\">10478827 32V \u2013 ISO 11 830620 10476285 1945484 1115567 \u2013 1967349<\/td>\n<td colspan=\"7\" width=\"448\">10478827 32V \u2013 ISO 11 1948521 1906989 1945356 1950561 \u2013 1918047<\/td>\n<td colspan=\"8\" width=\"512\">1967345 1967354 1979870 1945848 1894635 1894637 1894638 1948522 801077<\/td>\n<td colspan=\"3\" width=\"192\">10497105 1948529 1979847<\/td>\n<\/tr>\n<\/tbody>\n<\/table>\n<div><\/div>\n<div><\/div>\n<div>ATENCI\u00d3N:<\/div>\n<div>Recomendamos que la instalaci\u00f3n la realice un profesional formado y especializado.<\/div>\n<div>S\u00f3lo compra este producto si est\u00e1s seguro de que es compatible con tu veh\u00edculo. Si tienes alguna duda, no dudes en ponerte en contacto con nosotros. Nuestro horario de apertura es de lunes a viernes de 8 a 18 h.<\/div>\n<div><\/div>\n<div>Sobre nosotros<\/div>\n<div>COM Automotive est\u00e1 especializada en piezas de autom\u00f3vil de dise\u00f1o original para el sector de la reparaci\u00f3n posventa, clientes industriales y fabricantes de veh\u00edculos especiales OEM.<\/div>\n<div>Nuestro equipo tiene m\u00e1s de 28 a\u00f1os de experiencia en la fabricaci\u00f3n y el suministro de piezas de automoci\u00f3n a escala mundial.<\/div>\n<div>Nuestra MISI\u00d3N es ofrecer productos de dise\u00f1o original con una calidad impecable y una sustituci\u00f3n personalizada.<\/div>\n<div>Nuestra VISI\u00d3N es promover el crecimiento y un valor inigualable para nuestros clientes.<\/div>\n","protected":false},"excerpt":{"rendered":"<p>10478827 Motor de arranque de 32V 13KW 11D Dise\u00f1o: Delco Remy Tipo: 50MT &#8211; OEM: CATERPILLAR<\/p>\n","protected":false},"featured_media":2907,"comment_status":"closed","ping_status":"closed","template":"","meta":[],"product_brand":[],"product_cat":[8119,8542],"product_tag":[14876,14875,14874],"class_list":{"0":"post-15980","1":"product","2":"type-product","3":"status-publish","4":"has-post-thumbnail","6":"product_cat-motor-de-arranque","7":"product_cat-sempreco-es","8":"product_tag-10461159-es","9":"product_tag-10478827-es","10":"product_tag-t001000092-es","12":"first","13":"instock","14":"taxable","15":"shipping-taxable","16":"purchasable","17":"product-type-simple"},"_links":{"self":[{"href":"https:\/\/com-automotive.com\/es\/wp-json\/wp\/v2\/product\/15980","targetHints":{"allow":["GET"]}}],"collection":[{"href":"https:\/\/com-automotive.com\/es\/wp-json\/wp\/v2\/product"}],"about":[{"href":"https:\/\/com-automotive.com\/es\/wp-json\/wp\/v2\/types\/product"}],"replies":[{"embeddable":true,"href":"https:\/\/com-automotive.com\/es\/wp-json\/wp\/v2\/comments?post=15980"}],"wp:featuredmedia":[{"embeddable":true,"href":"https:\/\/com-automotive.com\/es\/wp-json\/wp\/v2\/media\/2907"}],"wp:attachment":[{"href":"https:\/\/com-automotive.com\/es\/wp-json\/wp\/v2\/media?parent=15980"}],"wp:term":[{"taxonomy":"product_brand","embeddable":true,"href":"https:\/\/com-automotive.com\/es\/wp-json\/wp\/v2\/product_brand?post=15980"},{"taxonomy":"product_cat","embeddable":true,"href":"https:\/\/com-automotive.com\/es\/wp-json\/wp\/v2\/product_cat?post=15980"},{"taxonomy":"product_tag","embeddable":true,"href":"https:\/\/com-automotive.com\/es\/wp-json\/wp\/v2\/product_tag?post=15980"}],"curies":[{"name":"wp","href":"https:\/\/api.w.org\/{rel}","templated":true}]}}