{"id":15978,"date":"2023-11-01T16:17:23","date_gmt":"2023-11-01T19:17:23","guid":{"rendered":"https:\/\/com-automotive.com\/motor-de-arranque-12v-3-3kw-10d-19011400-3916854-caterpillar\/"},"modified":"2025-04-18T09:00:33","modified_gmt":"2025-04-18T12:00:33","slug":"motor-de-arranque-12v-3-3kw-10d-19011400-3916854-caterpillar","status":"publish","type":"product","link":"https:\/\/com-automotive.com\/es\/motor-de-arranque-12v-3-3kw-10d-19011400-3916854-caterpillar\/","title":{"rendered":"Motor de arranque 12V 3.3KW 10T compatible 19011400 3916854 Caterpillar<span class=\"product-sku\" style=\"display: block; font-size: 0.85em; color: #777; margin-top: 5px; margin-bottom: 5px;\">SKU: 6000.1400-COM<\/span>"},"content":{"rendered":"<h1><strong>COM-AUTOMOTIVE, producto con Calidad y Dise\u00f1o Original.<\/strong><\/h1>\n<p>Motor de arranque de 12V 10T 3.3KW compatible con Caterpillar 19011400 3916854<\/p>\n<h2>Preguntas m\u00e1s frecuentes<\/h2>\n<h3><strong>\u00bfCu\u00e1les son las referencias cruzadas de este producto de la marca COM Automotive?<\/strong><\/h3>\n<p>3916854, 3604648RX, T001000072, 10461481, 10461770, 10479642, 19011400, 8200010, M105R2510SE, 6840N, 60001400<\/p>\n<h2><strong>Tabla de aplicaci\u00f3n<\/strong><\/h2>\n<p>FORD F-750, PERKINS 6.357 6.357 5.8 L 12V SOHV L6 DIESEL, 1971-1977.<br \/>\nKENWORTH T800, CUMMINS ISX 500 ISX 500 15.0 L 24V SOHV L6 DIESEL, 2016-2016.<br \/>\nBERING MD23M, CUMMINS CUMMINS ISB5.9L DIESEL, 1999.<br \/>\nBERING MD23M, CUMMINS CUMMINS ISB5.9L DIESEL, 2000.<br \/>\nBERING MD26M, 5.9L DIESEL, 2000.<br \/>\nP\u00c1JARO AZUL AMERICANO FE, DIESEL DE 5.9L,<br \/>\nBLUE BIRD AMERICAN RE, DI\u00c9SEL DE 5,9 L,<br \/>\nAUTOB\u00daS COMERCIAL P\u00c1JARO AZUL, DI\u00c9SEL DE 5,9 L,<br \/>\nCOMERCIAL BLUE BIRD SHL, DIESEL DE 5.9L,<br \/>\nP\u00c1JARO AZUL SHL TC2000, 5.9L DIESEL,<br \/>\nP\u00c1JARO AZUL TC1000, 5.9L DIESEL,<br \/>\nP\u00c1JARO AZUL TC2000, 5.9L DIESEL,<br \/>\nOPORTUNIDAD, 5.9L DIESEL,<br \/>\nCHANCE AH-28, CUMMINS 5.9L DIESEL,<br \/>\nCHANCE AMTV-PM, 5.9L DIESEL,<br \/>\nCHANCE CNG-28,5.9L DIESEL,<br \/>\nCHANCE RT-52, CUMMINS 6BTA5.95.9L DIESEL,<br \/>\nAFICI\u00d3N DEL PA\u00cdS, DI\u00c9SEL DE 5,9 L,<br \/>\nCOUNTRY ALLURE, 5.9L DIESEL,<br \/>\nCOUNTRY INSPIRE, 5.9L DIESEL,<br \/>\nCOUNTRY INTRIGUE, 5.9L DIESEL,<br \/>\nPA\u00cdS MAGNA, 5.9L DIESEL,<br \/>\nCENTURI\u00d3N DE GR\u00daA, DIESEL DE 5.9L,<br \/>\nEQUIPO DE PERFORACI\u00d3N DE GR\u00daA, DIESEL DE 5.9L,<br \/>\nPORTADOR DE EQUIPO DE GR\u00daA, DIESEL DE 5.9L,<br \/>\nGR\u00daA IFL, 5.9L DIESEL,<br \/>\nGR\u00daA IRL, 5.9L DIESEL,<br \/>\nENTRADA BAJA DE LA GR\u00daA, DIESEL DE 5.9L,<br \/>\nEQUIPO DE RECICLAJE DE GR\u00daAS, DIESEL DE 5.9L,<br \/>\nAUTOB\u00daS ESCOLAR DE GR\u00daA, DIESEL DE 5.9L,<br \/>\nEL DORADO, CUMMINS 5.9L DIESEL,<br \/>\nMOTORES FEDERALES, 5.9L,<br \/>\nFORD B600, 5.9L DIESEL,<br \/>\nFORD B700, 5.9L DIESEL,<br \/>\nFORD B800F, 5.9L DIESEL,<br \/>\nFORD CF8000, 5.9L DIESEL,<br \/>\nFORD F650, CUMMINS 5.9L DIESEL,<br \/>\nFORD F800, CUMMINS 5.9L ,<br \/>\nFORD L8501, CATERPILLAR CATERPILLAR 3126 5.9L DIESEL,<br \/>\nFORD P800, 5.9L DIESEL,<br \/>\nFREIGHTLINER, CUMMINS ISB5.9L DIESEL,<br \/>\nFREIGHTLINER CENTURY CLASS, CUMMINS 5.9L DIESEL,<br \/>\nFREIGHTLINER FC80, CUMMINS 5.9L DIESEL,<br \/>\nFREIGHTLINER FL50, CUMMINS 5.9L DIESEL,<br \/>\nFREIGHTLINER FL60, CUMMINS 5.9L DIESEL,<br \/>\nFREIGHTLINER FL70, CUMMINS ISB5.95.9L DIESEL,<br \/>\nFREIGHTLINER FL80, CUMMINS ISB5.95.9L DIESEL,<br \/>\nFREIGHTLINER FLD112, CUMMINS M11 DIESEL,<br \/>\nFREIGHTLINER FLD120, CUMMINS ISB5.95.9L DIESEL,<br \/>\nFREIGHTLINER FS65, CUMMINS ISB I65.9L DIESEL,<br \/>\nL\u00cdNEA FREIGHTLINER MB, CUMMINS ISB5.9L DIESEL,<br \/>\nL\u00cdNEA FREIGHTLINER MC, CUMMINS ISB5.9L DIESEL,<br \/>\nFREIGHTLINER MT35, CUMMINS B5.95.9L DIESEL,<br \/>\nFREIGHTLINER MT45, CUMMINS ISB5.9L DIESEL,<br \/>\nFREIGHTLINER MT55, CUMMINS ISB5.9L DIESEL,<br \/>\nL\u00cdNEA FREIGHTLINER XB, CUMMINS ISB5.9L DIESEL,<br \/>\nFREIGHTLINER XB ELEVADO, CUMMINS ISB5.9L DIESEL,<br \/>\nFREIGHTLINER XB RECTO, CUMMINS ISB5.9L DIESEL,<br \/>\nFREIGHTLINER XC, CUMMINS ISB5.9L DIESEL,<br \/>\nFREIGHTLINER XC ELEVADO, CUMMINS ISB5.9L DIESEL,<br \/>\nFREIGHTLINER XC RECTO, CUMMINS ISB5.9L DIESEL,<br \/>\nGILLIG, CUMMINS ISB5.9L DIESEL,<br \/>\nGILLIG, CUMMINS ISL 2805.9L DIESEL,<br \/>\nHINO, 5.9L DIESEL,<br \/>\nHYUNDAI HMD 230, CUMMINS ISB5.9L DIESEL,<br \/>\nHYUNDAI HMD 260, CUMMINS ISB5.9L DIESEL,<br \/>\nIC CORPORATION, 5.9L DIESEL,<br \/>\nINTERNACIONAL, CUMMINS 5.9L DIESEL,<br \/>\nKALMAR OTTAWA, 5.9L DIESEL,<br \/>\nKALMAR OTTAWA , CUMMINS QSB5.9L DIESEL,<br \/>\nKALMAR OTTAWA OTTAWA, CUMMINS QSB5.9L DIESEL, KENWORTH<br \/>\n, CUMMINS 5.9L DIESEL, KENWORTH<br \/>\n, CUMMINS 6B5.9L DIESEL, ORION<br \/>\n, 5.9L DIESEL, OSHKOSH<br \/>\n, CUMMINS 5.9L DIESEL, 1995.<br \/>\nOSHKOSH, CUMMINS 6BT5.95.9L DIESEL,<br \/>\nPETERBILT 200,5.9L DIESEL,<br \/>\nPETERBILT 220,5.9L DIESEL,<br \/>\nPETERBILT 270,5.9L DIESEL,<br \/>\nPETERBILT 357,5.9L DIESEL,<br \/>\nPETERBILT 378,5.9L DIESEL,<br \/>\nPETERBILT 379,5.9L DIESEL,<br \/>\nPETERBILT 387,5.9L DIESEL,<br \/>\nRIEL ROADMASTER, CUMMINS DI\u00c9SEL DE 5.9L,<br \/>\nRIEL ROADMASTER, CUMMINS ISB5.9L DIESEL,<br \/>\nSPARTAN MOTORS, 5.9L DIESEL,<br \/>\nSPARTAN MOTORS, CUMMINS 5.9L DIESEL,<br \/>\nMOTORES SPARTAN, CUMMINS 1905.9L DIESEL,<br \/>\nSPARTAN MOTORS, CUMMINS 6BT5.9L DIESEL,<br \/>\nMOTORES ESPARTANOS, CUMMINS 6BTA5.95.9L DIESEL,<br \/>\nSPARTAN MOTORS, CUMMINS BTA5.9L DIESEL,<br \/>\nSPARTAN MOTORS, CUMMINS ISB5.9L DIESEL,<br \/>\nSPARTAN MOTORS, CUMMINS ISL5.9L DIESEL,<br \/>\nSPARTAN MOTORS, CUMMINS L95.9L DIESEL,<br \/>\nESTERLINA, CUMMINS ISB5.9L DIESEL,<br \/>\nSTERLING 5500, CUMMINS ISB5.9L DIESEL,<br \/>\nSTERLING 6500, CUMMINS ISB5.9L DIESEL,<br \/>\nSTERLING 7500, CUMMINS ISB5.9L DIESEL,<br \/>\nSTERLING 8500, CUMMINS ISB5.9L DIESEL,<br \/>\nSTERLING A9500, CUMMINS ISB5.9L DIESEL,<br \/>\nTHOMAS THOMAS AUTOB\u00daS, CUMMINS ISB5.9L DIESEL,<\/p>\n<div><strong>ATENCI\u00d3N:<\/strong><\/div>\n<div>Recomendamos que la instalaci\u00f3n del producto sea realizada por un profesional capacitado y especializado.<\/div>\n<div>Solo realiza la compra de este producto con la certeza de que es compatible con tu veh\u00edculo, si tienes alguna duda, no dudes en ponerte en contacto con nosotros. Nuestro horario de apertura es de lunes a viernes de 8 a 18 h.<\/div>\n<div><\/div>\n<div><strong>SOBRE NOSOTROS:<\/strong><\/div>\n<div>COM Automotive est\u00e1 especializada en piezas de autom\u00f3vil de dise\u00f1o original para el sector de la reparaci\u00f3n posventa, clientes industriales y fabricantes de veh\u00edculos especiales OEM.<\/div>\n<div>Nuestro equipo tiene m\u00e1s de 28 a\u00f1os de experiencia en la fabricaci\u00f3n y el suministro de piezas de automoci\u00f3n a escala mundial.<\/div>\n<div>Nuestra <strong>MISI\u00d3N <\/strong> es ofrecer productos de dise\u00f1o original con una calidad impecable y una sustituci\u00f3n personalizada.<\/div>\n<div>Nuestra <strong>VISI\u00d3N<\/strong> es promover el crecimiento y un valor inigualable para nuestros clientes.<\/div>\n<div><\/div>\n<div><strong>DISE\u00d1O ORIGINAL<\/strong><\/div>\n<div>El t\u00e9rmino \u00abDise\u00f1o Original\u00bb se refiere a la percepci\u00f3n \u00fanica e innovadora y a la propuesta de valor de los productos de COM Automotive, as\u00ed como a la experiencia ofrecida durante su compra. Esto abarca no solo el empaque y la est\u00e9tica del producto, sino tambi\u00e9n la autenticidad y creatividad de la marca. COM Automotive busca ofrecer productos de alta calidad que satisfagan las necesidades de la industria del mercado de repuestos, aline\u00e1ndose con su Visi\u00f3n, Misi\u00f3n y Valores.  <\/div>\n<div><\/div>\n<div><strong>NOTAR:<\/strong><\/div>\n<div>C\u00f3digo de Protecci\u00f3n al Consumidor (CDC): La Ley N\u00b0 8.078, de 11 de septiembre de 1990, establece que la informaci\u00f3n proporcionada al consumidor debe ser clara y precisa. El art\u00edculo 31 del CDC exige que la publicidad y el etiquetado de los productos y servicios sean veraces y no induzcan a error al consumidor. Esto incluye asegurarse de que la informaci\u00f3n sobre la compatibilidad, la marca y las caracter\u00edsticas se describa correctamente para evitar malentendidos.   El uso del t\u00e9rmino \u00abcompatible\u00bb tambi\u00e9n est\u00e1 regulado por los grandes mercados en el mercado para la catalogaci\u00f3n adecuada de productos y la aplicaci\u00f3n automotriz.<\/div>\n","protected":false},"excerpt":{"rendered":"<p>6000.1400-COM. Compatible con: 3916854, 3604648RX, T001000072, 10461481, 10461770, 10479642, 19011400, 8200010, M105R2510SE, 6840N, 60001400.  Marca: COM Automotive &#8211; Producto con calidad y dise\u00f1o originales.<\/p>\n","protected":false},"featured_media":18768,"comment_status":"open","ping_status":"closed","template":"","meta":[],"product_brand":[],"product_cat":[8119],"product_tag":[36281,14840,36282,14837,36277,14838,36284,36279,36280,36278,14842,36283,14836],"class_list":{"0":"post-15978","1":"product","2":"type-product","3":"status-publish","4":"has-post-thumbnail","6":"product_cat-motor-de-arranque","7":"product_tag-10461481-es","8":"product_tag-10461770-es","9":"product_tag-10479642-es","10":"product_tag-19011400-es","11":"product_tag-3604648rx-es","12":"product_tag-3916854-es","13":"product_tag-6000-1400-es","14":"product_tag-6000-1400-com-es","15":"product_tag-60001400-es","16":"product_tag-6840n-es","17":"product_tag-8200010-es","18":"product_tag-m105r2510se-es","19":"product_tag-t001000072-es","21":"first","22":"instock","23":"taxable","24":"shipping-taxable","25":"purchasable","26":"product-type-simple"},"_links":{"self":[{"href":"https:\/\/com-automotive.com\/es\/wp-json\/wp\/v2\/product\/15978","targetHints":{"allow":["GET"]}}],"collection":[{"href":"https:\/\/com-automotive.com\/es\/wp-json\/wp\/v2\/product"}],"about":[{"href":"https:\/\/com-automotive.com\/es\/wp-json\/wp\/v2\/types\/product"}],"replies":[{"embeddable":true,"href":"https:\/\/com-automotive.com\/es\/wp-json\/wp\/v2\/comments?post=15978"}],"wp:featuredmedia":[{"embeddable":true,"href":"https:\/\/com-automotive.com\/es\/wp-json\/wp\/v2\/media\/18768"}],"wp:attachment":[{"href":"https:\/\/com-automotive.com\/es\/wp-json\/wp\/v2\/media?parent=15978"}],"wp:term":[{"taxonomy":"product_brand","embeddable":true,"href":"https:\/\/com-automotive.com\/es\/wp-json\/wp\/v2\/product_brand?post=15978"},{"taxonomy":"product_cat","embeddable":true,"href":"https:\/\/com-automotive.com\/es\/wp-json\/wp\/v2\/product_cat?post=15978"},{"taxonomy":"product_tag","embeddable":true,"href":"https:\/\/com-automotive.com\/es\/wp-json\/wp\/v2\/product_tag?post=15978"}],"curies":[{"name":"wp","href":"https:\/\/api.w.org\/{rel}","templated":true}]}}