{"id":15975,"date":"2023-11-01T16:10:43","date_gmt":"2023-11-01T19:10:43","guid":{"rendered":"https:\/\/com-automotive.com\/motor-de-arranque-12v-9d-f000al0304-9000081003-93264950-celta-corsa-mpfi-01\/"},"modified":"2023-11-01T16:10:43","modified_gmt":"2023-11-01T19:10:43","slug":"motor-de-arranque-12v-9d-f000al0304-9000081003-93264950-celta-corsa-mpfi-01","status":"publish","type":"product","link":"https:\/\/com-automotive.com\/es\/motor-de-arranque-12v-9d-f000al0304-9000081003-93264950-celta-corsa-mpfi-01\/","title":{"rendered":"Motor de arranque 12V 9D F000AL0304 9000081003 93264950 Celta Corsa MPFI 01&gt;<span class=\"product-sku\" style=\"display: block; font-size: 0.85em; color: #777; margin-top: 5px; margin-bottom: 5px;\">SKU: 6000.0304-COM<\/span>"},"content":{"rendered":"<h1><strong>COM-AUTOMOTIVE, calidad de dise\u00f1o original.<\/strong><\/h1>\n<p>Motor de arranque F000AL0304 12V 0.9KW 9 dientes Dise\u00f1o: F000AL0304 Tipo: DM &#8211; OEM: CHEVROLET<\/p>\n<h2>Preguntas m\u00e1s frecuentes<\/h2>\n<h3><strong>\u00bfCu\u00e1les son las referencias cruzadas?<\/strong><\/h3>\n<p>T001002004, 9000081003, 9000981P, 93264950, 93264950, 93327205, F000AL0304, ZEN 31009, Euro 20521<\/p>\n<h2><strong>Tabla de aplicaci\u00f3n<\/strong><\/h2>\n<table width=\"793\">\n<tbody>\n<tr>\n<td width=\"793\">CHEVROLET CLASSIC LS ,VHC-E N10YFH 1.0 L 8V SOHC L4 FLEX, 2010-2016.<\/td>\n<\/tr>\n<tr>\n<td>CHEVROLET CELTA LIFE FLEXPOWER ,VHC X10YFH 1.0 L 8V SOHC L4 FLEX, 2005-2011.<\/td>\n<\/tr>\n<tr>\n<td>CHEVROLET MONTANA LS G-2,X14YFH X14YFH 1.4L 8V SOHC L4 FLEX, 2010-2021.<\/td>\n<\/tr>\n<tr>\n<td>CHEVROLET CELTA LT ,VHC X10YFH 1.0 L 8V SOHC L4 FLEX, 2011-2013.<\/td>\n<\/tr>\n<tr>\n<td>CHEVROLET CORSA WIND MPFI ,SOHC MPFI C10NE 1.0 L 8V SOHC L4 GASOLINA, 1996-2005.<\/td>\n<\/tr>\n<tr>\n<td>CHEVROLET AGILE LTZ G-1, NLEV N14YF 1.4 L 8V SOHC L4 FLEX, 2009-2013.<\/td>\n<\/tr>\n<tr>\n<td>CHEVROLET CELTA LIFE ,VHC C10YEH 1.0 L 8V SOHC L4 GASOLINA, 2002-2009.<\/td>\n<\/tr>\n<tr>\n<td>CHEVROLET CELTA SPIRIT ,VHC X10YFH 1.0 L 8V SOHC L4 FLEX, 2009-2011.<\/td>\n<\/tr>\n<tr>\n<td>CHEVROLET CELTA LS ,VHC X10YFH 1.0 L 8V SOHC L4 FLEX, 2011-2013.<\/td>\n<\/tr>\n<tr>\n<td>CHEVROLET CORSA SED\u00c1N VIENTO MPFI, SOHC MPFI C10NE 1.0 L 8V SOHC L4 GASOLINA, 1998-2006.<\/td>\n<\/tr>\n<tr>\n<td>CHEVROLET CORSA NUEVO MAXX NLEV ,ECONOFLEX X14YFH 1.4 L 8V SOHC L4 FLEX, 2009-2012.<\/td>\n<\/tr>\n<tr>\n<td>CHEVROLET CLASSIC LIFE FLEXPOWER, VHC X10YFH 1.0 L 8V SOHC L4 FLEX, 2006-2008.<\/td>\n<\/tr>\n<tr>\n<td>CHEVROLET CELTA LIFE ,VHC X10YFH 1.0 L 8V SOHC L4 FLEX, 2009-2011.<\/td>\n<\/tr>\n<tr>\n<td>CHEVROLET CLASSIC LIFE FLEXPOWER, VHC-E N10YFH 1.0 L 8V SOHC L4 FLEX, 2009-2011.<\/td>\n<\/tr>\n<tr>\n<td>CHEVROLET PRISMA LT ECONOFLEX MCE2 G-1,ECONO FLEX N14YF 1.4 L 8V SOHC L4 FLEX, 2011-2013.<\/td>\n<\/tr>\n<tr>\n<td>CHEVROLET CELTA SPIRIT FLEXPOWER, VHC X10YFH 1.0 L 8V SOHC L4 FLEX, 2005-2011.<\/td>\n<\/tr>\n<tr>\n<td>CHEVROLET CORSA NUEVO PREMIUM NLEV ,ECONOFLEX X14YFH 1.4 L 8V SOHC L4 FLEX, 2007-2014.<\/td>\n<\/tr>\n<tr>\n<td>CHEVROLET CORSA WIND EFI ,SOHC EFI B10NZ 1.0 L 8V SOHC L4 GASOLINA, 1994-1996.<\/td>\n<\/tr>\n<tr>\n<td>CHEVROLET CORSA SUPER MPFI ,SOHC MPFI C10NE 1.0 L 8V SOHC L4 GASOLINA, 1996-2000.<\/td>\n<\/tr>\n<tr>\n<td>CHEVROLET CLASSIC VHC ,VHC C10YEH 1.0 L 8V SOHC L4 GASOLINA, 2003-2007.<\/td>\n<\/tr>\n<tr>\n<td>CHEVROLET AGILE LT G-1, NLEV N14YF 1.4 L 8V SOHC L4 FLEX, 2009-2020.<\/td>\n<\/tr>\n<tr>\n<td>CHEVROLET CLASSIC FLEXPOWER ,VHC-E N10YFH 1.0 L 8V SOHC L4 FLEX, 2008-2009.<\/td>\n<\/tr>\n<tr>\n<td>CHEVROLET PRISMA MAXX FLEXPOWER G-1,ECONO FLEX X14YFL 1.4 L 8V SOHC L4 FLEX, 2006-2008.<\/td>\n<\/tr>\n<tr>\n<td>CHEVROLET MONTANA SPORT G-2,X14YFH X14YFH 1.4 L 8V SOHC L4 FLEX, 2010-2021.<\/td>\n<\/tr>\n<tr>\n<td>CHEVROLET MONTANA CONQUEST G-1,X14YFH X14YFH 1.4 L 8V SOHC L4 FLEX, 2009-2011.<\/td>\n<\/tr>\n<tr>\n<td>CHEVROLET COBALT LT G-1,NLEV N14YF 1.4 L 8V SOHC L4 FLEX, 2011-2015.<\/td>\n<\/tr>\n<tr>\n<td>CHEVROLET PRISMA MAXX OBD-BR2 G-1,ECONO FLEX N14YF 1.4L 8V SOHC L4 FLEX, 2009-2012.<\/td>\n<\/tr>\n<tr>\n<td>CHEVROLET CELTA LT ,VHC-E X10YFH 1.0 L 8V SOHC L4 FLEX, 2014-2016.<\/td>\n<\/tr>\n<tr>\n<td>CHEVROLET CORSA HATCH NEW JOY FLEX ,VHC X10YFH 1.0 L 8V SOHC L4 FLEX, 2005-2010.<\/td>\n<\/tr>\n<tr>\n<td>CHEVROLET COBALT LTZ G-1, NLEV N14YF 1.4 L 8V SOHC L4 FLEX, 2011-2015.<\/td>\n<\/tr>\n<tr>\n<td>CHEVROLET MERIVA MAXX ECONOFLEX ,ECONO. FLEX X14YH 1.4L 8V SOHC L4 FLEX, 2009-2012.<\/td>\n<\/tr>\n<tr>\n<td>CHEVROLET CORSA SED\u00c1N NUEVO 1.0 8V MPFI, VHC C10YEH 1.0 L 8V SOHC L4 GASOLINA, 2002-2006.<\/td>\n<\/tr>\n<tr>\n<td>CHEVROLET CORSA GL MPFI ,SOHC MPFI C16NE 1.6L 8V SOHC L4 GASOLINA, 1995-2002.<\/td>\n<\/tr>\n<tr>\n<td>CHEVROLET MONTANA CONQUEST G-1, ECONO. FLEX X14YFH 1.4 L 8V SOHC L4 FLEX, 2007-2010.<\/td>\n<\/tr>\n<tr>\n<td>CHEVROLET CORSA HATCH NUEVO 1.0 8V MPFI, VHC C10YEH 1.0L 8V SOHC L4 GASOLINA, 2002-2009.<\/td>\n<\/tr>\n<tr>\n<td>CHEVROLET CLASSIC SPIRIT FLEXPOWER, VHC X10YFH 1.0 L 8V SOHC L4 FLEX, 2006-2008.<\/td>\n<\/tr>\n<tr>\n<td>CHEVROLET CORSA HATCH NEW MAXX ,VHC X10YFH 1.0 L 8V SOHC L4 FLEX, 2005-2011.<\/td>\n<\/tr>\n<tr>\n<td>CHEVROLET PRISMA JOY FLEXPOWER G-1,ECONO FLEX X14YFL 1.4L 8V SOHC L4 FLEX, 2007-2008.<\/td>\n<\/tr>\n<tr>\n<td>CHEVROLET CLASSIC FLEXPOWER ,VHC X10YFH 1.0 L 8V SOHC L4 FLEX, 2007-2007.<\/td>\n<\/tr>\n<tr>\n<td>CHEVROLET CELTA SPIRIT ,VHC C10YEH 1.0 L 8V SOHC L4 GASOLINA, 2004-2007.<\/td>\n<\/tr>\n<tr>\n<td>CHEVROLET CORSA SED\u00c1N NUEVO PREMIUM ,X14YFH X14YFH 1.4 L 8V SOHC L4 FLEX, 2007-2009.<\/td>\n<\/tr>\n<tr>\n<td>CHEVROLET CORSA CLASSIC VHC ,SOHC MPFI C10YE 1.0 L 8V SOHC L4 ETHANOL, 2004-2006.<\/td>\n<\/tr>\n<tr>\n<td>CHEVROLET PRISMA MAXX FLEXPOWER G-1, ECONO FLEX N14YF 1.4L 8V SOHC L4 FLEX, 2009-2010.<\/td>\n<\/tr>\n<tr>\n<td>CHEVROLET CORSA HATCH NUEVO PREMIUM ,ECONOFLEX X14YFH 1.4 L 8V SOHC L4 FLEX, 2007-2010.<\/td>\n<\/tr>\n<tr>\n<td>CHEVROLET MERIVA JOY ECONOFLEX ,ECONO. FLEX X14YH 1.4 L 8V SOHC L4 FLEX, 2008-2012.<\/td>\n<\/tr>\n<tr>\n<td>CHEVROLET CORSA GL ,SOHC EFI B14NZ 1.4L 8V SOHC L4 GASOLINA, 1994-1997.<\/td>\n<\/tr>\n<tr>\n<td>CHEVROLET CLASSIC ADVANTAGE ,VHC-E N10YFH 1.0 L 8V SOHC L4 FLEX, 2014-2014.<\/td>\n<\/tr>\n<tr>\n<td>CHEVROLET CELTA ADVANTAGE ,VHC E X10YFH 1.0 L 8V SOHC L4 FLEX, 2013-2014.<\/td>\n<\/tr>\n<tr>\n<td>CHEVROLET CLASSIC SPIRIT ,VHC C10YEH 1.0 L 8V SOHC L4 GASOLINA, 2004-2006.<\/td>\n<\/tr>\n<tr>\n<td>CHEVROLET CORSA SED\u00c1N GL MPFI ,SOHC MPFI B16NE 1.6L 8V SOHC L4 GASOLINA, 1996-2001.<\/td>\n<\/tr>\n<tr>\n<td>CHEVROLET CLASSIC MPFI ,VHC C10YEH 1.0 L 8V SOHC L4 GASOLINA, 2003-2004.<\/td>\n<\/tr>\n<tr>\n<td>CHEVROLET PRISMA JOY FLEXPOWER NLEV G-1, ECONO FLEX N14YF 1.4L 8V SOHC L4 FLEX, 2009-2010.<\/td>\n<\/tr>\n<tr>\n<td>CHEVROLET CORSA SED\u00c1N GLS MPFI, SOHC MPFI B16NE 1.6L 8V SOHC L4 GASOLINA, 1995-2005.<\/td>\n<\/tr>\n<tr>\n<td>CHEVROLET CORSA HATCH NEW MAXX ,ECONOFLEX X14YFH 1.4 L 8V SOHC L4 FLEX, 2007-2010.<\/td>\n<\/tr>\n<tr>\n<td>CHEVROLET CELTA SUPER ,5N 5N 1.4 L 8V SOHC L4 GASOLINA, 2003-2009.<\/td>\n<\/tr>\n<tr>\n<td>CHEVROLET COBALT LS G-1, NLEV N14YF 1.4 L 8V SOHC L4 FLEX, 2011-2013.<\/td>\n<\/tr>\n<tr>\n<td>CHEVROLET PRISMA MAXX FLEXPOWER G-1,NLEV N10YFH 1.0 L 8V SOHC L4 FLEX, 2009-2010.<\/td>\n<\/tr>\n<tr>\n<td>CHEVROLET PRISMA JOY FLEXPOWER G-1,NLEV N10YFH 1.0L 8V SOHC L4 FLEX, 2009-2010.<\/td>\n<\/tr>\n<tr>\n<td>CHEVROLET CELTA SUPER FLEXPOWER ,VHC X10YFH 1.0 L 8V SOHC L4 FLEX, 2005-2011.<\/td>\n<\/tr>\n<tr>\n<td>CHEVROLET CORSA STD MPFI, SOHC MPFI C16NE 1.6L 8V SOHC L4 GASOLINA, 1996-2002.<\/td>\n<\/tr>\n<tr>\n<td>CHEVROLET CORSA MPFI, SOHC MPFI B16NE 1.6L 8V SOHC L4 GASOLINA, 1995-1999.<\/td>\n<\/tr>\n<tr>\n<td>CHEVROLET CORSA SED\u00c1N NUEVO MAXX ,VHC X10YFH 1.0 L 8V SOHC L4 FLEX, 2005-2008.<\/td>\n<\/tr>\n<tr>\n<td>CHEVROLET CORSA SED\u00c1N NUEVO MAXX ,X14YFH X14YFH 1.4 L 8V SOHC L4 FLEX, 2007-2009.<\/td>\n<\/tr>\n<tr>\n<td>CHEVROLET CORSA WAGON SUPER MPFI ,DOHC SFI CJ 1.0 L 16V DOHC L4 GASOLINA, 1999-2005.<\/td>\n<\/tr>\n<tr>\n<td>CHEVROLET CORSA WAGON GL MPFI ,SOHC MPFI C16NE 1.6L 8V SOHC L4 GASOLINA, 1997-2000.<\/td>\n<\/tr>\n<tr>\n<td>CHEVROLET CELTA SUPER ,VHC C10YEH 1.0 L 8V SOHC L4 GASOLINA, 2004-2008.<\/td>\n<\/tr>\n<tr>\n<td>CHEVROLET COBALT LT G-2, NLEV N14YF 1.4 L 8V SOHC L4 FLEX, 2016-2018.<\/td>\n<\/tr>\n<tr>\n<td>CHEVROLET CORSA CLASSIC MPFI, SOHC MPFI C10YE 1.0 L 8V SOHC L4 ETHANOL, 2002-2003.<\/td>\n<\/tr>\n<tr>\n<td>CHEVROLET MERIVA JOY ECONOFLEX NLEV ,ECONO. FLEX X14YH 1.4L 8V SOHC L4 FLEX, 2009-2011.<\/td>\n<\/tr>\n<tr>\n<td>CHEVROLET CORSA SED\u00c1N NEW JOY FLEX ,VHC X10YFH 1.0 L 8V SOHC L4 FLEX, 2005-2008.<\/td>\n<\/tr>\n<tr>\n<td>CHEVROLET AGILE LTZ G-2, NLEV N14YF 1.4 L 8V SOHC L4 FLEX, 2013-2014.<\/td>\n<\/tr>\n<tr>\n<td>CHEVROLET CORSA HATCH NEW JOY ,VHC C10YEH 1.0L 8V SOHC L4 GASOLINA, 2004-2006.<\/td>\n<\/tr>\n<tr>\n<td>CHEVROLET AGILE LT EASYTRONIC G-1,NLEV N14YF 1.4 L 8V SOHC L4 FLEX, 2009-2013.<\/td>\n<\/tr>\n<tr>\n<td>CHEVROLET PRISMA JOY OBD-BRD2 G-1,NLEV N10YFH 1.0 L 8V SOHC L4 FLEX, 2009-2012.<\/td>\n<\/tr>\n<tr>\n<td>CHEVROLET CORSA SPIRIT ,SOHC MPFI B16NE 1.6 L 8V SOHC L4 GASOLINA, 2004-2008.<\/td>\n<\/tr>\n<tr>\n<td>CHEVROLET CLASSIC SPIRIT FLEXPOWER, VHC-E N10YFH 1.0 L 8V SOHC L4 FLEX, 2009-2011.<\/td>\n<\/tr>\n<tr>\n<td>CHEVROLET CORSA CHAMP ,SOHC MPFI C16NE 1.6L 8V SOHC L4 GASOLINA, 2001-2002.<\/td>\n<\/tr>\n<tr>\n<td>CHEVROLET PRISMA MAXX OBD-BR2 G-1,NLEV N10YFH 1.0 L 8V SOHC L4 FLEX, 2009-2012.<\/td>\n<\/tr>\n<tr>\n<td>CHEVROLET CORSA SED\u00c1N NUEVO MAXX ,VHC C10YEH 1.0 L 8V SOHC L4 GASOLINA, 2004-2006.<\/td>\n<\/tr>\n<tr>\n<td>CHEVROLET COBALT LTZ G-2, NLEV N14YF 1.4 L 8V SOHC L4 FLEX, 2016-2018.<\/td>\n<\/tr>\n<tr>\n<td>CHEVROLET CORSA SED\u00c1N NEW JOY ,VHC C10YEH 1.0L 8V SOHC L4 GASOLINA, 2004-2006.<\/td>\n<\/tr>\n<tr>\n<td>CHEVROLET CORSA HATCH NEW MAXX ,VHC C10YEH 1.0 L 8V SOHC L4 GASOLINA, 2004-2006.<\/td>\n<\/tr>\n<tr>\n<td>CHEVROLET AGILE LTZ EASYTRONIC G-1,NLEV N14YF 1.4 L 8V SOHC L4 FLEX, 2009-2010.<\/td>\n<\/tr>\n<tr>\n<td>CHEVROLET PRISMA JOY OBD-BRD2 G-1,ECONO FLEX N14YF 1.4 L 8V SOHC L4 FLEX, 2009-2012.<\/td>\n<\/tr>\n<tr>\n<td>CHEVROLET MONTANA SPORT G-1,X14YFH X14YFH 1.4L 8V SOHC L4 FLEX, 2009-2010.<\/td>\n<\/tr>\n<tr>\n<td>CHEVROLET CORSA STD EFI ,SOHC EFI B16NZ 1.6L 8V SOHC L4 GASOLINA, 1995-1998.<\/td>\n<\/tr>\n<tr>\n<td>CHEVROLET CORSA SED\u00c1N GL ,SOHC MPFI B16NE 1.6 L 8V SOHC L4 GASOLINA, 1998-2000.<\/td>\n<\/tr>\n<tr>\n<td>CHEVROLET MONTANA SPORT G-1, ECONO. FLEX X14YFH 1.4L 8V SOHC L4 FLEX, 2009-2011.<\/td>\n<\/tr>\n<tr>\n<td>CHEVROLET CORSA WIND SUPER EFI ,SOHC EFI B10NZ 1.0 L 8V SOHC L4 GASOLINA, 1995-1996.<\/td>\n<\/tr>\n<tr>\n<td>CHEVROLET CELTA SPIRIT ,5N 5N 1.4 L 8V SOHC L4 GASOLINA, 2004-2008.<\/td>\n<\/tr>\n<tr>\n<td>CHEVROLET CORSA SPIRIT ,SOHC MPFI C10YE 1.0 L 8V SOHC L4 ETANOL, 2004-2007.<\/td>\n<\/tr>\n<tr>\n<td>CHEVROLET COBALT ADVANTAGE G-1,NLEV N14YF 1.4 L 8V SOHC L4 FLEX, 2013-2013.<\/td>\n<\/tr>\n<tr>\n<td>CHEVROLET AGILE LTZEASYTRONIC G-2,NLEV N14YF 1.4 L 8V SOHC L4 FLEX, 2013-2015.<\/td>\n<\/tr>\n<tr>\n<td>CHEVROLET CELTA LIFE ,5N 5N 1.4L 8V SOHC L4 GASOLINA, 2004-2009.<\/td>\n<\/tr>\n<tr>\n<td>CHEVROLET CORSA SED\u00c1N SUPER MPFI 8V, SOHC MPFI B16NE 1.6L 8V SOHC L4 GASOLINA, 2001-2005.<\/td>\n<\/tr>\n<tr>\n<td>CHEVROLET CORSA WAGON GLS 16V ,DOHC SFI BE 1.6 L 16V DOHC L4 GASOLINA, 1998-2006.<\/td>\n<\/tr>\n<tr>\n<td>CHEVROLET AGILE EFFECT G-2,NLEV N14YF 1.4 L 8V SOHC L4 FLEX, 2014-2015.<\/td>\n<\/tr>\n<tr>\n<td>CHEVROLET CORSA SED\u00c1N NUEVO PREMIUM ,VHC C10YEH 1.0 L 8V SOHC L4 GASOLINA, 2004-2007.<\/td>\n<\/tr>\n<tr>\n<td>CHEVROLET CORSA LIFE ,SOHC MPFI B16NE 1.6 L 8V SOHC L4 GASOLINA, 2004-2008.<\/td>\n<\/tr>\n<tr>\n<td>CHEVROLET CORSA SED\u00c1N VIENTO MPFI, SOHC MPFI C10YE 1.0 L 8V SOHC L4 ETANOL, 2000-2003.<\/td>\n<\/tr>\n<tr>\n<td>CHEVROLET CORSA WAGON GLS MPFI 16 V ,DOHC SFI BE 1.6 L 16V DOHC L4 GASOLINA, 1997-1997.<\/td>\n<\/tr>\n<tr>\n<td>CHEVROLET CORSA GL ,SOHC MPFI C16NE 1.6 L 8V SOHC L4 GASOLINA, 1996-2000.<\/td>\n<\/tr>\n<tr>\n<td>CHEVROLET CORSA HATCH NUEVO PREMIUM ,VHC C10YEH 1.0 L 8V SOHC L4 GASOLINA, 2004-2007.<\/td>\n<\/tr>\n<tr>\n<td>CHEVROLET COBALT LT FLEX G-2,NLEV N14YF 1.4 L 8V SOHC L4 FLEX, 2019-2021.<\/td>\n<\/tr>\n<tr>\n<td>CHEVROLET CLASSIC SUPER ,VHC X10YFH 1.0 L 8V SOHC L4 FLEX, 2007-2008.<\/td>\n<\/tr>\n<tr>\n<td>CHEVROLET CLASSIC SUPER ,VHC C10YEH 1.0 L 8V SOHC L4 GASOLINA, 2004-2006.<\/td>\n<\/tr>\n<tr>\n<td>CHEVROLET TIGRA COUPE 16 V ,DOHC SFI C16SEL 1.6 L 16V DOHC L4 GASOLINA, 1998-1999.<\/td>\n<\/tr>\n<tr>\n<td>CHEVROLET PRISMA LS ECONO. MCE2 G-1,NLEV N10YFH 1.0 L 8V SOHC L4 FLEX, 2011-2013.<\/td>\n<\/tr>\n<tr>\n<td>CHEVROLET CORSA SED\u00c1N NUEVO PREMIUM ,VHC X10YFH 1.0 L 8V SOHC L4 FLEX, 2005-2008.<\/td>\n<\/tr>\n<tr>\n<td>CHEVROLET COBALT LTZ FLEX G-2,NLEV N14YF 1.4 L 8V SOHC L4 FLEX, 2019-2021.<\/td>\n<\/tr>\n<tr>\n<td>CHEVROLET AGILE EFFECT EASYTRONIC G-2,NLEV N14YF 1.4 L 8V SOHC L4 FLEX, 2014-2015.<\/td>\n<\/tr>\n<tr>\n<td>CHEVROLET CORSA SED\u00c1N NUEVO PREMIUM ,NLEV N10YFH 1.0 L 8V SOHC L4 FLEX, 2010-2010.<\/td>\n<\/tr>\n<tr>\n<td>CHEVROLET CORSA SUPER ,SOHC MPFI B16NE 1.6 L 8V SOHC L4 GASOLINA, 2004-2007.<\/td>\n<\/tr>\n<tr>\n<td>CHEVROLET CORSA SUPER ,SOHC MPFI C10YE 1.0 L 8V SOHC L4 ETANOL, 2004-2006.<\/td>\n<\/tr>\n<tr>\n<td>CHEVROLET CORSA HATCH NUEVO PREMIUM ,VHC X10YFH 1.0 L 8V SOHC L4 FLEX, 2005-2008.<\/td>\n<\/tr>\n<tr>\n<td>CHEVROLET CORSA WIND MPFI, C10YE C10YE 1.0 L 8V SOHC L4 ETANOL, 2001-2005.<\/td>\n<\/tr>\n<tr>\n<td>CHEVROLET CORSA WIND MPFI, SOHC MPFI C10YE 1.0 L 8V SOHC L4 ETANOL, 2000-2001.<\/td>\n<\/tr>\n<tr>\n<td>CHEVROLET PRISMA JOY FLEXPOWER G-1,ECONO FLEX N14YF 1.4L 8V SOHC L4 FLEX, 2009-2010.<\/td>\n<\/tr>\n<tr>\n<td>CHEVROLET MONTANA COMBO G-1,X14YFH X14YFH 1.4L 8V SOHC L4 FLEX, 2007-2010.<\/td>\n<\/tr>\n<tr>\n<td>CHEVROLET CLASSIC SUPER ,VHC-E N10YFH 1.0 L 8V SOHC L4 FLEX, 2009-2010.<\/td>\n<\/tr>\n<tr>\n<td>CHEVROLET CLASSIC VHC ,VHC X10YFH 1.0 L 8V SOHC L4 FLEX, 2007-2007.<\/td>\n<\/tr>\n<tr>\n<td>CHEVROLET CORSA SUPER ,VHC X10YFH 1.0 L 8V SOHC L4 FLEX, 2007-2007.<\/td>\n<\/tr>\n<tr>\n<td>CHEVROLET CORSA GL ,VHC C10YEH 1.0 L 8V SOHC L4 GASOLINA, 2005-2005. F000AL0304 F000AL0304 F000AL0304<\/td>\n<\/tr>\n<\/tbody>\n<\/table>\n<p>&nbsp;<\/p>\n<div>ATENCI\u00d3N:<\/div>\n<div>Recomendamos que la instalaci\u00f3n la realice un profesional formado y especializado.<\/div>\n<div>S\u00f3lo compra este producto si est\u00e1s seguro de que es compatible con tu veh\u00edculo. Si tienes alguna duda, no dudes en ponerte en contacto con nosotros. Nuestro horario de apertura es de lunes a viernes de 8 a 18 h.<\/div>\n<div><\/div>\n<div>Sobre nosotros<\/div>\n<div>COM Automotive est\u00e1 especializada en piezas de autom\u00f3vil de dise\u00f1o original para el sector de la reparaci\u00f3n posventa, clientes industriales y fabricantes de veh\u00edculos especiales OEM.<\/div>\n<div>Nuestro equipo tiene m\u00e1s de 28 a\u00f1os de experiencia en la fabricaci\u00f3n y el suministro de piezas de automoci\u00f3n a escala mundial.<\/div>\n<div>Nuestra MISI\u00d3N es ofrecer productos de dise\u00f1o original con una calidad impecable y una sustituci\u00f3n personalizada.<\/div>\n<div>Nuestra VISI\u00d3N es promover el crecimiento y un valor inigualable para nuestros clientes.<\/div>\n","protected":false},"excerpt":{"rendered":"<p>F000AL0304-COM. En stock. Ref: T001002004, 9000981 | 9000981P, 93264950, 93288991, 93327205, F000AL0304, 438126, BD7E17, 455699, 455699, 455973, 455973, 9000981P, M3T19571, ZEN 31009, ZM 8020103, 8011501, EURO 20521, DITA 20170 &#8211; compatible con: CHEVROLET. Marca: COM Automotive &#8211; Producto con calidad y dise\u00f1o originales. Compatible con Bosch<\/p>\n","protected":false},"featured_media":19225,"comment_status":"open","ping_status":"closed","template":"","meta":[],"product_brand":[],"product_cat":[8119],"product_tag":[34020,20283,34019,14792,14793,14225,14797,14799,14801,34018,34017,20290,14805,14803,34022,14790,34021,14804,20300],"class_list":{"0":"post-15975","1":"product","2":"type-product","3":"status-publish","4":"has-post-thumbnail","6":"product_cat-motor-de-arranque","7":"product_tag-438126-es","8":"product_tag-455699-es","9":"product_tag-455973-es","10":"product_tag-9000981-es","11":"product_tag-9000981p-es","12":"product_tag-90543872-es","13":"product_tag-93264950-es","14":"product_tag-93288991-es","15":"product_tag-93327205-es","16":"product_tag-93374341-es","17":"product_tag-9364950-es","18":"product_tag-bd7e17-es","19":"product_tag-euro-20521-es","20":"product_tag-f000al0304-es","21":"product_tag-m3t19571-es","22":"product_tag-t001002004-es","23":"product_tag-tsc10-17-es","24":"product_tag-zen-31009-es","25":"product_tag-zm-8020103-es","27":"first","28":"instock","29":"taxable","30":"shipping-taxable","31":"purchasable","32":"product-type-simple"},"_links":{"self":[{"href":"https:\/\/com-automotive.com\/es\/wp-json\/wp\/v2\/product\/15975","targetHints":{"allow":["GET"]}}],"collection":[{"href":"https:\/\/com-automotive.com\/es\/wp-json\/wp\/v2\/product"}],"about":[{"href":"https:\/\/com-automotive.com\/es\/wp-json\/wp\/v2\/types\/product"}],"replies":[{"embeddable":true,"href":"https:\/\/com-automotive.com\/es\/wp-json\/wp\/v2\/comments?post=15975"}],"wp:featuredmedia":[{"embeddable":true,"href":"https:\/\/com-automotive.com\/es\/wp-json\/wp\/v2\/media\/19225"}],"wp:attachment":[{"href":"https:\/\/com-automotive.com\/es\/wp-json\/wp\/v2\/media?parent=15975"}],"wp:term":[{"taxonomy":"product_brand","embeddable":true,"href":"https:\/\/com-automotive.com\/es\/wp-json\/wp\/v2\/product_brand?post=15975"},{"taxonomy":"product_cat","embeddable":true,"href":"https:\/\/com-automotive.com\/es\/wp-json\/wp\/v2\/product_cat?post=15975"},{"taxonomy":"product_tag","embeddable":true,"href":"https:\/\/com-automotive.com\/es\/wp-json\/wp\/v2\/product_tag?post=15975"}],"curies":[{"name":"wp","href":"https:\/\/api.w.org\/{rel}","templated":true}]}}