{"id":15967,"date":"2023-12-28T18:28:08","date_gmt":"2023-12-28T21:28:08","guid":{"rendered":"https:\/\/com-automotive.com\/motor-limpiaparabrisas-de-12v-40w-4-vias-9390453041-ford-12000-14000-f4000f1000-2-5d\/"},"modified":"2023-12-28T18:28:08","modified_gmt":"2023-12-28T21:28:08","slug":"motor-limpiaparabrisas-de-12v-40w-4-vias-9390453041-ford-12000-14000-f4000f1000-2-5d","status":"publish","type":"product","link":"https:\/\/com-automotive.com\/es\/motor-limpiaparabrisas-de-12v-40w-4-vias-9390453041-ford-12000-14000-f4000f1000-2-5d\/","title":{"rendered":"Motor limpiaparabrisas de 12V 40W 4 v\u00edas 9390453041 Ford 12000 14000 F4000,F1000 2.5D<span class=\"product-sku\" style=\"display: block; font-size: 0.85em; color: #777; margin-top: 5px; margin-bottom: 5px;\">SKU: 9000.3041-COM<\/span>"},"content":{"rendered":"<h1><strong>COM-AUTOMOTIVE, calidad de dise\u00f1o original.<\/strong><\/h1>\n<h2>Preguntas m\u00e1s frecuentes<\/h2>\n<h3><strong>\u00bfCu\u00e1les son las referencias cruzadas?<\/strong><\/h3>\n<p>Euro 202041, Euro 202530, GE5041<\/p>\n<h2><strong>Tabla de aplicaci\u00f3n<\/strong><\/h2>\n<p>FORD: F1000 1992&gt;1998, F4000 1992&gt;1998,<\/p>\n<div><\/div>\n<div>ATENCI\u00d3N:<\/div>\n<div>Recomendamos que la instalaci\u00f3n de 0001192105 la realice un profesional formado y especializado.<\/div>\n<div>S\u00f3lo adquiera este producto en 0001192105 si est\u00e1 seguro de que es compatible con su veh\u00edculo. Si tiene alguna duda, no dude en ponerse en contacto con nosotros. Nuestro horario de apertura es de lunes a viernes de 8 a 18 h.<\/div>\n<div><\/div>\n<div>Sobre nosotros<\/div>\n<div>COM Automotive est\u00e1 especializada en piezas de autom\u00f3vil de dise\u00f1o original para el sector de la reparaci\u00f3n posventa, clientes industriales y fabricantes de veh\u00edculos especiales OEM.<\/div>\n<div>Nuestro equipo tiene m\u00e1s de 28 a\u00f1os de experiencia en la fabricaci\u00f3n y el suministro de piezas de automoci\u00f3n a escala mundial.<\/div>\n<div>Nuestra MISI\u00d3N es ofrecer productos de dise\u00f1o original con una calidad impecable y una sustituci\u00f3n personalizada.<\/div>\n<div>Nuestra VISI\u00d3N es promover el crecimiento y un valor inigualable para nuestros clientes.<\/div>\n","protected":false},"excerpt":{"rendered":"<p>9390453041-COM. En stock. Ref: 9390453041, Euro 202041, Euro 202530, GE5041 &#8211; compatible con: Ford. Marca: COM Automotive &#8211; Producto con calidad y dise\u00f1o originales. Compatible con Bosch<\/p>\n","protected":false},"featured_media":20754,"comment_status":"open","ping_status":"closed","template":"","meta":[],"product_brand":[],"product_cat":[8498],"product_tag":[14778,14779,14780,14781],"class_list":{"0":"post-15967","1":"product","2":"type-product","3":"status-publish","4":"has-post-thumbnail","6":"product_cat-motor-limpiador","7":"product_tag-9390453041-com-es","8":"product_tag-euro-202041-es","9":"product_tag-euro-202530-es","10":"product_tag-ge5041-es","12":"first","13":"instock","14":"taxable","15":"shipping-taxable","16":"purchasable","17":"product-type-simple"},"_links":{"self":[{"href":"https:\/\/com-automotive.com\/es\/wp-json\/wp\/v2\/product\/15967","targetHints":{"allow":["GET"]}}],"collection":[{"href":"https:\/\/com-automotive.com\/es\/wp-json\/wp\/v2\/product"}],"about":[{"href":"https:\/\/com-automotive.com\/es\/wp-json\/wp\/v2\/types\/product"}],"replies":[{"embeddable":true,"href":"https:\/\/com-automotive.com\/es\/wp-json\/wp\/v2\/comments?post=15967"}],"wp:featuredmedia":[{"embeddable":true,"href":"https:\/\/com-automotive.com\/es\/wp-json\/wp\/v2\/media\/20754"}],"wp:attachment":[{"href":"https:\/\/com-automotive.com\/es\/wp-json\/wp\/v2\/media?parent=15967"}],"wp:term":[{"taxonomy":"product_brand","embeddable":true,"href":"https:\/\/com-automotive.com\/es\/wp-json\/wp\/v2\/product_brand?post=15967"},{"taxonomy":"product_cat","embeddable":true,"href":"https:\/\/com-automotive.com\/es\/wp-json\/wp\/v2\/product_cat?post=15967"},{"taxonomy":"product_tag","embeddable":true,"href":"https:\/\/com-automotive.com\/es\/wp-json\/wp\/v2\/product_tag?post=15967"}],"curies":[{"name":"wp","href":"https:\/\/api.w.org\/{rel}","templated":true}]}}