{"id":15922,"date":"2023-11-15T20:24:38","date_gmt":"2023-11-15T23:24:38","guid":{"rendered":"https:\/\/com-automotive.com\/alternador-12v-90a-0124325063-0124225007-para-ford-f250-f350-mwm-ano9906\/"},"modified":"2023-11-15T20:24:38","modified_gmt":"2023-11-15T23:24:38","slug":"alternador-12v-90a-0124325063-0124225007-para-ford-f250-f350-mwm-ano9906","status":"publish","type":"product","link":"https:\/\/com-automotive.com\/es\/alternador-12v-90a-0124325063-0124225007-para-ford-f250-f350-mwm-ano9906\/","title":{"rendered":"Alternador 12V 90A 0124325063 0124225007 para Ford F250 F350 MWM a\u00f1o99&gt;06<span class=\"product-sku\" style=\"display: block; font-size: 0.85em; color: #777; margin-top: 5px; margin-bottom: 5px;\">SKU: 8000.5063-COM<\/span>"},"content":{"rendered":"<h1><strong>COM-AUTOMOTIVE, calidad de dise\u00f1o original.<\/strong><\/h1>\n<p>0124325063 Alternador de 12V 90Amp con Polea &#8211; Dise\u00f1o: BOSCH SEG &#8211; OEM: FORD<\/p>\n<h2>Preguntas m\u00e1s frecuentes<\/h2>\n<h3><strong>\u00bfCu\u00e1les son las referencias cruzadas?<\/strong><\/h3>\n<p>0124225007, 0124325063, 1C3510300BB, 1C3510300BA, 1C35BA, 1C3510300BA<\/p>\n<h2><strong>Tabla de aplicaci\u00f3n<\/strong><\/h2>\n<table width=\"1105\">\n<tbody>\n<tr>\n<td width=\"1105\">FORD F 250 SD XLT , MWM SPRINT EURO 2 6.07 TCA 4.2 L 18V DOHC L6 DIESEL, 1998-2006.<\/td>\n<\/tr>\n<tr>\n<td>FORD F 250 CS XLT 4X4 , CUMMINS 4 BTAA 16V 4 BTAA 3.9 L 16V DOHC L4 DIESEL, 2006-2012.<\/td>\n<\/tr>\n<tr>\n<td>FORD F 250 LD XL , MWM SPRINT EURO 2 6.07 TCA 4.2 L 18V DOHC L6 DIESEL, 1999-2006.<\/td>\n<\/tr>\n<tr>\n<td>FORD F 250 CD XLT 4X4 , CUMMINS 4 BTAA 16V 4 BTAA 3.9 L 16V DOHC L4 DIESEL, 2006-2012.<\/td>\n<\/tr>\n<tr>\n<td>FORD F 250 CC XLT , MWM SPRINT EURO 2 6.07 TCA 4.2 L 18V DOHC L6 DIESEL, 2002-2006.<\/td>\n<\/tr>\n<tr>\n<td>FORD F 250 RC XL , CUMMINS 4 BTAA 16V 4 BTAA 3.9 L 16V DOHC L4 DIESEL, 2006-2010.<\/td>\n<\/tr>\n<tr>\n<td>FORD F 250 LD XL , CUMMINS 4 BTAA 8V 4 BTAA 3.9 L 8V SOHC L4 DIESEL, 1999-2003.<\/td>\n<\/tr>\n<tr>\n<td>FORD F 250 XL 4.2 V6 , 4.2L OHV 4.2 L 12V OHV V6 GASOLINA, 1998-2003.<\/td>\n<\/tr>\n<tr>\n<td>FORD F 250 XL SUPER DUTY 4.2 V6 , 4.2L OHV EFI 4.2 L 12V OHV V6 GASOLINA, 1998-2000.<\/td>\n<\/tr>\n<tr>\n<td>FORD F 250 LD XLT , CUMMINS 4 BTAA 8V 4 BTAA 3.9 L 8V SOHC L4 DIESEL, 1999-1999.<\/td>\n<\/tr>\n<tr>\n<td>FORD F 250 XLT 4.2 V6 , 4.2L OHV 4.2 L 12V OHV V6 GASOLINA, 1998-2002.<\/td>\n<\/tr>\n<tr>\n<td>FORD F 250 CC XL , CUMMINS 4 BTAA 16V 4 BTAA 3.9 L 16V DOHC L4 DIESEL, 2006-2010<\/td>\n<\/tr>\n<tr>\n<td>FORD F 250 CC XL , MWM SPRINT EURO 2 6.07 TCA 4.2 L 18V DOHC L6 DIESEL, 2003-2006<\/td>\n<\/tr>\n<\/tbody>\n<\/table>\n<p>&nbsp;<\/p>\n<div>ATENCI\u00d3N:<\/div>\n<div>Recomendamos que la instalaci\u00f3n la realice un profesional formado y especializado.<\/div>\n<div>S\u00f3lo compra este producto si est\u00e1s seguro de que es compatible con tu veh\u00edculo. Si tienes alguna duda, no dudes en ponerte en contacto con nosotros. Nuestro horario de apertura es de lunes a viernes de 8 a 18 h.<\/div>\n<div><\/div>\n<div>Sobre nosotros<\/div>\n<div>COM Automotive est\u00e1 especializada en piezas de autom\u00f3vil de dise\u00f1o original para el sector de la reparaci\u00f3n posventa, clientes industriales y fabricantes de veh\u00edculos especiales OEM.<\/div>\n<div>Nuestro equipo tiene m\u00e1s de 28 a\u00f1os de experiencia en la fabricaci\u00f3n y el suministro de piezas de automoci\u00f3n a escala mundial.<\/div>\n<div>Nuestra MISI\u00d3N es ofrecer productos de dise\u00f1o original con una calidad impecable y una sustituci\u00f3n personalizada.<\/div>\n<div>Nuestra VISI\u00d3N es promover el crecimiento y un valor inigualable para nuestros clientes.<\/div>\n","protected":false},"excerpt":{"rendered":"<p>0124325063-COM. En stock. Ref: 0124225007, 0124325063, 1C3510300BB, 1C3510300BA, 1C35BA &#8211; compatible con: FORD. Marca: COM Automotive &#8211; Producto con calidad y dise\u00f1o originales. Compatible con Bosch<\/p>\n","protected":false},"featured_media":18816,"comment_status":"open","ping_status":"closed","template":"","meta":[],"product_brand":[],"product_cat":[8109],"product_tag":[14469,14471,14479,14475,14473,14477],"class_list":{"0":"post-15922","1":"product","2":"type-product","3":"status-publish","4":"has-post-thumbnail","6":"product_cat-alternador-es-2","7":"product_tag-0124225007-es","8":"product_tag-0124325063-es","9":"product_tag-0124325063-com-es","10":"product_tag-1c3510300ba-es","11":"product_tag-1c3510300bb-es","12":"product_tag-1c35ba-es","14":"first","15":"instock","16":"taxable","17":"shipping-taxable","18":"purchasable","19":"product-type-simple"},"_links":{"self":[{"href":"https:\/\/com-automotive.com\/es\/wp-json\/wp\/v2\/product\/15922","targetHints":{"allow":["GET"]}}],"collection":[{"href":"https:\/\/com-automotive.com\/es\/wp-json\/wp\/v2\/product"}],"about":[{"href":"https:\/\/com-automotive.com\/es\/wp-json\/wp\/v2\/types\/product"}],"replies":[{"embeddable":true,"href":"https:\/\/com-automotive.com\/es\/wp-json\/wp\/v2\/comments?post=15922"}],"wp:featuredmedia":[{"embeddable":true,"href":"https:\/\/com-automotive.com\/es\/wp-json\/wp\/v2\/media\/18816"}],"wp:attachment":[{"href":"https:\/\/com-automotive.com\/es\/wp-json\/wp\/v2\/media?parent=15922"}],"wp:term":[{"taxonomy":"product_brand","embeddable":true,"href":"https:\/\/com-automotive.com\/es\/wp-json\/wp\/v2\/product_brand?post=15922"},{"taxonomy":"product_cat","embeddable":true,"href":"https:\/\/com-automotive.com\/es\/wp-json\/wp\/v2\/product_cat?post=15922"},{"taxonomy":"product_tag","embeddable":true,"href":"https:\/\/com-automotive.com\/es\/wp-json\/wp\/v2\/product_tag?post=15922"}],"curies":[{"name":"wp","href":"https:\/\/api.w.org\/{rel}","templated":true}]}}