{"id":15919,"date":"2023-11-15T20:24:32","date_gmt":"2023-11-15T23:24:32","guid":{"rendered":"https:\/\/com-automotive.com\/alternador-8600017-71440388-de-24-v-y-70-a-para-caja-cummins-new-holland-jcb\/"},"modified":"2024-08-20T14:10:03","modified_gmt":"2024-08-20T17:10:03","slug":"alternador-8600017-71440388-de-24-v-y-70-a-para-caja-cummins-new-holland-jcb","status":"publish","type":"product","link":"https:\/\/com-automotive.com\/es\/alternador-8600017-71440388-de-24-v-y-70-a-para-caja-cummins-new-holland-jcb\/","title":{"rendered":"Alternador 8600017 71440388 de 24 V y 70 A para caja Cummins New Holland JCB<span class=\"product-sku\" style=\"display: block; font-size: 0.85em; color: #777; margin-top: 5px; margin-bottom: 5px;\">SKU: 8000.0017-COM<\/span>"},"content":{"rendered":"<h1><strong>COM-AUTOMOTIVE, calidad de dise\u00f1o original.<\/strong><\/h1>\n<p>Alternador 8600017 24V 70A sin polea &#8211; Dise\u00f1o: Delco Remy &#8211; OEM: JOHN DEERE JCB<\/p>\n<h2>Preguntas m\u00e1s frecuentes<\/h2>\n<h3><strong>\u00bfCu\u00e1les son las referencias cruzadas?<\/strong><\/h3>\n<p>T002000012, 8600017, 71440388, 3972735, 4936879, 4993343, 5282841, 333E5501, 71440473, 71440537, 8600017, 8600020, 8600154, 8600360, 8600407, 8600504, 8700019, ZEN 43004, T002.000.012<\/p>\n<h2><strong>Tabla de aplicaci\u00f3n<\/strong><\/h2>\n<table style=\"height: 203px;\" width=\"1219\">\n<tbody>\n<tr>\n<td width=\"1105\">JCB 414S , BTAA5.9C 5.9L DIESEL<\/td>\n<\/tr>\n<tr>\n<td>JCB 434S, CUMMINS QSB 6.7L DIESEL<\/td>\n<\/tr>\n<tr>\n<td>JCB 436E , BTAA 5.9C 5.9L DIESEL<\/td>\n<\/tr>\n<tr>\n<td>JOHN DEERE 7950 , CUMMINS QSK19 DIESE<\/td>\n<\/tr>\n<tr>\n<td>JOHN DEERE 7980 , CUMMINS 19.0L DIESE<\/td>\n<\/tr>\n<tr>\n<td>JOHN DEERE 8700 , CUMMINS QSK19 19L DIESEL<\/td>\n<\/tr>\n<tr>\n<td>JOHN DEERE 8800 , CUMMINS QSK19 19L DIESEL<\/td>\n<\/tr>\n<\/tbody>\n<\/table>\n<p>&nbsp;<\/p>\n<div>ATENCI\u00d3N:<\/div>\n<div>Recomendamos que la instalaci\u00f3n la realice un profesional formado y especializado.<\/div>\n<div>S\u00f3lo compra este producto si est\u00e1s seguro de que es compatible con tu veh\u00edculo. Si tienes alguna duda, no dudes en ponerte en contacto con nosotros. Nuestro horario de apertura es de lunes a viernes de 8 a 18 h.<\/div>\n<div><\/div>\n<div>Sobre nosotros<\/div>\n<div>COM Automotive est\u00e1 especializada en piezas de autom\u00f3vil de dise\u00f1o original para el sector de la reparaci\u00f3n posventa, clientes industriales y fabricantes de veh\u00edculos especiales OEM.<\/div>\n<div>Nuestro equipo tiene m\u00e1s de 28 a\u00f1os de experiencia en la fabricaci\u00f3n y el suministro de piezas de automoci\u00f3n a escala mundial.<\/div>\n<div>Nuestra MISI\u00d3N es ofrecer productos de dise\u00f1o original con una calidad impecable y una sustituci\u00f3n personalizada.<\/div>\n<div>Nuestra VISI\u00d3N es promover el crecimiento y un valor inigualable para nuestros clientes.<\/div>\n","protected":false},"excerpt":{"rendered":"<p>8600017-COM. En stock. Ref: T002000012, 8600017, 71440388, 3972735, 4936879, 4993343, 5282841, 333E5501, 71440473, 71440537, 8600017, 8600020, 8600154, 8600360, 8600407, 8600504, 8700019, ZEN 43004, DITA 10302 &#8211; compatible con: JOHN DEERE JCB. Marca: COM Automotive &#8211; Producto con calidad y dise\u00f1o originales. Compatible con Delco Remy<\/p>\n","protected":false},"featured_media":20412,"comment_status":"open","ping_status":"closed","template":"","meta":[],"product_brand":[],"product_cat":[8109],"product_tag":[14460,10847,10848,10857,10859,14458,14461,14462,10849,14466,10851,10861,10863,10865,10853,14464,10855,14456,10866],"class_list":{"0":"post-15919","1":"product","2":"type-product","3":"status-publish","4":"has-post-thumbnail","6":"product_cat-alternador-es-2","7":"product_tag-333e5501-es","8":"product_tag-3972735-es","9":"product_tag-4936879-es","10":"product_tag-4993343-es","11":"product_tag-5282841-es","12":"product_tag-71440388-es","13":"product_tag-71440473-es","14":"product_tag-71440537-es","15":"product_tag-8600017-es","16":"product_tag-8600017-com-es","17":"product_tag-8600020-es","18":"product_tag-8600154-es","19":"product_tag-8600360-es","20":"product_tag-8600407-es","21":"product_tag-8600504-es","22":"product_tag-8700019-es","23":"product_tag-8el015643471-es","24":"product_tag-t002000012-es","25":"product_tag-zen-43004-es","27":"first","28":"instock","29":"taxable","30":"shipping-taxable","31":"purchasable","32":"product-type-simple"},"_links":{"self":[{"href":"https:\/\/com-automotive.com\/es\/wp-json\/wp\/v2\/product\/15919","targetHints":{"allow":["GET"]}}],"collection":[{"href":"https:\/\/com-automotive.com\/es\/wp-json\/wp\/v2\/product"}],"about":[{"href":"https:\/\/com-automotive.com\/es\/wp-json\/wp\/v2\/types\/product"}],"replies":[{"embeddable":true,"href":"https:\/\/com-automotive.com\/es\/wp-json\/wp\/v2\/comments?post=15919"}],"wp:featuredmedia":[{"embeddable":true,"href":"https:\/\/com-automotive.com\/es\/wp-json\/wp\/v2\/media\/20412"}],"wp:attachment":[{"href":"https:\/\/com-automotive.com\/es\/wp-json\/wp\/v2\/media?parent=15919"}],"wp:term":[{"taxonomy":"product_brand","embeddable":true,"href":"https:\/\/com-automotive.com\/es\/wp-json\/wp\/v2\/product_brand?post=15919"},{"taxonomy":"product_cat","embeddable":true,"href":"https:\/\/com-automotive.com\/es\/wp-json\/wp\/v2\/product_cat?post=15919"},{"taxonomy":"product_tag","embeddable":true,"href":"https:\/\/com-automotive.com\/es\/wp-json\/wp\/v2\/product_tag?post=15919"}],"curies":[{"name":"wp","href":"https:\/\/api.w.org\/{rel}","templated":true}]}}