{"id":15917,"date":"2023-11-15T20:24:30","date_gmt":"2023-11-15T23:24:30","guid":{"rendered":"https:\/\/com-automotive.com\/alternador-24v-120a-8pk-0124655598-2v5903015b-para-man-tgx-tgl-tgm-2011\/"},"modified":"2023-11-15T20:24:30","modified_gmt":"2023-11-15T23:24:30","slug":"alternador-24v-120a-8pk-0124655598-2v5903015b-para-man-tgx-tgl-tgm-2011","status":"publish","type":"product","link":"https:\/\/com-automotive.com\/es\/alternador-24v-120a-8pk-0124655598-2v5903015b-para-man-tgx-tgl-tgm-2011\/","title":{"rendered":"Alternador 24V 120A 8PK 0124655598 2V5903015B para MAN TGX TGL TGM 2011&gt;<span class=\"product-sku\" style=\"display: block; font-size: 0.85em; color: #777; margin-top: 5px; margin-bottom: 5px;\">SKU: 8000.0598-COM<\/span>"},"content":{"rendered":"<h1><strong>COM-AUTOMOTIVE, calidad de dise\u00f1o original.<\/strong><\/h1>\n<p>Alternador 0124655598 de 24 V y 120 amperios con polea &#8211; Dise\u00f1o: BOSCH SEG &#8211; OEM: VOLKWAGEN MAN<\/p>\n<h2>Preguntas m\u00e1s frecuentes<\/h2>\n<h3><strong>\u00bfCu\u00e1les son las referencias cruzadas?<\/strong><\/h3>\n<p>0124655597, 0124655598, 2V5903015B, 2V5903015B<\/p>\n<h2><strong>Tabla de aplicaci\u00f3n<\/strong><\/h2>\n<p>MAN TGX 28-440 XL , MAN D26 76 440 D26 76 440 12,4 L 24V DOHC L6 DIESEL, 2013-2023.<br \/>\nMAN TGX 29-480 XL , MAN D26 76 480 D26 76 480 12,4 L 24V DOHC L6 DIESEL, 2016-2023.<br \/>\nMAN TGX 33-440 , MAN D26 76 440 D26 76 440 12,4 L 24V DOHC L6 DIESEL, 2012-2015.<br \/>\nMAN TGX 28-440 XLX , MAN D26 76 440 D26 76 440 12,4 L 24V DOHC L6 DIESEL, 2013-2019.<br \/>\nMAN TGX 29-480 XLX , MAN D26 76 480 D26 76 480 12.4 L 24V DOHC L6 DIESEL, 2016-2019.<br \/>\nMAN TGX 29-440 XL , MAN D26 76 440 D26 76 440 12,4 L 24V DOHC L6 DIESEL, 2012-2020.<br \/>\nMAN TGX 29-440 XLX , MAN D26 76 440 D26 76 440 12,4 L 24V DOHC L6 DIESEL, 2011-2018.<\/p>\n<p>&nbsp;<\/p>\n<div>ATENCI\u00d3N:<\/div>\n<div>Recomendamos que la instalaci\u00f3n la realice un profesional formado y especializado.<\/div>\n<div>S\u00f3lo compra este producto si est\u00e1s seguro de que es compatible con tu veh\u00edculo. Si tienes alguna duda, no dudes en ponerte en contacto con nosotros. Nuestro horario de apertura es de lunes a viernes de 8 a 18 h.<\/div>\n<div><\/div>\n<div>Sobre nosotros<\/div>\n<div>COM Automotive est\u00e1 especializada en piezas de autom\u00f3vil de dise\u00f1o original para el sector de la reparaci\u00f3n posventa, clientes industriales y fabricantes de veh\u00edculos especiales OEM.<\/div>\n<div>Nuestro equipo tiene m\u00e1s de 28 a\u00f1os de experiencia en la fabricaci\u00f3n y el suministro de piezas de automoci\u00f3n a escala mundial.<\/div>\n<div>Nuestra MISI\u00d3N es ofrecer productos de dise\u00f1o original con una calidad impecable y una sustituci\u00f3n personalizada.<\/div>\n<div>Nuestra VISI\u00d3N es promover el crecimiento y un valor inigualable para nuestros clientes.<\/div>\n","protected":false},"excerpt":{"rendered":"<p>0124655598-COM. En stock. Ref: 0124655597, 0124655598, 2V5903015B &#8211; compatible con: VOLKWAGEN MAN. Marca: COM Automotive &#8211; Producto con calidad y dise\u00f1o originales. Compatible con Bosch<\/p>\n","protected":false},"featured_media":20409,"comment_status":"open","ping_status":"closed","template":"","meta":[],"product_brand":[],"product_cat":[8109],"product_tag":[14444,14447,14451,14449],"class_list":{"0":"post-15917","1":"product","2":"type-product","3":"status-publish","4":"has-post-thumbnail","6":"product_cat-alternador-es-2","7":"product_tag-0124655597-es","8":"product_tag-0124655598-es","9":"product_tag-0124655598-com-es","10":"product_tag-2v5903015b-es","12":"first","13":"instock","14":"taxable","15":"shipping-taxable","16":"purchasable","17":"product-type-simple"},"_links":{"self":[{"href":"https:\/\/com-automotive.com\/es\/wp-json\/wp\/v2\/product\/15917","targetHints":{"allow":["GET"]}}],"collection":[{"href":"https:\/\/com-automotive.com\/es\/wp-json\/wp\/v2\/product"}],"about":[{"href":"https:\/\/com-automotive.com\/es\/wp-json\/wp\/v2\/types\/product"}],"replies":[{"embeddable":true,"href":"https:\/\/com-automotive.com\/es\/wp-json\/wp\/v2\/comments?post=15917"}],"wp:featuredmedia":[{"embeddable":true,"href":"https:\/\/com-automotive.com\/es\/wp-json\/wp\/v2\/media\/20409"}],"wp:attachment":[{"href":"https:\/\/com-automotive.com\/es\/wp-json\/wp\/v2\/media?parent=15917"}],"wp:term":[{"taxonomy":"product_brand","embeddable":true,"href":"https:\/\/com-automotive.com\/es\/wp-json\/wp\/v2\/product_brand?post=15917"},{"taxonomy":"product_cat","embeddable":true,"href":"https:\/\/com-automotive.com\/es\/wp-json\/wp\/v2\/product_cat?post=15917"},{"taxonomy":"product_tag","embeddable":true,"href":"https:\/\/com-automotive.com\/es\/wp-json\/wp\/v2\/product_tag?post=15917"}],"curies":[{"name":"wp","href":"https:\/\/api.w.org\/{rel}","templated":true}]}}