{"id":15915,"date":"2023-11-15T20:23:38","date_gmt":"2023-11-15T23:23:38","guid":{"rendered":"https:\/\/com-automotive.com\/alternador-12v-120a-f000bl0658-f000bl06d9-51848612-para-palio-punto-siena-strada-idea-c-ar\/"},"modified":"2024-06-02T15:56:30","modified_gmt":"2024-06-02T18:56:30","slug":"alternador-12v-120a-f000bl0658-f000bl06d9-51848612-para-palio-punto-siena-strada-idea-c-ar","status":"publish","type":"product","link":"https:\/\/com-automotive.com\/es\/alternador-12v-120a-f000bl0658-f000bl06d9-51848612-para-palio-punto-siena-strada-idea-c-ar\/","title":{"rendered":"Alternador 12V 120A F000BL0658 F000BL06D9 51848612 para Palio Punto Siena Strada Idea C\/Ar<span class=\"product-sku\" style=\"display: block; font-size: 0.85em; color: #777; margin-top: 5px; margin-bottom: 5px;\">SKU: 8000.0658-COM<\/span>"},"content":{"rendered":"<h1><strong>COM-AUTOMOTIVE, calidad de dise\u00f1o original.<\/strong><\/h1>\n<p>F000BL0658 Alternador de 12V 120Amp con Polea &#8211; Dise\u00f1o: BOSCH SEG &#8211; OEM: FIAT<\/p>\n<h2>Preguntas m\u00e1s frecuentes<\/h2>\n<h3><strong>\u00bfCu\u00e1les son las referencias cruzadas?<\/strong><\/h3>\n<p>F000BL06D9, F000BL0658, 51848612, 518486120, F000. BL0.6D9, F000. BL.0658<\/p>\n<h2><strong>Tabla de aplicaci\u00f3n<\/strong><\/h2>\n<table width=\"782\">\n<tbody>\n<tr>\n<td width=\"782\">FIAT STRADA CS RST II FLEX CON AIRE ACONDICIONADO, FIRE 178 F 3011 1.4 L 8V SOHC L4 FLEX, 2006-2012.<\/td>\n<\/tr>\n<tr>\n<td>FIAT STRADA CS HARD WORKING G-5, FUEGO 310 A 2011 1.4 L 8V SOHC L4 FLEX, 2016-2023.<\/td>\n<\/tr>\n<tr>\n<td>FIAT STRADA CS EN FUNCIONAMIENTO , FUEGO 310 A 2011 1.4 L 8V SOHC L4 FLEX, 2013-2015.<\/td>\n<\/tr>\n<tr>\n<td>FIAT GRAND SIENA ATRACTIVE , FIRE EVO 310 A 2011 1.4 L 8V SOHC L4 FLEX, 2012-2016.<\/td>\n<\/tr>\n<tr>\n<td>FIAT PUNTO ATRACTIVE G-1, FIRE 310 A 2011 1.4 L 8V SOHC L4 FLEX, 2010-2015.<\/td>\n<\/tr>\n<tr>\n<td>FIAT STRADA CD FUNCIONAMIENTO 3 PUERTAS , FUEGO 310 A 2011 1.4 L 8V SOHC L4 FLEX, 2013-2019.<\/td>\n<\/tr>\n<tr>\n<td>FIAT IDEA ELX FLEX , FIRE 178 F 3011 1.4 L 8V SOHC L4 FLEX, 2005-2011.<\/td>\n<\/tr>\n<tr>\n<td>FIAT SIENA EL , FIRE EVO 310 A 2011 1.4 L 8V SOHC L4 FLEX, 2012-2019.<\/td>\n<\/tr>\n<tr>\n<td>FIAT STRADA CD FUNCIONANDO , FUEGO 310 A 2011 1.4 L 8V SOHC L4 FLEX, 2010-2013.<\/td>\n<\/tr>\n<tr>\n<td>FIAT PUNTO ELX G-1, FIRE 310 A 2011 1.4 L 8V SOHC L4 FLEX, 2007-2019.<\/td>\n<\/tr>\n<tr>\n<td>FIAT SIENA ELX RST II FLEX , FUEGO 178 F 3011 1.4 L 8V SOHC L4 FLEX, 2005-2010.<\/td>\n<\/tr>\n<tr>\n<td>FIAT STRADA CE RST II FLEX , FUEGO 178 F 3011 1.4 L 8V SOHC L4 FLEX, 2005-2011.<\/td>\n<\/tr>\n<tr>\n<td>FIAT STRADA CE EN FUNCIONAMIENTO , FUEGO 310 A 2011 1.4 L 8V SOHC L4 FLEX, 2010-2019.<\/td>\n<\/tr>\n<tr>\n<td>FIAT PALIO ELX RST III G-2, FUEGO 178 F 3011 1.4 L 8V SOHC L4 FLEX, 2007-2008.<\/td>\n<\/tr>\n<tr>\n<td>FIAT IDEA ATRACTIVE , FUEGO 178 F 3011 1.4 L 8V SOHC L4 FLEX, 2010-2019.<\/td>\n<\/tr>\n<tr>\n<td>FIAT STRADA CD HARD WORKING G-5, FUEGO 310 A 2011 1.4 L 8V SOHC L4 FLEX, 2016-2023.<\/td>\n<\/tr>\n<tr>\n<td>FIAT STRADA CE HARD WORKING G-5, FUEGO 310 A 2011 1.4 L 8V SOHC L4 FLEX, 2016-2023.<\/td>\n<\/tr>\n<tr>\n<td>FIAT PALIO ELX RST III G-3, FIRE 310 A 2011 1.4 L 8V SOHC L4 FLEX, 2009-2019.<\/td>\n<\/tr>\n<tr>\n<td>FIAT GRAND SIENA TETRAFUEL , FIRE EVO 310 A 2011 1.4 L 8V SOHC L4 FLEX\/GNV, 2012-2016.<\/td>\n<\/tr>\n<tr>\n<td>FIAT STRADA CS TRABAJANDO FLEX , FIRE 310 A 2011 1.4 L 8V SOHC L4 FLEX, 2010-2013.<\/td>\n<\/tr>\n<tr>\n<td>FIAT STRADA CE TREK RST III , FIRE 310 A 2011 1.4 L 8V SOHC L4 FLEX, 2008-2012.<\/td>\n<\/tr>\n<tr>\n<td>FIAT STRADA CS TRABAJANDO G-5, FUEGO 310 A 2011 1.4 L 8V SOHC L4 FLEX, 2016-2023.<\/td>\n<\/tr>\n<tr>\n<td>FIAT SIENA ELX TETRAFUEL , FIRE FIRE 1.4 L 8V SOHC L4 FLEX\/GNV, 2006-2012.<\/td>\n<\/tr>\n<tr>\n<td>FIAT PALIO ELX RST II G-2, FUEGO 178 F 3011 1.4 L 8V SOHC L4 FLEX, 2005-2008.<\/td>\n<\/tr>\n<tr>\n<td>FIAT PALIO WEEKEND ELX RST III , FIRE 310 A 2011 1.4 L 8V SOHC L4 FLEX, 2008-2010.<\/td>\n<\/tr>\n<tr>\n<td>FIAT PALIO WEEKEND ATRACTIVE , FUEGO 310 A 2011 1.4 L 8V SOHC L4 FLEX, 2010-2016.<\/td>\n<\/tr>\n<tr>\n<td>FIAT PALIO WEEKEND TREKKING RST III , FUEGO 310 A 2011 1.4 L 8V SOHC L4 FLEX, 2008-2010.<\/td>\n<\/tr>\n<tr>\n<td>FIAT PALIO FIN DE SEMANA ELX FLEX , FIRE 178 F 3011 1.4 L 8V SOHC L4 FLEX, 2005-2008.<\/td>\n<\/tr>\n<tr>\n<td>FIAT STRADA CS WORKING PLUS G-5, FIRE 310 A 2011 1.4 L 8V SOHC L4 FLEX, 2016-2019.<\/td>\n<\/tr>\n<tr>\n<td>FIAT STRADA CE TREK FLEX RST II , FUEGO 178 F 3011 1.4 L 8V SOHC L4 FLEX, 2005-2008.<\/td>\n<\/tr>\n<tr>\n<td>FIAT STRADA TREK RST III , FIRE 310 A 2011 1.4 L 8V SOHC L4 FLEX, 2008-2023.<\/td>\n<\/tr>\n<tr>\n<td>FIAT DOBLO CARGO , FIRE 310 A 2011 1.4 L 8V SOHC L4 FLEX, 2009-2015.<\/td>\n<\/tr>\n<tr>\n<td>FIAT STRADA CS RST FLEX , FUEGO 178 F 3011 1.4 L 8V SOHC L4 FLEX, 2005-2006.<\/td>\n<\/tr>\n<tr>\n<td>FIAT PALIO ATRACTIVE G-3, FIRE 310 A 2011 1.4 L 8V SOHC L4 FLEX, 2010-2012.<\/td>\n<\/tr>\n<tr>\n<td>FIAT PUNTO FIRE FLEX G-1, FIRE 310 A 2011 1.4 L 8V SOHC L4 FLEX, 2007-2011.<\/td>\n<\/tr>\n<tr>\n<td>FIAT SIENA EL , FIRE 310 A 2011 1.4 L 8V SOHC L4 FLEX, 2010-2012.<\/td>\n<\/tr>\n<tr>\n<td>FIAT STRADA CE RST FLEX , FIRE 178 F 3011 1.4 L 8V SOHC L4 FLEX, 2005-2009.<\/td>\n<\/tr>\n<tr>\n<td>FIAT STRADA TREK FLEX RST , FUEGO 178 F 3011 1.4 L 8V SOHC L4 FLEX, 2005-2008.<\/td>\n<\/tr>\n<tr>\n<td>FIAT STRADA CS TRABAJO DURO , FUEGO 310 A 2011 1.4 L 8V SOHC L4 FLEX, 2014-2015.<\/td>\n<\/tr>\n<tr>\n<td>FIAT STRADA CD TRABAJO DURO , FUEGO 310 A 2011 1.4 L 8V SOHC L4 FLEX, 2014-2015.<\/td>\n<\/tr>\n<tr>\n<td>FIAT PUNTO ITALIA G-2, FIRE EVO 310 A 2011 1.4 L 8V SOHC L4 FLEX, 2014-2017.<\/td>\n<\/tr>\n<tr>\n<td>FIAT DOBLO ATRACTIVE FLEX III , FIRE 310 A 2011 1.4 L 8V SOHC L4 FLEX, 2011-2012.<\/td>\n<\/tr>\n<tr>\n<td>FIAT PALIO FIN DE SEMANA ATRACTIVO , FUEGO 310 A 2011 1.4 L 8V SOHC L4 FLEX, 2016-2020.<\/td>\n<\/tr>\n<tr>\n<td>FIAT DOBLO ATRACTIVE , FUEGO 310 A 2011 1.4 L 8V SOHC L4 FLEX, 2013-2015.<\/td>\n<\/tr>\n<tr>\n<td>FIAT STRADA CE TRABAJO DURO , FUEGO 310 A 2011 1.4 L 8V SOHC L4 FLEX, 2014-2015.<\/td>\n<\/tr>\n<tr>\n<td>FIAT DOBLO ELX , FIRE 310 A 2011 1.4 L 8V SOHC L4 FLEX, 2009-2011.<\/td>\n<\/tr>\n<tr>\n<td>FIAT SIENA ATRACTIVE , FUEGO 310 A 2011 1.4 L 8V SOHC L4 FLEX, 2010-2011.<\/td>\n<\/tr>\n<tr>\n<td>FIAT DOBLO CARGO G-2, FIRE 310 A 2011 1.4 L 8V SOHC L4 FLEX, 2014-2015.<\/td>\n<\/tr>\n<tr>\n<td>FIAT SIENA ELX RST III FLEX , FIRE 310 A 2011 1.4 L 8V SOHC L4 FLEX, 2008-2008.<\/td>\n<\/tr>\n<tr>\n<td>FIAT DOBLO EX , FIRE 310 A 2011 1.4 L 8V SOHC L4 FLEX, 2009-2011.<\/td>\n<\/tr>\n<tr>\n<td>FIAT PALIO FIN DE SEMANA ELX FLEX , FIRE 310 A 2011 1.4 L 8V SOHC L4 FLEX, 2009-2010. F000BL0658 F000BL0658 F000BL0658 F000BL0658 F000BL0658<\/td>\n<\/tr>\n<\/tbody>\n<\/table>\n<p>&nbsp;<\/p>\n<div>ATENCI\u00d3N:<\/div>\n<div>Recomendamos que la instalaci\u00f3n la realice un profesional formado y especializado.<\/div>\n<div>S\u00f3lo compra este producto si est\u00e1s seguro de que es compatible con tu veh\u00edculo. Si tienes alguna duda, no dudes en ponerte en contacto con nosotros. Nuestro horario de apertura es de lunes a viernes de 8 a 18 h.<\/div>\n<div><\/div>\n<div>Sobre nosotros<\/div>\n<div>COM Automotive est\u00e1 especializada en piezas de autom\u00f3vil de dise\u00f1o original para el sector de la reparaci\u00f3n posventa, clientes industriales y fabricantes de veh\u00edculos especiales OEM.<\/div>\n<div>Nuestro equipo tiene m\u00e1s de 28 a\u00f1os de experiencia en la fabricaci\u00f3n y el suministro de piezas de automoci\u00f3n a escala mundial.<\/div>\n<div>Nuestra MISI\u00d3N es ofrecer productos de dise\u00f1o original con una calidad impecable y una sustituci\u00f3n personalizada.<\/div>\n<div>Nuestra VISI\u00d3N es promover el crecimiento y un valor inigualable para nuestros clientes.<\/div>\n","protected":false},"excerpt":{"rendered":"<p>F000BL0658-COM. En stock. Ref: F000BL06D9, F000BL0658, 51848612, 518486120, 0124325048 &#8211; compatible con: FIAT. Marca: COM Automotive &#8211; Producto con calidad y dise\u00f1o originales. Compatible con Bosch<\/p>\n","protected":false},"featured_media":20406,"comment_status":"open","ping_status":"closed","template":"","meta":[],"product_brand":[],"product_cat":[8109],"product_tag":[14487,14438,14439,14437,14440,14436],"class_list":{"0":"post-15915","1":"product","2":"type-product","3":"status-publish","4":"has-post-thumbnail","6":"product_cat-alternador-es-2","7":"product_tag-0124325048-es","8":"product_tag-51848612-es","9":"product_tag-518486120-es","10":"product_tag-f000bl0658-es","11":"product_tag-f000bl0658-com-es","12":"product_tag-f000bl06d9-es","14":"first","15":"instock","16":"taxable","17":"shipping-taxable","18":"purchasable","19":"product-type-simple"},"_links":{"self":[{"href":"https:\/\/com-automotive.com\/es\/wp-json\/wp\/v2\/product\/15915","targetHints":{"allow":["GET"]}}],"collection":[{"href":"https:\/\/com-automotive.com\/es\/wp-json\/wp\/v2\/product"}],"about":[{"href":"https:\/\/com-automotive.com\/es\/wp-json\/wp\/v2\/types\/product"}],"replies":[{"embeddable":true,"href":"https:\/\/com-automotive.com\/es\/wp-json\/wp\/v2\/comments?post=15915"}],"wp:featuredmedia":[{"embeddable":true,"href":"https:\/\/com-automotive.com\/es\/wp-json\/wp\/v2\/media\/20406"}],"wp:attachment":[{"href":"https:\/\/com-automotive.com\/es\/wp-json\/wp\/v2\/media?parent=15915"}],"wp:term":[{"taxonomy":"product_brand","embeddable":true,"href":"https:\/\/com-automotive.com\/es\/wp-json\/wp\/v2\/product_brand?post=15915"},{"taxonomy":"product_cat","embeddable":true,"href":"https:\/\/com-automotive.com\/es\/wp-json\/wp\/v2\/product_cat?post=15915"},{"taxonomy":"product_tag","embeddable":true,"href":"https:\/\/com-automotive.com\/es\/wp-json\/wp\/v2\/product_tag?post=15915"}],"curies":[{"name":"wp","href":"https:\/\/api.w.org\/{rel}","templated":true}]}}