{"id":15914,"date":"2023-11-06T09:12:52","date_gmt":"2023-11-06T12:12:52","guid":{"rendered":"https:\/\/com-automotive.com\/motor-de-arranque-de-4280008760-re551445-12v-13d-para-jdeere-6110-6100-6125-6115\/"},"modified":"2023-11-06T09:12:52","modified_gmt":"2023-11-06T12:12:52","slug":"motor-de-arranque-de-4280008760-re551445-12v-13d-para-jdeere-6110-6100-6125-6115","status":"publish","type":"product","link":"https:\/\/com-automotive.com\/es\/motor-de-arranque-de-4280008760-re551445-12v-13d-para-jdeere-6110-6100-6125-6115\/","title":{"rendered":"Motor de arranque de 4280008760 RE551445 12V 13D para JDeere 6110 6100 6125 6115<span class=\"product-sku\" style=\"display: block; font-size: 0.85em; color: #777; margin-top: 5px; margin-bottom: 5px;\">SKU: 6000.8760-COM<\/span>"},"content":{"rendered":"<h1><strong>COM-AUTOMOTIVE, calidad de dise\u00f1o original.<\/strong><\/h1>\n<p>Motor de arranque John Deere 4280008760 428000-8760 Denso RE531501 RE551445 RE516157 tipo DENSO<\/p>\n<h2>Preguntas m\u00e1s frecuentes<\/h2>\n<h3><strong>\u00bfCu\u00e1les son las referencias cruzadas?<\/strong><\/h3>\n<p>4280008760, 428000-8760, 428000-8761, 4280008761, 428000-8762, 4280008762, 428000-8763, 4280008763, 428000-8764, DSN2094, John Deere, RE531501, RE551445, RE516157<\/p>\n<h2><strong>Tabla de aplicaci\u00f3n<\/strong><\/h2>\n<p>JOHN DEERE AGR\u00cdCOLA 2007 &#8211; UP , JOHN DEERE INDUSTRIAL, 250 61HP, 260 69HP, 5310, 5310N, 5410, 5410N, 5420 4.5L DIESEL, 5510, 5520 4.5L DIESEL, 5615, 5715, 5078 4.5, 5085 4.5, 5090 4.5, SULLAIR GRUPOS ELECTR\u00d3GENOS 250, 6110, 6100, 6125, 6115, 4045 Tractores de motor electr\u00f3nico<\/p>\n<div id=\"text-2405942194\" class=\"text\">\n<h2>&#8212;<\/h2>\n<h2>Sobre nosotros<\/h2>\n<\/div>\n<div id=\"text-1596002150\" class=\"text\">\n<p><strong>COM Automotive<\/strong> \u00e9s especializada en auto partes con dise\u00f1o original para el sector de la reparaci\u00f3n posventa, clientes industriales y fabricantes de veh\u00edculos especiales OEM.<\/p>\n<p>Nuestro equipo tiene <strong>m\u00e1s de 28 a\u00f1os de experiencia<\/strong> en la fabricaci\u00f3n y el suministro de piezas de automoci\u00f3n a escala mundial.<\/p>\n<p>Nuestra <strong>MISI\u00d3N <\/strong> es ofrecer productos de dise\u00f1o original con una calidad impecable y una sustituci\u00f3n personalizada.<\/p>\n<p>Nuestra <strong>VISI\u00d3N<\/strong> es promover el crecimiento y un valor inigualable para nuestros clientes.<\/p>\n<\/div>\n","protected":false},"excerpt":{"rendered":"<p>4280008760-COM. En stock. Ref: 4280008760, 4280008760, RE531501, RE551445, RE516157 &#8211; compatible con: JOHN DEERE. Marca: COM Automotive &#8211; Producto con calidad y dise\u00f1o originales. Compatible con Denso<\/p>\n","protected":false},"featured_media":20531,"comment_status":"open","ping_status":"closed","template":"","meta":[],"product_brand":[],"product_cat":[8119],"product_tag":[14418,14074,14434,14435],"class_list":{"0":"post-15914","1":"product","2":"type-product","3":"status-publish","4":"has-post-thumbnail","6":"product_cat-motor-de-arranque","7":"product_tag-4280008760-es","8":"product_tag-re516157-es","9":"product_tag-re531501-es","10":"product_tag-re551445-es","12":"first","13":"instock","14":"taxable","15":"shipping-taxable","16":"purchasable","17":"product-type-simple"},"_links":{"self":[{"href":"https:\/\/com-automotive.com\/es\/wp-json\/wp\/v2\/product\/15914","targetHints":{"allow":["GET"]}}],"collection":[{"href":"https:\/\/com-automotive.com\/es\/wp-json\/wp\/v2\/product"}],"about":[{"href":"https:\/\/com-automotive.com\/es\/wp-json\/wp\/v2\/types\/product"}],"replies":[{"embeddable":true,"href":"https:\/\/com-automotive.com\/es\/wp-json\/wp\/v2\/comments?post=15914"}],"wp:featuredmedia":[{"embeddable":true,"href":"https:\/\/com-automotive.com\/es\/wp-json\/wp\/v2\/media\/20531"}],"wp:attachment":[{"href":"https:\/\/com-automotive.com\/es\/wp-json\/wp\/v2\/media?parent=15914"}],"wp:term":[{"taxonomy":"product_brand","embeddable":true,"href":"https:\/\/com-automotive.com\/es\/wp-json\/wp\/v2\/product_brand?post=15914"},{"taxonomy":"product_cat","embeddable":true,"href":"https:\/\/com-automotive.com\/es\/wp-json\/wp\/v2\/product_cat?post=15914"},{"taxonomy":"product_tag","embeddable":true,"href":"https:\/\/com-automotive.com\/es\/wp-json\/wp\/v2\/product_tag?post=15914"}],"curies":[{"name":"wp","href":"https:\/\/api.w.org\/{rel}","templated":true}]}}