{"id":15913,"date":"2023-11-15T20:24:25","date_gmt":"2023-11-15T23:24:25","guid":{"rendered":"https:\/\/com-automotive.com\/alternador-12v-150a-f000bl07p3-f000bl07p2-51993773-para-toro-renagade-1-8-flex-16\/"},"modified":"2023-11-15T20:24:25","modified_gmt":"2023-11-15T23:24:25","slug":"alternador-12v-150a-f000bl07p3-f000bl07p2-51993773-para-toro-renagade-1-8-flex-16","status":"publish","type":"product","link":"https:\/\/com-automotive.com\/es\/alternador-12v-150a-f000bl07p3-f000bl07p2-51993773-para-toro-renagade-1-8-flex-16\/","title":{"rendered":"Alternador 12V 150A F000BL07P3 F000BL07P2 51993773 para Toro Renagade 1.8 Flex 16&gt;<span class=\"product-sku\" style=\"display: block; font-size: 0.85em; color: #777; margin-top: 5px; margin-bottom: 5px;\">SKU: 8000.3773-COM<\/span>"},"content":{"rendered":"<h1><strong>COM-AUTOMOTIVE, calidad de dise\u00f1o original.<\/strong><\/h1>\n<p>Alternador F000BL07P3 de 12 V y 150 amperios con polea &#8211; Dise\u00f1o: BOSCH SEG &#8211; OEM: FIAT<\/p>\n<h2>Preguntas m\u00e1s frecuentes<\/h2>\n<h3><strong>\u00bfCu\u00e1les son las referencias cruzadas?<\/strong><\/h3>\n<p>F000BL07P2, F000BL07P3, 51993773 51993773<\/p>\n<h2><strong>Tabla de aplicaci\u00f3n<\/strong><\/h2>\n<table width=\"1105\">\n<tbody>\n<tr>\n<td width=\"1105\">FIAT TORO FREEDOM G-1, FPT INDUSTRIAL E-TORQ 370 A 0011 1.8 L 16V SOHC L4 FLEX, 2015-2023.<\/td>\n<\/tr>\n<tr>\n<td>JEEP RENEGADE 1.8 AT , FPT INDUSTRIAL E-TORQ 370 A 0011 1.8 L 16V DOHC L4 FLEX, 2019-2023.<\/td>\n<\/tr>\n<tr>\n<td>JEEP RENEGADE LONGITUDE G-1, E-TORQ 370 A 0011 1.8 L 16V DOHC L4 FLEX, 2017-2023.<\/td>\n<\/tr>\n<tr>\n<td>JEEP RENEGADE SPORT G-1, E-TORQ 370 A 0011 1.8 L 16V DOHC L4 FLEX, 2017-2023.<\/td>\n<\/tr>\n<tr>\n<td>JEEP RENEGADE SPORT , E-TORQ 370 A 0011 1.8 L 16V DOHC L4 FLEX, 2015-2016.<\/td>\n<\/tr>\n<tr>\n<td>FIAT ARGO PRECISION G-1, FPT INDUSTRIAL E-TORQ 370 A 0011 1.8 L 16V SOHC L4 FLEX, 2017-2023.<\/td>\n<\/tr>\n<tr>\n<td>FIAT TORO ENDURANCE G-1, FPT INDUSTRIAL E-TORQ EVO 370 A 0011 1.8 L 16V SOHC L4 FLEX, 2019-2023.<\/td>\n<\/tr>\n<tr>\n<td>JEEP RENEGADE LONGITUDE , E-TORQ 370 A 0011 1.8 L 16V DOHC L4 FLEX, 2015-2016.<\/td>\n<\/tr>\n<tr>\n<td>FIAT TORO OPENING EDITION G-1, FPT INDUSTRIAL E-TORQ 370 A 0011 1.8 L 16V SOHC L4 FLEX, 2015-2018.<\/td>\n<\/tr>\n<tr>\n<td>JEEP RENEGADE LIMITED G-1, E-TORQ 370 A 0011 1.8 L 16V DOHC L4 FLEX, 2017-2023.<\/td>\n<\/tr>\n<tr>\n<td>FIAT CRONOS PRECISION G-1, FPT INDUSTRIAL E-TORQ 370 A 0011 1.8 L 16V SOHC L4 FLEX, 2018-2023.<\/td>\n<\/tr>\n<tr>\n<td>FIAT ARGO HGT G-1, FPT INDUSTRIAL E-TORQ 370 A 0011 1.8 L 16V SOHC L4 FLEX, 2017-2023.<\/td>\n<\/tr>\n<tr>\n<td>FIAT ARGO OPENING EDITION G-1, FPT INDUSTRIAL E-TORQ 370 A 0011 1.8 L 16V SOHC L4 FLEX, 2017-2018.<\/td>\n<\/tr>\n<tr>\n<td>JEEP RENEGADE 75 A\u00d1OS G-1, E-TORQ 370 A 0011 1.8 L 16V DOHC L4 FLEX, 2016-2018.<\/td>\n<\/tr>\n<tr>\n<td>JEEP RENEGADE EDICI\u00d3N LIMITADA G-1, E-TORQ 370 A 0011 1.8 L 16V DOHC L4 FLEX, 2015-2016.<\/td>\n<\/tr>\n<tr>\n<td>JEEP RENEGADE LONGITUDE EDICI\u00d3N LIMITADA G-1, E-TORQ 370 A 0011 1.8 L 16V DOHC L4 FLEX, 2015-2016.<\/td>\n<\/tr>\n<tr>\n<td>JEEP RENEGADE 1.8 G-1, E-TORQ 370 A 0011 1.8 L 16V DOHC L4 FLEX, 2017-2023.<\/td>\n<\/tr>\n<tr>\n<td>FIAT ARGO TREKKING G-1, FPT INDUSTRIAL E-TORQ 370 A 0011 1.8 L 16V SOHC L4 FLEX, 2020-2023.<\/td>\n<\/tr>\n<tr>\n<td>FIAT CRONOS HGT G-1, FPT INDUSTRIAL E-TORQ 370 A 0011 1.8 L 16V SOHC L4 FLEX, 2019-2023.<\/td>\n<\/tr>\n<tr>\n<td>FIAT CRONOS DRIVE G-1, FPT INDUSTRIAL E-TORQ 370 A 0011 1.8 L 16V SOHC L4 FLEX, 2019-2023.<\/td>\n<\/tr>\n<tr>\n<td>JEEP RENEGADE CUSTOM G-1, E-TORQ 370 A 0011 1.8 L 16V DOHC L4 FLEX, 2017-2019.<\/td>\n<\/tr>\n<tr>\n<td>FIAT CRONOS (PCD) G-1, FPT INDUSTRIAL E-TORQ 370 A 0011 1.8 L 16V SOHC L4 FLEX, 2019-2023.<\/td>\n<\/tr>\n<tr>\n<td>JEEP RENEGADE NIGHT EAGLE G-1, E-TORQ 370 A 0011 1.8 L 16V DOHC L4 FLEX, 2017-2023.<\/td>\n<\/tr>\n<tr>\n<td>FIAT TORO FREEDOM S-DESIGN G-1, FPT INDUSTRIAL E-TORQ EVO 370 A 0011 1.8L 16V SOHC L4 FLEX, 2020-2023.<\/td>\n<\/tr>\n<\/tbody>\n<\/table>\n<p>&nbsp;<\/p>\n<div>ATENCI\u00d3N:<\/div>\n<div>Recomendamos que la instalaci\u00f3n la realice un profesional formado y especializado.<\/div>\n<div>S\u00f3lo compra este producto si est\u00e1s seguro de que es compatible con tu veh\u00edculo. Si tienes alguna duda, no dudes en ponerte en contacto con nosotros. Nuestro horario de apertura es de lunes a viernes de 8 a 18 h.<\/div>\n<div><\/div>\n<div>Sobre nosotros<\/div>\n<div>COM Automotive est\u00e1 especializada en piezas de autom\u00f3vil de dise\u00f1o original para el sector de la reparaci\u00f3n posventa, clientes industriales y fabricantes de veh\u00edculos especiales OEM.<\/div>\n<div>Nuestro equipo tiene m\u00e1s de 28 a\u00f1os de experiencia en la fabricaci\u00f3n y el suministro de piezas de automoci\u00f3n a escala mundial.<\/div>\n<div>Nuestra MISI\u00d3N es ofrecer productos de dise\u00f1o original con una calidad impecable y una sustituci\u00f3n personalizada.<\/div>\n<div>Nuestra VISI\u00d3N es promover el crecimiento y un valor inigualable para nuestros clientes.<\/div>\n","protected":false},"excerpt":{"rendered":"<p>F000BL07P3-COM. En stock. Ref: F000BL07P2, F000BL07P3, 51993773 &#8211; compatible con: FIAT. Marca: COM Automotive &#8211; Producto con calidad y dise\u00f1o originales. Compatible con Bosch<\/p>\n","protected":false},"featured_media":20139,"comment_status":"open","ping_status":"closed","template":"","meta":[],"product_brand":[],"product_cat":[8109],"product_tag":[14417,14415,14416,14419],"class_list":{"0":"post-15913","1":"product","2":"type-product","3":"status-publish","4":"has-post-thumbnail","6":"product_cat-alternador-es-2","7":"product_tag-51993773-es","8":"product_tag-f000bl07p2-es","9":"product_tag-f000bl07p3-es","10":"product_tag-f000bl07p3-com-es","12":"first","13":"instock","14":"taxable","15":"shipping-taxable","16":"purchasable","17":"product-type-simple"},"_links":{"self":[{"href":"https:\/\/com-automotive.com\/es\/wp-json\/wp\/v2\/product\/15913","targetHints":{"allow":["GET"]}}],"collection":[{"href":"https:\/\/com-automotive.com\/es\/wp-json\/wp\/v2\/product"}],"about":[{"href":"https:\/\/com-automotive.com\/es\/wp-json\/wp\/v2\/types\/product"}],"replies":[{"embeddable":true,"href":"https:\/\/com-automotive.com\/es\/wp-json\/wp\/v2\/comments?post=15913"}],"wp:featuredmedia":[{"embeddable":true,"href":"https:\/\/com-automotive.com\/es\/wp-json\/wp\/v2\/media\/20139"}],"wp:attachment":[{"href":"https:\/\/com-automotive.com\/es\/wp-json\/wp\/v2\/media?parent=15913"}],"wp:term":[{"taxonomy":"product_brand","embeddable":true,"href":"https:\/\/com-automotive.com\/es\/wp-json\/wp\/v2\/product_brand?post=15913"},{"taxonomy":"product_cat","embeddable":true,"href":"https:\/\/com-automotive.com\/es\/wp-json\/wp\/v2\/product_cat?post=15913"},{"taxonomy":"product_tag","embeddable":true,"href":"https:\/\/com-automotive.com\/es\/wp-json\/wp\/v2\/product_tag?post=15913"}],"curies":[{"name":"wp","href":"https:\/\/api.w.org\/{rel}","templated":true}]}}