{"id":15912,"date":"2023-11-15T20:24:20","date_gmt":"2023-11-15T23:24:20","guid":{"rendered":"https:\/\/com-automotive.com\/alternador-f000bl04a6-at417196-de-12v-90a-para-jdeere-5085e-5090e-5080e-310k\/"},"modified":"2023-11-15T20:24:20","modified_gmt":"2023-11-15T23:24:20","slug":"alternador-f000bl04a6-at417196-de-12v-90a-para-jdeere-5085e-5090e-5080e-310k","status":"publish","type":"product","link":"https:\/\/com-automotive.com\/es\/alternador-f000bl04a6-at417196-de-12v-90a-para-jdeere-5085e-5090e-5080e-310k\/","title":{"rendered":"Alternador F000BL04A6 AT417196 de 12V 90A para JDeere 5085E 5090E 5080E 310K<span class=\"product-sku\" style=\"display: block; font-size: 0.85em; color: #777; margin-top: 5px; margin-bottom: 5px;\">SKU: 8000.7196-COM<\/span>"},"content":{"rendered":"<h1><strong>COM-AUTOMOTIVE, calidad de dise\u00f1o original.<\/strong><\/h1>\n<p>Alternador F000BL04A6 de 12 V y 90 amperios con polea &#8211; Dise\u00f1o: BOSCH SEG &#8211; OEM: John Deere<\/p>\n<h2>Preguntas m\u00e1s frecuentes<\/h2>\n<h3><strong>\u00bfCu\u00e1les son las referencias cruzadas?<\/strong><\/h3>\n<p>F000BL04A5, F000BL04A6, AT417196, AT417196, F000. BL0.4A5, F000. BL0.4A6<\/p>\n<h2><strong>Tabla de aplicaci\u00f3n<\/strong><\/h2>\n<p>JOHN DEERE 5078 E, JOHN DEERE 4045 D DIESEL, 2011-2023.<br \/>\nJOHN DEERE 6110 J , JOHN DEERE 4045 T DIESEL, 2010-2023.<br \/>\nJOHN DEERE 5085 E , JOHN DEERE 4045 T DIESEL, 2010-2023.<br \/>\nJOHN DEERE 6110 E , JOHN DEERE 4045 T DIESEL, 2015-2023.<br \/>\nJOHN DEERE 5090 E , JOHN DEERE 4045 T DIESEL, 2012-2023.<br \/>\nJOHN DEERE 5603 4X4 DT , JOHN DEERE 4045 D DIESEL, 2008-2010.<br \/>\nJOHN DEERE 6415 4X4 , JOHN DEERE 4045 T DIESEL, 2005-2012.<br \/>\nJOHN DEERE 6100 E , JOHN DEERE 4045 T DIESEL, 2017-2023.<br \/>\nJOHN DEERE 5403 B 4X4 , JOHN DEERE 4045 D DIESEL, 2010-2012.<br \/>\nJOHN DEERE 5603 4X2 , JOHN DEERE 4045 D DIESEL, 2008-2010.<br \/>\nJOHN DEERE 6100 J , JOHN DEERE 4045 T DIESEL, 2017-2023.<\/p>\n<p>ATENCI\u00d3N:<br \/>\nRecomendamos que la instalaci\u00f3n la realice un profesional formado y especializado.<br \/>\nS\u00f3lo compra este producto si est\u00e1s seguro de que es compatible con tu veh\u00edculo. Si tienes alguna duda, no dudes en ponerte en contacto con nosotros. Nuestro horario de apertura es de lunes a viernes de 8 a 18 h.<\/p>\n<p>Sobre nosotros<br \/>\nCOM Automotive est\u00e1 especializada en piezas de autom\u00f3vil de dise\u00f1o original para el sector de la reparaci\u00f3n posventa, clientes industriales y fabricantes de veh\u00edculos especiales OEM.<br \/>\nNuestro equipo tiene m\u00e1s de 28 a\u00f1os de experiencia en la fabricaci\u00f3n y el suministro de piezas de automoci\u00f3n a escala mundial.<br \/>\nNuestra MISI\u00d3N es ofrecer productos de dise\u00f1o original con una calidad impecable y una sustituci\u00f3n personalizada.<br \/>\nNuestra VISI\u00d3N es promover el crecimiento y un valor inigualable para nuestros clientes.<\/p>\n","protected":false},"excerpt":{"rendered":"<p>F000BL04A6-COM. En stock. Ref: F000BL04A5, F000BL04A6, AT417196 &#8211; compatible con: John Deere. Marca: COM Automotive &#8211; Producto con calidad y dise\u00f1o originales. Compatible con Bosch<\/p>\n","protected":false},"featured_media":20408,"comment_status":"open","ping_status":"closed","template":"","meta":[],"product_brand":[],"product_cat":[8109],"product_tag":[14403,14400,14402,14405],"class_list":{"0":"post-15912","1":"product","2":"type-product","3":"status-publish","4":"has-post-thumbnail","6":"product_cat-alternador-es-2","7":"product_tag-at417196-es","8":"product_tag-f000bl04a5-es","9":"product_tag-f000bl04a6-es","10":"product_tag-f000bl04a6-com-es","12":"first","13":"instock","14":"taxable","15":"shipping-taxable","16":"purchasable","17":"product-type-simple"},"_links":{"self":[{"href":"https:\/\/com-automotive.com\/es\/wp-json\/wp\/v2\/product\/15912","targetHints":{"allow":["GET"]}}],"collection":[{"href":"https:\/\/com-automotive.com\/es\/wp-json\/wp\/v2\/product"}],"about":[{"href":"https:\/\/com-automotive.com\/es\/wp-json\/wp\/v2\/types\/product"}],"replies":[{"embeddable":true,"href":"https:\/\/com-automotive.com\/es\/wp-json\/wp\/v2\/comments?post=15912"}],"wp:featuredmedia":[{"embeddable":true,"href":"https:\/\/com-automotive.com\/es\/wp-json\/wp\/v2\/media\/20408"}],"wp:attachment":[{"href":"https:\/\/com-automotive.com\/es\/wp-json\/wp\/v2\/media?parent=15912"}],"wp:term":[{"taxonomy":"product_brand","embeddable":true,"href":"https:\/\/com-automotive.com\/es\/wp-json\/wp\/v2\/product_brand?post=15912"},{"taxonomy":"product_cat","embeddable":true,"href":"https:\/\/com-automotive.com\/es\/wp-json\/wp\/v2\/product_cat?post=15912"},{"taxonomy":"product_tag","embeddable":true,"href":"https:\/\/com-automotive.com\/es\/wp-json\/wp\/v2\/product_tag?post=15912"}],"curies":[{"name":"wp","href":"https:\/\/api.w.org\/{rel}","templated":true}]}}