{"id":15904,"date":"2023-11-01T16:12:24","date_gmt":"2023-11-01T19:12:24","guid":{"rendered":"https:\/\/com-automotive.com\/motor-de-arranque-24v-10d-8200387-2p0911023e-para-vw-entrega-5150-8160-9160-12\/"},"modified":"2026-04-12T10:07:15","modified_gmt":"2026-04-12T13:07:15","slug":"motor-de-arranque-24v-10d-8200387-2p0911023e-para-vw-entrega-5150-8160-9160-12","status":"publish","type":"product","link":"https:\/\/com-automotive.com\/es\/motor-de-arranque-24v-10d-8200387-2p0911023e-para-vw-entrega-5150-8160-9160-12\/","title":{"rendered":"Motor de arranque 24V 10D 8200387 2P0911023E para VW Entrega 5150 8160 9160 12&gt;<span class=\"product-sku\" style=\"display: block; font-size: 0.85em; color: #777; margin-top: 5px; margin-bottom: 5px;\">SKU: 6000.0387-COM<\/span>"},"content":{"rendered":"<h1><strong>COM-AUTOMOTIVE, calidad de dise\u00f1o original.<\/strong><\/h1>\n<p>8200387 24V 4.0KW 10 dientes Arrancador Dise\u00f1o: Delco Remy Tipo: 29MT &#8211; OEM: VOLKSWAGEN<\/p>\n<h2>Preguntas m\u00e1s frecuentes<\/h2>\n<h3><strong>\u00bfCu\u00e1les son las referencias cruzadas?<\/strong><\/h3>\n<p>T001000074, 8200387, 2P0911023E, 8200387, ZEN 33014<\/p>\n<h2><strong>Tabla de aplicaci\u00f3n<\/strong><\/h2>\n<table style=\"height: 848px;\" width=\"1211\">\n<tbody>\n<tr>\n<td width=\"646\">VOLKSWAGEN DELIVERY 8-160 , CUMMINS ISF 3.8 ISF 3.8 3.8 L 16V SOHV L4 DIESEL, 2012-2023.<\/td>\n<\/tr>\n<tr>\n<td>VOLKSWAGEN ENTREGA 11-180 , CUMMINS ISF 3.8 ISF 3.8 3.8 L 16V SOHV L4 DIESEL, 2017-2023.<\/td>\n<\/tr>\n<tr>\n<td>VOLKSWAGEN ENTREGA 9-170 , CUMMINS ISF 3.8 ISF 3.8 3.8 L 16V SOHV L4 DIESEL, 2017-2023.<\/td>\n<\/tr>\n<tr>\n<td>VOLKSWAGEN ENTREGA 10-160 , CUMMINS ISF 3.8 ISF 3.8 3.8 L 16V SOHV L4 DIESEL, 2013-2023.<\/td>\n<\/tr>\n<tr>\n<td>VOLKSWAGEN DELIVERY 9-160 , CUMMINS ISF 3.8 ISF 3.8 3.8 L 16V SOHV L4 DIESEL, 2012-2020.<\/td>\n<\/tr>\n<tr>\n<td>VOLKSWAGEN 9.160 OD PLUS, CUMMINS ISF 3.8 ISF 3.8 3.8 L 16V SOHV L4 DIESEL, 2012-2023.<\/td>\n<\/tr>\n<tr>\n<td>VOLKSWAGEN ENTREGA 5-150 , CUMMINS ISF 3.8 ISF 3.8 3.8 L 16V SOHV L4 DIESEL, 2012-2023.<\/td>\n<\/tr>\n<tr>\n<td>VOLKSWAGEN 9.160 OD, CUMMINS ISF 3.8 ISF 3.8 3.8L 16V SOHV L4 DIESEL, 2015-2023.<\/td>\n<\/tr>\n<tr>\n<td>VOLKSWAGEN 8.160 OD, CUMMINS ISF 3.8 ISF 3.8 3.8L 16V SOHV L4 DIESEL, 2012-2023.<\/td>\n<\/tr>\n<tr>\n<td>VOLKSWAGEN ENTREGA 13-180 , CUMMINS ISF 3.8 ISF 3.8 3.8 L 16V SOHV L4 DIESEL, 2018-2023.<\/td>\n<\/tr>\n<tr>\n<td>VOLKSWAGEN 8.160 ODR, CUMMINS ISF 3.8 ISF 3.8 3.8L 16V SOHV L4 DIESEL, 2015-2018.<\/td>\n<\/tr>\n<tr>\n<td>VOLKSWAGEN DELIVERY 10-160PLUS, CUMMINS ISF 3.8 ISF 3.8 3.8L 16V SOHV L4 DIESEL, 2013-2018.<\/td>\n<\/tr>\n<tr>\n<td>VOLKSWAGEN ENTREGA 13-160 , CUMMINS ISF 3.8 ISF 3.8 3.8 L 16V SOHV L4 DIESEL, 2016-2019.<\/td>\n<\/tr>\n<tr>\n<td>VOLKSWAGEN 8.160 OD PB, CUMMINS ISF 3.8 ISF 3.8 3.8L 16V SOHV L4 DIESEL, 2015-2018.<\/td>\n<\/tr>\n<tr>\n<td>VOLKSWAGEN 9.160 ODS, CUMMINS ISF 3.8 ISF 3.8 3.8L 16V SOHV L4 DIESEL, 2019-2023.<\/td>\n<\/tr>\n<tr>\n<td>VOLKSWAGEN 5.150 OD, CUMMINS ISF 3.8 ISF 3.8 3.8L 16V SOHV L4 DIESEL, 2013-2018.<\/td>\n<\/tr>\n<tr>\n<td>VOLKSWAGEN 8-160 ECE , CUMMINS ISF 3.8 ISF 3.8 3.8 L 16V SOHV L4 DIESEL, 2015-2018.<\/td>\n<\/tr>\n<tr>\n<td>VOLKSWAGEN 9-160 ECE , CUMMINS ISF 3.8 ISF 3.8 3.8 L 16V SOHV L4 DIESEL, 2016-2019.<\/td>\n<\/tr>\n<tr>\n<td>VOLKSWAGEN 8.160 OD PB PISO BAJO , CUMMINS ISF 3.8 ISF 3.8 3.8 L 16V SOHV L4 DIESEL, 2017-2019.<\/td>\n<\/tr>\n<tr>\n<td>VOLKSWAGEN 8.160 ODS LE, CUMMINS ISF 3.8 ISF 3.8 3.8L 16V SOHV L4 DIESEL, 2021-2023.<\/td>\n<\/tr>\n<tr>\n<td>VOLKSWAGEN 5-150 ECE , CUMMINS ISF 3.8 ISF 3.8 3.8 L 16V SOHV L4 DIESEL, 2016-2016.<\/td>\n<\/tr>\n<\/tbody>\n<\/table>\n<p>&nbsp;<\/p>\n<div>ATENCI\u00d3N:<\/div>\n<div>Recomendamos que la instalaci\u00f3n la realice un profesional formado y especializado.<\/div>\n<div>S\u00f3lo compra este producto si est\u00e1s seguro de que es compatible con tu veh\u00edculo. Si tienes alguna duda, no dudes en ponerte en contacto con nosotros. Nuestro horario de apertura es de lunes a viernes de 8 a 18 h.<\/div>\n<div><\/div>\n<div>Sobre nosotros<\/div>\n<div>COM Automotive est\u00e1 especializada en piezas de autom\u00f3vil de dise\u00f1o original para el sector de la reparaci\u00f3n posventa, clientes industriales y fabricantes de veh\u00edculos especiales OEM.<\/div>\n<div>Nuestro equipo tiene m\u00e1s de 28 a\u00f1os de experiencia en la fabricaci\u00f3n y el suministro de piezas de automoci\u00f3n a escala mundial.<\/div>\n<div>Nuestra MISI\u00d3N es ofrecer productos de dise\u00f1o original con una calidad impecable y una sustituci\u00f3n personalizada.<\/div>\n<div>Nuestra VISI\u00d3N es promover el crecimiento y un valor inigualable para nuestros clientes.<\/div>\n","protected":false},"excerpt":{"rendered":"<p>8200387-COM. En stock. Ref: T001000074, 8200387, 2P0911023E, 8200387, ZEN 33014, ZM 8029105, DITA 20100 &#8211; compatible con: VOLKSWAGEN. Marca: COM Automotive &#8211; Producto con calidad y dise\u00f1o originales. Compatible con Delco Remy<\/p>\n","protected":false},"featured_media":18692,"comment_status":"open","ping_status":"closed","template":"","meta":[],"product_brand":[],"product_cat":[8119],"product_tag":[14281,14280,14283,14284],"class_list":{"0":"post-15904","1":"product","2":"type-product","3":"status-publish","4":"has-post-thumbnail","6":"product_cat-motor-de-arranque","7":"product_tag-8200387-es","8":"product_tag-t001000074-es","9":"product_tag-zen-33014-es","10":"product_tag-zm-8029105-es","12":"first","13":"instock","14":"taxable","15":"shipping-taxable","16":"purchasable","17":"product-type-simple"},"_links":{"self":[{"href":"https:\/\/com-automotive.com\/es\/wp-json\/wp\/v2\/product\/15904","targetHints":{"allow":["GET"]}}],"collection":[{"href":"https:\/\/com-automotive.com\/es\/wp-json\/wp\/v2\/product"}],"about":[{"href":"https:\/\/com-automotive.com\/es\/wp-json\/wp\/v2\/types\/product"}],"replies":[{"embeddable":true,"href":"https:\/\/com-automotive.com\/es\/wp-json\/wp\/v2\/comments?post=15904"}],"wp:featuredmedia":[{"embeddable":true,"href":"https:\/\/com-automotive.com\/es\/wp-json\/wp\/v2\/media\/18692"}],"wp:attachment":[{"href":"https:\/\/com-automotive.com\/es\/wp-json\/wp\/v2\/media?parent=15904"}],"wp:term":[{"taxonomy":"product_brand","embeddable":true,"href":"https:\/\/com-automotive.com\/es\/wp-json\/wp\/v2\/product_brand?post=15904"},{"taxonomy":"product_cat","embeddable":true,"href":"https:\/\/com-automotive.com\/es\/wp-json\/wp\/v2\/product_cat?post=15904"},{"taxonomy":"product_tag","embeddable":true,"href":"https:\/\/com-automotive.com\/es\/wp-json\/wp\/v2\/product_tag?post=15904"}],"curies":[{"name":"wp","href":"https:\/\/api.w.org\/{rel}","templated":true}]}}