{"id":15899,"date":"2023-11-01T16:11:12","date_gmt":"2023-11-01T19:11:12","guid":{"rendered":"https:\/\/com-automotive.com\/motor-de-arranque-12v-10d-0001109292-ec3511001aa-ford-f250-f350-f4000-98\/"},"modified":"2023-11-01T16:11:12","modified_gmt":"2023-11-01T19:11:12","slug":"motor-de-arranque-12v-10d-0001109292-ec3511001aa-ford-f250-f350-f4000-98","status":"publish","type":"product","link":"https:\/\/com-automotive.com\/es\/motor-de-arranque-12v-10d-0001109292-ec3511001aa-ford-f250-f350-f4000-98\/","title":{"rendered":"Motor de arranque 12V 10D 0001109292 EC3511001AA Ford F250 F350 F4000 98&gt;<span class=\"product-sku\" style=\"display: block; font-size: 0.85em; color: #777; margin-top: 5px; margin-bottom: 5px;\">SKU: 6000.9292-COM<\/span>"},"content":{"rendered":"<h1><strong>COM-AUTOMOTIVE, calidad de dise\u00f1o original.<\/strong><\/h1>\n<p>0001109292 Motor de arranque de 12V 2KW 10 dientes Dise\u00f1o: BOSCH SEG Tipo: R78-M45 &#8211; OEM: FORD<\/p>\n<h2>Preguntas m\u00e1s frecuentes<\/h2>\n<h3><strong>\u00bfCu\u00e1les son las referencias cruzadas?<\/strong><\/h3>\n<p>0001109291, 0001109292, EC3511001AA EC3511001AA<\/p>\n<h2><strong>Tabla de aplicaci\u00f3n<\/strong><\/h2>\n<table width=\"793\">\n<tbody>\n<tr>\n<td width=\"793\">FORD F 1000 L , MWM SERIE 229 D 229-4 3.9 L 8V SOHV L4 DIESEL, 1979-1995.<\/td>\n<\/tr>\n<tr>\n<td>FORD F-4000, MWM SERIE 229 D 229-4 3.9 L 8V SOHV L4 DIESEL, 1984-1996.<\/td>\n<\/tr>\n<tr>\n<td>FORD F-4000, CUMMINS 4 BTAA 8V 4 BTAA 3.9L 8V SOHV L4 DIESEL, 1996-2008.<\/td>\n<\/tr>\n<tr>\n<td>FORD F-4000 EUROMEC III , CUMMINS SERIE B 3.9 3.9 L 8V SOHV L4 DIESEL, 2005-2015.<\/td>\n<\/tr>\n<tr>\n<td>FORD F-350 CC XL , CUMMINS SERIE B 3.9 3.9 L 8V SOHV L4 DIESEL, 2005-2011.<\/td>\n<\/tr>\n<tr>\n<td>FORD F-350, CUMMINS 4 BTAA 8V 4 BTAA 3.9 L 8V SOHV L4 DIESEL, 1998-2006.<\/td>\n<\/tr>\n<tr>\n<td>FORD F 250 SD XLT , MWM SPRINT EURO 2 6.07 TCA 4.2 L 18V DOHC L6 DIESEL, 1998-2006.<\/td>\n<\/tr>\n<tr>\n<td>FORD F 250 CS XLT 4X4 , CUMMINS 4 BTAA 16V 4 BTAA 3.9 L 16V DOHC L4 DIESEL, 2006-2012.<\/td>\n<\/tr>\n<tr>\n<td>FORD F 250 LD XL , MWM SPRINT EURO 2 6.07 TCA 4.2 L 18V DOHC L6 DIESEL, 1999-2006.<\/td>\n<\/tr>\n<tr>\n<td>FORD CARGO C 815 , CUMMINS 4 BTAA 8V 4 BTAA 3.9 L 8V SOHV L4 DIESEL, 2000-2019.<\/td>\n<\/tr>\n<tr>\n<td>FORD F 250 CD XLT 4X4 , CUMMINS 4 BTAA 16V 4 BTAA 3.9 L 16V DOHC L4 DIESEL, 2006-2012.<\/td>\n<\/tr>\n<tr>\n<td>FORD F-350, CUMMINS B SERIE B 3.9 3.9L 16V SOHV L4 DIESEL, 2009-2011.<\/td>\n<\/tr>\n<tr>\n<td>FORD F-4000, CUMMINS B SERIE B 3.9 3.9L 16V SOHV L4 DIESEL, 2008-2015.<\/td>\n<\/tr>\n<tr>\n<td>FORD CARGO C 712 E , CUMMINS SERIE B 3.9 3.9 L 8V SOHV L4 DIESEL, 2007-2009.<\/td>\n<\/tr>\n<tr>\n<td>FORD F-4000, MWM SERIE 10\/X10 4.10 T 4.3 L 8V SOHV L4 DIESEL, 1996-1998.<\/td>\n<\/tr>\n<tr>\n<td>FORD CARGO C 814 , CUMMINS 4 BTAA 8V 4 BTAA 3.9 L 8V SOHV L4 DIESEL, 1996-2001.<\/td>\n<\/tr>\n<tr>\n<td>FORD F 1000 4X4 , MWM SERIE 10 \/ X10 4.10 T 4.3 L 8V SOHV L4 DIESEL, 1996-1999.<\/td>\n<\/tr>\n<tr>\n<td>FORD F 250 CC XLT , MWM SPRINT EURO 2 6.07 TCA 4.2 L 18V DOHC L6 DIESEL, 2002-2006.<\/td>\n<\/tr>\n<tr>\n<td>FORD F-350, MWM SERIE 229 D 229-4 3.9 L 8V SOHV L4 DIESEL, 1960-1977.<\/td>\n<\/tr>\n<tr>\n<td>FORD F 1000 S.CAB 4X4 , MWM SERIE 10 \/ X10 4.10 T 4.3 L 8V SOHV L4 DIESEL, 1996-1999.<\/td>\n<\/tr>\n<tr>\n<td>FORD F-2000, MWM SERIE 229 D 229-4 3.9 L 8V SOHV L4 DIESEL, 1980-1985.<\/td>\n<\/tr>\n<tr>\n<td>FORD F 250 RC XL , CUMMINS 4 BTAA 16V 4 BTAA 3.9 L 16V DOHC L4 DIESEL, 2006-2010.<\/td>\n<\/tr>\n<tr>\n<td>FORD F 250 LD XL , CUMMINS 4 BTAA 8V 4 BTAA 3.9 L 8V SOHC L4 DIESEL, 1999-2003.<\/td>\n<\/tr>\n<tr>\n<td>FORD F 250 XL 4.2 V6 ,4.2L OHV4.2L 12V OHV V6 GASOLINA, 1998-2003.<\/td>\n<\/tr>\n<tr>\n<td>FORD F 250 XL SUPER DUTY 4.2 V6 ,4.2L OHV EFI4.2L 12V OHV V6 GASOLINA, 1998-2000.<\/td>\n<\/tr>\n<tr>\n<td>FORD F 1000 L 4X4 , MWM SERIE 10 \/ X10 4.10 T 4.3 L 8V SOHV L4 DIESEL, 1996-1999.<\/td>\n<\/tr>\n<tr>\n<td>FORD F 250 LD XLT , CUMMINS 4 BTAA 8V 4 BTAA 3.9 L 8V SOHC L4 DIESEL, 1999-1999.<\/td>\n<\/tr>\n<tr>\n<td>FORD F 250 XLT 4.2 V6 ,4.2L OHV4.2L 12V OHV V6 GASOLINA, 1998-2002.<\/td>\n<\/tr>\n<tr>\n<td>FORD FB 4000, MWM SERIE 229 D 229-4 3.9 L 8V SOHV L4 DIESEL, 1982-1985.<\/td>\n<\/tr>\n<tr>\n<td>FORD F 250 CC XL , CUMMINS 4 BTAA 16V 4 BTAA 3.9 L 16V DOHC L4 DIESEL, 2006-2010.<\/td>\n<\/tr>\n<tr>\n<td>FORD F 250 CC XL , MWM SPRINT EURO 2 6.07 TCA 4.2 L 18V DOHC L6 DIESEL, 2003-2006.<\/td>\n<\/tr>\n<tr>\n<td>FORD F-350 CC XLT , CUMMINS 4 BTAA 8V 4 BTAA 3.9 L 8V SOHV L4 DIESEL, 2004-2004.<\/td>\n<\/tr>\n<\/tbody>\n<\/table>\n<p>&nbsp;<\/p>\n<div>ATENCI\u00d3N:<\/div>\n<div>Recomendamos que la instalaci\u00f3n del 0001109292 sea realizada por un profesional capacitado y especializado.<\/div>\n<div>S\u00f3lo compra este producto si est\u00e1s seguro de que es compatible con tu veh\u00edculo. Si tienes alguna duda, no dudes en ponerte en contacto con nosotros. Nuestro horario de apertura es de lunes a viernes de 8 a 18 h.<\/div>\n<div><\/div>\n<div>Sobre nosotros<\/div>\n<div>COM Automotive est\u00e1 especializada en piezas de autom\u00f3vil de dise\u00f1o original para el sector de la reparaci\u00f3n posventa, clientes industriales y fabricantes de veh\u00edculos especiales OEM.<\/div>\n<div>Nuestro equipo tiene m\u00e1s de 28 a\u00f1os de experiencia en la fabricaci\u00f3n y el suministro de piezas de automoci\u00f3n a escala mundial.<\/div>\n<div>Nuestra MISI\u00d3N es ofrecer productos de dise\u00f1o original con una calidad impecable y una sustituci\u00f3n personalizada.<\/div>\n<div>Nuestra VISI\u00d3N es promover el crecimiento y un valor inigualable para nuestros clientes.<\/div>\n","protected":false},"excerpt":{"rendered":"<p>0001109292-COM. En stock. Ref: 0001109291, 0001109292, EC3511001AA &#8211; compatible con: FORD. Marca: COM Automotive &#8211; Producto con calidad y dise\u00f1o originales. Compatible con Bosch<\/p>\n","protected":false},"featured_media":18541,"comment_status":"open","ping_status":"closed","template":"","meta":[],"product_brand":[],"product_cat":[8119,8542],"product_tag":[32312,32313,32320,32324,32326,32325,32314,14252],"class_list":{"0":"post-15899","1":"product","2":"type-product","3":"status-publish","4":"has-post-thumbnail","6":"product_cat-motor-de-arranque","7":"product_cat-sempreco-es","8":"product_tag-0001109291-es","9":"product_tag-0001109292-es","10":"product_tag-0001109292-com-es","11":"product_tag-6000-9292-com-es","12":"product_tag-60009292-es","13":"product_tag-60009292-com-es","14":"product_tag-ec3511001aa-es","15":"product_tag-f000al0160-es","17":"first","18":"instock","19":"taxable","20":"shipping-taxable","21":"purchasable","22":"product-type-simple"},"_links":{"self":[{"href":"https:\/\/com-automotive.com\/es\/wp-json\/wp\/v2\/product\/15899","targetHints":{"allow":["GET"]}}],"collection":[{"href":"https:\/\/com-automotive.com\/es\/wp-json\/wp\/v2\/product"}],"about":[{"href":"https:\/\/com-automotive.com\/es\/wp-json\/wp\/v2\/types\/product"}],"replies":[{"embeddable":true,"href":"https:\/\/com-automotive.com\/es\/wp-json\/wp\/v2\/comments?post=15899"}],"wp:featuredmedia":[{"embeddable":true,"href":"https:\/\/com-automotive.com\/es\/wp-json\/wp\/v2\/media\/18541"}],"wp:attachment":[{"href":"https:\/\/com-automotive.com\/es\/wp-json\/wp\/v2\/media?parent=15899"}],"wp:term":[{"taxonomy":"product_brand","embeddable":true,"href":"https:\/\/com-automotive.com\/es\/wp-json\/wp\/v2\/product_brand?post=15899"},{"taxonomy":"product_cat","embeddable":true,"href":"https:\/\/com-automotive.com\/es\/wp-json\/wp\/v2\/product_cat?post=15899"},{"taxonomy":"product_tag","embeddable":true,"href":"https:\/\/com-automotive.com\/es\/wp-json\/wp\/v2\/product_tag?post=15899"}],"curies":[{"name":"wp","href":"https:\/\/api.w.org\/{rel}","templated":true}]}}