{"id":15897,"date":"2023-11-01T16:10:54","date_gmt":"2023-11-01T19:10:54","guid":{"rendered":"https:\/\/com-automotive.com\/motor-de-arranque-12v-9d-0001115115-51984357f109-ducato-boxer-jumper-2-3d-10\/"},"modified":"2023-11-01T16:10:54","modified_gmt":"2023-11-01T19:10:54","slug":"motor-de-arranque-12v-9d-0001115115-51984357f109-ducato-boxer-jumper-2-3d-10","status":"publish","type":"product","link":"https:\/\/com-automotive.com\/es\/motor-de-arranque-12v-9d-0001115115-51984357f109-ducato-boxer-jumper-2-3d-10\/","title":{"rendered":"Motor de arranque 12V 9D 0001115115 51984357F109 Ducato Boxer Jumper 2.3D 10&gt;<span class=\"product-sku\" style=\"display: block; font-size: 0.85em; color: #777; margin-top: 5px; margin-bottom: 5px;\">SKU: 6000.5115-COM<\/span>"},"content":{"rendered":"<h1><strong>COM-AUTOMOTIVE, calidad de dise\u00f1o original.<\/strong><\/h1>\n<p>0001115115 Motor de arranque de 12V 7KW 9 dientes Dise\u00f1o: BOSCH SEG Tipo: R74-E25 &#8211; OEM: FIAT<\/p>\n<h2>Preguntas m\u00e1s frecuentes<\/h2>\n<h3><strong>\u00bfCu\u00e1les son las referencias cruzadas?<\/strong><\/h3>\n<p>0001115114, 0001115115, 51984357F109, 51832949, 51984357, 55832949, 1986S00777, DRS0787<\/p>\n<h2><strong>Tabla de aplicaci\u00f3n<\/strong><\/h2>\n<table style=\"height: 527px;\" width=\"1222\">\n<tbody>\n<tr>\n<td width=\"793\">FIAT DUCATO MAXICARGO , FPT INDUSTRIAL F1A MULTIJET F1A MULTIJET 2.3 L 16V DOHC L4 DIESEL, 2019-2023.<\/td>\n<\/tr>\n<tr>\n<td>FIAT DUCATO CARGO 9,0 m\u00b3 , FPT INDUSTRIAL F1A MULTIJET 2.3 L 16V DOHC L4 DIESEL, 2014-2018.<\/td>\n<\/tr>\n<tr>\n<td>FIAT DUCATO MAXICARGO 12,0 m\u00b3 , FPT INDUSTRIAL F1A MULTIJET 2.3 L 16V DOHC L4 DIESEL, 2014-2019.<\/td>\n<\/tr>\n<tr>\n<td>FIAT DUCATO MULTI , FPT INDUSTRIAL F1A MULTIJET F1A MULTIJET 2.3 L 16V DOHC L4 DIESEL, 2014-2023.<\/td>\n<\/tr>\n<tr>\n<td>FIAT DUCATO MAXICARGO 10.0 m\u00b3 , FPT INDUSTRIAL MULTIAIR F1AE0481T 2.3 L 16V DOHC L4 DIESEL, 2014-2018.<\/td>\n<\/tr>\n<tr>\n<td>FIAT DUCATO CARGO 7,5 m\u00b3 , FPT INDUSTRIAL F1A MULTIJET 2.3 L 16V DOHC L4 DIESEL, 2014-2019.<\/td>\n<\/tr>\n<tr>\n<td>MINIB\u00daS FIAT DUCATO , FPT INDUSTRIAL F1A MULTIJET 2.3 L 16V DOHC L4 DIESEL, 2016-2023.<\/td>\n<\/tr>\n<tr>\n<td>FIAT DUCATO CARGO CURTO , FPT INDUSTRIAL F1A MULTIJET F1A MULTIJET 2.3 L 16V DOHC L4 DIESEL, 2019-2023.<\/td>\n<\/tr>\n<tr>\n<td>CHASIS FIAT DUCATO , FPT INDUSTRIAL F1A MULTIJET F1A MULTIJET 2.3 L 16V DOHC L4 DIESEL, 2019-2023.<\/td>\n<\/tr>\n<tr>\n<td>FIAT DUCATO MINIBUS COMFORT , FPT INDUSTRIAL F1A MULTIJET F1A MULTIJET 2.3 L 16V DOHC L4 DIESEL, 2020-2023.<\/td>\n<\/tr>\n<tr>\n<td>FIAT DUCATO CARGO MEDIO , FPT INDUSTRIAL F1A MULTIJET F1A MULTIJET 2.3 L 16V DOHC L4 DIESEL, 2019-2023.<\/td>\n<\/tr>\n<tr>\n<td>FIAT DUCATO MINIB\u00daS TECHO ALTO , FPT INDUSTRIAL F1A MULTIJET F1A MULTIJET 2.3 L 16V DOHC L4 DIESEL, 2016-2018.<\/td>\n<\/tr>\n<tr>\n<td>FIAT DUCATO MAXIMULTI , FPT INDUSTRIAL F1A MULTIJET F1A MULTIJET 2.3 L 16V DOHC L4 DIESEL, 2019-2023.<\/td>\n<\/tr>\n<\/tbody>\n<\/table>\n<p>&nbsp;<\/p>\n<div>ATENCI\u00d3N:<\/div>\n<div>Recomendamos que la instalaci\u00f3n la realice un profesional formado y especializado.<\/div>\n<div>S\u00f3lo compra este producto si est\u00e1s seguro de que es compatible con tu veh\u00edculo. Si tienes alguna duda, no dudes en ponerte en contacto con nosotros. Nuestro horario de apertura es de lunes a viernes de 8 a 18 h.<\/div>\n<div><\/div>\n<div>Sobre nosotros<\/div>\n<div>COM Automotive est\u00e1 especializada en piezas de autom\u00f3vil de dise\u00f1o original para el sector de la reparaci\u00f3n posventa, clientes industriales y fabricantes de veh\u00edculos especiales OEM.<\/div>\n<div>Nuestro equipo tiene m\u00e1s de 28 a\u00f1os de experiencia en la fabricaci\u00f3n y el suministro de piezas de automoci\u00f3n a escala mundial.<\/div>\n<div>Nuestra MISI\u00d3N es ofrecer productos de dise\u00f1o original con una calidad impecable y una sustituci\u00f3n personalizada.<\/div>\n<div>Nuestra VISI\u00d3N es promover el crecimiento y un valor inigualable para nuestros clientes.<\/div>\n","protected":false},"excerpt":{"rendered":"<p>0001115115-COM. En stock. Ref: 0001115114, 0001115115, 51984357F109, 51832949, 55832949, 1986S00777, DRS0787 &#8211; compatible con: FIAT. Marca: COM Automotive &#8211; Producto con calidad y dise\u00f1o originales. Compatible con Bosch<\/p>\n","protected":false},"featured_media":21493,"comment_status":"open","ping_status":"closed","template":"","meta":[],"product_brand":[],"product_cat":[8119],"product_tag":[],"class_list":{"0":"post-15897","1":"product","2":"type-product","3":"status-publish","4":"has-post-thumbnail","6":"product_cat-motor-de-arranque","8":"first","9":"instock","10":"taxable","11":"shipping-taxable","12":"purchasable","13":"product-type-simple"},"_links":{"self":[{"href":"https:\/\/com-automotive.com\/es\/wp-json\/wp\/v2\/product\/15897","targetHints":{"allow":["GET"]}}],"collection":[{"href":"https:\/\/com-automotive.com\/es\/wp-json\/wp\/v2\/product"}],"about":[{"href":"https:\/\/com-automotive.com\/es\/wp-json\/wp\/v2\/types\/product"}],"replies":[{"embeddable":true,"href":"https:\/\/com-automotive.com\/es\/wp-json\/wp\/v2\/comments?post=15897"}],"wp:featuredmedia":[{"embeddable":true,"href":"https:\/\/com-automotive.com\/es\/wp-json\/wp\/v2\/media\/21493"}],"wp:attachment":[{"href":"https:\/\/com-automotive.com\/es\/wp-json\/wp\/v2\/media?parent=15897"}],"wp:term":[{"taxonomy":"product_brand","embeddable":true,"href":"https:\/\/com-automotive.com\/es\/wp-json\/wp\/v2\/product_brand?post=15897"},{"taxonomy":"product_cat","embeddable":true,"href":"https:\/\/com-automotive.com\/es\/wp-json\/wp\/v2\/product_cat?post=15897"},{"taxonomy":"product_tag","embeddable":true,"href":"https:\/\/com-automotive.com\/es\/wp-json\/wp\/v2\/product_tag?post=15897"}],"curies":[{"name":"wp","href":"https:\/\/api.w.org\/{rel}","templated":true}]}}