{"id":15884,"date":"2023-11-01T16:10:05","date_gmt":"2023-11-01T19:10:05","guid":{"rendered":"https:\/\/com-automotive.com\/motor-de-arranque-12v-10d-0001108421-para-jeep-renegade-fiat-toro-diesel\/"},"modified":"2023-11-01T16:10:05","modified_gmt":"2023-11-01T19:10:05","slug":"motor-de-arranque-12v-10d-0001108421-para-jeep-renegade-fiat-toro-diesel","status":"publish","type":"product","link":"https:\/\/com-automotive.com\/es\/motor-de-arranque-12v-10d-0001108421-para-jeep-renegade-fiat-toro-diesel\/","title":{"rendered":"Motor de arranque 12V 10D 0001108421 para Jeep Renegade Fiat Toro Diesel<span class=\"product-sku\" style=\"display: block; font-size: 0.85em; color: #777; margin-top: 5px; margin-bottom: 5px;\">SKU: 6000.8421-COM<\/span>"},"content":{"rendered":"<h1><strong>COM-AUTOMOTIVE, calidad de dise\u00f1o original.<\/strong><\/h1>\n<p>0001108421 Motor de arranque de 12 V y 10 dientes Dise\u00f1o: BOSCH SEG Tipo: RF74 &#8211; OEM: JEEP<\/p>\n<h2>Preguntas m\u00e1s frecuentes<\/h2>\n<h3><strong>\u00bfCu\u00e1les son las referencias cruzadas?<\/strong><\/h3>\n<p>Bosch 0001108421, 0001108420, Fiat 51787218, 0001108421, 51787218  <\/p>\n<h2><strong>Tabla de aplicaci\u00f3n<\/strong><\/h2>\n<p>Arrancador Fiat Diesel  <\/p>\n<p>APLICACI\u00d3N:<br \/>\nTORO 2.0 DIESEL de 2016 a -&gt;<br \/>\nTORO 2.4 FLEX de 2016 a -&gt;<br \/>\nRENEGADE 2.0 DIESEL de 2016 a -&gt;<\/p>\n<p>FUNCIONES:<br \/>\nKW: 1.4<br \/>\nDIENTES: 10<br \/>\nVOLTIOS: 12V<br \/>\nNOTA: MOTOR DIESEL<\/p>\n<p>ATENCI\u00d3N:<br \/>\nRecomendamos que la instalaci\u00f3n la realice un profesional formado y especializado.<br \/>\nS\u00f3lo compra este producto si est\u00e1s seguro de que es compatible con tu veh\u00edculo. Si tienes alguna duda, no dudes en ponerte en contacto con nosotros. Nuestro horario de apertura es de lunes a viernes de 8 a 18 h.<\/p>\n<p>Sobre nosotros<br \/>\nCOM Automotive est\u00e1 especializada en piezas de autom\u00f3vil de dise\u00f1o original para el sector de la reparaci\u00f3n posventa, clientes industriales y fabricantes de veh\u00edculos especiales OEM.<br \/>\nNuestro equipo tiene m\u00e1s de 28 a\u00f1os de experiencia en la fabricaci\u00f3n y el suministro de piezas de automoci\u00f3n a escala mundial.<br \/>\nNuestra MISI\u00d3N es ofrecer productos de dise\u00f1o original con una calidad impecable y una sustituci\u00f3n personalizada.<br \/>\nNuestra VISI\u00d3N es promover el crecimiento y un valor inigualable para nuestros clientes.<\/p>\n","protected":false},"excerpt":{"rendered":"<p>0001108421-COM. En stock. Ref: 0001108420 , 0001108421, 51787218, 51787218F109, 0001108450, 0001108451, 0001108420, 0001108451, 0001108456, 0001108457, ZEN 31037, EURO 20593, DITA 20368 &#8211; compatible con: JEEP. Marca: COM Automotive &#8211; Producto con calidad y dise\u00f1o originales. Compatible con Bosch<\/p>\n","protected":false},"featured_media":18536,"comment_status":"open","ping_status":"closed","template":"","meta":[],"product_brand":[],"product_cat":[8119],"product_tag":[],"class_list":{"0":"post-15884","1":"product","2":"type-product","3":"status-publish","4":"has-post-thumbnail","6":"product_cat-motor-de-arranque","8":"first","9":"instock","10":"taxable","11":"shipping-taxable","12":"purchasable","13":"product-type-simple"},"_links":{"self":[{"href":"https:\/\/com-automotive.com\/es\/wp-json\/wp\/v2\/product\/15884","targetHints":{"allow":["GET"]}}],"collection":[{"href":"https:\/\/com-automotive.com\/es\/wp-json\/wp\/v2\/product"}],"about":[{"href":"https:\/\/com-automotive.com\/es\/wp-json\/wp\/v2\/types\/product"}],"replies":[{"embeddable":true,"href":"https:\/\/com-automotive.com\/es\/wp-json\/wp\/v2\/comments?post=15884"}],"wp:featuredmedia":[{"embeddable":true,"href":"https:\/\/com-automotive.com\/es\/wp-json\/wp\/v2\/media\/18536"}],"wp:attachment":[{"href":"https:\/\/com-automotive.com\/es\/wp-json\/wp\/v2\/media?parent=15884"}],"wp:term":[{"taxonomy":"product_brand","embeddable":true,"href":"https:\/\/com-automotive.com\/es\/wp-json\/wp\/v2\/product_brand?post=15884"},{"taxonomy":"product_cat","embeddable":true,"href":"https:\/\/com-automotive.com\/es\/wp-json\/wp\/v2\/product_cat?post=15884"},{"taxonomy":"product_tag","embeddable":true,"href":"https:\/\/com-automotive.com\/es\/wp-json\/wp\/v2\/product_tag?post=15884"}],"curies":[{"name":"wp","href":"https:\/\/api.w.org\/{rel}","templated":true}]}}