{"id":15873,"date":"2023-11-17T12:45:54","date_gmt":"2023-11-17T15:45:54","guid":{"rendered":"https:\/\/com-automotive.com\/interruptor-magnetico-2339345121-12v-argo-1-0-1-3-firefly-despues-de-2017-cronos-1-3-firefly-despues-de-2017-uno-1-0-1-3-luciernaga-despues-de-2016-solenoide-automatico\/"},"modified":"2023-11-17T12:45:54","modified_gmt":"2023-11-17T15:45:54","slug":"interruptor-magnetico-2339345121-12v-argo-1-0-1-3-firefly-despues-de-2017-cronos-1-3-firefly-despues-de-2017-uno-1-0-1-3-luciernaga-despues-de-2016-solenoide-automatico","status":"publish","type":"product","link":"https:\/\/com-automotive.com\/es\/interruptor-magnetico-2339345121-12v-argo-1-0-1-3-firefly-despues-de-2017-cronos-1-3-firefly-despues-de-2017-uno-1-0-1-3-luciernaga-despues-de-2016-solenoide-automatico\/","title":{"rendered":"INTERRUPTOR MAGN\u00c9TICO 2339345121 12V ARGO 1.0 1.3 FIREFLY DESPU\u00c9S DE 2017 CRONOS 1.3 FIREFLY DESPU\u00c9S DE 2017 UNO 1.0 1.3 LUCI\u00c9RNAGA DESPU\u00c9S DE 2016 SOLENOIDE AUTOM\u00c1TICO<span class=\"product-sku\" style=\"display: block; font-size: 0.85em; color: #777; margin-top: 5px; margin-bottom: 5px;\">SKU: 6100.5121-COM<\/span>"},"content":{"rendered":"<h1><strong>COM-AUTOMOTIVE, calidad de dise\u00f1o original.<\/strong><\/h1>\n<p>12V ARGO 1.0 1.3 FIREFLY DESPU\u00c9S DE 2017 CHRONOS 1.3 FIREFLY DESPU\u00c9S DE 2017 UNO 1.0 1.3 FIREFLY DESPU\u00c9S DE 2016<\/p>\n<h2>Preguntas m\u00e1s frecuentes<\/h2>\n<h3><strong>\u00bfCu\u00e1les son las referencias cruzadas?<\/strong><\/h3>\n<p>2339345121, 2339345121<\/p>\n<h2><strong>Tabla de aplicaci\u00f3n<\/strong><\/h2>\n<p>ARRANCADOR: 0001.194.065 (FIAT ARGO DRIVE G-1, FIREFLY FIREFLY 1.0 L 6V SOHC L3 FLEX, 2017-2021.<br \/>\nFIAT UNO ATTRACTIVE G-3, FIREFLY 1.0 L 6V SOHC L3 FLEX, 2016-2021.<br \/>\nFIAT CRONOS DRIVE 1.3 G-1, FIREFLY FIREFLY 1.3 L 8V SOHC L4 FLEX, 2018-2021.<br \/>\nFIAT UNO WAY G-3, FIREFLY 1.0 L 6V SOHC L3 FLEX, 2016-2021.<br \/>\nFIAT ARGO 1.0 G-1, FIREFLY FIREFLY 1.0 L 6V SOHC L3 FLEX, 2019-2021.<br \/>\nFIAT UNO WAY 1.3 G-3, FIREFLY 1.3 L 8V SOHC L4 FLEX, 2016-2021.<br \/>\nFIAT UNO WAY 1.3 DUALOGIC G-3, FIREFLY 1.3 L 8V SOHC L4 FLEX, 2016-2019.<br \/>\nFIAT CRONOS 1.3 G-1, FIREFLY FIREFLY 1.3 L 8V SOHC L4 FLEX, 2018-2021.<br \/>\nFIAT CRONOS DRIVE 1.3 GSR G-1, FIREFLY FIREFLY 1.3 L 8V SOHC L4 FLEX, 2018-2021.<br \/>\nFIAT UNO SPORTING 1.3 G-3, FIREFLY 1.3 L 8V SOHC L4 FLEX, 2016-2019.<br \/>\nFIAT UNO SPORTING 1.3 DUALOGIC G-3, FIREFLY 1.3 L 8V SOHC L4 FLEX, 2016-2019.<br \/>\nFIAT UNO DRIVE G-3, FIREFLY 1.0 L 6V SOHC L3 FLEX, 2019-2021.<br \/>\nFIAT ARGO SELECTION G-1, FIREFLY 1.0 L 6V SOHC L3 FLEX, 2019-2019. )<\/p>\n<p>0001.194.025<br \/>\nFIAT: 52199408<\/p>\n","protected":false},"excerpt":{"rendered":"<p>INTERRUPTOR MAGN\u00c9TICO 2339345121 ZM3281 ZM 3281 12V ARGO 1.0 1.3 LUCI\u00c9RNAGA DESPU\u00c9S DE 2017 CRONOS 1.3 LUCI\u00c9RNAGA DESPU\u00c9S DE 2017 UNO 1.0 1.3 LUCI\u00c9RNAGA DESPU\u00c9S DE 2016 SOLENOIDE AUTOM\u00c1TICO<\/p>\n","protected":false},"featured_media":20837,"comment_status":"open","ping_status":"closed","template":"","meta":[],"product_brand":[],"product_cat":[8496],"product_tag":[12783,12785,14172,37242,14168],"class_list":{"0":"post-15873","1":"product","2":"type-product","3":"status-publish","4":"has-post-thumbnail","6":"product_cat-solenoide","7":"product_tag-0001194019-es","8":"product_tag-0001194020-es","9":"product_tag-2339345121-es","10":"product_tag-4380003370-es","11":"product_tag-zm-3281-es","13":"first","14":"instock","15":"taxable","16":"shipping-taxable","17":"purchasable","18":"product-type-simple"},"_links":{"self":[{"href":"https:\/\/com-automotive.com\/es\/wp-json\/wp\/v2\/product\/15873","targetHints":{"allow":["GET"]}}],"collection":[{"href":"https:\/\/com-automotive.com\/es\/wp-json\/wp\/v2\/product"}],"about":[{"href":"https:\/\/com-automotive.com\/es\/wp-json\/wp\/v2\/types\/product"}],"replies":[{"embeddable":true,"href":"https:\/\/com-automotive.com\/es\/wp-json\/wp\/v2\/comments?post=15873"}],"wp:featuredmedia":[{"embeddable":true,"href":"https:\/\/com-automotive.com\/es\/wp-json\/wp\/v2\/media\/20837"}],"wp:attachment":[{"href":"https:\/\/com-automotive.com\/es\/wp-json\/wp\/v2\/media?parent=15873"}],"wp:term":[{"taxonomy":"product_brand","embeddable":true,"href":"https:\/\/com-automotive.com\/es\/wp-json\/wp\/v2\/product_brand?post=15873"},{"taxonomy":"product_cat","embeddable":true,"href":"https:\/\/com-automotive.com\/es\/wp-json\/wp\/v2\/product_cat?post=15873"},{"taxonomy":"product_tag","embeddable":true,"href":"https:\/\/com-automotive.com\/es\/wp-json\/wp\/v2\/product_tag?post=15873"}],"curies":[{"name":"wp","href":"https:\/\/api.w.org\/{rel}","templated":true}]}}