{"id":15854,"date":"2023-12-28T17:33:17","date_gmt":"2023-12-28T20:33:17","guid":{"rendered":"https:\/\/com-automotive.com\/motor-de-arranque-de-24v-7-5kw-10t-1280002560-komats-cummins-sansung\/"},"modified":"2023-12-28T17:33:17","modified_gmt":"2023-12-28T20:33:17","slug":"motor-de-arranque-de-24v-7-5kw-10t-1280002560-komats-cummins-sansung","status":"publish","type":"product","link":"https:\/\/com-automotive.com\/es\/motor-de-arranque-de-24v-7-5kw-10t-1280002560-komats-cummins-sansung\/","title":{"rendered":"Motor de arranque de 24V 7.5Kw 10T 1280002560 Komats Cummins Sansung<span class=\"product-sku\" style=\"display: block; font-size: 0.85em; color: #777; margin-top: 5px; margin-bottom: 5px;\">SKU: 6000.2560-COM<\/span>"},"content":{"rendered":"<h1><strong>COM-AUTOMOTIVE, calidad de dise\u00f1o original.<\/strong><\/h1>\n<p>Komatsu PC200-8 PC220 GD555 GD655 Cummins Sansung SE170 SE210 CAJA 855 Original: 128000256 \/ 3282626 \/ 3675249 \/ 3924466 \/ 6008635110 \/ 600-863-5110 \/ 600-863-5111 \/ 6008635111 \/ 6736814210<\/p>\n<h2>Preguntas m\u00e1s frecuentes<\/h2>\n<h3><strong>\u00bfCu\u00e1les son las referencias cruzadas?<\/strong><\/h3>\n<p>1280002561, 1280002562, K600863511, LE13050082, 1280002561, 1280002562, 600863511, 6008635110, 6008635111, 1987566C1, 187566C1, D129494, 1280002561, 1280002562, 1280002563, 2280002200, 1280002562, 1280002561, 2280002201, 2280005110, 2280005000, 2280005001, 2280005002, 2280005003, 2280005050, 2280005052, ZEN 34016, ZM 8014102<\/p>\n<h2><strong>Tabla de aplicaci\u00f3n<\/strong><\/h2>\n<p>Motor de arranque de 24V 7.5kw 10T 1280002560 Komats Cummins Sansung<\/p>\n<div><\/div>\n<div>ATENCI\u00d3N:<\/div>\n<div>Recomendamos que la instalaci\u00f3n la realice un profesional formado y especializado.<\/div>\n<div>S\u00f3lo compra este producto si est\u00e1s seguro de que es compatible con tu veh\u00edculo. Si tienes alguna duda, no dudes en ponerte en contacto con nosotros. Nuestro horario de apertura es de lunes a viernes de 8 a 18 h.<\/div>\n<div><\/div>\n<div>Sobre nosotros<\/div>\n<div>COM Automotive est\u00e1 especializada en piezas de autom\u00f3vil de dise\u00f1o original para el sector de la reparaci\u00f3n posventa, clientes industriales y fabricantes de veh\u00edculos especiales OEM.<\/div>\n<div>Nuestro equipo tiene m\u00e1s de 28 a\u00f1os de experiencia en la fabricaci\u00f3n y el suministro de piezas de automoci\u00f3n a escala mundial.<\/div>\n<div>Nuestra MISI\u00d3N es ofrecer productos de dise\u00f1o original con una calidad impecable y una sustituci\u00f3n personalizada.<\/div>\n<div>Nuestra VISI\u00d3N es promover el crecimiento y un valor inigualable para nuestros clientes.<\/div>\n","protected":false},"excerpt":{"rendered":"<p>1280002560-COM. En stock. Ref: 1280002561, 1280002562, K600863511, LE13050082, 1280002560, 1280002561, 1280002562, 6008635110, 6008635111, 1987566C1, 187566C1, D129494, 1280002560, 1280002561, 1280002562, 1280002563, 2280002200, 1280002562, 1280002561, 1280002560, 2280002201, 2280005110, 2280005000, 2280005001, 2280005002, 2280005003, 2280005050, 2280005052, ZEN 34016, ZM 8014102 &#8211; compatible con: New Holland. Marca: COM Automotive &#8211; Producto con calidad y dise\u00f1o originales. Compatible con Denso<\/p>\n","protected":false},"featured_media":18950,"comment_status":"open","ping_status":"closed","template":"","meta":[],"product_brand":[],"product_cat":[8119],"product_tag":[14050,14046,14047,14057,14055,14054,14058,14059,14061,14062,14063,14064,14065,14066,14060,14052,14053,14056,14048,14049,14068],"class_list":{"0":"post-15854","1":"product","2":"type-product","3":"status-publish","4":"has-post-thumbnail","6":"product_cat-motor-de-arranque","7":"product_tag-1280002560-es","8":"product_tag-1280002561-es","9":"product_tag-1280002562-es","10":"product_tag-1280002563-es","11":"product_tag-187566c1-es","12":"product_tag-1987566c1-es","13":"product_tag-2280002200-es","14":"product_tag-2280002201-es","15":"product_tag-2280005000-es","16":"product_tag-2280005001-es","17":"product_tag-2280005002-es","18":"product_tag-2280005003-es","19":"product_tag-2280005050-es","20":"product_tag-2280005052-es","21":"product_tag-2280005110-es","22":"product_tag-6008635110-es","23":"product_tag-6008635111-es","24":"product_tag-d129494-es","25":"product_tag-k600863511-es","26":"product_tag-le13050082-es","27":"product_tag-zm-8014102-es","29":"first","30":"instock","31":"taxable","32":"shipping-taxable","33":"purchasable","34":"product-type-simple"},"_links":{"self":[{"href":"https:\/\/com-automotive.com\/es\/wp-json\/wp\/v2\/product\/15854","targetHints":{"allow":["GET"]}}],"collection":[{"href":"https:\/\/com-automotive.com\/es\/wp-json\/wp\/v2\/product"}],"about":[{"href":"https:\/\/com-automotive.com\/es\/wp-json\/wp\/v2\/types\/product"}],"replies":[{"embeddable":true,"href":"https:\/\/com-automotive.com\/es\/wp-json\/wp\/v2\/comments?post=15854"}],"wp:featuredmedia":[{"embeddable":true,"href":"https:\/\/com-automotive.com\/es\/wp-json\/wp\/v2\/media\/18950"}],"wp:attachment":[{"href":"https:\/\/com-automotive.com\/es\/wp-json\/wp\/v2\/media?parent=15854"}],"wp:term":[{"taxonomy":"product_brand","embeddable":true,"href":"https:\/\/com-automotive.com\/es\/wp-json\/wp\/v2\/product_brand?post=15854"},{"taxonomy":"product_cat","embeddable":true,"href":"https:\/\/com-automotive.com\/es\/wp-json\/wp\/v2\/product_cat?post=15854"},{"taxonomy":"product_tag","embeddable":true,"href":"https:\/\/com-automotive.com\/es\/wp-json\/wp\/v2\/product_tag?post=15854"}],"curies":[{"name":"wp","href":"https:\/\/api.w.org\/{rel}","templated":true}]}}