{"id":15850,"date":"2023-11-01T16:16:20","date_gmt":"2023-11-01T19:16:20","guid":{"rendered":"https:\/\/com-automotive.com\/motor-de-arranque-de-12v-10d-0001250003-0001250004-5801577138-para-caja-de-tractor\/"},"modified":"2024-06-02T12:40:24","modified_gmt":"2024-06-02T15:40:24","slug":"motor-de-arranque-de-12v-10d-0001250003-0001250004-5801577138-para-caja-de-tractor","status":"publish","type":"product","link":"https:\/\/com-automotive.com\/es\/motor-de-arranque-de-12v-10d-0001250003-0001250004-5801577138-para-caja-de-tractor\/","title":{"rendered":"Motor de arranque de 12V 10D 0001250003 0001250004 5801577138 para caja de tractor<span class=\"product-sku\" style=\"display: block; font-size: 0.85em; color: #777; margin-top: 5px; margin-bottom: 5px;\">SKU: 6000.0004-COM<\/span>"},"content":{"rendered":"<h1><strong>COM-AUTOMOTIVE, calidad de dise\u00f1o original.<\/strong><\/h1>\n<p>0001250004 Motor de arranque HX87-M de dise\u00f1o 12V 2KW 10D para tractor Case NewHolland FHP<\/p>\n<h2>Preguntas m\u00e1s frecuentes<\/h2>\n<h3><strong>\u00bfCu\u00e1les son las referencias cruzadas?<\/strong><\/h3>\n<p>0001250004, 0001250003, 5801577138, 0001230020, 0001230021, 0001250001, 0001262020, 0001262021, 0001262022, 0001230020, 0001230021, 0001250001, 5801577137, isk11132260, IS1109, MS168, 0001250002, 47137534, 47137538, 84208903, 87337538, 0001250004SG, 0001250003, 5801577138, 504036476, 504357110, 0001262022<\/p>\n<h2><strong>Tabla de aplicaci\u00f3n<\/strong><\/h2>\n<table width=\"623\">\n<tbody>\n<tr>\n<td width=\"623\">CASE IH PUMA 185, FPT INDUSTRIALDIESEL, 2015-2022.<\/td>\n<\/tr>\n<tr>\n<td>CASE IH PUMA 170 SEMI-POWERSHIFT, FPT INDUSTRIALDIESEL, 2015-2022.<\/td>\n<\/tr>\n<tr>\n<td>ESTUCHE IH PUMA 170, FPT INDUSTRIAL 6.7L 12V SOHV L6 DIESEL, 2014-2022.<\/td>\n<\/tr>\n<tr>\n<td>CASE IH PUMA 185 4X4, FPT INDUSTRIAL 6.7 L 12V SOHV L6 DIESEL, 2013-2022.<\/td>\n<\/tr>\n<tr>\n<td>CASE IH PUMA 185, FPT INDUSTRIAL 6.7L 12V SOHV L6 DIESEL, 2014-2022.<\/td>\n<\/tr>\n<tr>\n<td>CASE IH PUMA 170, FPT INDUSTRIALDIESEL, 2016-2022.<\/td>\n<\/tr>\n<tr>\n<td>CASE IH PUMA 185 SEMI-POWERSHIFT, FPT INDUSTRIALDIESEL, 2016-2022.<\/td>\n<\/tr>\n<tr>\n<td>CASE IH PUMA 200, FPT INDUSTRIAL N67 NEF 6 6.7L 12V SOHV L6 DIESEL, 2016-2022.<\/td>\n<\/tr>\n<tr>\n<td>ESTUCHE IH PUMA 215, FPT INDUSTRIAL N67 NEF 6 6.7L 12V SOHV L6 DIESEL, 2016-2022.<\/td>\n<\/tr>\n<tr>\n<td>ESTUCHE IH PUMA 230, FPT INDUSTRIAL N67 NEF 6 6.7L 12V SOHV L6 DIESEL, 2016-2022.<\/td>\n<\/tr>\n<tr>\n<td>CASE IH PUMA 230, FPT INDUSTRIALDIESEL, 2015-2022.<\/td>\n<\/tr>\n<tr>\n<td>CASE FARMLIFT 735, CASEDIESEL,<\/td>\n<\/tr>\n<tr>\n<td>CAJA JX1080 U, CAJA 4.5L DIESEL, 2004-2008.<\/td>\n<\/tr>\n<tr>\n<td>CAJA JX1085 C, CNH 4.5L DIESEL,<\/td>\n<\/tr>\n<tr>\n<td>CAJA JX1095, CNH 4.5L DIESEL,<\/td>\n<\/tr>\n<tr>\n<td>ESTUCHE JX90, ESTUCHE DIESEL 3.9L,<\/td>\n<\/tr>\n<tr>\n<td>CAJA JX95,3.9L DIESEL, 2002-2009.<\/td>\n<\/tr>\n<tr>\n<td>CAJA JXU 105, CAJA DI\u00c9SEL DE 4,5 L,<\/td>\n<\/tr>\n<tr>\n<td>ESTUCHE JXU 85, ESTUCHE 4.5L DIESEL, 2008-2012.<\/td>\n<\/tr>\n<tr>\n<td>ESTUCHE JXU 95, IVECO 4.5L DIESEL,<\/td>\n<\/tr>\n<tr>\n<td>CASE MAXXUM 100, CUMMINS 5.9L DIESEL,<\/td>\n<\/tr>\n<tr>\n<td>CASE MAXXUM 110, FPT 4.5L DIESEL,<\/td>\n<\/tr>\n<tr>\n<td>CASE MAXXUM 115, FPT 6.7L DIESEL, 2007-*.<\/td>\n<\/tr>\n<tr>\n<td>CASE MAXXUM 120, FPT 4.5L DIESEL, 2007-2014.<\/td>\n<\/tr>\n<tr>\n<td>CASE MAXXUM130, FPT 4.5L DIESEL, 2007-2014.<\/td>\n<\/tr>\n<tr>\n<td>CASO MAXXUM175, FPT 6.7L DIESEL, 2002-2007.<\/td>\n<\/tr>\n<tr>\n<td>CAJA MXU 100, CNH 4.5L DIESEL, 2004-2006.<\/td>\n<\/tr>\n<tr>\n<td>CAJA MXU 110, CNH 4.5L DIESEL, 2004-2006.<\/td>\n<\/tr>\n<tr>\n<td>CAJA MXU 115, CNH 6.7L DIESEL, 2005-2006.<\/td>\n<\/tr>\n<tr>\n<td>ESTUCHE PUMA 130, ESTUCHE 6.7L DIESEL, 2011-2013.<\/td>\n<\/tr>\n<tr>\n<td>ESTUCHE PUMA 145, ESTUCHE 6.7L DIESEL, 2011-2013.<\/td>\n<\/tr>\n<tr>\n<td>ESTUCHE PUMA 150, ESTUCHE DI\u00c9SEL 6.7L, 2014-*.<\/td>\n<\/tr>\n<tr>\n<td>ESTUCHE PUMA 160, ESTUCHE 6.7L DIESEL, 2011-2013.<\/td>\n<\/tr>\n<tr>\n<td>ESTUCHE PUMA 175, ESTUCHE DI\u00c9SEL 6.7L, 2017-2020.<\/td>\n<\/tr>\n<tr>\n<td>CASE QUANTUM 105, CASEDIESEL,<\/td>\n<\/tr>\n<tr>\n<td>CASE QUANTUM 85, CASEDIESEL<\/td>\n<\/tr>\n<\/tbody>\n<\/table>\n<div><\/div>\n<div>ATENCI\u00d3N:<\/div>\n<div>Recomendamos que la instalaci\u00f3n la realice un profesional formado y especializado.<\/div>\n<div>S\u00f3lo compra este producto si est\u00e1s seguro de que es compatible con tu veh\u00edculo. Si tienes alguna duda, no dudes en ponerte en contacto con nosotros. Nuestro horario de apertura es de lunes a viernes de 8 a 18 h.<\/div>\n<div><\/div>\n<div>Sobre nosotros<\/div>\n<div>COM Automotive est\u00e1 especializada en piezas de autom\u00f3vil de dise\u00f1o original para el sector de la reparaci\u00f3n posventa, clientes industriales y fabricantes de veh\u00edculos especiales OEM.<\/div>\n<div>Nuestro equipo tiene m\u00e1s de 28 a\u00f1os de experiencia en la fabricaci\u00f3n y el suministro de piezas de automoci\u00f3n a escala mundial.<\/div>\n<div>Nuestra MISI\u00d3N es ofrecer productos de dise\u00f1o original con una calidad impecable y una sustituci\u00f3n personalizada.<\/div>\n<div>Nuestra VISI\u00d3N es promover el crecimiento y un valor inigualable para nuestros clientes.<\/div>\n","protected":false},"excerpt":{"rendered":"<p>0001250004-COM. En stock. Ref: 0001250004, 0001250003, 5801577138, 2280005640, 2280005641, ZM 8014103, EURO 20651, DITA 20509 &#8211; compatible con: IVECO. Marca: COM Automotive &#8211; Producto con calidad y dise\u00f1o originales. Compatible con Bosch<\/p>\n","protected":false},"featured_media":18633,"comment_status":"open","ping_status":"closed","template":"","meta":[],"product_brand":[],"product_cat":[8119],"product_tag":[14005,14003,33323,33324,14007,33328,14018,33325,33326],"class_list":{"0":"post-15850","1":"product","2":"type-product","3":"status-publish","4":"has-post-thumbnail","6":"product_cat-motor-de-arranque","7":"product_tag-0001250003-es","8":"product_tag-0001250004-es","9":"product_tag-2280005640-es","10":"product_tag-2280005641-es","11":"product_tag-5801577138-es","12":"product_tag-dita-20509-es","13":"product_tag-ms168-es","14":"product_tag-zen-34007-es","15":"product_tag-zm-8014103-es","17":"first","18":"instock","19":"taxable","20":"shipping-taxable","21":"purchasable","22":"product-type-simple"},"_links":{"self":[{"href":"https:\/\/com-automotive.com\/es\/wp-json\/wp\/v2\/product\/15850","targetHints":{"allow":["GET"]}}],"collection":[{"href":"https:\/\/com-automotive.com\/es\/wp-json\/wp\/v2\/product"}],"about":[{"href":"https:\/\/com-automotive.com\/es\/wp-json\/wp\/v2\/types\/product"}],"replies":[{"embeddable":true,"href":"https:\/\/com-automotive.com\/es\/wp-json\/wp\/v2\/comments?post=15850"}],"wp:featuredmedia":[{"embeddable":true,"href":"https:\/\/com-automotive.com\/es\/wp-json\/wp\/v2\/media\/18633"}],"wp:attachment":[{"href":"https:\/\/com-automotive.com\/es\/wp-json\/wp\/v2\/media?parent=15850"}],"wp:term":[{"taxonomy":"product_brand","embeddable":true,"href":"https:\/\/com-automotive.com\/es\/wp-json\/wp\/v2\/product_brand?post=15850"},{"taxonomy":"product_cat","embeddable":true,"href":"https:\/\/com-automotive.com\/es\/wp-json\/wp\/v2\/product_cat?post=15850"},{"taxonomy":"product_tag","embeddable":true,"href":"https:\/\/com-automotive.com\/es\/wp-json\/wp\/v2\/product_tag?post=15850"}],"curies":[{"name":"wp","href":"https:\/\/api.w.org\/{rel}","templated":true}]}}