{"id":15849,"date":"2023-12-28T17:33:25","date_gmt":"2023-12-28T20:33:25","guid":{"rendered":"https:\/\/com-automotive.com\/motor-de-arranque-sprinter-acello-de-12-v-10t-0001109250-a0051511301-495116-mb\/"},"modified":"2023-12-28T17:33:25","modified_gmt":"2023-12-28T20:33:25","slug":"motor-de-arranque-sprinter-acello-de-12-v-10t-0001109250-a0051511301-495116-mb","status":"publish","type":"product","link":"https:\/\/com-automotive.com\/es\/motor-de-arranque-sprinter-acello-de-12-v-10t-0001109250-a0051511301-495116-mb\/","title":{"rendered":"Motor de arranque Sprinter Acello de 12 V 10T 0001109250 A0051511301 495116 MB<span class=\"product-sku\" style=\"display: block; font-size: 0.85em; color: #777; margin-top: 5px; margin-bottom: 5px;\">SKU: 6000.9290-COM<\/span>"},"content":{"rendered":"<h1><strong>COM-AUTOMOTIVE, calidad de dise\u00f1o original.<\/strong><\/h1>\n<p>MERCEDES Sprinter CDI 2003&gt; MBB Acello OM612 0051511301 A0051511301<\/p>\n<h2>Preguntas m\u00e1s frecuentes<\/h2>\n<h3><strong>\u00bfCu\u00e1les son las referencias cruzadas?<\/strong><\/h3>\n<h2><strong>Tabla de aplicaci\u00f3n<\/strong><\/h2>\n<p>Mercedes-Benz Sprinter 311CDI (01\/01&gt;01\/04) \/ Sprinter 313CDI (01\/01&gt;01\/12) \/ Sprinter 413CDI (01\/01&gt;01\/12) \/ Sprinter 415CDI (11&gt;) \/ Sprinter 515CDI (11&gt;)\/ Motor Accelo 715C OM612LA (3\/1&gt;01\/05)<\/p>\n<div><\/div>\n<div>ATENCI\u00d3N:<\/div>\n<div>Recomendamos que la instalaci\u00f3n la realice un profesional formado y especializado.<\/div>\n<div>S\u00f3lo compra este producto si est\u00e1s seguro de que es compatible con tu veh\u00edculo. Si tienes alguna duda, no dudes en ponerte en contacto con nosotros. Nuestro horario de apertura es de lunes a viernes de 8 a 18 h.<\/div>\n<div><\/div>\n<div>Sobre nosotros<\/div>\n<div>COM Automotive est\u00e1 especializada en piezas de autom\u00f3vil de dise\u00f1o original para el sector de la reparaci\u00f3n posventa, clientes industriales y fabricantes de veh\u00edculos especiales OEM.<\/div>\n<div>Nuestro equipo tiene m\u00e1s de 28 a\u00f1os de experiencia en la fabricaci\u00f3n y el suministro de piezas de automoci\u00f3n a escala mundial.<\/div>\n<div>Nuestra MISI\u00d3N es ofrecer productos de dise\u00f1o original con una calidad impecable y una sustituci\u00f3n personalizada.<\/div>\n<div>Nuestra VISI\u00d3N es promover el crecimiento y un valor inigualable para nuestros clientes.<\/div>\n","protected":false},"excerpt":{"rendered":"<p>0001109290-COM. En stock. Ref: 0001109290, 0001109250, 51516601, F042002065, 0001109014, 0001109036, 0001109014, 0001109250, 0001109290, 0001110112, 0001218162, 0001218760, 0001223005, 432644 &#8211; D7R46, ZEN 35004, ZM 8011002, EURO 20525 &#8211; compatible con: Mercedes. Marca: COM Automotive &#8211; Producto con calidad y dise\u00f1o originales. Compatible con Bosch<\/p>\n","protected":false},"featured_media":19193,"comment_status":"open","ping_status":"closed","template":"","meta":[],"product_brand":[],"product_cat":[8119],"product_tag":[13992,13994,13961,13957,13996,13998,14000,14001,13965,14010,13990,14006,14008],"class_list":{"0":"post-15849","1":"product","2":"type-product","3":"status-publish","4":"has-post-thumbnail","6":"product_cat-motor-de-arranque","7":"product_tag-0001109014-es","8":"product_tag-0001109036-es","9":"product_tag-0001109250-es","10":"product_tag-0001109290-es","11":"product_tag-0001110112-es","12":"product_tag-0001218162-es","13":"product_tag-0001218760-es","14":"product_tag-0001223005-es","15":"product_tag-51516601-es","16":"product_tag-euro-20525-es","17":"product_tag-f042002065-es","18":"product_tag-zen-35004-es","19":"product_tag-zm-8011002-es","21":"first","22":"instock","23":"taxable","24":"shipping-taxable","25":"purchasable","26":"product-type-simple"},"_links":{"self":[{"href":"https:\/\/com-automotive.com\/es\/wp-json\/wp\/v2\/product\/15849","targetHints":{"allow":["GET"]}}],"collection":[{"href":"https:\/\/com-automotive.com\/es\/wp-json\/wp\/v2\/product"}],"about":[{"href":"https:\/\/com-automotive.com\/es\/wp-json\/wp\/v2\/types\/product"}],"replies":[{"embeddable":true,"href":"https:\/\/com-automotive.com\/es\/wp-json\/wp\/v2\/comments?post=15849"}],"wp:featuredmedia":[{"embeddable":true,"href":"https:\/\/com-automotive.com\/es\/wp-json\/wp\/v2\/media\/19193"}],"wp:attachment":[{"href":"https:\/\/com-automotive.com\/es\/wp-json\/wp\/v2\/media?parent=15849"}],"wp:term":[{"taxonomy":"product_brand","embeddable":true,"href":"https:\/\/com-automotive.com\/es\/wp-json\/wp\/v2\/product_brand?post=15849"},{"taxonomy":"product_cat","embeddable":true,"href":"https:\/\/com-automotive.com\/es\/wp-json\/wp\/v2\/product_cat?post=15849"},{"taxonomy":"product_tag","embeddable":true,"href":"https:\/\/com-automotive.com\/es\/wp-json\/wp\/v2\/product_tag?post=15849"}],"curies":[{"name":"wp","href":"https:\/\/api.w.org\/{rel}","templated":true}]}}