{"id":15847,"date":"2023-12-28T17:33:35","date_gmt":"2023-12-28T20:33:35","guid":{"rendered":"https:\/\/com-automotive.com\/motor-de-arranque-de-2280001350-12v-10t-para-retroexcavadora-caterpillar\/"},"modified":"2024-06-02T12:39:24","modified_gmt":"2024-06-02T15:39:24","slug":"motor-de-arranque-de-2280001350-12v-10t-para-retroexcavadora-caterpillar","status":"publish","type":"product","link":"https:\/\/com-automotive.com\/es\/motor-de-arranque-de-2280001350-12v-10t-para-retroexcavadora-caterpillar\/","title":{"rendered":"Motor de arranque de 2280001350 12v 10T para retroexcavadora Caterpillar<span class=\"product-sku\" style=\"display: block; font-size: 0.85em; color: #777; margin-top: 5px; margin-bottom: 5px;\">SKU: 6000.1350-COM<\/span>"},"content":{"rendered":"<h1><strong>COM-AUTOMOTIVE, calidad de dise\u00f1o original.<\/strong><\/h1>\n<h2>Preguntas m\u00e1s frecuentes<\/h2>\n<h3><strong>\u00bfCu\u00e1les son las referencias cruzadas?<\/strong><\/h3>\n<p>2873K409, 1121767, 1420539, 1430538, 1430539, 3E7905, 6V0492, OR4316, OR4319, 2280001422, 2280001351, 2280001352, 2280001420, 2280001421, 2280001422, ZM 8014008, EURO 20635<\/p>\n<h2><strong>Tabla de aplicaci\u00f3n<\/strong><\/h2>\n<p>RETROEXCAVADORA CATERPILLAR 414E 416B 416C 420D 422E 424 428 1992&gt;2006<\/p>\n<div><\/div>\n<div>ATENCI\u00d3N:<\/div>\n<div>Recomendamos que la instalaci\u00f3n del 2280001350 sea realizada por un profesional capacitado y especializado.<\/div>\n<div>Solo realiza la compra de este 2280001350 con la certeza de que es compatible con tu veh\u00edculo, si tienes alguna duda, no dudes en ponerte en contacto con nosotros. Nuestro horario de apertura es de lunes a viernes de 8 a 18 h.<\/div>\n<div><\/div>\n<div>Sobre nosotros<\/div>\n<div>COM Automotive est\u00e1 especializada en piezas de autom\u00f3vil de dise\u00f1o original para el sector de la reparaci\u00f3n posventa, clientes industriales y fabricantes de veh\u00edculos especiales OEM.<\/div>\n<div>Nuestro equipo tiene m\u00e1s de 28 a\u00f1os de experiencia en la fabricaci\u00f3n y el suministro de piezas de automoci\u00f3n a escala mundial.<\/div>\n<div>Nuestra MISI\u00d3N es ofrecer productos de dise\u00f1o original con una calidad impecable y una sustituci\u00f3n personalizada.<\/div>\n<div>Nuestra VISI\u00d3N es promover el crecimiento y un valor inigualable para nuestros clientes.<\/div>\n","protected":false},"excerpt":{"rendered":"<p>2280001350-COM. En stock. Ref: 2280001350, , 2873K409, 1121767, 1420539, 1430538, 1430539, 3E7905, 6V0492, OR4316, OR4319, 2280001422, 2280001350, 2280001351, 2280001352, 2280001420, 2280001421, 2280001422, ZM 8014008, EURO 20635 &#8211; compatible con: Caterpillar. Marca: COM Automotive &#8211; Producto con calidad y dise\u00f1o originales. Compatible con Denso<\/p>\n","protected":false},"featured_media":20707,"comment_status":"open","ping_status":"closed","template":"","meta":[],"product_brand":[],"product_cat":[8119],"product_tag":[13923,13926,13929,13933,13915,13956,13960,13964,13968,13953,13936,13940,13974,13944,13948,13971],"class_list":{"0":"post-15847","1":"product","2":"type-product","3":"status-publish","4":"has-post-thumbnail","6":"product_cat-motor-de-arranque","7":"product_tag-1121767-es","8":"product_tag-1420539-es","9":"product_tag-1430538-es","10":"product_tag-1430539-es","11":"product_tag-2280001350-es","12":"product_tag-2280001351-es","13":"product_tag-2280001352-es","14":"product_tag-2280001420-es","15":"product_tag-2280001421-es","16":"product_tag-2280001422-es","17":"product_tag-3e7905-es","18":"product_tag-6v0492-es","19":"product_tag-euro-20635-es","20":"product_tag-or4316-es","21":"product_tag-or4319-es","22":"product_tag-zm-8014008-es","24":"first","25":"instock","26":"taxable","27":"shipping-taxable","28":"purchasable","29":"product-type-simple"},"_links":{"self":[{"href":"https:\/\/com-automotive.com\/es\/wp-json\/wp\/v2\/product\/15847","targetHints":{"allow":["GET"]}}],"collection":[{"href":"https:\/\/com-automotive.com\/es\/wp-json\/wp\/v2\/product"}],"about":[{"href":"https:\/\/com-automotive.com\/es\/wp-json\/wp\/v2\/types\/product"}],"replies":[{"embeddable":true,"href":"https:\/\/com-automotive.com\/es\/wp-json\/wp\/v2\/comments?post=15847"}],"wp:featuredmedia":[{"embeddable":true,"href":"https:\/\/com-automotive.com\/es\/wp-json\/wp\/v2\/media\/20707"}],"wp:attachment":[{"href":"https:\/\/com-automotive.com\/es\/wp-json\/wp\/v2\/media?parent=15847"}],"wp:term":[{"taxonomy":"product_brand","embeddable":true,"href":"https:\/\/com-automotive.com\/es\/wp-json\/wp\/v2\/product_brand?post=15847"},{"taxonomy":"product_cat","embeddable":true,"href":"https:\/\/com-automotive.com\/es\/wp-json\/wp\/v2\/product_cat?post=15847"},{"taxonomy":"product_tag","embeddable":true,"href":"https:\/\/com-automotive.com\/es\/wp-json\/wp\/v2\/product_tag?post=15847"}],"curies":[{"name":"wp","href":"https:\/\/api.w.org\/{rel}","templated":true}]}}