{"id":15840,"date":"2023-12-28T17:33:36","date_gmt":"2023-12-28T20:33:36","guid":{"rendered":"https:\/\/com-automotive.com\/motor-de-arranque-m8t62471-24v-10t-para-volvo-vm-euro-5-2012\/"},"modified":"2023-12-28T17:33:36","modified_gmt":"2023-12-28T20:33:36","slug":"motor-de-arranque-m8t62471-24v-10t-para-volvo-vm-euro-5-2012","status":"publish","type":"product","link":"https:\/\/com-automotive.com\/es\/motor-de-arranque-m8t62471-24v-10t-para-volvo-vm-euro-5-2012\/","title":{"rendered":"Motor de arranque M8T62471 24V 10T para Volvo VM Euro 5 2012&gt;<span class=\"product-sku\" style=\"display: block; font-size: 0.85em; color: #777; margin-top: 5px; margin-bottom: 5px;\">SKU: 6000.62471-COM<\/span>"},"content":{"rendered":"<h1><strong>COM-AUTOMOTIVE, calidad de dise\u00f1o original.<\/strong><\/h1>\n<p>VOLVO VM260 VM220 VM270 VM310 VM330 2012&gt; Euro 5 Volvo B270 .<\/p>\n<h2>Preguntas m\u00e1s frecuentes<\/h2>\n<h3><strong>\u00bfCu\u00e1les son las referencias cruzadas?<\/strong><\/h3>\n<p>M008T62471, M8T62471, 20997663, 85000750, M8T62471, ZM 8089503, EURO 20666, DICTA 20523<\/p>\n<h2><strong>Tabla de aplicaci\u00f3n<\/strong><\/h2>\n<p>Motor de arranque 24V 10T M8T62471 VOLVO Euro 5<\/p>\n<div><\/div>\n<div>ATENCI\u00d3N:<\/div>\n<div>Recomendamos que la instalaci\u00f3n la realice un profesional formado y especializado.<\/div>\n<div>S\u00f3lo compra este producto si est\u00e1s seguro de que es compatible con tu veh\u00edculo. Si tienes alguna duda, no dudes en ponerte en contacto con nosotros. Nuestro horario de apertura es de lunes a viernes de 8 a 18 h.<\/div>\n<div><\/div>\n<div>Sobre nosotros<\/div>\n<div>COM Automotive est\u00e1 especializada en piezas de autom\u00f3vil de dise\u00f1o original para el sector de la reparaci\u00f3n posventa, clientes industriales y fabricantes de veh\u00edculos especiales OEM.<\/div>\n<div>Nuestro equipo tiene m\u00e1s de 28 a\u00f1os de experiencia en la fabricaci\u00f3n y el suministro de piezas de automoci\u00f3n a escala mundial.<\/div>\n<div>Nuestra MISI\u00d3N es ofrecer productos de dise\u00f1o original con una calidad impecable y una sustituci\u00f3n personalizada.<\/div>\n<div>Nuestra VISI\u00d3N es promover el crecimiento y un valor inigualable para nuestros clientes.<\/div>\n","protected":false},"excerpt":{"rendered":"<p>M8T62471-COM. En stock. Ref: M008T62471, M8T62471, 20997663, 85000750, M8T62471, ZM 8089503, EURO 20666, DITA 20523 &#8211; compatible con: Volvo. Marca: COM Automotive &#8211; Producto con calidad y dise\u00f1o originales. Compatible con Mitsubishi<\/p>\n","protected":false},"featured_media":19741,"comment_status":"open","ping_status":"closed","template":"","meta":[],"product_brand":[],"product_cat":[8119],"product_tag":[13859,13861,13867,13855,13857,13853,13863],"class_list":{"0":"post-15840","1":"product","2":"type-product","3":"status-publish","4":"has-post-thumbnail","6":"product_cat-motor-de-arranque","7":"product_tag-20997663-es","8":"product_tag-85000750-es","9":"product_tag-dita-20523-es","10":"product_tag-m008t62471-es","11":"product_tag-m8t62471-es","12":"product_tag-m8t62471-com-es","13":"product_tag-zm-8089503-es","15":"first","16":"instock","17":"taxable","18":"shipping-taxable","19":"purchasable","20":"product-type-simple"},"_links":{"self":[{"href":"https:\/\/com-automotive.com\/es\/wp-json\/wp\/v2\/product\/15840","targetHints":{"allow":["GET"]}}],"collection":[{"href":"https:\/\/com-automotive.com\/es\/wp-json\/wp\/v2\/product"}],"about":[{"href":"https:\/\/com-automotive.com\/es\/wp-json\/wp\/v2\/types\/product"}],"replies":[{"embeddable":true,"href":"https:\/\/com-automotive.com\/es\/wp-json\/wp\/v2\/comments?post=15840"}],"wp:featuredmedia":[{"embeddable":true,"href":"https:\/\/com-automotive.com\/es\/wp-json\/wp\/v2\/media\/19741"}],"wp:attachment":[{"href":"https:\/\/com-automotive.com\/es\/wp-json\/wp\/v2\/media?parent=15840"}],"wp:term":[{"taxonomy":"product_brand","embeddable":true,"href":"https:\/\/com-automotive.com\/es\/wp-json\/wp\/v2\/product_brand?post=15840"},{"taxonomy":"product_cat","embeddable":true,"href":"https:\/\/com-automotive.com\/es\/wp-json\/wp\/v2\/product_cat?post=15840"},{"taxonomy":"product_tag","embeddable":true,"href":"https:\/\/com-automotive.com\/es\/wp-json\/wp\/v2\/product_tag?post=15840"}],"curies":[{"name":"wp","href":"https:\/\/api.w.org\/{rel}","templated":true}]}}