{"id":15838,"date":"2023-12-28T17:33:15","date_gmt":"2023-12-28T20:33:15","guid":{"rendered":"https:\/\/com-automotive.com\/motor-de-arranque-de-2280006871-de-12-v-10-t-para-case-new-holland\/"},"modified":"2023-12-28T17:33:15","modified_gmt":"2023-12-28T20:33:15","slug":"motor-de-arranque-de-2280006871-de-12-v-10-t-para-case-new-holland","status":"publish","type":"product","link":"https:\/\/com-automotive.com\/es\/motor-de-arranque-de-2280006871-de-12-v-10-t-para-case-new-holland\/","title":{"rendered":"Motor de arranque de 2280006871 de 12 V 10 T para Case New Holland<span class=\"product-sku\" style=\"display: block; font-size: 0.85em; color: #777; margin-top: 5px; margin-bottom: 5px;\">SKU: 6000.6871-COM<\/span>"},"content":{"rendered":"<h1><strong>COM-AUTOMOTIVE, calidad de dise\u00f1o original.<\/strong><\/h1>\n<p>CAJA MX325 NEW HOLLAND T8 235 260 290 315 340<\/p>\n<h2>Preguntas m\u00e1s frecuentes<\/h2>\n<h3><strong>\u00bfCu\u00e1les son las referencias cruzadas?<\/strong><\/h3>\n<p>2280006871, 257920A1, 2280006870, 2280006871, 2280006872, 2280006870, 2280006871, 2280006872, EURO 20681<\/p>\n<h2><strong>Tabla de aplicaci\u00f3n<\/strong><\/h2>\n<p>PULVERIZADOR CASE SPX3150 1999-2007 6B 395CI 5.9L CUMMINS DIESEL<br \/>\nCASE TRACTOR 5130 1990-1999 6-590 CASE INTERNATIONAL DIESEL<br \/>\nCASE TRACTOR 5140 1990-1999 6-590 CASE INTERNATIONAL DIESEL<br \/>\nCASE TRACTOR 5230 1992-2001 6-590 CASE INTERNATIONAL DIESEL<br \/>\nCASE TRACTOR 5240 1992-2001 6-590 CASE INTERNATIONAL DIESEL<br \/>\nCASE TRACTOR 5250 1992-2001 6T-359 CUMMINS DIESEL<br \/>\nCASE TRACTOR MX100 1997-2006 6BT 359CI 5.9L CUMMINS DIESEL<br \/>\nCASE TRACTOR MX110 1997-2006 6BT 359CI 5.9L CUMMINS DIESEL<br \/>\nCASE TRACTOR MX120 1997-2006 6BT 359CI 5.9L CUMMINS DIESEL<br \/>\nCASE TRACTOR MX135 1997-2006 6BT 359CI 5.9L CUMMINS DIESEL<br \/>\nCASE TRACTOR MX150 1998-20076TA 359 CUMMINS DIESEL<\/p>\n<div><\/div>\n<div>ATENCI\u00d3N:<\/div>\n<div>Recomendamos que la instalaci\u00f3n la realice un profesional formado y especializado.<\/div>\n<div>S\u00f3lo compra este producto si est\u00e1s seguro de que es compatible con tu veh\u00edculo. Si tienes alguna duda, no dudes en ponerte en contacto con nosotros. Nuestro horario de apertura es de lunes a viernes de 8 a 18 h.<\/div>\n<div><\/div>\n<div>Sobre nosotros<\/div>\n<div>COM Automotive est\u00e1 especializada en piezas de autom\u00f3vil de dise\u00f1o original para el sector de la reparaci\u00f3n posventa, clientes industriales y fabricantes de veh\u00edculos especiales OEM.<\/div>\n<div>Nuestro equipo tiene m\u00e1s de 28 a\u00f1os de experiencia en la fabricaci\u00f3n y el suministro de piezas de automoci\u00f3n a escala mundial.<\/div>\n<div>Nuestra MISI\u00d3N es ofrecer productos de dise\u00f1o original con una calidad impecable y una sustituci\u00f3n personalizada.<\/div>\n<div>Nuestra VISI\u00d3N es promover el crecimiento y un valor inigualable para nuestros clientes.<\/div>\n","protected":false},"excerpt":{"rendered":"<p>2280006871-COM. En stock. Ref: 2280006871, , 257920A1, 2280006870, 2280006871, 2280006872, 2280006870, 2280006871, 2280006872, EURO 20681, DITA 20656 &#8211; compatible con: CAJA. Marca: COM Automotive &#8211; Producto con calidad y dise\u00f1o originales. Compatible con Denso<\/p>\n","protected":false},"featured_media":20584,"comment_status":"open","ping_status":"closed","template":"","meta":[],"product_brand":[],"product_cat":[8119],"product_tag":[13851,13849,13848,13852,13847],"class_list":{"0":"post-15838","1":"product","2":"type-product","3":"status-publish","4":"has-post-thumbnail","6":"product_cat-motor-de-arranque","7":"product_tag-2280006870-es","8":"product_tag-2280006871-es","9":"product_tag-2280006871-com-es","10":"product_tag-2280006872-es","11":"product_tag-euro-20681-es","13":"first","14":"instock","15":"taxable","16":"shipping-taxable","17":"purchasable","18":"product-type-simple"},"_links":{"self":[{"href":"https:\/\/com-automotive.com\/es\/wp-json\/wp\/v2\/product\/15838","targetHints":{"allow":["GET"]}}],"collection":[{"href":"https:\/\/com-automotive.com\/es\/wp-json\/wp\/v2\/product"}],"about":[{"href":"https:\/\/com-automotive.com\/es\/wp-json\/wp\/v2\/types\/product"}],"replies":[{"embeddable":true,"href":"https:\/\/com-automotive.com\/es\/wp-json\/wp\/v2\/comments?post=15838"}],"wp:featuredmedia":[{"embeddable":true,"href":"https:\/\/com-automotive.com\/es\/wp-json\/wp\/v2\/media\/20584"}],"wp:attachment":[{"href":"https:\/\/com-automotive.com\/es\/wp-json\/wp\/v2\/media?parent=15838"}],"wp:term":[{"taxonomy":"product_brand","embeddable":true,"href":"https:\/\/com-automotive.com\/es\/wp-json\/wp\/v2\/product_brand?post=15838"},{"taxonomy":"product_cat","embeddable":true,"href":"https:\/\/com-automotive.com\/es\/wp-json\/wp\/v2\/product_cat?post=15838"},{"taxonomy":"product_tag","embeddable":true,"href":"https:\/\/com-automotive.com\/es\/wp-json\/wp\/v2\/product_tag?post=15838"}],"curies":[{"name":"wp","href":"https:\/\/api.w.org\/{rel}","templated":true}]}}