{"id":15820,"date":"2023-11-17T12:02:57","date_gmt":"2023-11-17T15:02:57","guid":{"rendered":"https:\/\/com-automotive.com\/rodete-de-arranque-9-dientes-gol-saveiro-escort-paa-1984-1994\/"},"modified":"2023-11-17T12:02:57","modified_gmt":"2023-11-17T15:02:57","slug":"rodete-de-arranque-9-dientes-gol-saveiro-escort-paa-1984-1994","status":"publish","type":"product","link":"https:\/\/com-automotive.com\/es\/rodete-de-arranque-9-dientes-gol-saveiro-escort-paa-1984-1994\/","title":{"rendered":"Rodete de arranque 9 DIENTES Gol Saveiro ESCORT PAA 1984-1994<span class=\"product-sku\" style=\"display: block; font-size: 0.85em; color: #777; margin-top: 5px; margin-bottom: 5px;\">SKU: 6200.2340-COM<\/span>"},"content":{"rendered":"<h1><strong>COM-AUTOMOTIVE, calidad de dise\u00f1o original.<\/strong><\/h1>\n<p>Rodete de arranque, 9 Dientes Gol Saveiro Escort Pampa 1984-1994  <\/p>\n<h2>Preguntas m\u00e1s frecuentes<\/h2>\n<h3><strong>\u00bfCu\u00e1les son las referencias cruzadas?<\/strong><\/h3>\n<p>T001000023, 9001082340, ZEN 0108<\/p>\n<h2><strong>Tabla de aplicaci\u00f3n<\/strong><\/h2>\n<p>Veh\u00edculos (Alfa Romeo , Alfa 6 2.0, 2.5 , Alfa 75 1.6, 1.8, 1.8 turbo, 2.5 , Alfa 90 1.8, 2.0 , 2.5 , Alfasud 1.2 Super TI , Alfetta 1.6, 1.8, 2.0 , Arna 1.2 y 1.3 , F2 , Giulietta 1.3, 1.8, 2.0 , GTV2000 2.0 y 2.5 , Audi , 100 1.8, 1.9, 2.0 , 200 turbo , 200I , 80 , 80L , Quattro , BMW , 320 , 323 i , 520 , 523 i ,  528 , Citro\u00ebn , BX 14 , C22 , C25 , LNA II , Visa , Visa II , Fiat , Ritmo Super 85 1.5 , Ford , Belina II con motor CHT 1.6 , Capri II 2.3, 2.8 , C\u00f3nsul 2.3 , Corcel II 1.6 , Del Rey 1.6 , Escolta 1.3, CHT 1.6 , Escort Hobby 1.6 , FT 100 , FT 125 , FT 130 , FT 150 , FT 175 , FT 190 , FT 60 ,  FT 75 , FT 900 , Galaxy , Granada 1.7, 2.0, 2.3, 2.6, 2.8 , Pampa 1.6 , Royale con transmisi\u00f3n autom\u00e1tica y EFI , Scala 1.6 CHT , Sierra 1.6, 2.0 2.3 , Taunus 2.0, 2.3 , Verona LX 1.6 , Versailles 1.8, 2.0 y 2.0i , General Motors\/Chevrolet , Chevette 1.4 y 1.6 , Chevette Junior alcohol y gasolina , Chevy 500 , Ipanema 1.8 , Kadett 1.8 , Maraj\u00f3 1.4 y 1.6 ,  Monza , Gurgel , Carajas con motor VW AP 1.8 02\/1988&#8230;, Lancia , Delta 1.5 , Gamma 2.0, 2.5 , Prisma 1.5 , Mercedes Benz , 200 , 208 , 220 , 280 , 308 , 350 , 380 , 450 , 500 , Opel , Admiral 2.8 , Ascona B , C , Blitz CF , Commodore B , Corsa 1.0, 1.2, 1.3 , Diplom\u00e1tico B , Kadett C , D , Manta B , Monza , Rekord , Senador , Peugeot , 104 , 504 1.6,  1.8, 2.0 (V6) , 505 1.8, 2.0 , 604 V6 , J5 , Porsche , 924 , Renault , P1000 , P2000 , R14GTL-GTS , R18 , R18 turbo , R20 , R30 , Trafic , Volkswagen , Gol 1.0i , Gol 1.6 , Gol 1.8i , LT 28 , LT 31 , LT 35 , LT 40 , LT 45 , Parati GLS , Passat GTS Pointer 1.8 5cyl. Alcohol , Quantum 1.8 y 2.0 CL, GL, GLS , Santana 1.8 y 2.0 CL, GL, GLS , Saveiro 1.8 alcohol y gasolina , Voyage GLS 1.8 alcohol y gasolina , Volvo , 140 , 142 , 144 , 160 , 164 , 240 , 340 , 360 , 760 , Yanmar , Micro Tractor 1030 , Micro Tractor TC11 , TC11 Super (NS 11))<\/p>\n<p>Motor de arranque (Bosch, 0001157024, 0001157025, 0001157028, 0001157029, 0001157030, 0001208200, 0001208201, 0001208202, 0001208206, 0001208208, 0001208209, 0001208211, 0001208216, 0001208217, 0001208224, 0001208225, 0001208226, 0001208227, 0001208228, 0001208229, 0001208233, 0001208400, 0001208405, 0001211207, 0001211215, 0001211229, 0001211242, 0001311101, 0001311103, 0001311104, 0001311105, 0001311106, 0001311107, 0001311108, 0001311109, 0001311110, 0001311112, 0001311114, 0001311117,  0001311118, 0001311120, 0001311121, 0001311122, 0001311124, 0001311125, 0001311126, 0001311127, 0001311131, 0001311132, 0001311136, 0001311137, 0001311139, 0001311140, 0001311141, 0001311143, 0001311145, 0001311147, 0001314018, 9000062014, 9000082024, 9000082025, 9000082033, 9000082035, 9000082036, 9000082041, 9000082042, 9000082043, 9000082048, 9000082050, 9000082051, 9000082054, 9000082055, 9000082058, 9000082059, 9000082063, 9000082064, 9000082065, 9000082067, 9000082069, 9000082071,  9000082074, 9000082075, 9000082076, 9000082078, 9000141116, 9000142001, 9000142002, 9000142003, 9000142102, 9000333105, 9000334102)<\/p>\n<p>ATENCI\u00d3N:<br \/>\nRecomendamos que la instalaci\u00f3n la realice un profesional formado y especializado.<br \/>\nS\u00f3lo compra este producto si est\u00e1s seguro de que es compatible con tu veh\u00edculo. Si tienes alguna duda, no dudes en ponerte en contacto con nosotros. Nuestro horario de apertura es de lunes a viernes de 8 a 18 h.<\/p>\n<p>Sobre nosotros<br \/>\nCOM Automotive est\u00e1 especializada en piezas de autom\u00f3vil de dise\u00f1o original para el sector de la reparaci\u00f3n posventa, clientes industriales y fabricantes de veh\u00edculos especiales OEM.<br \/>\nNuestro equipo tiene m\u00e1s de 28 a\u00f1os de experiencia en la fabricaci\u00f3n y el suministro de piezas de automoci\u00f3n a escala mundial.<br \/>\nNuestra MISI\u00d3N es ofrecer productos de dise\u00f1o original con una calidad impecable y una sustituci\u00f3n personalizada.<br \/>\nNuestra VISI\u00d3N es promover el crecimiento y un valor inigualable para nuestros clientes.<\/p>\n","protected":false},"excerpt":{"rendered":"<p>9001082340-COM. En stock. Ref: T001000023, 9001082340, ZEN 0108 &#8211; compatible con: CHEVROLET. Marca: COM Automotive &#8211; Producto con calidad y dise\u00f1o originales. Compatible con Bosch<\/p>\n","protected":false},"featured_media":19480,"comment_status":"open","ping_status":"closed","template":"","meta":[],"product_brand":[],"product_cat":[8448],"product_tag":[13740,13739,13741],"class_list":{"0":"post-15820","1":"product","2":"type-product","3":"status-publish","4":"has-post-thumbnail","6":"product_cat-rodete","7":"product_tag-9001082340-es","8":"product_tag-t001000023-es","9":"product_tag-zen-0108-es","11":"first","12":"instock","13":"taxable","14":"shipping-taxable","15":"purchasable","16":"product-type-simple"},"_links":{"self":[{"href":"https:\/\/com-automotive.com\/es\/wp-json\/wp\/v2\/product\/15820","targetHints":{"allow":["GET"]}}],"collection":[{"href":"https:\/\/com-automotive.com\/es\/wp-json\/wp\/v2\/product"}],"about":[{"href":"https:\/\/com-automotive.com\/es\/wp-json\/wp\/v2\/types\/product"}],"replies":[{"embeddable":true,"href":"https:\/\/com-automotive.com\/es\/wp-json\/wp\/v2\/comments?post=15820"}],"wp:featuredmedia":[{"embeddable":true,"href":"https:\/\/com-automotive.com\/es\/wp-json\/wp\/v2\/media\/19480"}],"wp:attachment":[{"href":"https:\/\/com-automotive.com\/es\/wp-json\/wp\/v2\/media?parent=15820"}],"wp:term":[{"taxonomy":"product_brand","embeddable":true,"href":"https:\/\/com-automotive.com\/es\/wp-json\/wp\/v2\/product_brand?post=15820"},{"taxonomy":"product_cat","embeddable":true,"href":"https:\/\/com-automotive.com\/es\/wp-json\/wp\/v2\/product_cat?post=15820"},{"taxonomy":"product_tag","embeddable":true,"href":"https:\/\/com-automotive.com\/es\/wp-json\/wp\/v2\/product_tag?post=15820"}],"curies":[{"name":"wp","href":"https:\/\/api.w.org\/{rel}","templated":true}]}}