{"id":15818,"date":"2023-11-01T16:16:27","date_gmt":"2023-11-01T19:16:27","guid":{"rendered":"https:\/\/com-automotive.com\/motor-de-arranque-12v-4-5kw-12d-10478818-a001851012-mercedes-delco-remy\/"},"modified":"2023-11-01T16:16:27","modified_gmt":"2023-11-01T19:16:27","slug":"motor-de-arranque-12v-4-5kw-12d-10478818-a001851012-mercedes-delco-remy","status":"publish","type":"product","link":"https:\/\/com-automotive.com\/es\/motor-de-arranque-12v-4-5kw-12d-10478818-a001851012-mercedes-delco-remy\/","title":{"rendered":"Motor de arranque 12V 4.5KW 12D 10478818 A001851012 MERCEDES Delco Remy<span class=\"product-sku\" style=\"display: block; font-size: 0.85em; color: #777; margin-top: 5px; margin-bottom: 5px;\">SKU: 10478818-COM<\/span>"},"content":{"rendered":"<h1><strong>COM-AUTOMOTIVE, calidad de dise\u00f1o original.<\/strong><\/h1>\n<p>10478818 12V 4.5KW 12D Arrancador Dise\u00f1o: Delco Remy Tipo: 41MT &#8211; OEM: MERCEDES<\/p>\n<h2>Preguntas m\u00e1s frecuentes<\/h2>\n<h3><strong>\u00bfCu\u00e1les son las referencias cruzadas?<\/strong><\/h3>\n<p>T001000088, 10461240, 10478818, 10479109, A001851012, 3675208RX, 3921402, 10461240, 10478818, 10479109<\/p>\n<h2><strong>Tabla de aplicaci\u00f3n<\/strong><\/h2>\n<table style=\"height: 1094px;\" width=\"949\">\n<tbody>\n<tr>\n<td width=\"623\">MERCEDES BENZ LS 1935, MERCEDES BENZ OM 447 LA OM 447 LA 12.0 L 12V SOHV L6 DIESEL, 1990-1998.<\/td>\n<\/tr>\n<tr>\n<td>MERCEDES BENZ LS 1634, MERCEDES BENZ OM 447 LA OM 447 LA 12.0 L 12V SOHV L6 DIESEL, 2001-2006.<\/td>\n<\/tr>\n<tr>\n<td>MERCEDES BENZ LS 1630, MERCEDES BENZ OM 449 LA OM 449 LA 10.0 L 10V SOHV L5 DIESEL, 1990-1998.<\/td>\n<\/tr>\n<tr>\n<td>MERCEDES BENZ L 2635, MERCEDES BENZ OM 447 LA OM 447 LA 12.0 L 12V SOHV L6 DIESEL, 1994-1999.<\/td>\n<\/tr>\n<tr>\n<td>MERCEDES BENZ OH 1628 L , MERCEDES BENZ OM 449 LA OM 449 LA 10.0 L SOHV L5 DIESEL, 1999-2006.<\/td>\n<\/tr>\n<tr>\n<td>MERCEDES BENZ LS 1941, MERCEDES BENZ OM 447 LA OM 447 LA 12.0 L 12V SOHV L6 DIESEL, 1990-1998.<\/td>\n<\/tr>\n<tr>\n<td>MERCEDES BENZ L 2325, MERCEDES BENZ OM 449 A OM 449 A 10.0 L 10V SOHV L5 DIESEL, 1990-2000.<\/td>\n<\/tr>\n<tr>\n<td>MERCEDES BENZ O 400 RSD , MERCEDES BENZ OM 447 LA OM 447 LA 12.0 L SOHV L6 DIESEL, 1995-1997.<\/td>\n<\/tr>\n<tr>\n<td>MERCEDES BENZ O 371 RSD , MERCEDES BENZ OM 447 LA OM 447 LA 12.0 L SOHV L6 DIESEL, 1987-1993.<\/td>\n<\/tr>\n<tr>\n<td>MERCEDES BENZ LS 1632, MERCEDES BENZ OM 449 LA OM 449 LA 10.0 L 10V SOHV L5 DIESEL, 1999-2002.<\/td>\n<\/tr>\n<tr>\n<td>MERCEDES BENZ O 400, MERCEDES BENZ OM 447 LA OM 447 LA 12.0 L 12V SOHV L6 DIESEL, 1994-1994.<\/td>\n<\/tr>\n<tr>\n<td>MERCEDES BENZ O 400 UP PLAT , MERCEDES BENZ OM 449 LA OM 449 LA 10.0 L SOHV L5 DIESEL, 1995-1998.<\/td>\n<\/tr>\n<tr>\n<td>MERCEDES BENZ O 400 R , MERCEDES BENZ OM 449 A OM 449 A 10.0 L SOHV L5 DIESEL, 1995-1996.<\/td>\n<\/tr>\n<tr>\n<td>MERCEDES BENZ LS 2635, MERCEDES BENZ OM 447 LA OM 447 LA 12.0 L 12V SOHV L6 DIESEL, 1992-1995.<\/td>\n<\/tr>\n<tr>\n<td>MERCEDES BENZ O 400 RSL , MERCEDES BENZ OM 447 LA OM 447 LA 12.0 L SOHV L6 DIESEL, 1995-1997.<\/td>\n<\/tr>\n<tr>\n<td>MERCEDES BENZ O 400 RS , MERCEDES BENZ OM 447 LA OM 447 LA 12.0 L SOHV L6 DIESEL, 1995-1996.<\/td>\n<\/tr>\n<tr>\n<td>MERCEDES BENZ LS 1625, MERCEDES BENZ OM 449 A OM 449 A 10.0 L 10V SOHV L5 DIESEL, 1990-1993.<\/td>\n<\/tr>\n<tr>\n<td>MERCEDES BENZ LB 2325, MERCEDES BENZ OM 449 A OM 449 A 10.0 L 10V SOHV L5 DIESEL, 1990-1993.<\/td>\n<\/tr>\n<tr>\n<td>MERCEDES BENZ O 400 UPA PLAT , MERCEDES BENZ OM 449 LA OM 449 LA 10.0 L SOHV L5 DIESEL, 2004-2005.<\/td>\n<\/tr>\n<tr>\n<td>MERCEDES BENZ O 400 UP ARTICULADO , MERCEDES BENZ OM 449 LA OM 449 LA 10.0 L SOHV L5 DIESEL, 1995-1997.<\/td>\n<\/tr>\n<tr>\n<td>MERCEDES BENZ LK 2325, MERCEDES BENZ OM 449 A OM 449 A 10.0 L 10V SOHV L5 DIESEL, 1990-1993.<\/td>\n<\/tr>\n<tr>\n<td>MERCEDES BENZ OH 1635, MERCEDES BENZ OM 447 LA OM 447 LA 12.0 L 12V SOHV L6 DIESEL, 1995-1996.<\/td>\n<\/tr>\n<tr>\n<td>MERCEDES BENZ L 1625, MERCEDES BENZ OM 449 A OM 449 A 10.0 L 10V SOHV L5 DIESEL, 1990-1996.<\/td>\n<\/tr>\n<\/tbody>\n<\/table>\n<div><\/div>\n<div>ATENCI\u00d3N:<\/div>\n<div>Recomendamos que la instalaci\u00f3n la realice un profesional formado y especializado.<\/div>\n<div>S\u00f3lo compra este producto si est\u00e1s seguro de que es compatible con tu veh\u00edculo. Si tienes alguna duda, no dudes en ponerte en contacto con nosotros. Nuestro horario de apertura es de lunes a viernes de 8 a 18 h.<\/div>\n<div><\/div>\n<div>Sobre nosotros<\/div>\n<div>COM Automotive est\u00e1 especializada en piezas de autom\u00f3vil de dise\u00f1o original para el sector de la reparaci\u00f3n posventa, clientes industriales y fabricantes de veh\u00edculos especiales OEM.<\/div>\n<div>Nuestro equipo tiene m\u00e1s de 28 a\u00f1os de experiencia en la fabricaci\u00f3n y el suministro de piezas de automoci\u00f3n a escala mundial.<\/div>\n<div>Nuestra MISI\u00d3N es ofrecer productos de dise\u00f1o original con una calidad impecable y una sustituci\u00f3n personalizada.<\/div>\n<div>Nuestra VISI\u00d3N es promover el crecimiento y un valor inigualable para nuestros clientes.<\/div>\n","protected":false},"excerpt":{"rendered":"<p>10478818 12V 4.5KW 12D Arrancador Dise\u00f1o: Delco Remy Tipo: 41MT &#8211; OEM: MERCEDES<\/p>\n","protected":false},"featured_media":3594,"comment_status":"closed","ping_status":"closed","template":"","meta":[],"product_brand":[],"product_cat":[8119,8542],"product_tag":[13725,13727,13729,13734,13736,13732,13722],"class_list":{"0":"post-15818","1":"product","2":"type-product","3":"status-publish","4":"has-post-thumbnail","6":"product_cat-motor-de-arranque","7":"product_cat-sempreco-es","8":"product_tag-10461240-es","9":"product_tag-10478818-es","10":"product_tag-10479109-es","11":"product_tag-3675208rx-es","12":"product_tag-3921402-es","13":"product_tag-a001851012-es","14":"product_tag-t001000088-es","16":"first","17":"instock","18":"taxable","19":"shipping-taxable","20":"purchasable","21":"product-type-simple"},"_links":{"self":[{"href":"https:\/\/com-automotive.com\/es\/wp-json\/wp\/v2\/product\/15818","targetHints":{"allow":["GET"]}}],"collection":[{"href":"https:\/\/com-automotive.com\/es\/wp-json\/wp\/v2\/product"}],"about":[{"href":"https:\/\/com-automotive.com\/es\/wp-json\/wp\/v2\/types\/product"}],"replies":[{"embeddable":true,"href":"https:\/\/com-automotive.com\/es\/wp-json\/wp\/v2\/comments?post=15818"}],"wp:featuredmedia":[{"embeddable":true,"href":"https:\/\/com-automotive.com\/es\/wp-json\/wp\/v2\/media\/3594"}],"wp:attachment":[{"href":"https:\/\/com-automotive.com\/es\/wp-json\/wp\/v2\/media?parent=15818"}],"wp:term":[{"taxonomy":"product_brand","embeddable":true,"href":"https:\/\/com-automotive.com\/es\/wp-json\/wp\/v2\/product_brand?post=15818"},{"taxonomy":"product_cat","embeddable":true,"href":"https:\/\/com-automotive.com\/es\/wp-json\/wp\/v2\/product_cat?post=15818"},{"taxonomy":"product_tag","embeddable":true,"href":"https:\/\/com-automotive.com\/es\/wp-json\/wp\/v2\/product_tag?post=15818"}],"curies":[{"name":"wp","href":"https:\/\/api.w.org\/{rel}","templated":true}]}}