{"id":15816,"date":"2023-11-01T16:14:54","date_gmt":"2023-11-01T19:14:54","guid":{"rendered":"https:\/\/com-automotive.com\/motor-de-arranque-de-24v-12t-10479310-a4761517301-mbb-1632l-1632-1634-1938l-1944\/"},"modified":"2023-11-01T16:14:54","modified_gmt":"2023-11-01T19:14:54","slug":"motor-de-arranque-de-24v-12t-10479310-a4761517301-mbb-1632l-1632-1634-1938l-1944","status":"publish","type":"product","link":"https:\/\/com-automotive.com\/es\/motor-de-arranque-de-24v-12t-10479310-a4761517301-mbb-1632l-1632-1634-1938l-1944\/","title":{"rendered":"Motor de arranque de 24V 12T 10479310 A4761517301 MBB 1632L 1632 1634 1938L 1944<span class=\"product-sku\" style=\"display: block; font-size: 0.85em; color: #777; margin-top: 5px; margin-bottom: 5px;\">SKU: 6000.9310-COM<\/span>"},"content":{"rendered":"<h1><strong>COM-AUTOMOTIVE, calidad de dise\u00f1o original.<\/strong><\/h1>\n<p>10479310 24V 7.5KW 12 dientes Arrancador Dise\u00f1o: Delco Remy Tipo: 41MT &#8211; OEM: MERCEDES<\/p>\n<h2>Preguntas m\u00e1s frecuentes<\/h2>\n<h3><strong>\u00bfCu\u00e1les son las referencias cruzadas?<\/strong><\/h3>\n<p>T001000087, 10479310, A4761517301, 4571510501, 10479310, 4571510501, DR10479310<\/p>\n<h2><strong>Tabla de aplicaci\u00f3n<\/strong><\/h2>\n<table width=\"997\">\n<tbody>\n<tr>\n<td width=\"997\">MERCEDES BENZ DE 1722, MERCEDES BENZ OM 924 LA OM 924 LA 4.8 L 12V SOHV L4 DIESEL, 2002-2012.<\/td>\n<\/tr>\n<tr>\n<td>MERCEDES BENZ LS 1935, MERCEDES BENZ OM 447 LA OM 447 LA 12.0 L 12V SOHV L6 DIESEL, 1990-1998.<\/td>\n<\/tr>\n<tr>\n<td>MERCEDES BENZ LS 1634, MERCEDES BENZ OM 457 LA OM 457 LA 12.0 L 24V SOHV L6 DIESEL, 2006-2018.<\/td>\n<\/tr>\n<tr>\n<td>MERCEDES BENZ AXOR 2540 S , MERCEDES BENZ OM 457 LA OM 457 LA 12.0 L 24V SOHV L6 DIESEL, 2005-2016.<\/td>\n<\/tr>\n<tr>\n<td>MERCEDES BENZ AXOR 2831 , MERCEDES BENZ OM 926 LA OM 926 LA 7.2 L 18V SOHV L6 DIESEL, 2006-2020.<\/td>\n<\/tr>\n<tr>\n<td>MERCEDES BENZ AXOR 1933\/36 , MERCEDES BENZ OM 926 LA OM 926 LA 7.2 L 18V SOHV L6 DIESEL, 2005-2012.<\/td>\n<\/tr>\n<tr>\n<td>MERCEDES BENZ LS 1938, MERCEDES BENZ OM 457 LA OM 457 LA 12.0 L 24V SOHV L6 DIESEL, 1998-2005.<\/td>\n<\/tr>\n<tr>\n<td>MERCEDES BENZ AXOR 2544\/33 , MERCEDES BENZ OM 457 LA OM 457 LA 12.0 L 24V SOHV L6 DIESEL, 2005-2011.<\/td>\n<\/tr>\n<tr>\n<td>MERCEDES BENZ AXOR 3344\/33 , MERCEDES BENZ OM 457 LA OM 457 LA 12.0 L 24V SOHV L6 DIESEL, 2005-2015.<\/td>\n<\/tr>\n<tr>\n<td>MERCEDES BENZ O 400 RSD , MERCEDES BENZ OM 457 LA OM 457 LA 12.0 L 24V SOHV L6 DIESEL, 1995-2005.<\/td>\n<\/tr>\n<tr>\n<td>MERCEDES BENZ O 500 RS 1836 , MERCEDES BENZ OM 457 LA OM 457 LA 12.0 L 24V SOHV L6 DIESEL, 2005-2013.<\/td>\n<\/tr>\n<tr>\n<td>MERCEDES BENZ LS 1634, MERCEDES BENZ OM 447 LA OM 447 LA 12.0 L 12V SOHV L6 DIESEL, 2001-2006.<\/td>\n<\/tr>\n<tr>\n<td>MERCEDES BENZ O 400 RSE , MERCEDES BENZ OM 457 LA OM 457 LA 12.0 L 24V SOHV L6 DIESEL, 1995-2005.<\/td>\n<\/tr>\n<tr>\n<td>MERCEDES BENZ O 500 R 1830 , MERCEDES BENZ OM 926 LA OM 926 LA 7.2 L 18V SOHV L6 DIESEL, 2005-2013.<\/td>\n<\/tr>\n<tr>\n<td>MERCEDES BENZ 1938 S, MERCEDES BENZ OM 457 LA OM 457 LA 12.0 L 24V SOHV L6 DIESEL, 2000-2006.<\/td>\n<\/tr>\n<tr>\n<td>MERCEDES BENZ AXOR 2035 S , MERCEDES BENZ OM 457 LA OM 457 LA 12.0 L 24V SOHV L6 DIESEL, 2005-2016.<\/td>\n<\/tr>\n<tr>\n<td>MERCEDES BENZ AXOR 4144 K , MERCEDES BENZ OM 457 LA OM 457 LA 12.0 L 24V SOHV L6 DIESEL, 2006-2015.<\/td>\n<\/tr>\n<tr>\n<td>MERCEDES BENZ AXOR 3340 , MERCEDES BENZ OM 457 LA OM 457 LA 12.0 L 24V SOHV L6 DIESEL, 2005-2019.<\/td>\n<\/tr>\n<tr>\n<td>MERCEDES BENZ L 2638, MERCEDES BENZ OM 442 LA OM 442 LA 15.0 L 16V SOHV L8 DIESEL, 1999-2006.<\/td>\n<\/tr>\n<tr>\n<td>MERCEDES BENZ AXOR 2644 S , MERCEDES BENZ OM 457 LA OM 457 LA 12.0 L 24V SOHV L6 DIESEL, 2005-2012.<\/td>\n<\/tr>\n<tr>\n<td>MERCEDES BENZ ATEGO 2428 , MERCEDES BENZ OM 926 LA OM 926 LA 7.2 L 18V SOHV L6 DIESEL, 2007-2015.<\/td>\n<\/tr>\n<tr>\n<td>MERCEDES BENZ LS 1630, MERCEDES BENZ OM 449 LA OM 449 LA 10.0 L 10V SOHV L5 DIESEL, 1990-1998.<\/td>\n<\/tr>\n<tr>\n<td>MERCEDES BENZ L 2635, MERCEDES BENZ OM 447 LA OM 447 LA 12.0 L 12V SOHV L6 DIESEL, 1994-1999.<\/td>\n<\/tr>\n<tr>\n<td>MERCEDES BENZ O 500 ARTICULADO , MERCEDES BENZ OM 926 LA OM 926 LA 7.2 L 18V SOHV L6 DIESEL, 2006-2013.<\/td>\n<\/tr>\n<tr>\n<td>MERCEDES BENZ OH 1628 L , MERCEDES BENZ OM 449 LA OM 449 LA 10.0 L SOHV L5 DIESEL, 1999-2006.<\/td>\n<\/tr>\n<tr>\n<td>MERCEDES BENZ O 500 RSD 2236 , MERCEDES BENZ OM 457 LA OM 457 LA 12.0 L 24V SOHV L6 DIESEL, 2005-2010.<\/td>\n<\/tr>\n<tr>\n<td>MERCEDES BENZ O 500 RSD 2436 , MERCEDES BENZ OM 457 LA OM 457 LA 12.0 L 24V SOHV L6 DIESEL, 2008-2013.<\/td>\n<\/tr>\n<tr>\n<td>MERCEDES BENZ L 1622, MERCEDES BENZ OM 924 LA OM 924 LA 4.8 L 12V SOHV L4 DIESEL, 2001-2016.<\/td>\n<\/tr>\n<tr>\n<td>MERCEDES BENZ AXOR 2040 S , MERCEDES BENZ OM 457 LA OM 457 LA 12.0 L 24V SOHV L6 DIESEL, 2005-2012.<\/td>\n<\/tr>\n<tr>\n<td>MERCEDES BENZ LS 1941, MERCEDES BENZ OM 447 LA OM 447 LA 12.0 L 12V SOHV L6 DIESEL, 1990-1998.<\/td>\n<\/tr>\n<tr>\n<td>MERCEDES BENZ LS 2638, MERCEDES BENZ OM 457 LA OM 457 LA 12.0 L 24V SOHV L6 DIESEL, 1999-2006.<\/td>\n<\/tr>\n<tr>\n<td>MERCEDES BENZ L 2325, MERCEDES BENZ OM 449 A OM 449 A 10.0 L 10V SOHV L5 DIESEL, 1990-2000.<\/td>\n<\/tr>\n<tr>\n<td>MERCEDES BENZ 1944 S, MERCEDES BENZ OM 457 LA OM 457 LA 12.0 L 24V SOHV L6 DIESEL, 2002-2006.<\/td>\n<\/tr>\n<tr>\n<td>MERCEDES BENZ AXOR 2640 S , MERCEDES BENZ OM 457 LA OM 457 LA 12.0 L 24V SOHV L6 DIESEL, 2005-2015.<\/td>\n<\/tr>\n<tr>\n<td>MERCEDES BENZ AXOR 2535 , MERCEDES BENZ OM 457 LA OM 457 LA 12.0 L 24V SOHV L6 DIESEL, 2009-2012.<\/td>\n<\/tr>\n<tr>\n<td>MERCEDES BENZ AXOR 2533\/48 , MERCEDES BENZ OM 926 LA OM 926 LA 7.2 L 18V SOHV L6 DIESEL, 2005-2016.<\/td>\n<\/tr>\n<tr>\n<td>MERCEDES BENZ O 400 RSD , MERCEDES BENZ OM 447 LA OM 447 LA 12.0 L SOHV L6 DIESEL, 1995-1997.<\/td>\n<\/tr>\n<tr>\n<td>MERCEDES BENZ O 371 RSD , MERCEDES BENZ OM 447 LA OM 447 LA 12.0 L SOHV L6 DIESEL, 1987-1993.<\/td>\n<\/tr>\n<tr>\n<td>MERCEDES BENZ LS 1632, MERCEDES BENZ OM 449 LA OM 449 LA 10.0 L 10V SOHV L5 DIESEL, 1999-2002.<\/td>\n<\/tr>\n<tr>\n<td>MERCEDES BENZ AXOR 2044 S , MERCEDES BENZ OM 457 LA OM 457 LA 12.0 L 24V SOHV L6 DIESEL, 2005-2011.<\/td>\n<\/tr>\n<tr>\n<td>MERCEDES BENZ O 400, MERCEDES BENZ OM 447 LA OM 447 LA 12.0 L 12V SOHV L6 DIESEL, 1994-1994.<\/td>\n<\/tr>\n<tr>\n<td>MERCEDES BENZ O 500 R 1632 , MERCEDES BENZ OM 926 LA OM 926 LA 7.2 L 18V SOHV L6 DIESEL, 2002-2005.<\/td>\n<\/tr>\n<tr>\n<td>MERCEDES BENZ O 400 UP PLAT , MERCEDES BENZ OM 449 LA OM 449 LA 10.0 L SOHV L5 DIESEL, 1995-1998.<\/td>\n<\/tr>\n<tr>\n<td>MERCEDES BENZ O 400 PLAT , MERCEDES BENZ OM 449 OM 449 10.0 L 10V SOHV L5 DIESEL, 1994-1994.<\/td>\n<\/tr>\n<tr>\n<td>MERCEDES BENZ O 400 R , MERCEDES BENZ OM 449 A OM 449 A 10.0 L SOHV L5 DIESEL, 1995-1996.<\/td>\n<\/tr>\n<tr>\n<td>MERCEDES BENZ LS 2635, MERCEDES BENZ OM 447 LA OM 447 LA 12.0 L 12V SOHV L6 DIESEL, 1992-1995.<\/td>\n<\/tr>\n<tr>\n<td>MERCEDES BENZ O 400 RSL , MERCEDES BENZ OM 447 LA OM 447 LA 12.0 L SOHV L6 DIESEL, 1995-1997.<\/td>\n<\/tr>\n<tr>\n<td>MERCEDES BENZ O 500 RSD 2036 , MERCEDES BENZ OM 457 LA OM 457 LA 12.0 L 24V SOHV L6 DIESEL, 2004-2005.<\/td>\n<\/tr>\n<tr>\n<td>MERCEDES BENZ O 400 RS , MERCEDES BENZ OM 447 LA OM 447 LA 12.0 L SOHV L6 DIESEL, 1995-1996.<\/td>\n<\/tr>\n<tr>\n<td>MERCEDES BENZ O 500 RS 1636 , MERCEDES BENZ OM 457 LA OM 457 LA 12.0 L 24V SOHV L6 DIESEL, 2004-2005.<\/td>\n<\/tr>\n<tr>\n<td>MERCEDES BENZ LS 1625, MERCEDES BENZ OM 449 A OM 449 A 10.0 L 10V SOHV L5 DIESEL, 1990-1993.<\/td>\n<\/tr>\n<tr>\n<td>MERCEDES BENZ AXOR 4140 K , MERCEDES BENZ OM 457 LA OM 457 LA 12.0 L 24V SOHV L6 DIESEL, 2006-2010.<\/td>\n<\/tr>\n<tr>\n<td>MERCEDES BENZ ATEGO 1728 , MERCEDES BENZ OM 926 LA OM 926 LA 7.2 L 18V SOHV L6 DIESEL, 2007-2010.<\/td>\n<\/tr>\n<tr>\n<td>MERCEDES BENZ LB 2325, MERCEDES BENZ OM 449 A OM 449 A 10.0 L 10V SOHV L5 DIESEL, 1990-1993.<\/td>\n<\/tr>\n<tr>\n<td>MERCEDES BENZ O 400 UPA PLAT , MERCEDES BENZ OM 449 LA OM 449 LA 10.0 L SOHV L5 DIESEL, 2004-2005.<\/td>\n<\/tr>\n<tr>\n<td>MERCEDES BENZ O 400 UP ARTICULADO , MERCEDES BENZ OM 449 LA OM 449 LA 10.0 L SOHV L5 DIESEL, 1995-1997.<\/td>\n<\/tr>\n<tr>\n<td>MERCEDES BENZ LK 2325, MERCEDES BENZ OM 449 A OM 449 A 10.0 L 10V SOHV L5 DIESEL, 1990-1993.<\/td>\n<\/tr>\n<tr>\n<td>MERCEDES BENZ OH 1635, MERCEDES BENZ OM 447 LA OM 447 LA 12.0 L 12V SOHV L6 DIESEL, 1995-1996.<\/td>\n<\/tr>\n<tr>\n<td>MERCEDES BENZ DE 1625, MERCEDES BENZ OM 449 OM 449 10.0 L 10V SOHV L5 DIESEL, 1996-1996.<\/td>\n<\/tr>\n<tr>\n<td>MERCEDES BENZ L 1625, MERCEDES BENZ OM 449 A OM 449 A 10.0 L 10V SOHV L5 DIESEL, 1990-1996.<\/td>\n<\/tr>\n<tr>\n<td>MERCEDES BENZ 2638, MERCEDES BENZ OM 457 LA OM 457 LA 12.0 L 24V SOHV L6 DIESEL, 1997-1997.<\/td>\n<\/tr>\n<tr>\n<td>MERCEDES BENZ 2638 S, MERCEDES BENZ OM 442 LA OM 442 LA 15.0 L 16V SOHV L8 DIESEL, 1995-1997.<\/td>\n<\/tr>\n<tr>\n<td>MERCEDES BENZ DE 1721, MERCEDES BENZ OM 924 LA OM 924 LA 4.8 L 12V SOHV L4 DIESEL, 2007-2007.<\/td>\n<\/tr>\n<\/tbody>\n<\/table>\n<div><\/div>\n<div>ATENCI\u00d3N:<\/div>\n<div>Recomendamos que la instalaci\u00f3n la realice un profesional formado y especializado.<\/div>\n<div>S\u00f3lo compra este producto si est\u00e1s seguro de que es compatible con tu veh\u00edculo. Si tienes alguna duda, no dudes en ponerte en contacto con nosotros. Nuestro horario de apertura es de lunes a viernes de 8 a 18 h.<\/div>\n<div><\/div>\n<div>Sobre nosotros<\/div>\n<div>COM Automotive est\u00e1 especializada en piezas de autom\u00f3vil de dise\u00f1o original para el sector de la reparaci\u00f3n posventa, clientes industriales y fabricantes de veh\u00edculos especiales OEM.<\/div>\n<div>Nuestro equipo tiene m\u00e1s de 28 a\u00f1os de experiencia en la fabricaci\u00f3n y el suministro de piezas de automoci\u00f3n a escala mundial.<\/div>\n<div>Nuestra MISI\u00d3N es ofrecer productos de dise\u00f1o original con una calidad impecable y una sustituci\u00f3n personalizada.<\/div>\n<div>Nuestra VISI\u00d3N es promover el crecimiento y un valor inigualable para nuestros clientes.<\/div>\n","protected":false},"excerpt":{"rendered":"<p>10479310-COM. En stock. Ref: T001000087, 10479310, A4761517301, 4571510501, 0041512401, 9000453068, 10479310, 4571510501, DR10479310, ZM 8013502 &#8211; Cumple con la FCA. Marca: COM Automotive &#8211; Producto con calidad y dise\u00f1o originales. Compatible con Delco Remy<\/p>\n","protected":false},"featured_media":18750,"comment_status":"open","ping_status":"closed","template":"","meta":[],"product_brand":[],"product_cat":[8119],"product_tag":[13698,13702,13700,13704,13696],"class_list":{"0":"post-15816","1":"product","2":"type-product","3":"status-publish","4":"has-post-thumbnail","6":"product_cat-motor-de-arranque","7":"product_tag-10479310-es","8":"product_tag-4571510501-es","9":"product_tag-a4761517301-es","10":"product_tag-dr10479310-es","11":"product_tag-t001000087-es","13":"first","14":"instock","15":"taxable","16":"shipping-taxable","17":"purchasable","18":"product-type-simple"},"_links":{"self":[{"href":"https:\/\/com-automotive.com\/es\/wp-json\/wp\/v2\/product\/15816","targetHints":{"allow":["GET"]}}],"collection":[{"href":"https:\/\/com-automotive.com\/es\/wp-json\/wp\/v2\/product"}],"about":[{"href":"https:\/\/com-automotive.com\/es\/wp-json\/wp\/v2\/types\/product"}],"replies":[{"embeddable":true,"href":"https:\/\/com-automotive.com\/es\/wp-json\/wp\/v2\/comments?post=15816"}],"wp:featuredmedia":[{"embeddable":true,"href":"https:\/\/com-automotive.com\/es\/wp-json\/wp\/v2\/media\/18750"}],"wp:attachment":[{"href":"https:\/\/com-automotive.com\/es\/wp-json\/wp\/v2\/media?parent=15816"}],"wp:term":[{"taxonomy":"product_brand","embeddable":true,"href":"https:\/\/com-automotive.com\/es\/wp-json\/wp\/v2\/product_brand?post=15816"},{"taxonomy":"product_cat","embeddable":true,"href":"https:\/\/com-automotive.com\/es\/wp-json\/wp\/v2\/product_cat?post=15816"},{"taxonomy":"product_tag","embeddable":true,"href":"https:\/\/com-automotive.com\/es\/wp-json\/wp\/v2\/product_tag?post=15816"}],"curies":[{"name":"wp","href":"https:\/\/api.w.org\/{rel}","templated":true}]}}