{"id":15815,"date":"2023-11-01T16:15:27","date_gmt":"2023-11-01T19:15:27","guid":{"rendered":"https:\/\/com-automotive.com\/motor-de-arranque-m9t61671-42498715-24v-12d-para-iveco-strallis-380-trakker-euro-04\/"},"modified":"2024-10-30T21:19:14","modified_gmt":"2024-10-31T00:19:14","slug":"motor-de-arranque-m9t61671-42498715-24v-12d-para-iveco-strallis-380-trakker-euro-04","status":"publish","type":"product","link":"https:\/\/com-automotive.com\/es\/motor-de-arranque-m9t61671-42498715-24v-12d-para-iveco-strallis-380-trakker-euro-04\/","title":{"rendered":"Motor de arranque de 24V 5.5KW 12T compatible M9T61671 42498715 para Iveco Strallis 380 Trakker Euro 2004&gt;<span class=\"product-sku\" style=\"display: block; font-size: 0.85em; color: #777; margin-top: 5px; margin-bottom: 5px;\">SKU: 6000.61671-COM<\/span>"},"content":{"rendered":"<h1><strong>COM-AUTOMOTIVE, producto con Calidad y Dise\u00f1o Original.<\/strong><\/h1>\n<p> Motor de arranque 24V 5.5KW 12T compatible con M9T61671 42498715 para Iveco Strallis 380 Trakker Euro 2004&gt;<\/p>\n<h2>Preguntas m\u00e1s frecuentes<\/h2>\n<h3><strong>\u00bfCu\u00e1les son las referencias cruzadas de este producto de la marca COM Automotive?<\/strong><\/h3>\n<p> M9T61671, 2995373, 2995372, 42498715, 504042667, M009T61671, M009T67671, M9T67671, MBMS 770, 19081001, 35014VL, ZEN 35013, ZM 8089002, EURO 20645, DITA 20521, 30165N <\/p>\n<h2><strong>Tabla de aplicaci\u00f3n<\/strong><\/h2>\n<table style=\"height: 941px;\" width=\"990\">\n<tbody>\n<tr>\n<td width=\"715\">IVECO STRALIS RST 570-S41 T , FPT INDUSTRIAL CURSOR 13 CURSOR 13 12.9 L 24V SOHV L6 DIESEL, 2007-2013.<\/td>\n<\/tr>\n<tr>\n<td>IVECO STRALIS RST 570-S38 NR , FPT INDUSTRIAL CURSOR 13 CURSOR 13 12.9 L 24V SOHV L6 DIESEL, 2007-2013.<\/td>\n<\/tr>\n<tr>\n<td>IVECO STRALIS RST 570-S42 TA , FPT INDUSTRIAL CURSOR 13 CURSOR 13 12.9 L 24V SOHV L6 DIESEL, 2007-2013.<\/td>\n<\/tr>\n<tr>\n<td>IVECO STRALIS 490 490-S41\/42 T , FPT INDUSTRIAL CURSOR 13 CURSOR 13 12.9 L 24V SOHV L6 DIESEL, 2008-2015.<\/td>\n<\/tr>\n<tr>\n<td>IVECO STRALIS HD 740 740-S46 T , FPT INDUSTRIAL CURSOR 13 CURSOR 13 12,9 L 24V SOHV L6 DIESEL, 2010-2013.<\/td>\n<\/tr>\n<tr>\n<td>IVECO STRALIS RST 570-S46 T , FPT INDUSTRIAL CURSOR 13 CURSOR 13 12,9 L 24V SOHV L6 DIESEL, 2010-2013.<\/td>\n<\/tr>\n<tr>\n<td>IVECO STRALIS HD 450-S38 T , FPT INDUSTRIAL CURSOR 13 CURSOR 13 12.9 L 24V SOHV L6 DIESEL, 2004-2008.<\/td>\n<\/tr>\n<tr>\n<td>IVECO STRALIS HD 570-S38 T , FPT INDUSTRIAL CURSOR 13 CURSOR 13 12.9 L 24V SOHV L6 DIESEL, 2006-2010.<\/td>\n<\/tr>\n<tr>\n<td>IVECO STRALIS 740 740-S42 TZ , FPT INDUSTRIAL CURSOR 13 CURSOR 13 12.9 L 24V SOHV L6 DIESEL, 2008-2013.<\/td>\n<\/tr>\n<tr>\n<td>IVECO STRALIS HD 570-S42 T , FPT INDUSTRIAL CURSOR 13 CURSOR 13 12.9 L 24V SOHV L6 DIESEL, 2006-2009.<\/td>\n<\/tr>\n<tr>\n<td>IVECO STRALIS HI-WAY 600-S56 TZ , FPT INDUSTRIAL CURSOR 13 CURSOR 13 12,9 L 24V SOHV L6 DIESEL, 2013-2015.<\/td>\n<\/tr>\n<tr>\n<td>IVECO TRAKKER 720-T42 T , FPT INDUSTRIAL CURSOR 13 CURSOR 13 12,9 L 24V SOHV L6 DIESEL, 2009-2013.<\/td>\n<\/tr>\n<tr>\n<td>IVECO STRALIS HD 740-S42 T , FPT INDUSTRIAL CURSOR 13 CURSOR 13 12.9 L 24V SOHV L6 DIESEL, 2007-2008.<\/td>\n<\/tr>\n<tr>\n<td>IVECO STRALIS 490 490-S46 T , FPT INDUSTRIAL CURSOR 13 CURSOR 13 12.9 L 24V SOHV L6 DIESEL, 2010-2013.<\/td>\n<\/tr>\n<tr>\n<td>IVECO STRALIS HD 490-S38 T , FPT INDUSTRIAL CURSOR 13 CURSOR 13 12,9 L 24V SOHV L6 DIESEL, 2008-2009.<\/td>\n<\/tr>\n<tr>\n<td>IVECO STRALIS RST 570-S38 T , FPT INDUSTRIAL CURSOR 13 CURSOR 13 12.9 L 24V SOHV L6 DIESEL, 2007-2007.<\/td>\n<\/tr>\n<tr>\n<td>IVECO STRALIS HD 450-S42 T , FPT INDUSTRIAL CURSOR 13 CURSOR 13 12,9 L 24V SOHV L6 DIESEL, 2006-2007.<\/td>\n<\/tr>\n<tr>\n<td>IVECO STRALIS HD 570-S42 TZ , FPT INDUSTRIAL CURSOR 13 CURSOR 13 12,9 L 24V SOHV L6 DIESEL, 2006-2006.<\/td>\n<\/tr>\n<tr>\n<td>IVECO STRALIS HD 740-S42 TZ , FPT INDUSTRIAL CURSOR 13 CURSOR 13 12.9 L 24V SOHV L6 DIESEL, 2007-2008.<\/td>\n<\/tr>\n<\/tbody>\n<\/table>\n<div><strong>ATENCI\u00d3N:<\/strong><\/div>\n<div>Recomendamos que el producto sea instalado por un profesional formado y especializado.<\/div>\n<div>S\u00f3lo compra este producto si est\u00e1s seguro de que es compatible con tu veh\u00edculo. Si tienes alguna duda, no dudes en ponerte en contacto con nosotros. Nuestro horario de apertura es de lunes a viernes de 8 a 18 h.<\/div>\n<div><\/div>\n<div><strong>SOBRE NOSOTROS:<\/strong><\/div>\n<div>COM Automotive est\u00e1 especializada en piezas de autom\u00f3vil de dise\u00f1o original para el sector de la reparaci\u00f3n posventa, clientes industriales y fabricantes de veh\u00edculos especiales OEM.<\/div>\n<div>Nuestro equipo tiene m\u00e1s de 28 a\u00f1os de experiencia en la fabricaci\u00f3n y el suministro de piezas de automoci\u00f3n a escala mundial.<\/div>\n<div>Nuestra <strong>MISI\u00d3N <\/strong> es ofrecer productos de dise\u00f1o original con una calidad impecable y una sustituci\u00f3n personalizada.<\/div>\n<div>Nuestra <strong>VISI\u00d3N<\/strong> es promover el crecimiento y un valor inigualable para nuestros clientes.<\/div>\n<div><\/div>\n<div><strong>DISE\u00d1O ORIGINAL<\/strong><\/div>\n<div>El t\u00e9rmino \u00abDise\u00f1o Original\u00bb se refiere a la percepci\u00f3n \u00fanica e innovadora y a la propuesta de valor de los productos de COM Automotive, as\u00ed como a la experiencia ofrecida durante su compra. Esto abarca no solo el empaque y la est\u00e9tica del producto, sino tambi\u00e9n la autenticidad y creatividad de la marca. COM Automotive busca ofrecer productos de alta calidad que satisfagan las necesidades de la industria del mercado de repuestos, aline\u00e1ndose con su Visi\u00f3n, Misi\u00f3n y Valores.  <\/div>\n<div><\/div>\n<div><strong>NOTAR:<\/strong><\/div>\n<div>C\u00f3digo de Protecci\u00f3n al Consumidor (CDC): La Ley N\u00b0 8.078, de 11 de septiembre de 1990, establece que la informaci\u00f3n proporcionada al consumidor debe ser clara y precisa. El art\u00edculo 31 del CDC exige que la publicidad y el etiquetado de los productos y servicios sean veraces y no induzcan a error al consumidor. Esto incluye garantizar que la informaci\u00f3n sobre la compatibilidad, la marca y las caracter\u00edsticas se describa correctamente para evitar malentendidos. El uso del t\u00e9rmino \u00abcompatible\u00bb tambi\u00e9n est\u00e1 regulado por los grandes mercados en el mercado para la catalogaci\u00f3n adecuada de productos y aplicaciones automotrices.   <\/div>\n","protected":false},"excerpt":{"rendered":"<p>6000.61671-COM. Compatible con: M9T61671, 2995373, 2995372, 42498715, 504042667, M009T61671, M009T67671, M9T67671, MBMS 770, 19081001, 35014VL, ZEN 35013, ZM 8089002, EURO 20645, DITA 20521, 30165N.  Marca: COM Automotive &#8211; Producto con calidad y dise\u00f1o originales.<\/p>\n","protected":false},"featured_media":20325,"comment_status":"open","ping_status":"closed","template":"","meta":[],"product_brand":[],"product_cat":[8119],"product_tag":[13701,13691,13689,33072,13693,13694,33074,33076,33075,33071,33068,33070,13144,13697,13142,13687,13145,13685,13705,33069],"class_list":{"0":"post-15815","1":"product","2":"type-product","3":"status-publish","4":"has-post-thumbnail","6":"product_cat-motor-de-arranque","7":"product_tag-19081001-es","8":"product_tag-2995372-es","9":"product_tag-2995373-es","10":"product_tag-30165n-es","11":"product_tag-42498715-es","12":"product_tag-504042667-es","13":"product_tag-6000-61671-com-es","14":"product_tag-600061671-es","15":"product_tag-600061671-com-es","16":"product_tag-dita-20521-es","17":"product_tag-em-770","18":"product_tag-euro-20645-es","19":"product_tag-m009t61171-es","20":"product_tag-m009t67671-es","21":"product_tag-m9t61171-es","22":"product_tag-m9t61671-es","23":"product_tag-m9t62173-es","24":"product_tag-t001000008-es","25":"product_tag-zen-35013-es","26":"product_tag-zm-8089002-es","28":"first","29":"instock","30":"taxable","31":"shipping-taxable","32":"purchasable","33":"product-type-simple"},"_links":{"self":[{"href":"https:\/\/com-automotive.com\/es\/wp-json\/wp\/v2\/product\/15815","targetHints":{"allow":["GET"]}}],"collection":[{"href":"https:\/\/com-automotive.com\/es\/wp-json\/wp\/v2\/product"}],"about":[{"href":"https:\/\/com-automotive.com\/es\/wp-json\/wp\/v2\/types\/product"}],"replies":[{"embeddable":true,"href":"https:\/\/com-automotive.com\/es\/wp-json\/wp\/v2\/comments?post=15815"}],"wp:featuredmedia":[{"embeddable":true,"href":"https:\/\/com-automotive.com\/es\/wp-json\/wp\/v2\/media\/20325"}],"wp:attachment":[{"href":"https:\/\/com-automotive.com\/es\/wp-json\/wp\/v2\/media?parent=15815"}],"wp:term":[{"taxonomy":"product_brand","embeddable":true,"href":"https:\/\/com-automotive.com\/es\/wp-json\/wp\/v2\/product_brand?post=15815"},{"taxonomy":"product_cat","embeddable":true,"href":"https:\/\/com-automotive.com\/es\/wp-json\/wp\/v2\/product_cat?post=15815"},{"taxonomy":"product_tag","embeddable":true,"href":"https:\/\/com-automotive.com\/es\/wp-json\/wp\/v2\/product_tag?post=15815"}],"curies":[{"name":"wp","href":"https:\/\/api.w.org\/{rel}","templated":true}]}}