{"id":15814,"date":"2023-11-01T16:14:50","date_gmt":"2023-11-01T19:14:50","guid":{"rendered":"https:\/\/com-automotive.com\/motor-de-arranque-8200064-24v-10d-para-vw-constellation-worker-2004\/"},"modified":"2023-11-01T16:14:50","modified_gmt":"2023-11-01T19:14:50","slug":"motor-de-arranque-8200064-24v-10d-para-vw-constellation-worker-2004","status":"publish","type":"product","link":"https:\/\/com-automotive.com\/es\/motor-de-arranque-8200064-24v-10d-para-vw-constellation-worker-2004\/","title":{"rendered":"Motor de arranque 8200064 24V 10D para VW Constellation Worker 2004&gt;<span class=\"product-sku\" style=\"display: block; font-size: 0.85em; color: #777; margin-top: 5px; margin-bottom: 5px;\">SKU: 6000.0064-COM<\/span>"},"content":{"rendered":"<h1><strong>COM-AUTOMOTIVE, calidad de dise\u00f1o original.<\/strong><\/h1>\n<p>8200064 Motor de arranque de 24V 4.0KW 10 dientes Dise\u00f1o: Delco Remy Tipo: 29MT &#8211; OEM: VOLKSWAGEN<\/p>\n<h2>Preguntas m\u00e1s frecuentes<\/h2>\n<h3><strong>\u00bfCu\u00e1les son las referencias cruzadas?<\/strong><\/h3>\n<p>T001000071, 8200064, 3918377, 8200064R3, JNV911023, 8200064, 8200064R, 8200064R3, ZEN 33013<\/p>\n<h2><strong>Tabla de aplicaci\u00f3n<\/strong><\/h2>\n<table width=\"997\">\n<tbody>\n<tr>\n<td width=\"997\">VOLKSWAGEN CONSTELLATION 24-250 , CUMMINS INTERACT 6 ISBe 6 5.9 L 24V SOHV L6 DIESEL, 2006-2019.<\/td>\n<\/tr>\n<tr>\n<td>VOLKSWAGEN WORKER 17-250 E , CUMMINS INTERACT 6 ISBe 6 5.9 L 24V SOHV L6 DIESEL, 2004-2016.<\/td>\n<\/tr>\n<tr>\n<td>VOLKSWAGEN CONSTELLATION 17-250 , CUMMINS INTERACT 6 ISBe 6 5.9 L 24V SOHV L6 DIESEL, 2006-2019.<\/td>\n<\/tr>\n<tr>\n<td>VOLKSWAGEN WORKER 24-250 E , CUMMINS INTERACT 6 ISBe 6 5.9 L 24V SOHV L6 DIESEL, 2005-2016.<\/td>\n<\/tr>\n<tr>\n<td>VOLKSWAGEN WORKER 23-250 E , CUMMINS INTERACT 6 ISBe 6 5.9 L 24V SOHV L6 DIESEL, 2004-2006.<\/td>\n<\/tr>\n<\/tbody>\n<\/table>\n<p>&nbsp;<\/p>\n<div>ATENCI\u00d3N:<\/div>\n<div>Recomendamos que la instalaci\u00f3n la realice un profesional formado y especializado.<\/div>\n<div>S\u00f3lo compra este producto si est\u00e1s seguro de que es compatible con tu veh\u00edculo. Si tienes alguna duda, no dudes en ponerte en contacto con nosotros. Nuestro horario de apertura es de lunes a viernes de 8 a 18 h.<\/div>\n<div><\/div>\n<div>Sobre nosotros<\/div>\n<div>COM Automotive est\u00e1 especializada en piezas de autom\u00f3vil de dise\u00f1o original para el sector de la reparaci\u00f3n posventa, clientes industriales y fabricantes de veh\u00edculos especiales OEM.<\/div>\n<div>Nuestro equipo tiene m\u00e1s de 28 a\u00f1os de experiencia en la fabricaci\u00f3n y el suministro de piezas de automoci\u00f3n a escala mundial.<\/div>\n<div>Nuestra MISI\u00d3N es ofrecer productos de dise\u00f1o original con una calidad impecable y una sustituci\u00f3n personalizada.<\/div>\n<div>Nuestra VISI\u00d3N es promover el crecimiento y un valor inigualable para nuestros clientes.<\/div>\n","protected":false},"excerpt":{"rendered":"<p>8200064-COM. En stock. Ref: T001000071, 8200064, 3918377, 8200064R3, JNV911023, 75323042, 8200064, 8200064R, 8200064R3, 1113277, 10462469, 10461486, 10479623, 1113291, 10461461, 10479605, ZEN 33013, ZM 8028010, DITA 20644 &#8211; compatible con: VOLKSWAGEN. Marca: COM Automotive &#8211; Producto con calidad y dise\u00f1o originales. Compatible con Delco Remy<\/p>\n","protected":false},"featured_media":18672,"comment_status":"open","ping_status":"closed","template":"","meta":[],"product_brand":[],"product_cat":[8119],"product_tag":[13686,35956,35957,35958,13681,35960,35961,35953,13677,13683,13682,13434,13679,13684],"class_list":{"0":"post-15814","1":"product","2":"type-product","3":"status-publish","4":"has-post-thumbnail","6":"product_cat-motor-de-arranque","7":"product_tag-1113277-es","8":"product_tag-3604677rx-es","9":"product_tag-3675204rx-es","10":"product_tag-3904057-es","11":"product_tag-3918377-es","12":"product_tag-3918378-es","13":"product_tag-3926932-es","14":"product_tag-5565913-es","15":"product_tag-8200064-es","16":"product_tag-8200064r-es","17":"product_tag-8200064r3-es","18":"product_tag-jnv911023-es","19":"product_tag-t001000071-es","20":"product_tag-zen-33013-es","22":"first","23":"instock","24":"taxable","25":"shipping-taxable","26":"purchasable","27":"product-type-simple"},"_links":{"self":[{"href":"https:\/\/com-automotive.com\/es\/wp-json\/wp\/v2\/product\/15814","targetHints":{"allow":["GET"]}}],"collection":[{"href":"https:\/\/com-automotive.com\/es\/wp-json\/wp\/v2\/product"}],"about":[{"href":"https:\/\/com-automotive.com\/es\/wp-json\/wp\/v2\/types\/product"}],"replies":[{"embeddable":true,"href":"https:\/\/com-automotive.com\/es\/wp-json\/wp\/v2\/comments?post=15814"}],"wp:featuredmedia":[{"embeddable":true,"href":"https:\/\/com-automotive.com\/es\/wp-json\/wp\/v2\/media\/18672"}],"wp:attachment":[{"href":"https:\/\/com-automotive.com\/es\/wp-json\/wp\/v2\/media?parent=15814"}],"wp:term":[{"taxonomy":"product_brand","embeddable":true,"href":"https:\/\/com-automotive.com\/es\/wp-json\/wp\/v2\/product_brand?post=15814"},{"taxonomy":"product_cat","embeddable":true,"href":"https:\/\/com-automotive.com\/es\/wp-json\/wp\/v2\/product_cat?post=15814"},{"taxonomy":"product_tag","embeddable":true,"href":"https:\/\/com-automotive.com\/es\/wp-json\/wp\/v2\/product_tag?post=15814"}],"curies":[{"name":"wp","href":"https:\/\/api.w.org\/{rel}","templated":true}]}}