{"id":15812,"date":"2023-11-01T16:15:21","date_gmt":"2023-11-01T19:15:21","guid":{"rendered":"https:\/\/com-automotive.com\/motor-de-arranque-12v-12d-8200356-vw-17220-cummins-case-mx-220-mx240-mx270\/"},"modified":"2025-07-02T15:27:13","modified_gmt":"2025-07-02T18:27:13","slug":"motor-de-arranque-12v-12d-8200356-vw-17220-cummins-case-mx-220-mx240-mx270","status":"publish","type":"product","link":"https:\/\/com-automotive.com\/es\/motor-de-arranque-12v-12d-8200356-vw-17220-cummins-case-mx-220-mx240-mx270\/","title":{"rendered":"Motor de arranque 12V 4.6KW 12T compatible 8200356 VW 17220 Case MX 220 MX240 MX270<span class=\"product-sku\" style=\"display: block; font-size: 0.85em; color: #777; margin-top: 5px; margin-bottom: 5px;\">SKU: 6000.0356-COM<\/span>"},"content":{"rendered":"<h1><strong>COM-AUTOMOTIVE, calidad de dise\u00f1o original.<\/strong><\/h1>\n<p>Motor de arranque 12V 4.6KW 12T compatible 8200356<\/p>\n<h2>Preguntas m\u00e1s frecuentes<\/h2>\n<h3><strong>\u00bfCu\u00e1les son las referencias cruzadas?<\/strong><\/h3>\n<p>T001000001, 8200005, 3965283, 1614303C91, 2011457C91, 2018380C91, 2018381C91, 3601668C91, LNM105302, ZLNM105302, M105302, M105R2002SE, LNM105302, LNM105302, 10461769, 19026028, 19026029, 8200005, 8200025, 8200217, 8300005, ZEN 33023, DR8200005, DR1993874, DR8200025, 3978387, DR8200356, 2T0911023J, 2T0 911 023J<\/p>\n<h2><strong>Tabla de aplicaci\u00f3n<\/strong><\/h2>\n<table width=\"997\">\n<tbody>\n<tr>\n<td width=\"997\">Freightliner Cami\u00f3n Mediano\/Pesado, Clase Ejecutiva M2 L6 8.3L 8268cc 504cid 2004-2008<\/td>\n<\/tr>\n<tr>\n<td>Freightliner Cami\u00f3n Mediano\/Pesado, FL60 L6 8.3L 8268cc 504cid 2004<\/td>\n<\/tr>\n<tr>\n<td>Freightliner Cami\u00f3n Mediano\/Pesado, FL70 L6 8.3L 8268cc 504cid 2004-2005<\/td>\n<\/tr>\n<tr>\n<td>Freightliner Cami\u00f3n Mediano\/Pesado, FL80 L6 8.3L 8268cc 504cid 2004-2005<\/td>\n<\/tr>\n<tr>\n<td>Freightliner Cami\u00f3n Mediano\/Pesado, FL80 L6 8.9L 8849cc 540cid 2006<\/td>\n<\/tr>\n<tr>\n<td>Sterling Truck Cami\u00f3n Mediano\/Pesado, A9500 L6 8.9L 8849cc 540cid 2002-2003<\/td>\n<\/tr>\n<tr>\n<td>Sterling Truck Cami\u00f3n Mediano\/Pesado, Acterra 6500 L6 8.3L 8268cc 504cid 2004-2007<\/td>\n<\/tr>\n<tr>\n<td>Sterling Truck Cami\u00f3n Mediano\/Pesado, C\u00f3ndor L6 8.9L 8849cc 540cid 2002-2005<\/td>\n<\/tr>\n<tr>\n<td>Sterling Truck Cami\u00f3n Mediano\/Pesado, L7500 L6 7.2L 441cid 2005-2008<\/td>\n<\/tr>\n<tr>\n<td>Sterling Truck Cami\u00f3n Mediano\/Pesado, L7500 L6 8.3L 8268cc 504cid 2005<\/td>\n<\/tr>\n<tr>\n<td>Sterling Truck Cami\u00f3n Mediano\/Pesado, L7500 L6 8.3L 8268cc 504cid 2007-2008<\/td>\n<\/tr>\n<tr>\n<td>Sterling Truck Cami\u00f3n Mediano\/Pesado, L8500 L6 7.2L 441cid 2005-2007<\/td>\n<\/tr>\n<tr>\n<td>Sterling Truck Cami\u00f3n Mediano\/Pesado, L8500 L6 8.3L 8268cc 504cid 2005-2008<\/td>\n<\/tr>\n<tr>\n<td>Cami\u00f3n Sterling Cami\u00f3n Mediano\/Pesado, L9500 -6 11.1L 677cid 2005-2007<\/td>\n<\/tr>\n<tr>\n<td>Sterling Truck Cami\u00f3n Mediano\/Pesado, L9500 -6 12.5L 763cid 2005<\/td>\n<\/tr>\n<tr>\n<td>Sterling Truck Cami\u00f3n Mediano\/Pesado, L9500 -6 12.5L 763cid 2007-2008<\/td>\n<\/tr>\n<tr>\n<td>Cami\u00f3n Sterling Cami\u00f3n Mediano\/Pesado, LT7500 L6 7.2L 441cid 1999-2007<\/td>\n<\/tr>\n<tr>\n<td>Sterling Truck Cami\u00f3n Mediano\/Pesado, LT7500 L6 8.3L 8268cc 504cid 1999-2008<\/td>\n<\/tr>\n<tr>\n<td>Cami\u00f3n Sterling Cami\u00f3n Mediano\/Pesado, LT7501 L6 7.2L 441cid 1999-2001<\/td>\n<\/tr>\n<tr>\n<td>Cami\u00f3n Sterling Cami\u00f3n Mediano\/Pesado, LT7501 L6 8.3L 8268cc 504cid 1999-2000<\/td>\n<\/tr>\n<tr>\n<td>Sterling Truck Cami\u00f3n Mediano\/Pesado, LT8500 L6 7.2L 441cid 1999-2007<\/td>\n<\/tr>\n<tr>\n<td>Sterling Truck Cami\u00f3n Mediano\/Pesado, LT8500 L6 8.3L 8268cc 504cid 1999-2003<\/td>\n<\/tr>\n<tr>\n<td>Sterling Truck Cami\u00f3n Mediano\/Pesado, LT8500 L6 8.3L 8268cc 504cid 2005-2008<\/td>\n<\/tr>\n<tr>\n<td>Sterling Truck Cami\u00f3n Mediano\/Pesado, LT8501 L6 7.2L 441cid 1999<\/td>\n<\/tr>\n<tr>\n<td>Sterling Truck Cami\u00f3n mediano\/pesado, LT8501 L6 8.3L 8268cc 504cid 1999<\/td>\n<\/tr>\n<tr>\n<td>Sterling Truck Cami\u00f3n mediano\/pesado, LT8511 L6 7.2L 441cid 1999-2001<\/td>\n<\/tr>\n<tr>\n<td>Cami\u00f3n Sterling Cami\u00f3n Mediano\/Pesado, LT8511 L6 8.3L 8268cc 504cid 1999-2000<\/td>\n<\/tr>\n<tr>\n<td>Cami\u00f3n Sterling Cami\u00f3n Mediano\/Pesado, LT8513 L6 7.2L 441cid 1999-2001<\/td>\n<\/tr>\n<tr>\n<td>Sterling Truck Cami\u00f3n Mediano\/Pesado, LT8513 L6 8.3L 8268cc 504cid 1999-2000<\/td>\n<\/tr>\n<tr>\n<td>Sterling Truck Cami\u00f3n Mediano\/Pesado, LT9500 -6 11.1L 677cid 2004-2005<\/td>\n<\/tr>\n<tr>\n<td>Cami\u00f3n Sterling Cami\u00f3n Mediano\/Pesado, LT9500 -6 12.5L 763cid 2004-2006<\/td>\n<\/tr>\n<tr>\n<td>Sterling Truck Cami\u00f3n mediano\/pesado, LT9500 L6 11.1L 11096cc 677cid 1999-2000<\/td>\n<\/tr>\n<tr>\n<td>Cami\u00f3n Sterling Cami\u00f3n Mediano \/ Pesado, LT9501 L6 11.1L 11096cc 677cid 1999-2000<\/td>\n<\/tr>\n<tr>\n<td>Sterling Truck Cami\u00f3n Mediano\/Pesado, LT9501 L6 7.2L 441cid 2001<\/td>\n<\/tr>\n<tr>\n<td>Cami\u00f3n Sterling Cami\u00f3n Mediano \/ Pesado, LT9511 L6 11.1L 11096cc 677cid 1999-2000<\/td>\n<\/tr>\n<tr>\n<td>Cami\u00f3n Sterling Cami\u00f3n Mediano \/ Pesado, LT9513 L6 11.1L 11096cc 677cid 1999-2000<\/td>\n<\/tr>\n<\/tbody>\n<\/table>\n<div><\/div>\n<div>ATENCI\u00d3N:<\/div>\n<div>Recomendamos que la instalaci\u00f3n la realice un profesional formado y especializado.<\/div>\n<div>Solo adquiere este producto con la certeza de que es compatible con tu veh\u00edculo, si tienes dudas, no dudes en buscarnos. Nuestro horario de apertura es de lunes a viernes de 8 a 18 h.<\/div>\n<div><\/div>\n<div>Sobre nosotros<\/div>\n<div>COM Automotive est\u00e1 especializada en piezas de autom\u00f3vil de dise\u00f1o original para el sector de la reparaci\u00f3n posventa, clientes industriales y fabricantes de veh\u00edculos especiales OEM.<\/div>\n<div>Nuestro equipo tiene m\u00e1s de 28 a\u00f1os de experiencia en la fabricaci\u00f3n y el suministro de piezas de automoci\u00f3n a escala mundial.<\/div>\n<div>Nuestra MISI\u00d3N es ofrecer productos de dise\u00f1o original con una calidad impecable y una sustituci\u00f3n personalizada.<\/div>\n<div>Nuestra VISI\u00d3N es promover el crecimiento y un valor inigualable para nuestros clientes.<\/div>\n","protected":false},"excerpt":{"rendered":"<p>6000.0356-COM. Compatible con: 3965283, 1614303C91, 2011457C91, 2018380C91, 2018381C91, 3601668C91, LNM105302, ZLNM105302, M105R2002SE, T001000001, 10461769, 19026028, 19026029, 8200005, 8200025, 8200217, 8300005, ZEN 33023, ZM 8038003, EURO 20628, DITA 20520, DITA 20603, 60000356.  Marca: COM Automotive &#8211; Producto con calidad y dise\u00f1o originales.<\/p>\n","protected":false},"featured_media":19239,"comment_status":"open","ping_status":"closed","template":"","meta":[],"product_brand":[],"product_cat":[8119],"product_tag":[13653,13634,13655,13657,15322,13637,13640,13643,13645,13632,37010,37012,37011,13628,13659,13661,37009,13663,43946,37007,37008,27578,13646,13651,13625,13664,13647,13680],"class_list":{"0":"post-15812","1":"product","2":"type-product","3":"status-publish","4":"has-post-thumbnail","6":"product_cat-motor-de-arranque","7":"product_tag-10461769-es","8":"product_tag-1614303c91-es","9":"product_tag-19026028-es","10":"product_tag-19026029-es","11":"product_tag-1993874-es","12":"product_tag-2011457c91-es","13":"product_tag-2018380c91-es","14":"product_tag-2018381c91-es","15":"product_tag-3601668c91-es","16":"product_tag-3965283-es","17":"product_tag-6000-0356-com-es","18":"product_tag-60000356-es","19":"product_tag-60000356-com-es","20":"product_tag-8200005-es","21":"product_tag-8200025-es","22":"product_tag-8200217-es","23":"product_tag-8200356-com-es","24":"product_tag-8300005-es","25":"product_tag-96hu11001aa","26":"product_tag-dita-20520-es","27":"product_tag-dita-20603-es","28":"product_tag-euro-20622-es","29":"product_tag-lnm105302-es","30":"product_tag-m105r2002se-es","31":"product_tag-t001000001-es","32":"product_tag-zen-33023-es","33":"product_tag-zlnm105302-es","34":"product_tag-zm-8038003-es","36":"first","37":"instock","38":"taxable","39":"shipping-taxable","40":"purchasable","41":"product-type-simple"},"_links":{"self":[{"href":"https:\/\/com-automotive.com\/es\/wp-json\/wp\/v2\/product\/15812","targetHints":{"allow":["GET"]}}],"collection":[{"href":"https:\/\/com-automotive.com\/es\/wp-json\/wp\/v2\/product"}],"about":[{"href":"https:\/\/com-automotive.com\/es\/wp-json\/wp\/v2\/types\/product"}],"replies":[{"embeddable":true,"href":"https:\/\/com-automotive.com\/es\/wp-json\/wp\/v2\/comments?post=15812"}],"wp:featuredmedia":[{"embeddable":true,"href":"https:\/\/com-automotive.com\/es\/wp-json\/wp\/v2\/media\/19239"}],"wp:attachment":[{"href":"https:\/\/com-automotive.com\/es\/wp-json\/wp\/v2\/media?parent=15812"}],"wp:term":[{"taxonomy":"product_brand","embeddable":true,"href":"https:\/\/com-automotive.com\/es\/wp-json\/wp\/v2\/product_brand?post=15812"},{"taxonomy":"product_cat","embeddable":true,"href":"https:\/\/com-automotive.com\/es\/wp-json\/wp\/v2\/product_cat?post=15812"},{"taxonomy":"product_tag","embeddable":true,"href":"https:\/\/com-automotive.com\/es\/wp-json\/wp\/v2\/product_tag?post=15812"}],"curies":[{"name":"wp","href":"https:\/\/api.w.org\/{rel}","templated":true}]}}