{"id":15811,"date":"2023-12-28T17:33:34","date_gmt":"2023-12-28T20:33:34","guid":{"rendered":"https:\/\/com-automotive.com\/motor-de-arranque-de-22800001951-12v-13t-para-retroexcavadora-caja-580-590\/"},"modified":"2024-06-02T12:39:20","modified_gmt":"2024-06-02T15:39:20","slug":"motor-de-arranque-de-22800001951-12v-13t-para-retroexcavadora-caja-580-590","status":"publish","type":"product","link":"https:\/\/com-automotive.com\/es\/motor-de-arranque-de-22800001951-12v-13t-para-retroexcavadora-caja-580-590\/","title":{"rendered":"Motor de arranque de 22800001951 12V 13T para retroexcavadora Caja 580 590<span class=\"product-sku\" style=\"display: block; font-size: 0.85em; color: #777; margin-top: 5px; margin-bottom: 5px;\">SKU: 6000.1951-COM<\/span>"},"content":{"rendered":"<h1><strong>COM-AUTOMOTIVE, calidad de dise\u00f1o original.<\/strong><\/h1>\n<p>Caja de retroexcavadora 580 590<\/p>\n<h2>Preguntas m\u00e1s frecuentes<\/h2>\n<h3><strong>\u00bfCu\u00e1les son las referencias cruzadas?<\/strong><\/h3>\n<p>22800001951, 86982709, 104452A2R, 1987559C1, 104452A1, 104452A2, 86982709, 86982709R, 87350916, A170745, A170746, A170756, AR170746, 3675154NW, 3604660RX, 3604660NW, 3604485RX, 3604485NW, 1912211 , 3957594, 3904466, 3906960, 3920403, 3920643, 3926960, 3957586, 3675154RX, 22800001951, 22800002670, 1280000210, ZM 8014004, EURO 20633, 2280004671, 2280006980, 2280006981, 2280004670, 2280000623, 2280000622, 2280000621, 1280009503, 1280009502, 1280009501, 1280009500, 1280002273, 1280002272, 1280002271, 1280002270, 1280000545, 1280000544, 1280000543, 1280000542, 1280000541, 1280000540, 1280000216, 1280000215, 1280000214, 1280000213, 1280000212, 2280009100, 1280000210, 1280000211, ZM, 8014004<\/p>\n<h2><strong>Tabla de aplicaci\u00f3n<\/strong><\/h2>\n<p>CAJA DE RETROEXCAVADORA 580 \/ 580L \/ 590 CUMMINS 4BT 3.9 FORD F250 \/ F350 CUMMINS 4BT 3.9 ALL NEW HOLLAND RETROEXCAVADORA CARGADORA 1B90 CUMMINS 4BT 3.9 TODOS<\/p>\n<div><\/div>\n<div>ATENCI\u00d3N:<\/div>\n<div>Recomendamos que la instalaci\u00f3n la realice un profesional formado y especializado.<\/div>\n<div>S\u00f3lo compra este producto si est\u00e1s seguro de que es compatible con tu veh\u00edculo. Si tienes alguna duda, no dudes en ponerte en contacto con nosotros. Nuestro horario de apertura es de lunes a viernes de 8 a 18 h.<\/div>\n<div><\/div>\n<div>Sobre nosotros<\/div>\n<div>COM Automotive est\u00e1 especializada en piezas de autom\u00f3vil de dise\u00f1o original para el sector de la reparaci\u00f3n posventa, clientes industriales y fabricantes de veh\u00edculos especiales OEM.<\/div>\n<div>Nuestro equipo tiene m\u00e1s de 28 a\u00f1os de experiencia en la fabricaci\u00f3n y el suministro de piezas de automoci\u00f3n a escala mundial.<\/div>\n<div>Nuestra MISI\u00d3N es ofrecer productos de dise\u00f1o original con una calidad impecable y una sustituci\u00f3n personalizada.<\/div>\n<div>Nuestra VISI\u00d3N es promover el crecimiento y un valor inigualable para nuestros clientes.<\/div>\n","protected":false},"excerpt":{"rendered":"<p>22800001951-COM. En stock. Ref: 22800001951, , 86982709, 104452A2R, 1987559C1, 104452A1, 86982709R, 87350916, A170745, A170746, A170756, AR170746, 3675154NW, 3604660RX, 3604660NW, 3604485RX, 3604485NW, 1912211, 3957594, 3904466 , 3906960, 3920403, 3920643, 3926960, 3957586, 3675154RX, 22800001951, 22800002670, 1280000210, ZM 8014004, EURO 20633, 2280004671, 2280006980, 2280006981, 2280004670, 2280000623, 2280000622, 2280000621, 1280009503, 1280009502, 1280009501, 1280009500, 1280002273, 1280002272, 1280002271, 1280002270,  1280000545, 1280000544, 1280000543, 1280000542, 1280000541, 1280000540, 1280000216, 1280000215, 1280000214, 1280000213, 1280000212, 2280009100, 1280000210, 1280000211, ZM 8014004 &#8211; compatible con: Estuche. Marca: COM Automotive &#8211; Producto con calidad y dise\u00f1o originales. Compatible con Denso<\/p>\n","protected":false},"featured_media":20706,"comment_status":"open","ping_status":"closed","template":"","meta":[],"product_brand":[],"product_cat":[8119],"product_tag":[13586,13584,13609,13908,13905,13904,13902,13900,13898,13896,13894,13644,13641,13638,13635,13631,13629,13626,13623,13622,13621,13620,13619,13599,13585,13582,13608,13618,13617,13616,13615,13612,13613,13614,13906,13598,13597,13596,13595,13594,13607,13601,13602,13603,13604,13605,13606,13600,13588,13589,13590,13591,13592,13593,13611,13610],"class_list":{"0":"post-15811","1":"product","2":"type-product","3":"status-publish","4":"has-post-thumbnail","6":"product_cat-motor-de-arranque","7":"product_tag-104452a1-es","8":"product_tag-104452a2r-es","9":"product_tag-1280000210-es","10":"product_tag-1280000211-es","11":"product_tag-1280000212-es","12":"product_tag-1280000213-es","13":"product_tag-1280000214-es","14":"product_tag-1280000215-es","15":"product_tag-1280000216-es","16":"product_tag-1280000540-es","17":"product_tag-1280000541-es","18":"product_tag-1280000542-es","19":"product_tag-1280000543-es","20":"product_tag-1280000544-es","21":"product_tag-1280000545-es","22":"product_tag-1280002270-es","23":"product_tag-1280002271-es","24":"product_tag-1280002272-es","25":"product_tag-1280002273-es","26":"product_tag-1280009500-es","27":"product_tag-1280009501-es","28":"product_tag-1280009502-es","29":"product_tag-1280009503-es","30":"product_tag-1912211-es","31":"product_tag-1987559c1-es","32":"product_tag-22800001951-es","33":"product_tag-22800002670-es","34":"product_tag-2280000621-es","35":"product_tag-2280000622-es","36":"product_tag-2280000623-es","37":"product_tag-2280004670-es","38":"product_tag-2280004671-es","39":"product_tag-2280006980-es","40":"product_tag-2280006981-es","41":"product_tag-2280009100-es","42":"product_tag-3604485nw-es","43":"product_tag-3604485rx-es","44":"product_tag-3604660nw-es","45":"product_tag-3604660rx-es","46":"product_tag-3675154nw-es","47":"product_tag-3675154rx-es","48":"product_tag-3904466-es","49":"product_tag-3906960-es","50":"product_tag-3920403-es","51":"product_tag-3920643-es","52":"product_tag-3926960-es","53":"product_tag-3957586-es","54":"product_tag-3957594-es","55":"product_tag-86982709r-es","56":"product_tag-87350916-es","57":"product_tag-a170745-es","58":"product_tag-a170746-es","59":"product_tag-a170756-es","60":"product_tag-ar170746-es","61":"product_tag-euro-20633-es","62":"product_tag-zm-8014004-es","64":"first","65":"instock","66":"taxable","67":"shipping-taxable","68":"purchasable","69":"product-type-simple"},"_links":{"self":[{"href":"https:\/\/com-automotive.com\/es\/wp-json\/wp\/v2\/product\/15811","targetHints":{"allow":["GET"]}}],"collection":[{"href":"https:\/\/com-automotive.com\/es\/wp-json\/wp\/v2\/product"}],"about":[{"href":"https:\/\/com-automotive.com\/es\/wp-json\/wp\/v2\/types\/product"}],"replies":[{"embeddable":true,"href":"https:\/\/com-automotive.com\/es\/wp-json\/wp\/v2\/comments?post=15811"}],"wp:featuredmedia":[{"embeddable":true,"href":"https:\/\/com-automotive.com\/es\/wp-json\/wp\/v2\/media\/20706"}],"wp:attachment":[{"href":"https:\/\/com-automotive.com\/es\/wp-json\/wp\/v2\/media?parent=15811"}],"wp:term":[{"taxonomy":"product_brand","embeddable":true,"href":"https:\/\/com-automotive.com\/es\/wp-json\/wp\/v2\/product_brand?post=15811"},{"taxonomy":"product_cat","embeddable":true,"href":"https:\/\/com-automotive.com\/es\/wp-json\/wp\/v2\/product_cat?post=15811"},{"taxonomy":"product_tag","embeddable":true,"href":"https:\/\/com-automotive.com\/es\/wp-json\/wp\/v2\/product_tag?post=15811"}],"curies":[{"name":"wp","href":"https:\/\/api.w.org\/{rel}","templated":true}]}}