{"id":15803,"date":"2023-11-01T16:14:59","date_gmt":"2023-11-01T19:14:59","guid":{"rendered":"https:\/\/com-automotive.com\/motor-de-arranque-12v-7-2kw-12d-8200433-3938501-massey\/"},"modified":"2024-06-02T12:33:15","modified_gmt":"2024-06-02T15:33:15","slug":"motor-de-arranque-12v-7-2kw-12d-8200433-3938501-massey","status":"publish","type":"product","link":"https:\/\/com-automotive.com\/es\/motor-de-arranque-12v-7-2kw-12d-8200433-3938501-massey\/","title":{"rendered":"Motor de arranque 12V 7.2KW 12D 8200433 3938501 MASSEY<span class=\"product-sku\" style=\"display: block; font-size: 0.85em; color: #777; margin-top: 5px; margin-bottom: 5px;\">SKU: 6000.0433-COM<\/span>"},"content":{"rendered":"<h1><strong>COM-AUTOMOTIVE, calidad de dise\u00f1o original.<\/strong><\/h1>\n<p>8200433 12V 7.2KW 12 dientes Arrancador Dise\u00f1o: Delco Remy Tipo: 39MT &#8211; OEM: MASSEY<\/p>\n<h2>Preguntas m\u00e1s frecuentes<\/h2>\n<h3><strong>\u00bfCu\u00e1les son las referencias cruzadas?<\/strong><\/h3>\n<p>T001000079, 8200433, 3938501, 3102919, 5267908, 5284100, 3809913C91, M009T71279, M9T71279, VV0279, 21001825, D616002003, 20520903, 20796845, 20815227, 21019456, 21019460, 21493891, 21942885, 21942894, 22398219, 22398223, 22421157, 22602987, 22602994, 19011510, 19011515, 19011517, 19011526, 5267908, 8200030, 8200042, 8200058, 8200081, 8200087, 8200182, 8200210, 8200214, 8200218, 8200219, 8200253, 8200291, 8200360, 8200374, 8200417, 8200433, 8200443, 8200444, 8200469, 8200572, 8200610, 8200611,  8200625, 8200635, 8200659, 8200664, 8200672, 8200688, 8200691, 8200817, 8200836, 8200909, 8200910, 8200958, 8201134<\/p>\n<h2><strong>Tabla de aplicaci\u00f3n<\/strong><\/h2>\n<table width=\"997\">\n<tbody>\n<tr>\n<td width=\"997\">MASSEY FERGUSON 4275 Y 4X4, DIESEL, 2011-2015.<\/td>\n<\/tr>\n<tr>\n<td>MASSEY FERGUSON MF 32 ADVANCED, AGCO POWER 620 DS 620 DS 6.6L 12V SOHV L6 DIESEL, 2007-2023.<\/td>\n<\/tr>\n<tr>\n<td>MASSEY FERGUSON MF 7180, AGCO POWER 620 DS 620 DS 6.6L 12V SOHV L6 DIESEL, 2015-2023.<\/td>\n<\/tr>\n<tr>\n<td>MASSEY FERGUSON MF 7140 4X4, AGCO POWER 620 DS 620 DS 6.6 L 12V SOHV L6 DIESEL, 2009-2014.<\/td>\n<\/tr>\n<tr>\n<td>MASSEY FERGUSON 4291 4X4, DIESEL, 2010-2015.<\/td>\n<\/tr>\n<tr>\n<td>INTERNACIONAL DURASTAR 6X4 , MWM MAXXFORCE 7.2H 6.12 TCE ACTEON 7.2 L 24V SOHV L6 DIESEL, 2013-2017.<\/td>\n<\/tr>\n<tr>\n<td>MASSEY FERGUSON 4265 N 4X4, DIESEL, 2011-2015.<\/td>\n<\/tr>\n<tr>\n<td>MASSEY FERGUSON MF 7140, AGCO POWER 620 DS 620 DS 6.6L 12V SOHV L6 DIESEL, 2015-2023.<\/td>\n<\/tr>\n<tr>\n<td>INTERNATIONAL 4700 16E 200 , MWM DT 466 Y DT 466 E 7.6 L 12V SOHV L6 DIESEL, 1999-2002.<\/td>\n<\/tr>\n<tr>\n<td>MASSEY FERGUSON MF 7350 DYNA-6, AGCO POWER 620 DS 620 DS 6.6 L 12V SOHV L6 DIESEL, 2009-2023.<\/td>\n<\/tr>\n<tr>\n<td>MASSEY FERGUSON MF 7370 DYNA-6, AGCO POWER 620 DS 620 DS 6.6L 12V SOHV L6 DIESEL, 2010-2023.<\/td>\n<\/tr>\n<tr>\n<td>MASSEY FERGUSON 4265 N, DIESEL, 2011-2015.<\/td>\n<\/tr>\n<tr>\n<td>MASSEY FERGUSON MF 34 G, DI\u00c9SEL, 2004-2013.<\/td>\n<\/tr>\n<tr>\n<td>MASSEY FERGUSON 4283 N 4X4, DIESEL, 2012-2015.<\/td>\n<\/tr>\n<tr>\n<td>INTERNACIONAL DURASTAR 6X2 , MWM MAXXFORCE 7.2H 6.12 TCE ACTEON 7.2 L 24V SOHV L6 DIESEL, 2013-2017.<\/td>\n<\/tr>\n<tr>\n<td>MASSEY FERGUSON MF 250 4X4 N, DI\u00c9SEL, 2007-2015.<\/td>\n<\/tr>\n<tr>\n<td>INTERNATIONAL 4900 24E 270 , MWM DT 466 Y DT 466 E 7.6 L 12V SOHV L6 DIESEL, 1999-2002.<\/td>\n<\/tr>\n<tr>\n<td>MASSEY FERGUSON 283 N 4X4, DIESEL, 2006-2015.<\/td>\n<\/tr>\n<tr>\n<td>MASSEY FERGUSON 2625 4X4, DIESEL, 2012-2014.<\/td>\n<\/tr>\n<tr>\n<td>MASSEY FERGUSON MF 7170 4X4, AGCO POWER 620 DS 620 DS 6.6 L 12V SOHV L6 DIESEL, 2009-2014.<\/td>\n<\/tr>\n<tr>\n<td>INTERNACIONAL DURASTAR 4X2 , MWM MAXXFORCE 7.2H 6.12 TCE ACTEON 7.2 L 24V SOHV L6 DIESEL, 2009-2016.<\/td>\n<\/tr>\n<tr>\n<td>MASSEY FERGUSON MF 7150 CAB, AGCO POWER 620 DS 620 DS 6.6L 12V SOHV L6 DIESEL, 2016-2023.<\/td>\n<\/tr>\n<tr>\n<td>MASSEY FERGUSON MF 7170, AGCO POWER 620 DS 620 DS 6.6L 12V SOHV L6 DIESEL, 2016-2023.<\/td>\n<\/tr>\n<tr>\n<td>MASSEY FERGUSON MF 9030, AGCO POWER 620 DS 620 DS 6.6 L 12V SOHV L6 DIESEL, 2016-2023.<\/td>\n<\/tr>\n<tr>\n<td>VARILLA MASSEY FERGUSON MF 9030 PLUS, AGCO POWER 620 DS 620 DS 6.6 L 12V SOHV L6 DIESEL, 2016-2023.<\/td>\n<\/tr>\n<tr>\n<td>INTERNACIONAL DURASTAR 4X2 , MWM SERIE 12 \/ X12 6.12 TCE ACTEON 7.2 L 12V SOHV L6 DIESEL, 2011-2015.<\/td>\n<\/tr>\n<tr>\n<td>INTERNATIONAL DURASTAR 6X4 , MWM SERIE 12 \/ X12 6.12 TCE ACTEON 7.2 L 12V SOHV L6 DIESEL, 2011-2015.<\/td>\n<\/tr>\n<tr>\n<td>MASSEY FERGUSON 292 4X4 CANE, DIESEL, 2008-2011.<\/td>\n<\/tr>\n<tr>\n<td>MASSEY FERGUSON 8480 4X4, DIESEL, 2006-2010.<\/td>\n<\/tr>\n<tr>\n<td>INTERNATIONAL 4700 16E 215 , MWM DT 466 Y DT 466 E 7.6 L 12V SOHV L6 DIESEL, 1998-1999.<\/td>\n<\/tr>\n<tr>\n<td>MASSEY FERGUSON MF 38 G, DI\u00c9SEL, 2005-2007.<\/td>\n<\/tr>\n<tr>\n<td>INTERNACIONAL DURASTAR 6X2 , MWM SERIE 12 \/ X12 6.12 TCE ACTEON 7.2 L 12V SOHV L6 DIESEL, 2011-2015.<\/td>\n<\/tr>\n<tr>\n<td>MASSEY FERGUSON MF 7150 FORESTRY , AGCO POWER 620 DS 620 DS 6.6 L 12V SOHV L6 DIESEL, 2015-2015.<\/td>\n<\/tr>\n<tr>\n<td>INTERNATIONAL 4900 16E 270 , MWM DT 466 Y DT 466 E 7.6 L 12V SOHV L6 DIESEL, 1999-2002.<\/td>\n<\/tr>\n<tr>\n<td>MASSEY FERGUSON MF 3640 G, DI\u00c9SEL, 2005-2007.<\/td>\n<\/tr>\n<tr>\n<td>MASSEY FERGUSON MF 9895 DT, DI\u00c9SEL, 2014-2014.<\/td>\n<\/tr>\n<tr>\n<td>MASSEY FERGUSON MF 6690 G, DI\u00c9SEL, 2014-2014.<\/td>\n<\/tr>\n<tr>\n<td>MASSEY FERGUSON MF 7170 FORESTAL, AGCO POWER 620 DS 620 DS 6.6 L 12V SOHV L6 DIESEL, 2015-2015.<\/td>\n<\/tr>\n<tr>\n<td>MASSEY FERGUSON MF 34 A, AGCO POWER 620 DS 620 DS 6.6 L 12V SOHV L6 DIESEL, 2011-2012.<\/td>\n<\/tr>\n<tr>\n<td>MASSEY FERGUSON 5450 4X4, DIESEL, 2014-2014.<\/td>\n<\/tr>\n<tr>\n<td>MASSEY FERGUSON MF 492 4X4, DI\u00c9SEL, 2006-2006.<\/td>\n<\/tr>\n<tr>\n<td>MASSEY FERGUSON MF 5334 4X4, DI\u00c9SEL, 2006-2006.<\/td>\n<\/tr>\n<\/tbody>\n<\/table>\n<div><\/div>\n<div>ATENCI\u00d3N:<\/div>\n<div>Recomendamos que la instalaci\u00f3n la realice un profesional formado y especializado.<\/div>\n<div>S\u00f3lo compra este producto si est\u00e1s seguro de que es compatible con tu veh\u00edculo. Si tienes alguna duda, no dudes en ponerte en contacto con nosotros. Nuestro horario de apertura es de lunes a viernes de 8 a 18 h.<\/div>\n<div><\/div>\n<div>Sobre nosotros<\/div>\n<div>COM Automotive est\u00e1 especializada en piezas de autom\u00f3vil de dise\u00f1o original para el sector de la reparaci\u00f3n posventa, clientes industriales y fabricantes de veh\u00edculos especiales OEM.<\/div>\n<div>Nuestro equipo tiene m\u00e1s de 28 a\u00f1os de experiencia en la fabricaci\u00f3n y el suministro de piezas de automoci\u00f3n a escala mundial.<\/div>\n<div>Nuestra MISI\u00d3N es ofrecer productos de dise\u00f1o original con una calidad impecable y una sustituci\u00f3n personalizada.<\/div>\n<div>Nuestra VISI\u00d3N es promover el crecimiento y un valor inigualable para nuestros clientes.<\/div>\n","protected":false},"excerpt":{"rendered":"<p>8200433-COM. En stock. Ref: T001000079, 8200433, 3938501, 3102919, 5267908, 5284100, 3809913C91, M009T71279, M9T71279, VV0279, 21001825, D616002003, 20520903, 20796845, 20815227, 21019456, 21019460, 21493891, 21942885, 21942894, 22398219, 22398223, 22421157, 22602987, , , , , , , 22602994 2, 4280004451, 19011510, 19011515, 19011517, 19011526, 5267908, 8200030, 8200042, 8200058, 8200081, 8200087, 8200182, 8200210, 8200214, 8200218, 8200219, 8200253, 8200291, 8200360, 8200374, 8200417, 8200433, 8200443, 8200444, 8200469, 8200572,  8200610, 8200611, 8200625, 8200635, 8200659, 8200664, 8200672, 8200688, 8200691, 8200817, 8200836, 8200909, 8200910, 8200958, 8201134, 8200287, MIB970379 &#8211; compatible con: MASSEY. Marca: COM Automotive &#8211; Producto con calidad y dise\u00f1o originales. Compatible con Delco Remy<\/p>\n","protected":false},"featured_media":18694,"comment_status":"open","ping_status":"closed","template":"","meta":[],"product_brand":[],"product_cat":[8119],"product_tag":[13493,13494,13497,13499,13467,13469,13471,13464,13472,13474,13476,13478,13480,13482,13484,13486,13489,13491,13451,13457,13449,13453,13455,13501,13503,13505,13507,13509,13511,13514,13517,13520,13523,13526,19308,13529,13532,13535,13538,13447,13541,13544,13706,13708,13710,13712,13714,13716,13718,13720,13721,13724,13726,13728,13731,13733,13735,13737,13738,13465,13459,13461,13445,13463],"class_list":{"0":"post-15803","1":"product","2":"type-product","3":"status-publish","4":"has-post-thumbnail","6":"product_cat-motor-de-arranque","7":"product_tag-19011510-es","8":"product_tag-19011515-es","9":"product_tag-19011517-es","10":"product_tag-19011526-es","11":"product_tag-20520903-es","12":"product_tag-20796845-es","13":"product_tag-20815227-es","14":"product_tag-21001825-es","15":"product_tag-21019456-es","16":"product_tag-21019460-es","17":"product_tag-21493891-es","18":"product_tag-21942885-es","19":"product_tag-21942894-es","20":"product_tag-22398219-es","21":"product_tag-22398223-es","22":"product_tag-22421157-es","23":"product_tag-22602987-es","24":"product_tag-22602994-es","25":"product_tag-3102919-es","26":"product_tag-3809913c91-es","27":"product_tag-3938501-es","28":"product_tag-5267908-es","29":"product_tag-5284100-es","30":"product_tag-8200030-es","31":"product_tag-8200042-es","32":"product_tag-8200058-es","33":"product_tag-8200081-es","34":"product_tag-8200087-es","35":"product_tag-8200182-es","36":"product_tag-8200210-es","37":"product_tag-8200214-es","38":"product_tag-8200218-es","39":"product_tag-8200219-es","40":"product_tag-8200253-es","41":"product_tag-8200287-es","42":"product_tag-8200291-es","43":"product_tag-8200360-es","44":"product_tag-8200374-es","45":"product_tag-8200417-es","46":"product_tag-8200433-es","47":"product_tag-8200443-es","48":"product_tag-8200444-es","49":"product_tag-8200469-es","50":"product_tag-8200572-es","51":"product_tag-8200610-es","52":"product_tag-8200611-es","53":"product_tag-8200625-es","54":"product_tag-8200635-es","55":"product_tag-8200659-es","56":"product_tag-8200664-es","57":"product_tag-8200672-es","58":"product_tag-8200688-es","59":"product_tag-8200691-es","60":"product_tag-8200817-es","61":"product_tag-8200836-es","62":"product_tag-8200909-es","63":"product_tag-8200910-es","64":"product_tag-8200958-es","65":"product_tag-8201134-es","66":"product_tag-d616002003-es","67":"product_tag-m009t71279-es","68":"product_tag-m9t71279-es","69":"product_tag-t001000079-es","70":"product_tag-vv0279-es","72":"first","73":"instock","74":"taxable","75":"shipping-taxable","76":"purchasable","77":"product-type-simple"},"_links":{"self":[{"href":"https:\/\/com-automotive.com\/es\/wp-json\/wp\/v2\/product\/15803","targetHints":{"allow":["GET"]}}],"collection":[{"href":"https:\/\/com-automotive.com\/es\/wp-json\/wp\/v2\/product"}],"about":[{"href":"https:\/\/com-automotive.com\/es\/wp-json\/wp\/v2\/types\/product"}],"replies":[{"embeddable":true,"href":"https:\/\/com-automotive.com\/es\/wp-json\/wp\/v2\/comments?post=15803"}],"wp:featuredmedia":[{"embeddable":true,"href":"https:\/\/com-automotive.com\/es\/wp-json\/wp\/v2\/media\/18694"}],"wp:attachment":[{"href":"https:\/\/com-automotive.com\/es\/wp-json\/wp\/v2\/media?parent=15803"}],"wp:term":[{"taxonomy":"product_brand","embeddable":true,"href":"https:\/\/com-automotive.com\/es\/wp-json\/wp\/v2\/product_brand?post=15803"},{"taxonomy":"product_cat","embeddable":true,"href":"https:\/\/com-automotive.com\/es\/wp-json\/wp\/v2\/product_cat?post=15803"},{"taxonomy":"product_tag","embeddable":true,"href":"https:\/\/com-automotive.com\/es\/wp-json\/wp\/v2\/product_tag?post=15803"}],"curies":[{"name":"wp","href":"https:\/\/api.w.org\/{rel}","templated":true}]}}