{"id":15795,"date":"2023-11-01T16:12:07","date_gmt":"2023-11-01T19:12:07","guid":{"rendered":"https:\/\/com-automotive.com\/motor-de-arranque-de-12v-8d-fs10b3-d7e47-8200049826-para-logan-ano0717\/"},"modified":"2025-03-20T10:01:25","modified_gmt":"2025-03-20T13:01:25","slug":"motor-de-arranque-de-12v-8d-fs10b3-d7e47-8200049826-para-logan-ano0717","status":"publish","type":"product","link":"https:\/\/com-automotive.com\/es\/motor-de-arranque-de-12v-8d-fs10b3-d7e47-8200049826-para-logan-ano0717\/","title":{"rendered":"Motor de arranque compatible 12V 0.8KW 8T D7E47 para Renault Logan 2013&gt;<span class=\"product-sku\" style=\"display: block; font-size: 0.85em; color: #777; margin-top: 5px; margin-bottom: 5px;\">SKU: 6000.7E47-COM<\/span>"},"content":{"rendered":"<h1><strong>COM-AUTOMOTIVE, calidad de dise\u00f1o original.<\/strong><\/h1>\n<p>Motor de arranque compatible 12V 0.8KW 8T D7E47 para Renault Logan 2013&gt;<\/p>\n<h2>Preguntas m\u00e1s frecuentes<\/h2>\n<h3><strong>\u00bfCu\u00e1les son las referencias cruzadas?<\/strong><\/h3>\n<p>T001006010, FS10B3, 8200049826,8200266777B, 233001105R, F000CD0002, 102N10016, DRS3948, ZEN 32011, Euro 20556<\/p>\n<h2><strong>Tabla de aplicaci\u00f3n<\/strong><\/h2>\n<table width=\"793\">\n<tbody>\n<tr>\n<td width=\"793\">RENAULT LOGAN EXPRESSION G-1,K7M K7M 1.6 L 8V SOHC L4 FLEX, 2008-2013.<\/td>\n<\/tr>\n<tr>\n<td>RENAULT SANDERO EXPRESI\u00d3N HI-TORQUE G-1,K4M K4M 1.6 L 16V DOHC L4 FLEX, 2011-2013.<\/td>\n<\/tr>\n<tr>\n<td>RENAULT SANDERO STEPWAY G-1,K4M 1.6 L 16V DOHC L4 FLEX, 2008-2013.<\/td>\n<\/tr>\n<tr>\n<td>NISSAN LIVINA S ,K4M K4M 1.6 L 16V DOHC L4 FLEX, 2009-2013.<\/td>\n<\/tr>\n<tr>\n<td>RENAULT KANGOO EXPRESS G-2,K4M 1.6 L 16V DOHC L4 FLEX, 2008-2014.<\/td>\n<\/tr>\n<tr>\n<td>RENAULT LOGAN DYNAMIQUE EASY R G2 G-2,K7M K7M 1.6 L 8V SOHC L4 FLEX, 2014-2015.<\/td>\n<\/tr>\n<tr>\n<td>RENAULT SANDERO PRIVILEGE HI-TORQUE G-1,K4M K4M 1.6 L 16V DOHC L4 FLEX, 2011-2013.<\/td>\n<\/tr>\n<tr>\n<td>RENAULT LOGAN EXCLUSIVE G2 G-2,K7M K7M 1.6 L 8V SOHC L4 FLEX, 2014-2015.<\/td>\n<\/tr>\n<tr>\n<td>RENAULT LOGAN AUTHENTIQUE G2 G-2,K7M K7M 1.6 L 8V SOHC L4 FLEX, 2014-2015.<\/td>\n<\/tr>\n<tr>\n<td>RENAULT SYMBOL PRIVILEGE ,K4M K4M 1.6 L 16V DOHC L4 FLEX, 2009-2013.<\/td>\n<\/tr>\n<tr>\n<td>RENAULT SANDERO PRIVILEGE HI-FLEX AUTO G-1,K4M K4M 1.6 L 16V DOHC L4 FLEX, 2011-2013.<\/td>\n<\/tr>\n<tr>\n<td>RENAULT SANDERO GT LINE G-1,K4M K4M 1.6 L 16V DOHC L4 FLEX, 2010-2013.<\/td>\n<\/tr>\n<tr>\n<td>RENAULT CLIO RT ,K7M K7M 1.6 L 8V SOHC L4 GASOLINA, 1996-2002.<\/td>\n<\/tr>\n<tr>\n<td>RENAULT LOGAN EXCLUSIVE EASY R G2 G-2,K7M K7M 1.6 L 8V SOHC L4 FLEX, 2014-2015.<\/td>\n<\/tr>\n<tr>\n<td>RENAULT SANDERO STEPWAY TWEED EN. G-3,K4M K4M 1.6 L 16V DOHC L4 FLEX, 2014-2015.<\/td>\n<\/tr>\n<tr>\n<td>RENAULT KANGOO EXPRESS 3 PUERTAS G-2,K4M 1.6 L 16V DOHC L4 FLEX, 2014-2017.<\/td>\n<\/tr>\n<tr>\n<td>RENAULT CLIO PRIVILEGE HI-FLEX ,K4M K4M 1.6 L 16V DOHC L4 FLEX, 2004-2007.<\/td>\n<\/tr>\n<tr>\n<td>RENAULT LOGAN AUTHENTIQUE G2 G-2,K7M K7M 1.6 L 8V SOHC L4 FLEX, 2013-2013.<\/td>\n<\/tr>\n<tr>\n<td>RENAULT SYMBOL EXPRESSION HI-FLEX ,K7M K7M 1.6 L 8V SOHC L4 FLEX, 2009-2012.<\/td>\n<\/tr>\n<tr>\n<td>RENAULT SCENIC RT G-1,K4M 1.6 L 16V DOHC L4 GASOLINA, 2001-2005.<\/td>\n<\/tr>\n<tr>\n<td>RENAULT MEGANE GRAND TOUR DYNAMIQUE ,K4M K4M 1.6 L 16V DOHC L4 FLEX, 2008-2012.<\/td>\n<\/tr>\n<tr>\n<td>RENAULT SYMBOL EXPRESSION ,K4M K4M 1.6 L 16V DOHC L4 FLEX, 2009-2013.<\/td>\n<\/tr>\n<tr>\n<td>RENAULT CLIO EXPRESSION HI-FLEX ,K4M K4M 1.6 L 16V DOHC L4 FLEX, 2004-2007.<\/td>\n<\/tr>\n<tr>\n<td>RENAULT SCENIC RT16V ,K4M K4M 1.6 L 16V DOHC L4 GASOLINA, 1999-2005.<\/td>\n<\/tr>\n<tr>\n<td>RENAULT SANDERO EXPRESI\u00d3N HI-FLEX G-1,K4M K4M 1.6 L 16V DOHC L4 FLEX, 2009-2010.<\/td>\n<\/tr>\n<tr>\n<td>RENAULT SCENIC RXE ,K4M K4M 1.6 L 16V DOHC L4 GASOLINA, 2001-2005.<\/td>\n<\/tr>\n<tr>\n<td>RENAULT MEGANE BERLINA FIII DYNAMIQUE HY-FLEX ,K4M K4M 1.6 L 16V DOHC L4 FLEX, 2008-2010.<\/td>\n<\/tr>\n<tr>\n<td>RENAULT LOGAN EXPRESSION EASY R G3 G-3,K7M K7M 1.6 L 8V SOHC L4 FLEX, 2016-2016.<\/td>\n<\/tr>\n<tr>\n<td>RENAULT CLIO RL ,K4M K4M 1.6 L 16V DOHC L4 GASOLINA, 2000-2004.<\/td>\n<\/tr>\n<tr>\n<td>RENAULT CLIO AUTHENTIQUE HI-FLEX ,K4M K4M 1.6 L 16V DOHC L4 FLEX, 2004-2007.<\/td>\n<\/tr>\n<tr>\n<td>RENAULT CLIO PRIVILEGE ,K4M K4M 1.6 L 16V DOHC L4 GASOLINA, 2003-2007.<\/td>\n<\/tr>\n<tr>\n<td>RENAULT SANDERO PRIVILEGE G-1,K4M K4M 1.6 L 16V DOHC L4 FLEX, 2008-2010.<\/td>\n<\/tr>\n<tr>\n<td>RENAULT MEGANE BERLINA FIII DYNAMIQUE HY-FLEX ,K4M K4M 1.6 L 16V DOHC L4 FLEX, 2006-2007.<\/td>\n<\/tr>\n<tr>\n<td>RENAULT SANDERO EXPRESI\u00d3N HI-TORQUE G-1,K4M K4M 1.6 L 16V DOHC L4 FLEX, 2014-2014.<\/td>\n<\/tr>\n<tr>\n<td>RENAULT SCENIC EXPRESSION HI-FLEX ,K4M K4M 1.6 L 16V DOHC L4 FLEX, 2005-2007.<\/td>\n<\/tr>\n<tr>\n<td>RENAULT MEGANE RN ,K7M K7M 1.6 L 8V SOHC L4 GASOLINA, 1998-2003.<\/td>\n<\/tr>\n<tr>\n<td>RENAULT SCENIC EXPRESSION ,K4M K4M 1.6 L 16V DOHC L4 GASOLINA, 2003-2005.<\/td>\n<\/tr>\n<tr>\n<td>RENAULT SANDERO STEPWAY TWEED EN. G-3,K4M HI-POWER K4M 1.6 L 16V DOHC L4 FLEX, 2016-2016.<\/td>\n<\/tr>\n<tr>\n<td>RENAULT LOGAN EXPRESSION EASY R G2 G-2,K7M K7M 1.6 L 8V SOHC L4 FLEX, 2014-2015.<\/td>\n<\/tr>\n<tr>\n<td>RENAULT LOGAN PRIVILEGE G1 G-1,K4M K4M 1.6 L 16V DOHC L4 FLEX, 2007-2007.<\/td>\n<\/tr>\n<tr>\n<td>RENAULT MEGANE BERLINA FII EXPRESSION HY-FLEX ,K4M K4M 1.6 L 16V DOHC L4 FLEX, 2008-2010.<\/td>\n<\/tr>\n<tr>\n<td>RENAULT LOGAN PRIVILEGE G1 G-1,K4M K4M 1.6 L 16V DOHC L4 FLEX, 2008-2011.<\/td>\n<\/tr>\n<tr>\n<td>RENAULT SCENIC HI FLEX ,K4M K4M 1.6 L 16V DOHC L4 FLEX, 2005-2007.<\/td>\n<\/tr>\n<tr>\n<td>RENAULT LOGAN EXPRESSION G2 G-2,K7M K7M 1.6 L 8V SOHC L4 FLEX, 2012-2013.<\/td>\n<\/tr>\n<tr>\n<td>RENAULT CLIO RN ,K4M K4M 1.6 L 16V DOHC L4 GASOLINA, 2001-2003.<\/td>\n<\/tr>\n<tr>\n<td>RENAULT MEGANE RT ,K4M K4M 1.6 L 16V DOHC L4 GASOLINA, 2000-2005.<\/td>\n<\/tr>\n<tr>\n<td>RENAULT LOGAN PRIVILEGE G-1,K7M K7M 1.6 L 8V SOHC L4 FLEX, 2008-2009.<\/td>\n<\/tr>\n<tr>\n<td>RENAULT LOGAN EXCLUSIVE G3 G-3,K7M K7M 1.6 L 8V SOHC L4 FLEX, 2016-2016.<\/td>\n<\/tr>\n<tr>\n<td>RENAULT CLIO EXPRESSION ,K4M K4M 1.6 L 16V DOHC L4 GASOLINA, 2003-2006.<\/td>\n<\/tr>\n<tr>\n<td>RENAULT CLIO RN ,K7M K7M 1.6 L 8V SOHC L4 GASOLINA, 1999-2000.<\/td>\n<\/tr>\n<tr>\n<td>NISSAN LIVINA S ,K4M K4M 1.6 L 16V DOHC L4 FLEX, 2014-2015.<\/td>\n<\/tr>\n<tr>\n<td>NISSAN LIVINA X-GEAR ,K4M K4M 1.6 L 16V DOHC L4 FLEX, 2009-2013.<\/td>\n<\/tr>\n<tr>\n<td>RENAULT SANDERO PRIVILEGE HI-TORQUE G-1,K4M K4M 1.6 L 16V DOHC L4 FLEX, 2014-2014.<\/td>\n<\/tr>\n<tr>\n<td>RENAULT SANDERO STEPWAY G-1,K4M 1.6 L 16V DOHC L4 FLEX, 2014-2014.<\/td>\n<\/tr>\n<tr>\n<td>RENAULT SCENIC AUTHENTIQUE ,K4M K4M 1.6 L 16V DOHC L4 GASOLINA, 2001-2007.<\/td>\n<\/tr>\n<tr>\n<td>RENAULT SCENIC PRIVILEGE ,K4M K4M 1.6 L 16V DOHC L4 GASOLINA, 2003-2006.<\/td>\n<\/tr>\n<tr>\n<td>RENAULT MEGANE BERLINA FII EXPRESSION HY-FLEX ,K4M K4M 1.6 L 16V DOHC L4 FLEX, 2006-2007.<\/td>\n<\/tr>\n<tr>\n<td>RENAULT R19 BERLINA ,C3L 1.6 L 8V SOHC L4 GASOLINA, 1994-1999.<\/td>\n<\/tr>\n<tr>\n<td>RENAULT KANGOO EXPRESS 3 PUERTAS G-2,K4M 1.6 L 16V DOHC L4 FLEX, 2018-2022.<\/td>\n<\/tr>\n<tr>\n<td>RENAULT LOGAN EXPRESSION G2 G-2,K7M K7M 1.6 L 8V SOHC L4 FLEX, 2014-2014.<\/td>\n<\/tr>\n<tr>\n<td>RENAULT SCENIC EXPRESSION HI-FLEX ,K4M K4M 1.6 L 16V DOHC L4 FLEX, 2008-2010.<\/td>\n<\/tr>\n<tr>\n<td>RENAULT SCENIC HI FLEX ,K4M K4M 1.6 L 16V DOHC L4 FLEX, 2008-2010.<\/td>\n<\/tr>\n<tr>\n<td>RENAULT CLIO AUTHENTIQUE ,K4M K4M 1.6 L 16V DOHC L4 GASOLINA, 2003-2007.<\/td>\n<\/tr>\n<tr>\n<td>RENAULT SANDERO AUTHENTIQUE G-1,K4M K4M 1.6 L 16V DOHC L4 FLEX, 2008-2010.<\/td>\n<\/tr>\n<tr>\n<td>RENAULT CLIO PRIVILEGE HI-FLEX ,K4M K4M 1.6 L 16V DOHC L4 FLEX, 2008-2009.<\/td>\n<\/tr>\n<tr>\n<td>RENAULT MEGANE GRAND TOUR DYNAMIQUE ,K4M K4M 1.6 L 16V DOHC L4 FLEX, 2007-2007.<\/td>\n<\/tr>\n<tr>\n<td>RENAULT LOGAN EXCLUSIVE EASY R G3 G-3,K7M K7M 1.6 L 8V SOHC L4 FLEX, 2016-2016.<\/td>\n<\/tr>\n<tr>\n<td>RENAULT LOGAN EXPRESSION G3 G-3,K7M K7M 1.6 L 8V SOHC L4 FLEX, 2016-2016.<\/td>\n<\/tr>\n<tr>\n<td>RENAULT SYMBOL PRIVILEGE ,K4M K4M 1.6 L 16V DOHC L4 FLEX, 2014-2014.<\/td>\n<\/tr>\n<tr>\n<td>RENAULT LOGAN EXPRESSION G1 G-1,K4M K4M 1.6 L 16V DOHC L4 FLEX, 2007-2007.<\/td>\n<\/tr>\n<tr>\n<td>RENAULT LOGAN AUTHENTIQUE G3 G-3,K7M K7M 1.6 L 8V SOHC L4 FLEX, 2016-2016.<\/td>\n<\/tr>\n<tr>\n<td>RENAULT SCENIC PRIVILEGE-FLEX ,K4M K4M 1.6 L 16V DOHC L4 FLEX, 2008-2010.<\/td>\n<\/tr>\n<tr>\n<td>RENAULT SANDERO PRIVILEGE HI-FLEX AUTO G-1,K4M K4M 1.6 L 16V DOHC L4 FLEX, 2014-2014.<\/td>\n<\/tr>\n<tr>\n<td>RENAULT SANDERO GT LINE G-1,K4M K4M 1.6 L 16V DOHC L4 FLEX, 2014-2014.<\/td>\n<\/tr>\n<tr>\n<td>RENAULT SCENIC PRIVILEGE-FLEX ,K4M K4M 1.6 L 16V DOHC L4 FLEX, 2005-2006.<\/td>\n<\/tr>\n<tr>\n<td>RENAULT MEGANE GRAND TOUR EXPRESSION ,K4M K4M 1.6 L 16V DOHC L4 FLEX, 2009-2011.<\/td>\n<\/tr>\n<tr>\n<td>RENAULT LOGAN DYNAMIQUE EASY R G3 G-3,K7M K7M 1.6 L 8V SOHC L4 FLEX, 2016-2016.<\/td>\n<\/tr>\n<tr>\n<td>RENAULT MEGANE RXE ,K4M K4M 1.6 L 16V DOHC L4 GASOLINA, 2000-2005.<\/td>\n<\/tr>\n<tr>\n<td>RENAULT MEGANE SEDAN RT ,K4M K4M 1.6 L 16V DOHC L4 GASOLINA, 2000-2005.<\/td>\n<\/tr>\n<tr>\n<td>RENAULT KANGOO EXPRESS FCON ,K4M K4M 1.6 L 16V DOHC L4 GASOLINA, 2005-2007.<\/td>\n<\/tr>\n<tr>\n<td>RENAULT KANGOO EXPRESSION G-2,K4M 1.6 L 16V DOHC L4 FLEX, 2008-2010.<\/td>\n<\/tr>\n<tr>\n<td>RENAULT KANGOO RL EXPRESS ,K4M K4M 1.6 L 16V DOHC L4 GASOLINA, 2002-2005.<\/td>\n<\/tr>\n<tr>\n<td>RENAULT KANGOO AUTHENTIQUE HI-FLEX G-2,K4M K4M 1.6 L 16V DOHC L4 FLEX, 2008-2010.<\/td>\n<\/tr>\n<tr>\n<td>RENAULT SCENIC ALIZE ,K4M K4M 1.6 L 16V DOHC L4 GASOLINA, 1999-2000.<\/td>\n<\/tr>\n<tr>\n<td>RENAULT KANGOO EXPRESS G-2,K4M 1.6 L 16V DOHC L4 FLEX, 2007-2007.<\/td>\n<\/tr>\n<tr>\n<td>RENAULT CLIO SI 16V ,K4M K4M 1.6 L 16V DOHC L4 GASOLINA, 2000-2003.<\/td>\n<\/tr>\n<tr>\n<td>RENAULT CLIO AUTHENTIQUE HI-FLEX ,K4M K4M 1.6 L 16V DOHC L4 FLEX, 2008-2009.<\/td>\n<\/tr>\n<tr>\n<td>RENAULT KANGOO EXPRESSION ,K4M K4M 1.6 L 16V DOHC L4 GASOLINA, 2005-2007.<\/td>\n<\/tr>\n<tr>\n<td>RENAULT LOGAN EXPRESSION G-1,K7M K7M 1.6 L 8V SOHC L4 FLEX, 2007-2007.<\/td>\n<\/tr>\n<tr>\n<td>RENAULT KANGOO RN ,K4M K4M 1.6 L 16V DOHC L4 GASOLINA, 2002-2006.<\/td>\n<\/tr>\n<tr>\n<td>RENAULT SYMBOL EXPRESSION ,K4M K4M 1.6 L 16V DOHC L4 FLEX, 2014-2015.<\/td>\n<\/tr>\n<tr>\n<td>NISSAN LIVINA X GEAR SL ,K4M K4M 1.6 L 16V DOHC L4 FLEX, 2011-2012.<\/td>\n<\/tr>\n<tr>\n<td>RENAULT MEGANE SED\u00c1N EXPRESI\u00d3N ,K4M K4M 1.6 L 16V DOHC L4 FLEX, 2008-2009.<\/td>\n<\/tr>\n<tr>\n<td>RENAULT KANGOO AUTHENTIQUE ,K4M K4M 1.6 L 16V DOHC L4 GASOLINA, 2005-2007.<\/td>\n<\/tr>\n<tr>\n<td>RENAULT MEGANE BERLINA FIII EXPRESSION ,K4M K4M 1.6 L 16V DOHC L4 FLEX, 2007-2007.<\/td>\n<\/tr>\n<tr>\n<td>RENAULT CLIO HI-FLEX ,K4M K4M 1.6 L 16V DOHC L4 FLEX, 2004-2005.<\/td>\n<\/tr>\n<tr>\n<td>RENAULT LOGAN EXPRESSION G1 G-1,K4M K4M 1.6 L 16V DOHC L4 FLEX, 2008-2009.<\/td>\n<\/tr>\n<tr>\n<td>RENAULT KANGOO RT ,K4M K4M 1.6 L 16V DOHC L4 GASOLINA, 2002-2006.<\/td>\n<\/tr>\n<tr>\n<td>RENAULT KANGOO RL EXPRESS ,K4M K4M 1.6 L 16V DOHC L4 GASOLINA, 2004-2006.<\/td>\n<\/tr>\n<tr>\n<td>RENAULT KANGOO EXPRESSION G-2,K4M 1.6 L 16V DOHC L4 FLEX, 2007-2007.<\/td>\n<\/tr>\n<tr>\n<td>RENAULT CLIO EXPRESSION HI-FLEX ,K4M K4M 1.6 L 16V DOHC L4 FLEX, 2008-2009.<\/td>\n<\/tr>\n<tr>\n<td>RENAULT CLIO DYNNAMIQUE ,K4M K4M 1.6 L 16V DOHC L4 GASOLINA, 2004-2006.<\/td>\n<\/tr>\n<tr>\n<td>RENAULT SCENIC AUTHENTIQUE ,K4M K4M 1.6 L 16V DOHC L4 GASOLINA, 2008-2008.<\/td>\n<\/tr>\n<tr>\n<td>RENAULT MEGANE SEDAN FIII DYNAMIQUE ,K4M K4M 1.6 L 16V DOHC L4 FLEX, 2009-2009.<\/td>\n<\/tr>\n<tr>\n<td>RENAULT KANGOO RL ,K4M K4M 1.6 L 16V DOHC L4 GASOLINA, 2002-2005.<\/td>\n<\/tr>\n<tr>\n<td>RENAULT MEGANE BERLINA FII EXPRESSION ,K4M K4M 1.6 L 16V DOHC L4 FLEX, 2006-2006.<\/td>\n<\/tr>\n<tr>\n<td>RENAULT MEGANE SEDAN FIII PRIVILEGE ,K4M K4M 1.6 L 16V DOHC L4 FLEX, 2008-2008.<\/td>\n<\/tr>\n<tr>\n<td>RENAULT MEGANE HATCH FII EXPRESSION ,K4M K4M 1.6 L 16V DOHC L4 GASOLINA, 2004-2005.<\/td>\n<\/tr>\n<tr>\n<td>RENAULT LOGAN PRIVILEGE G-1,K7M K7M 1.6 L 8V SOHC L4 FLEX, 2007-2007.<\/td>\n<\/tr>\n<tr>\n<td>RENAULT KANGOO AUTHENTIQUE HI-FLEX G-2,K4M K4M 1.6 L 16V DOHC L4 FLEX, 2007-2007.<\/td>\n<\/tr>\n<tr>\n<td>RENAULT SANDERO AUTHENTIQUE G-1,K4M K4M 1.6 L 16V DOHC L4 FLEX, 2007-2007.<\/td>\n<\/tr>\n<tr>\n<td>RENAULT SANDERO PRIVILEGE G-1,K4M K4M 1.6 L 16V DOHC L4 FLEX, 2007-2007.<\/td>\n<\/tr>\n<tr>\n<td>RENAULT CLIO DYNNAMIQUE HI-FLEXFLEX ,K4M K4M 1.6 L 16V DOHC L4 FLEX, 2004-2006.<\/td>\n<\/tr>\n<\/tbody>\n<\/table>\n<div><\/div>\n<div>ATENCI\u00d3N:<\/div>\n<div>Recomendamos que la instalaci\u00f3n la realice un profesional formado y especializado.<\/div>\n<div>S\u00f3lo compra este producto si est\u00e1s seguro de que es compatible con tu veh\u00edculo. Si tienes alguna duda, no dudes en ponerte en contacto con nosotros. Nuestro horario de apertura es de lunes a viernes de 8 a 18 h.<\/div>\n<div><\/div>\n<div>Sobre nosotros<\/div>\n<div>COM Automotive est\u00e1 especializada en piezas de autom\u00f3vil de dise\u00f1o original para el sector de la reparaci\u00f3n posventa, clientes industriales y fabricantes de veh\u00edculos especiales OEM.<\/div>\n<div>Nuestro equipo tiene m\u00e1s de 28 a\u00f1os de experiencia en la fabricaci\u00f3n y el suministro de piezas de automoci\u00f3n a escala mundial.<\/div>\n<div>Nuestra MISI\u00d3N es ofrecer productos de dise\u00f1o original con una calidad impecable y una sustituci\u00f3n personalizada.<\/div>\n<div>Nuestra VISI\u00d3N es promover el crecimiento y un valor inigualable para nuestros clientes.<\/div>\n","protected":false},"excerpt":{"rendered":"<p>6000.7E47-COM. D7E47, T001006010, FS10B3, 8200049826, 233001105R, F000CD0002, 495100, D7E11, D7E19, D7E48, 438110, 102N10016, DRS3948, ZEN 32011, ZM 8020110, EURO 20556, 32566N.  Marca: COM Automotive &#8211; Producto con calidad y dise\u00f1o originales.<\/p>\n","protected":false},"featured_media":20541,"comment_status":"open","ping_status":"closed","template":"","meta":[],"product_brand":[],"product_cat":[8119],"product_tag":[8423,8419,27156,8438,8430,34170,34172,34171,8416,8432,8434,34169,8436,8424,8429,8421,8414,8413,8426,27154],"class_list":{"0":"post-15795","1":"product","2":"type-product","3":"status-publish","4":"has-post-thumbnail","6":"product_cat-motor-de-arranque","7":"product_tag-102n10016-es","8":"product_tag-233001105r-es","9":"product_tag-32566n-es","10":"product_tag-438110-es","11":"product_tag-495100-es","12":"product_tag-6000-7e47-com-es","13":"product_tag-60007e47-es","14":"product_tag-60007e47-com-es","15":"product_tag-8200049826-es","16":"product_tag-d7e11-es","17":"product_tag-d7e19-es","18":"product_tag-d7e47-com-es","19":"product_tag-d7e48-es","20":"product_tag-drs3948-es","21":"product_tag-euro-20556-es","22":"product_tag-f000cd0002-es","23":"product_tag-fs10b3-es","24":"product_tag-t001006010-es","25":"product_tag-zen-32011-es","26":"product_tag-zm-8020110-es","28":"first","29":"instock","30":"taxable","31":"shipping-taxable","32":"purchasable","33":"product-type-simple"},"_links":{"self":[{"href":"https:\/\/com-automotive.com\/es\/wp-json\/wp\/v2\/product\/15795","targetHints":{"allow":["GET"]}}],"collection":[{"href":"https:\/\/com-automotive.com\/es\/wp-json\/wp\/v2\/product"}],"about":[{"href":"https:\/\/com-automotive.com\/es\/wp-json\/wp\/v2\/types\/product"}],"replies":[{"embeddable":true,"href":"https:\/\/com-automotive.com\/es\/wp-json\/wp\/v2\/comments?post=15795"}],"wp:featuredmedia":[{"embeddable":true,"href":"https:\/\/com-automotive.com\/es\/wp-json\/wp\/v2\/media\/20541"}],"wp:attachment":[{"href":"https:\/\/com-automotive.com\/es\/wp-json\/wp\/v2\/media?parent=15795"}],"wp:term":[{"taxonomy":"product_brand","embeddable":true,"href":"https:\/\/com-automotive.com\/es\/wp-json\/wp\/v2\/product_brand?post=15795"},{"taxonomy":"product_cat","embeddable":true,"href":"https:\/\/com-automotive.com\/es\/wp-json\/wp\/v2\/product_cat?post=15795"},{"taxonomy":"product_tag","embeddable":true,"href":"https:\/\/com-automotive.com\/es\/wp-json\/wp\/v2\/product_tag?post=15795"}],"curies":[{"name":"wp","href":"https:\/\/api.w.org\/{rel}","templated":true}]}}