{"id":15794,"date":"2023-11-01T16:12:05","date_gmt":"2023-11-01T19:12:05","guid":{"rendered":"https:\/\/com-automotive.com\/motor-de-arranque-12v-3-3kw-10d-8200478-7c4511001aaab-cummins-vw-ford-815e\/"},"modified":"2023-11-01T16:12:05","modified_gmt":"2023-11-01T19:12:05","slug":"motor-de-arranque-12v-3-3kw-10d-8200478-7c4511001aaab-cummins-vw-ford-815e","status":"publish","type":"product","link":"https:\/\/com-automotive.com\/es\/motor-de-arranque-12v-3-3kw-10d-8200478-7c4511001aaab-cummins-vw-ford-815e\/","title":{"rendered":"Motor de arranque 12V 3.3KW 10D 8200478 7C4511001AAAB Cummins Vw Ford 815E<span class=\"product-sku\" style=\"display: block; font-size: 0.85em; color: #777; margin-top: 5px; margin-bottom: 5px;\">SKU: 6000.0478-COM<\/span>"},"content":{"rendered":"<h1><strong>COM-AUTOMOTIVE, calidad de dise\u00f1o original.<\/strong><\/h1>\n<p>8200478 12V 3.3KW 10 Dientes Arrancador Dise\u00f1o: Delco Remy Tipo: 29MT &#8211; OEM: VOLKSWAGEN FORD<\/p>\n<h2>Preguntas m\u00e1s frecuentes<\/h2>\n<h3><strong>\u00bfCu\u00e1les son las referencias cruzadas?<\/strong><\/h3>\n<p>T001000067, 8200478, 7C4511001AAAB, 7C4511001AB, 35261120, 35262580, 8200478, ZEN 33017<\/p>\n<h2><strong>Tabla de aplicaci\u00f3n<\/strong><\/h2>\n<table width=\"793\">\n<tbody>\n<tr>\n<td width=\"793\">VOLKSWAGEN CONSTELLATION 24-250 , CUMMINS INTERACT 6 ISBe 6 5.9 L 24V SOHV L6 DIESEL, 2006-2019.<\/td>\n<\/tr>\n<tr>\n<td>FORD CARGO C 816 , CUMMINS ISB 4.5 ISBE 4.5 4.5 L 16V SOHV L4 DIESEL, 2012-2020.<\/td>\n<\/tr>\n<tr>\n<td>FORD CARGO C 815 E , CUMMINS INTERACT 4 ISBe 4 3.9 L 16V SOHV L4 DIESEL, 2005-2019.<\/td>\n<\/tr>\n<tr>\n<td>FORD CARGO C 2428 E , CUMMINS INTERACT 6 ISBe 6 5.9 L 24V SOHV L6 DIESEL, 2006-2019.<\/td>\n<\/tr>\n<tr>\n<td>VOLKSWAGEN DELIVERY 8-150 E PLUS , CUMMINS INTERACT 4 ISBe 4 3.9 L 16V SOHV L4 DIESEL, 2010-2019.<\/td>\n<\/tr>\n<tr>\n<td>FORD CARGO C 2422 E , CUMMINS INTERACT 6 ISBe 6 5.9 L 24V SOHV L6 DIESEL, 2006-2015.<\/td>\n<\/tr>\n<tr>\n<td>FORD CARGO C 1317 E , CUMMINS INTERACT 4 ISBe 4 3.9 L 16V SOHV L4 DIESEL, 2005-2019.<\/td>\n<\/tr>\n<tr>\n<td>FORD CARGO C 1119 , CUMMINS ISB 4.5 ISBE 4.5 4.5 L 16V SOHV L4 DIESEL, 2014-2021.<\/td>\n<\/tr>\n<tr>\n<td>VOLKSWAGEN WORKER 9-150 E ELECTRONIC , CUMMINS INTERACT 4 ISBe 4 3.9 L 16V SOHV L4 DIESEL, 2009-2011.<\/td>\n<\/tr>\n<tr>\n<td>FORD CARGO C 2628 E , CUMMINS INTERACT 6 ISBe 6 5.9 L 24V SOHV L6 DIESEL, 2006-2015.<\/td>\n<\/tr>\n<tr>\n<td>VOLKSWAGEN WORKER 9-150 E , CUMMINS INTERACT 4 ISBe 4 3.9 L 16V SOHV L4 DIESEL, 2003-2011.<\/td>\n<\/tr>\n<tr>\n<td>FORD CARGO C 2422 , CUMMINS 6 CT 6 CT 8.3 L 12V SOHV L6 DIESEL, 1992-2006.<\/td>\n<\/tr>\n<tr>\n<td>FORD CARGO C 712 E , CUMMINS SERIE B 3.9 3.9 L 12V SOHV L4 DIESEL, 2010-2013.<\/td>\n<\/tr>\n<tr>\n<td>FORD CARGO C 1319 , CUMMINS ISB 4.5 ISBE 4.5 4.5 L 16V SOHV L4 DIESEL, 2012-2019.<\/td>\n<\/tr>\n<tr>\n<td>FORD CARGO C 1722 E , CUMMINS INTERACT 6 ISBe 6 5.9 L 24V SOHV L6 DIESEL, 2006-2015.<\/td>\n<\/tr>\n<tr>\n<td>FORD CARGO C 1517 E , CUMMINS INTERACT 4 ISBe 4 3.9 L 16V SOHV L4 DIESEL, 2005-2015.<\/td>\n<\/tr>\n<tr>\n<td>FORD F-12000, CUMMINS 6 BTAA 6 BTAA 5.9L 12V SOHV L6 DIESEL, 1999-2019.<\/td>\n<\/tr>\n<tr>\n<td>VOLKSWAGEN WORKER 17-250 E , CUMMINS INTERACT 6 ISBe 6 5.9 L 24V SOHV L6 DIESEL, 2004-2016.<\/td>\n<\/tr>\n<tr>\n<td>FORD CARGO C 1717 E , CUMMINS INTERACT 4 ISBe 4 3.9 L 16V SOHV L4 DIESEL, 2005-2019.<\/td>\n<\/tr>\n<tr>\n<td>FORD CARGO C 2622 E , CUMMINS INTERACT 6 ISBe 6 5.9 L 24V SOHV L6 DIESEL, 2006-2018.<\/td>\n<\/tr>\n<tr>\n<td>FORD CARGO C 1519 , CUMMINS ISB 4.5 ISBE 4.5 4.5 L 16V SOHV L4 DIESEL, 2012-2020.<\/td>\n<\/tr>\n<tr>\n<td>FORD CARGO C 1622 , CUMMINS 6 CT 6 CT 8.3 L 12V SOHV L6 DIESEL, 1992-2003.<\/td>\n<\/tr>\n<tr>\n<td>FORD CARGO C 1719 , CUMMINS ISB 4.5 ISBE 4.5 4.5 L 16V SOHV L4 DIESEL, 2012-2020.<\/td>\n<\/tr>\n<tr>\n<td>VOLKSWAGEN 8-150 E, CUMMINS INTERACT 4 ISBe 4 3.9 L 16V SOHV L4 DIESEL, 2004-2007.<\/td>\n<\/tr>\n<tr>\n<td>FORD CARGO C 1215 , CUMMINS 6 BT 6 BT 5.9 L 12V SOHV L6 DIESEL, 1993-2001.<\/td>\n<\/tr>\n<tr>\n<td>FORD CARGO C 1722 , CUMMINS 6 CT 6 CT 8.3 L 12V SOHV L6 DIESEL, 2002-2006.<\/td>\n<\/tr>\n<tr>\n<td>FORD CARGO C 1317 , CUMMINS 6 BTAA 6 BTAA 5.9 L 12V SOHV L6 DIESEL, 2002-2020.<\/td>\n<\/tr>\n<tr>\n<td>FORD CARGO C 1415 , CUMMINS 6 BT 6 BT 5.9 L 12V SOHV L6 DIESEL, 1992-2002.<\/td>\n<\/tr>\n<tr>\n<td>VOLKSWAGEN CONSTELLATION 17-250 , CUMMINS INTERACT 6 ISBe 6 5.9 L 24V SOHV L6 DIESEL, 2006-2019.<\/td>\n<\/tr>\n<tr>\n<td>FORD CARGO C 1419 S , CUMMINS ISB 4.5 ISBE 4.5 4.5 L 16V SOHV L4 DIESEL, 2016-2021.<\/td>\n<\/tr>\n<tr>\n<td>VOLKSWAGEN WORKER 24-250 E , CUMMINS INTERACT 6 ISBe 6 5.9 L 24V SOHV L6 DIESEL, 2005-2016.<\/td>\n<\/tr>\n<tr>\n<td>FORD CARGO C 1617 , CUMMINS 6 BTAA 6 BTAA 5.9 L 12V SOHV L6 DIESEL, 1996-2003.<\/td>\n<\/tr>\n<tr>\n<td>VOLKSWAGEN WORKER 23-250 E , CUMMINS INTERACT 6 ISBe 6 5.9 L 24V SOHV L6 DIESEL, 2004-2006.<\/td>\n<\/tr>\n<tr>\n<td>FORD F-14000, CUMMINS 6 BTAA 6 BTAA 5.9 L 12V SOHV L6 DIESEL, 1999-2005.<\/td>\n<\/tr>\n<tr>\n<td>FORD CARGO C 1519 S , CUMMINS ISB 4.5 ISBE 4.5 4.5 L 16V SOHV L4 DIESEL, 2016-2020.<\/td>\n<\/tr>\n<tr>\n<td>FORD CARGO C 1717 , CUMMINS 6 BTAA 6 BTAA 5.9 L 12V SOHV L6 DIESEL, 2002-2006.<\/td>\n<\/tr>\n<tr>\n<td>FORD CARGO C 1215 , CUMMINS 6 BTAA 6 BTAA 5.9 L 12V SOHV L6 DIESEL, 2000-2002.<\/td>\n<\/tr>\n<tr>\n<td>FORD CARGO C 1422 , CUMMINS 6 CT 6 CT 8.3 L 12V SOHV L6 DIESEL, 1991-2000.<\/td>\n<\/tr>\n<tr>\n<td>FORD CARGO C 1621 , CUMMINS 6 BTAA 6 BTAA 5.9 L 12V SOHV L6 DIESEL, 2000-2003.<\/td>\n<\/tr>\n<tr>\n<td>FORD CARGO C 1517 , CUMMINS 6 BTAA 6 BTAA 5.9 L 12V SOHV L6 DIESEL, 2002-2006.<\/td>\n<\/tr>\n<tr>\n<td>FORD CARGO C 1421 , CUMMINS 6 BTAA 6 BTAA 5.9 L 12V SOHV L6 DIESEL, 2000-2003.<\/td>\n<\/tr>\n<tr>\n<td>FORD CARGO C 2622 , CUMMINS 6 CT 6 CT 8.3 L 12V SOHV L6 DIESEL, 2002-2006.<\/td>\n<\/tr>\n<tr>\n<td>FORD CARGO C 1721 , CUMMINS 6 BTAA 6 BTAA 5.9 L 12V SOHV L6 DIESEL, 2002-2005.<\/td>\n<\/tr>\n<tr>\n<td>FORD F-16000, CUMMINS 6 BTAA 6 BTAA 5.9 L 12V SOHV L6 DIESEL, 1999-2004.<\/td>\n<\/tr>\n<tr>\n<td>FORD CARGO C 1521 , CUMMINS 6 BTAA 6 BTAA 5.9 L 12V SOHV L6 DIESEL, 2003-2005.<\/td>\n<\/tr>\n<tr>\n<td>VOLKSWAGEN WORKER 13-170 E , CUMMINS INTERACT 4 ISBe 4 3.9 L 16V SOHV L4 DIESEL, 2004-2006.<\/td>\n<\/tr>\n<tr>\n<td>VOLKSWAGEN WORKER 15-170 E , CUMMINS INTERACT 4 ISBe 4 3.9 L 16V SOHV L4 DIESEL, 2004-2009.<\/td>\n<\/tr>\n<tr>\n<td>FORD CARGO C 1417 , CUMMINS 6 BTAA 6 BTAA 5.9 L 12V SOHV L6 DIESEL, 1994-1997.<\/td>\n<\/tr>\n<tr>\n<td>FORD CARGO C 1719 S , CUMMINS ISB 4.5 ISBE 4.5 4.5 L 16V SOHV L4 DIESEL, 2016-2020.<\/td>\n<\/tr>\n<tr>\n<td>VOLKSWAGEN 8.150 ODC, CUMMINS INTERACT 4 ISBe 4 3.9 L 16V SOHV L4 DIESEL, 2004-2005.<\/td>\n<\/tr>\n<tr>\n<td>FORD CARGO C 816 TOPLINE CD , CUMMINS ISB 4.5 ISBE 4.5 4.5 L 16V SOHV L4 DIESEL, 2014-2019.<\/td>\n<\/tr>\n<tr>\n<td>FORD CARGO C 2421 , CUMMINS 6 BTAA 6 BTAA 5.9 L 12V SOHV L6 DIESEL, 2004-2005.<\/td>\n<\/tr>\n<tr>\n<td>FORD CARGO C 3224 , CUMMINS 6 CT 6 CT 8.3 L 12V SOHV L6 DIESEL, 1993-1997.<\/td>\n<\/tr>\n<tr>\n<td>VOLKSWAGEN 9.150 ODC, CUMMINS INTERACT 4 ISBe 4 3.9 L 16V SOHV L4 DIESEL, 2004-2007.<\/td>\n<\/tr>\n<tr>\n<td>VOLKSWAGEN DELIVERY 9-150 , CUMMINS INTERACT 4 ISBe 4 3.9 L 16V SOHV L4 DIESEL, 2014-2019.<\/td>\n<\/tr>\n<tr>\n<td>FORD CARGO C 1119 TOPLINE CD , CUMMINS ISB 4.5 ISBE 4.5 4.5 L 16V SOHV L4 DIESEL, 2014-2019.<\/td>\n<\/tr>\n<tr>\n<td>FORD CARGO C 2422 , CUMMINS INTERACT 6 ISBe 6 5.9 L 24V SOHV L6 DIESEL, 2010-2015.<\/td>\n<\/tr>\n<tr>\n<td>FORD CARGO C 2628 CN , CUMMINS INTERACT 6 ISBe 6 5.9 L 24V SOHV L6 DIESEL, 2005-2019.<\/td>\n<\/tr>\n<tr>\n<td>FORD CARGO C 915 , CUMMINS INTERACT 4 ISBe 4 3.9 L 16V SOHV L4 DIESEL, 2014-2014.<\/td>\n<\/tr>\n<tr>\n<td>FORD CARGO C 1719 TORQSHIFT , CUMMINS ISB 4.5 ISBE 4.5 4.5 L 16V SOHV L4 DIESEL, 2020-2020.<\/td>\n<\/tr>\n<\/tbody>\n<\/table>\n<div>ATENCI\u00d3N:<\/div>\n<div>Recomendamos que la instalaci\u00f3n la realice un profesional formado y especializado.<\/div>\n<div>S\u00f3lo compra este producto si est\u00e1s seguro de que es compatible con tu veh\u00edculo. Si tienes alguna duda, no dudes en ponerte en contacto con nosotros. Nuestro horario de apertura es de lunes a viernes de 8 a 18 h.<\/div>\n<div><\/div>\n<div>Sobre nosotros<\/div>\n<div>COM Automotive est\u00e1 especializada en piezas de autom\u00f3vil de dise\u00f1o original para el sector de la reparaci\u00f3n posventa, clientes industriales y fabricantes de veh\u00edculos especiales OEM.<\/div>\n<div>Nuestro equipo tiene m\u00e1s de 28 a\u00f1os de experiencia en la fabricaci\u00f3n y el suministro de piezas de automoci\u00f3n a escala mundial.<\/div>\n<div>Nuestra MISI\u00d3N es ofrecer productos de dise\u00f1o original con una calidad impecable y una sustituci\u00f3n personalizada.<\/div>\n<div>Nuestra VISI\u00d3N es promover el crecimiento y un valor inigualable para nuestros clientes.<\/div>\n","protected":false},"excerpt":{"rendered":"<p>8200478-COM. En stock. Ref: T001000067, 8200478, 7C4511001AAAB, 7C4511001AB, 35261120, 35262580, 8200478, ZEN 33017, ZM 8029003, 8200478M &#8211; compatible con: VOLKSWAGEN FORD. Marca: COM Automotive &#8211; Producto con calidad y dise\u00f1o originales. Compatible con Delco Remy<\/p>\n","protected":false},"featured_media":18700,"comment_status":"open","ping_status":"closed","template":"","meta":[],"product_brand":[],"product_cat":[8119],"product_tag":[13384,13386,13382,13376,13378,13388,13390],"class_list":{"0":"post-15794","1":"product","2":"type-product","3":"status-publish","4":"has-post-thumbnail","6":"product_cat-motor-de-arranque","7":"product_tag-35261120-es","8":"product_tag-35262580-es","9":"product_tag-7c4511001ab-es","10":"product_tag-8200478-es","11":"product_tag-t001000067-es","12":"product_tag-zen-33017-es","13":"product_tag-zm-8029003-es","15":"first","16":"instock","17":"taxable","18":"shipping-taxable","19":"purchasable","20":"product-type-simple"},"_links":{"self":[{"href":"https:\/\/com-automotive.com\/es\/wp-json\/wp\/v2\/product\/15794","targetHints":{"allow":["GET"]}}],"collection":[{"href":"https:\/\/com-automotive.com\/es\/wp-json\/wp\/v2\/product"}],"about":[{"href":"https:\/\/com-automotive.com\/es\/wp-json\/wp\/v2\/types\/product"}],"replies":[{"embeddable":true,"href":"https:\/\/com-automotive.com\/es\/wp-json\/wp\/v2\/comments?post=15794"}],"wp:featuredmedia":[{"embeddable":true,"href":"https:\/\/com-automotive.com\/es\/wp-json\/wp\/v2\/media\/18700"}],"wp:attachment":[{"href":"https:\/\/com-automotive.com\/es\/wp-json\/wp\/v2\/media?parent=15794"}],"wp:term":[{"taxonomy":"product_brand","embeddable":true,"href":"https:\/\/com-automotive.com\/es\/wp-json\/wp\/v2\/product_brand?post=15794"},{"taxonomy":"product_cat","embeddable":true,"href":"https:\/\/com-automotive.com\/es\/wp-json\/wp\/v2\/product_cat?post=15794"},{"taxonomy":"product_tag","embeddable":true,"href":"https:\/\/com-automotive.com\/es\/wp-json\/wp\/v2\/product_tag?post=15794"}],"curies":[{"name":"wp","href":"https:\/\/api.w.org\/{rel}","templated":true}]}}