{"id":15792,"date":"2023-11-01T16:11:48","date_gmt":"2023-11-01T19:11:48","guid":{"rendered":"https:\/\/com-automotive.com\/motor-de-arranque-de-12v-9d-d6ra572-9625168580-para-c3-aircross-206-207-307-1-4-1-6-03\/"},"modified":"2023-11-01T16:11:48","modified_gmt":"2023-11-01T19:11:48","slug":"motor-de-arranque-de-12v-9d-d6ra572-9625168580-para-c3-aircross-206-207-307-1-4-1-6-03","status":"publish","type":"product","link":"https:\/\/com-automotive.com\/es\/motor-de-arranque-de-12v-9d-d6ra572-9625168580-para-c3-aircross-206-207-307-1-4-1-6-03\/","title":{"rendered":"Motor de arranque de 12V 9D D6RA572 9625168580 para C3 AirCross 206 207 307 1.4 1.6 03&gt;<span class=\"product-sku\" style=\"display: block; font-size: 0.85em; color: #777; margin-top: 5px; margin-bottom: 5px;\">SKU: 6000.A572-COM<\/span>"},"content":{"rendered":"<h1><strong>COM-AUTOMOTIVE, calidad de dise\u00f1o original.<\/strong><\/h1>\n<p>D6RA572 Motor de arranque de 12V 1.1KW 9 dientes Dise\u00f1o: VALEO Tipo: D6R &#8211; OEM: CITROEN<\/p>\n<h2>Preguntas m\u00e1s frecuentes<\/h2>\n<h3><strong>\u00bfCu\u00e1les son las referencias cruzadas?<\/strong><\/h3>\n<p>T001006008, D6RA572, 9625168580, M000T85381, 5802C9, 5802E8P, 5802M9, 5802N3C, 5802P8C, 9608719280, B00005802M2, DC00007680, M000T85381, ZEN 32008, Euro 20520, d6g4, d6g661<\/p>\n<h2><strong>Tabla de aplicaci\u00f3n<\/strong><\/h2>\n<table width=\"793\">\n<tbody>\n<tr>\n<td width=\"793\">CITROEN C3 GLX ,TU3JP KFV 1.4 L 8V SOHC L4 FLEX, 2006-2013.<\/td>\n<\/tr>\n<tr>\n<td>PEUGEOT 207 XR ,TU3JP KFW 1.4 L 8V SOHC L4 FLEX, 2008-2013.<\/td>\n<\/tr>\n<tr>\n<td>PEUGEOT 206 PRESENCE ,TU3JP KFV 1.4 L 8V SOHC L4 FLEX, 2006-2009.<\/td>\n<\/tr>\n<tr>\n<td>PEUGEOT 207 XR SPORT ,TU3JP KFW 1.4 L 8V SOHC L4 FLEX, 2008-2015.<\/td>\n<\/tr>\n<tr>\n<td>CITROEN C3 EXCLUSIVE ,TU3JP KFV 1.4 L 8V SOHC L4 FLEX, 2007-2013.<\/td>\n<\/tr>\n<tr>\n<td>PEUGEOT 207 PASSION XR ,TU3JP KFW 1.4 L 8V SOHC L4 FLEX, 2008-2014.<\/td>\n<\/tr>\n<tr>\n<td>PEUGEOT 206 SENSATION ,TU3JP KFV 1.4 L 8V SOHC L4 FLEX, 2006-2010.<\/td>\n<\/tr>\n<tr>\n<td>PEUGEOT 307 PRESENCE PACK ,TU5JP4 TU5JP4 1.6 L 16V DOHC L4 FLEX, 2007-2012.<\/td>\n<\/tr>\n<tr>\n<td>CITROEN C4 GLX ,TU5JP4 RFJ 1.6 L 16V DOHC L4 FLEX, 2009-2015.<\/td>\n<\/tr>\n<tr>\n<td>CITROEN XSARA PICASSO GLX ,TU5JP4 TU5JP4 1.6 L 16V DOHC L4 FLEX, 2006-2013.<\/td>\n<\/tr>\n<tr>\n<td>PEUGEOT 207 PASSION XR SPORT ,TU3JP KFW 1.4 L 8V SOHC L4 FLEX, 2008-2014.<\/td>\n<\/tr>\n<tr>\n<td>CITROEN C3 EXCLUSIVE ,TU5JP4 TU5JP4 1.6 L 16V DOHC L4 FLEX, 2005-2012.<\/td>\n<\/tr>\n<tr>\n<td>PEUGEOT 207 XS ,TU5JP4 N6A\/FF 1.6 L 16V DOHC L4 FLEX, 2008-2015.<\/td>\n<\/tr>\n<tr>\n<td>PEUGEOT 206 PRESENCE ,TU3JP KFW 1.4 L 8V SOHC L4 GASOLINA, 2004-2006.<\/td>\n<\/tr>\n<tr>\n<td>PEUGEOT 207 PASSION XS ,TU5JP4 N6A\/FF 1.6 L 16V DOHC L4 FLEX, 2008-2014.<\/td>\n<\/tr>\n<tr>\n<td>PEUGEOT 307 PRESENCE ,TU5JP4 TU5JP4 1.6 L 16V DOHC L4 FLEX, 2006-2012.<\/td>\n<\/tr>\n<tr>\n<td>CITROEN C3 XTR ,TU3JP KFV 1.4 L 8V SOHC L4 FLEX, 2006-2012.<\/td>\n<\/tr>\n<tr>\n<td>CITROEN C3 EXCLUSIVE ,TU5JP4 NFU 1.6 L 16V DOHC L4 GASOLINA, 2003-2006.<\/td>\n<\/tr>\n<tr>\n<td>PEUGEOT 206 MOONLIGHT ,TU3JP KFV 1.4 L 8V SOHC L4 FLEX, 2007-2010.<\/td>\n<\/tr>\n<tr>\n<td>PEUGEOT 206 FELINE ,TU3JP KFW 1.4 L 8V SOHC L4 GASOLINA, 2004-2006.<\/td>\n<\/tr>\n<tr>\n<td>PEUGEOT 106 KID G-2,TU9M TU9M CDY 1.0 L 8V SOHC L4 GASOLINA, 1998-2003.<\/td>\n<\/tr>\n<tr>\n<td>PEUGEOT 206 FELINE ,TU3JP KFV 1.4 L 8V SOHC L4 FLEX, 2006-2009.<\/td>\n<\/tr>\n<tr>\n<td>PEUGEOT 207 X LINE ,TU3JP KFW 1.4 L 8V SOHC L4 FLEX, 2009-2011.<\/td>\n<\/tr>\n<tr>\n<td>CITROEN C3 GLX ,TU5JP4 TU5JP4 1.6 L 16V DOHC L4 FLEX, 2005-2010.<\/td>\n<\/tr>\n<tr>\n<td>CITROEN C3 GLX ,TU3JP KFV 1.4 L 8V SOHC L4 GASOLINA, 2003-2006.<\/td>\n<\/tr>\n<tr>\n<td>PEUGEOT 207 ESCAPADE ,TU5JP4 N6A\/FF 1.6 L 16V DOHC L4 FLEX, 2008-2013.<\/td>\n<\/tr>\n<tr>\n<td>CITROEN XSARA PICASSO EXCLUSIVE ,TU5JP4 TU5JP4 1.6 L 16V DOHC L4 FLEX, 2007-2012.<\/td>\n<\/tr>\n<tr>\n<td>PEUGEOT 307 PRESENCE SD ,TU5JP4 NFU 1.6 L 16V DOHC L4 GASOLINA, 2006-2007.<\/td>\n<\/tr>\n<tr>\n<td>CITROEN XSARA GLX ,TU5JP4 NFU 1.6 L 16V DOHC L4 GASOLINA, 2001-2003.<\/td>\n<\/tr>\n<tr>\n<td>PEUGEOT 106 KID G-1,TU9M TU9M CDY 1.0 L 8V SOHC L4 GASOLINA, 1993-1997.<\/td>\n<\/tr>\n<tr>\n<td>CITROEN C3 GLX ,TU5JP4 NFU 1.6 L 16V DOHC L4 GASOLINA, 2003-2005.<\/td>\n<\/tr>\n<tr>\n<td>PEUGEOT 307 PRESENCE ,TU5JP4 NFU 1.6 L 16V DOHC L4 GASOLINA, 2004-2007.<\/td>\n<\/tr>\n<tr>\n<td>CITROEN XSARA PICASSO GLX ,TU5JP4 TU5JP4 1.6 L 16V DOHC L4 GASOLINA, 2005-2006.<\/td>\n<\/tr>\n<tr>\n<td>CITROEN C3 XTR ,TU5JP4 TU5JP4 1.6 L 16V DOHC L4 FLEX, 2008-2010.<\/td>\n<\/tr>\n<tr>\n<td>PEUGEOT 307 PASSION ,TU5JP4 NFU 1.6 L 16V DOHC L4 GASOLINA, 2002-2005.<\/td>\n<\/tr>\n<tr>\n<td>PEUGEOT 307 RALLYE ,TU5JP4 NFU 1.6 L 16V DOHC L4 GASOLINA, 2002-2006.<\/td>\n<\/tr>\n<tr>\n<td>PEUGEOT 206 HOLIDAY ,TU3JP KFW 1.4 L 8V SOHC L4 GASOLINA, 2005-2006.<\/td>\n<\/tr>\n<tr>\n<td>PEUGEOT 307 PRESENCE PACK ,TU5JP4 NFU 1.6 L 16V DOHC L4 GASOLINA, 2004-2005.<\/td>\n<\/tr>\n<tr>\n<td>PEUGEOT 307 SOLEIL ,TU5JP4 NFU 1.6 L 16V DOHC L4 GASOLINA, 2002-2005.<\/td>\n<\/tr>\n<tr>\n<td>PEUGEOT 207 PASSION IN CONCERT ,TU3JP KFW 1.4 L 8V SOHC L4 FLEX, 2014-2014.<\/td>\n<\/tr>\n<tr>\n<td>CITROEN XSARA PICASSO EXCLUSIVE ,TU5JP4 TU5JP4 1.6 L 16V DOHC L4 GASOLINA, 2005-2006.<\/td>\n<\/tr>\n<tr>\n<td>PEUGEOT 207 LE\u00d3N AZUL ,TU3JP KFW 1.4 L 8V SOHC L4 FLEX, 2012-2013.<\/td>\n<\/tr>\n<tr>\n<td>PEUGEOT 207 QUIKSILVER ,TU3JP KFW 1.4 L 8V SOHC L4 FLEX, 2012-2013.<\/td>\n<\/tr>\n<tr>\n<td>CITROEN XSARA PICASSO CONFORT ,TU5JP4 TU5JP4 1.6 L 16V DOHC L4 FLEX, 2010-2010.<\/td>\n<\/tr>\n<tr>\n<td>CITROEN XSARA EXCLUSIVE ,TU5JP4 NFU 1.6 L 16V DOHC L4 GASOLINA, 2001-2004.<\/td>\n<\/tr>\n<tr>\n<td>CITROEN C3 EXCLUSIVE OV ,TU5JP4 NFU 1.6 L 16V DOHC L4 GASOLINA, 2005-2005.<\/td>\n<\/tr>\n<tr>\n<td>CITROEN XSARA VTS ,TU5JP4 NFU 1.6 L 16V DOHC L4 GASOLINA, 2001-2002.<\/td>\n<\/tr>\n<tr>\n<td>CITROEN C3 PLURIEL ,TU5JP4 NFU 1.6 L 16V DOHC L4 GASOLINA, 2005-2005.<\/td>\n<\/tr>\n<\/tbody>\n<\/table>\n<p>&nbsp;<\/p>\n<div>ATENCI\u00d3N:<\/div>\n<div>Recomendamos que la instalaci\u00f3n del D6RA572 sea realizada por un profesional capacitado y especializado.<\/div>\n<div>Solo realiza la compra de este producto D6RA572 seguro de que es compatible con tu veh\u00edculo, si tienes alguna duda, no dudes en ponerte en contacto con nosotros. Nuestro horario de apertura es de lunes a viernes de 8 a 18 h.<\/div>\n<div><\/div>\n<div>Sobre nosotros<\/div>\n<div>COM Automotive est\u00e1 especializada en piezas de autom\u00f3vil de dise\u00f1o original para el sector de la reparaci\u00f3n posventa, clientes industriales y fabricantes de veh\u00edculos especiales OEM.<\/div>\n<div>Nuestro equipo tiene m\u00e1s de 28 a\u00f1os de experiencia en la fabricaci\u00f3n y el suministro de piezas de automoci\u00f3n a escala mundial.<\/div>\n<div>Nuestra MISI\u00d3N es ofrecer productos de dise\u00f1o original con una calidad impecable y una sustituci\u00f3n personalizada.<\/div>\n<div>Nuestra VISI\u00d3N es promover el crecimiento y un valor inigualable para nuestros clientes.<\/div>\n","protected":false},"excerpt":{"rendered":"<p>D6RA572-COM. En stock. Ref: T001006008, D6RA572, 9625168580, M000T85381, 5802C9, 5802E8P, 5802M9, 5802N3C, 5802P8C, 9608719280, B00005802M2, DC00007680, F000AL0327, 438093, 438129, D6G3, TSC1010, 495105, d6g4, d6g661, D6RA100, 6RA571, D6RA37, D6RA57, D7E25, TS1286, 206207, D7E23, M000T85381, ZEN 32008, ZM 8020111, EURO 20520 &#8211; compatible con: CITROEN. Marca: COM Automotive &#8211; Producto con calidad y dise\u00f1o originales. Compatible con Valeo<\/p>\n","protected":false},"featured_media":20539,"comment_status":"open","ping_status":"closed","template":"","meta":[],"product_brand":[],"product_cat":[8119],"product_tag":[13365,13366,13369,13355,13356,13357,13358,13359,13360,13353,13361,13367,13373,13374,13352,13362,13364,13371,13354,13351,13368,13363],"class_list":{"0":"post-15792","1":"product","2":"type-product","3":"status-publish","4":"has-post-thumbnail","6":"product_cat-motor-de-arranque","7":"product_tag-438093-es","8":"product_tag-438129-es","9":"product_tag-495105-es","10":"product_tag-5802c9-es","11":"product_tag-5802e8p-es","12":"product_tag-5802m9-es","13":"product_tag-5802n3c-es","14":"product_tag-5802p8c-es","15":"product_tag-9608719280-es","16":"product_tag-9625168580-es","17":"product_tag-b00005802m2-es","18":"product_tag-d6g3-es","19":"product_tag-d6g4-es","20":"product_tag-d6g661-es","21":"product_tag-d6ra572-es","22":"product_tag-dc00007680-es","23":"product_tag-euro-20520-es","24":"product_tag-f000al0327-es","25":"product_tag-m000t85381-es","26":"product_tag-t001006008-es","27":"product_tag-tsc1010-es","28":"product_tag-zen-32008-es","30":"first","31":"instock","32":"taxable","33":"shipping-taxable","34":"purchasable","35":"product-type-simple"},"_links":{"self":[{"href":"https:\/\/com-automotive.com\/es\/wp-json\/wp\/v2\/product\/15792","targetHints":{"allow":["GET"]}}],"collection":[{"href":"https:\/\/com-automotive.com\/es\/wp-json\/wp\/v2\/product"}],"about":[{"href":"https:\/\/com-automotive.com\/es\/wp-json\/wp\/v2\/types\/product"}],"replies":[{"embeddable":true,"href":"https:\/\/com-automotive.com\/es\/wp-json\/wp\/v2\/comments?post=15792"}],"wp:featuredmedia":[{"embeddable":true,"href":"https:\/\/com-automotive.com\/es\/wp-json\/wp\/v2\/media\/20539"}],"wp:attachment":[{"href":"https:\/\/com-automotive.com\/es\/wp-json\/wp\/v2\/media?parent=15792"}],"wp:term":[{"taxonomy":"product_brand","embeddable":true,"href":"https:\/\/com-automotive.com\/es\/wp-json\/wp\/v2\/product_brand?post=15792"},{"taxonomy":"product_cat","embeddable":true,"href":"https:\/\/com-automotive.com\/es\/wp-json\/wp\/v2\/product_cat?post=15792"},{"taxonomy":"product_tag","embeddable":true,"href":"https:\/\/com-automotive.com\/es\/wp-json\/wp\/v2\/product_tag?post=15792"}],"curies":[{"name":"wp","href":"https:\/\/api.w.org\/{rel}","templated":true}]}}