{"id":15789,"date":"2023-11-01T16:11:42","date_gmt":"2023-11-01T19:11:42","guid":{"rendered":"https:\/\/com-automotive.com\/motor-de-arranque-12v-9d-8000188p-para-corsa-montana-meriva-cobalt-cruze-1-8-12\/"},"modified":"2023-11-01T16:11:42","modified_gmt":"2023-11-01T19:11:42","slug":"motor-de-arranque-12v-9d-8000188p-para-corsa-montana-meriva-cobalt-cruze-1-8-12","status":"publish","type":"product","link":"https:\/\/com-automotive.com\/es\/motor-de-arranque-12v-9d-8000188p-para-corsa-montana-meriva-cobalt-cruze-1-8-12\/","title":{"rendered":"Motor de arranque 12V 9D 8000188P para Corsa Montana Meriva Cobalt Cruze 1.8 12&gt;<span class=\"product-sku\" style=\"display: block; font-size: 0.85em; color: #777; margin-top: 5px; margin-bottom: 5px;\">SKU: 6000.0188-COM<\/span>"},"content":{"rendered":"<h1><strong>COM-AUTOMOTIVE, calidad de dise\u00f1o original.<\/strong><\/h1>\n<p>8000188 12V 1.2KW 9 Dientes Arrancador Dise\u00f1o: Delco Remy Tipo: PG260D &#8211; OEM: CHEVROLET<\/p>\n<h2>Preguntas m\u00e1s frecuentes<\/h2>\n<h3><strong>\u00bfCu\u00e1les son las referencias cruzadas?<\/strong><\/h3>\n<p>T001000095, 8000188P, 93304772, 93303527, 93327502, 93374342, 8000188, 8000188P, 8000538, ZEN 33001, Euro 20524<\/p>\n<h2><strong>Tabla de aplicaci\u00f3n<\/strong><\/h2>\n<table width=\"793\">\n<tbody>\n<tr>\n<td width=\"793\">CHEVROLET CRUZE LT G-1,ECOTEC 6 N18XFF 1.8 L 16V DOHC L4 FLEX, 2011-2021.<\/td>\n<\/tr>\n<tr>\n<td>TAQUILLA FIAT STRADA CD ADVENTURE ,E-TORQ 370 A 0011 1.8 L 16V DOHC L4 FLEX, 2010-2013.<\/td>\n<\/tr>\n<tr>\n<td>CHEVROLET CRUZE SPORT6 LT G-1,ECOTEC 6 N18XFF 1.8 L 16V DOHC L4 FLEX, 2012-2021.<\/td>\n<\/tr>\n<tr>\n<td>CHEVROLET COBALT LT G-1,NLEV N14YF 1.4 L 8V SOHC L4 FLEX, 2011-2015.<\/td>\n<\/tr>\n<tr>\n<td>FIAT STRADA CD ADVENTURE G-5,E-TORQ 370 A 0011 1.8 L 16V DOHC L4 FLEX, 2016-2021.<\/td>\n<\/tr>\n<tr>\n<td>CHEVROLET COBALT LTZ G-1, NLEV N14YF 1.4 L 8V SOHC L4 FLEX, 2011-2015.<\/td>\n<\/tr>\n<tr>\n<td>CHEVROLET ASTRA GL MPFI 8V ,C18NE C18NE 1.8L 8V SOHC L4 GASOLINA, 1998-2005.<\/td>\n<\/tr>\n<tr>\n<td>CHEVROLET CRUZE SPORT6 LTZ G-1,ECOTEC 6 N18XFF 1.8 L 16V DOHC L4 FLEX, 2012-2016.<\/td>\n<\/tr>\n<tr>\n<td>CHEVROLET MERIVA JOY FLEXPOWER, FLEXPOWER X18XF 1.8 L 8V SOHC L4 FLEX, 2006-2010.<\/td>\n<\/tr>\n<tr>\n<td>CHEVROLET CRUZE LTZ G-1,ECOTEC 6 N18XFF 1.8 L 16V DOHC L4 FLEX, 2011-2016.<\/td>\n<\/tr>\n<tr>\n<td>FIAT STRADA CE ADVENTURE G-5,E-TORQ 370 A 0011 1.8 L 16V DOHC L4 FLEX, 2016-2019.<\/td>\n<\/tr>\n<tr>\n<td>CHEVROLET ASTRA GL MPFI, C18NE C18NE 1.8L 8V SOHC L4 GASOLINA, 1999-2004.<\/td>\n<\/tr>\n<tr>\n<td>FIAT DOBLO ESSENCE 1.8 16V G-2,E-TORQ 370 A 0011 1.8 L 16V DOHC L4 FLEX, 2016-2021.<\/td>\n<\/tr>\n<tr>\n<td>FIAT STRADA ADVENTURE DUALOGIC G-5,E-TORQ 370 A 0011 1.8 L 16V DOHC L4 FLEX, 2016-2018.<\/td>\n<\/tr>\n<tr>\n<td>CHEVROLET MERIVA MAXX FLEXPOWER, FLEXPOWER X18XF 1.8 L 8V SOHC L4 FLEX, 2006-2010.<\/td>\n<\/tr>\n<tr>\n<td>CHEVROLET MERIVA 1.8 8V ,SOHC MPFI C18NE 1.8L 8V SOHC L4 GASOLINA, 2002-2009.<\/td>\n<\/tr>\n<tr>\n<td>TAQUILLA FIAT STRADA ADVENTURE ,E-TORQ 370 A 0011 1.8 L 16V DOHC L4 FLEX, 2010-2013.<\/td>\n<\/tr>\n<tr>\n<td>FIAT DOBLO ADVENTURE ,E-TORQ 370 A 0011 1.8 L 16V DOHC L4 FLEX, 2010-2015.<\/td>\n<\/tr>\n<tr>\n<td>CHEVROLET MERIVA PREMIUM, FLEXPOWER X18XF 1.8 L 8V SOHC L4 FLEX, 2009-2012.<\/td>\n<\/tr>\n<tr>\n<td>CHEVROLET CORSA SED\u00c1N NUEVO MAXX ,FLEXPOWER X18XF 1.8 L 8V SOHC L4 FLEX, 2006-2009.<\/td>\n<\/tr>\n<tr>\n<td>CHEVROLET CORSA SED\u00c1N NUEVO MAXX ,FLEXPOWER 4Y 1.8 L 8V SOHC L4 FLEX, 2004-2005.<\/td>\n<\/tr>\n<tr>\n<td>CHEVROLET COBALT LS G-1, NLEV N14YF 1.4 L 8V SOHC L4 FLEX, 2011-2013. 8000188<\/td>\n<\/tr>\n<tr>\n<td>CHEVROLET MERIVA FLEXPOWER, FLEXPOWER 5U 1.8 L 8V SOHC L4 FLEX, 2003-2005.<\/td>\n<\/tr>\n<tr>\n<td>FIAT STILO 1.8 16V ,TREN MOTRICE 8D 1.8 L 16V DOHC L4 GASOLINA, 2002-2007.<\/td>\n<\/tr>\n<tr>\n<td>CHEVROLET ASTRA GL MPFI, C18YE C18YE 1.8 L 8V SOHC L4 ETANOL, 2001-2005.<\/td>\n<\/tr>\n<tr>\n<td>FIAT DOBLO ADVENTURE FLEX III ,E-TORQ 370 A 0011 1.8 L 16V DOHC L4 FLEX, 2011-2012.<\/td>\n<\/tr>\n<tr>\n<td>CHEVROLET MERIVA JOY FLEXPOWER, FLEXPOWER 5U 1.8 L 8V SOHC L4 FLEX, 2004-2005.<\/td>\n<\/tr>\n<tr>\n<td>FIAT DOBLO ESSENCE ,E-TORQ 370 A 0011 1.8 L 16V DOHC L4 FLEX, 2013-2015.<\/td>\n<\/tr>\n<tr>\n<td>FIAT DOBLO ESSENCE FLEX III ,E-TORQ 370 A 0011 1.8 L 16V DOHC L4 FLEX, 2011-2013.<\/td>\n<\/tr>\n<tr>\n<td>CHEVROLET MERIVA MAXX FLEXPOWER, FLEXPOWER 5U 1.8 L 8V SOHC L4 FLEX, 2004-2005.<\/td>\n<\/tr>\n<tr>\n<td>CHEVROLET COBALT LT G-2,NLEV N14YF 1.4 L 8V SOHC L4 FLEX,2016-2018.8000188<\/td>\n<\/tr>\n<tr>\n<td>CHEVROLET MERIVA EXPRESSION ,FLEXPOWER X18XF 1.8 L 8V SOHC L4 FLEX, 2008-2012.<\/td>\n<\/tr>\n<tr>\n<td>FIAT STILO M.SCHUMACHER ,TREN MOTRIZ 8D 1.8L 16V DOHC L4 GASOLINA, 2002-2006.<\/td>\n<\/tr>\n<tr>\n<td>CHEVROLET COBALT LTZ G-2, NLEV N14YF 1.4 L 8V SOHC L4 FLEX, 2016-2018.<\/td>\n<\/tr>\n<tr>\n<td>CHEVROLET CORSA SED\u00c1N NUEVO 1.8 8V ,SOHC MPFI C18NE 1.8 L 8V SOHC L4 GASOLINA, 2002-2010.<\/td>\n<\/tr>\n<tr>\n<td>CHEVROLET CORSA HATCH NEW MAXX ,FLEXPOWER 4Y 1.8 L 8V SOHC L4 FLEX, 2004-2005.<\/td>\n<\/tr>\n<tr>\n<td>FIAT DOBLO CARGO ,E-TORQ 370 A 0011 1.8 L 16V DOHC L4 FLEX, 2010-2015. 8000188<\/td>\n<\/tr>\n<tr>\n<td>CHEVROLET CORSA SED\u00c1N NUEVO FLEXPOWER, FLEXPOWER 4Y 1.8 L 8V SOHC L4 FLEX, 2003-2006.<\/td>\n<\/tr>\n<tr>\n<td>CHEVROLET MERIVA PREMIUM FLEXPOWER, FLEXPOWER X18XF 1.8 L 8V SOHC L4 FLEX, 2006-2010.<\/td>\n<\/tr>\n<tr>\n<td>FIAT STRADA ADVENTURE CE ,E-TORQ 370 A 0011 1.8 L 16V DOHC L4 FLEX, 2013-2015.<\/td>\n<\/tr>\n<tr>\n<td>FIAT DOBLO ADVENTURE 1.8 16V G-2,E-TORQ 370 A 0011 1.8 L 16V DOHC L4 FLEX, 2016-2020.<\/td>\n<\/tr>\n<tr>\n<td>TAQUILLA FIAT STRADA ADVENTURE CE ,E-TORQ 370 A 0011 1.8 L 16V DOHC L4 FLEX, 2013-2015.<\/td>\n<\/tr>\n<tr>\n<td>FIAT STRADA ADVENTURE CE DUALOGIC ,E-TORQ 370 A 0011 1.8 L 16V DOHC L4 FLEX, 2013-2015.<\/td>\n<\/tr>\n<tr>\n<td>CHEVROLET CORSA HATCH NUEVO 1.8 8V ,SOHC MPFI CE18NE 1.8L 8V SOHC L4 GASOLINA, 2002-2010.<\/td>\n<\/tr>\n<tr>\n<td>CHEVROLET COBALT ADVANTAGE G-1,NLEV N14YF 1.4 L 8V SOHC L4 FLEX, 2013-2013.<\/td>\n<\/tr>\n<tr>\n<td>FIAT STRADA ADVENTURE EXTREME CE DUALOGIC ,E-TORQ 370 A 0011 1.8 L 16V DOHC L4 FLEX, 2015-2015.<\/td>\n<\/tr>\n<tr>\n<td>CHEVROLET CORSA HATCH NUEVO FLEXPOWER ,FLEXPOWER 4Y 1.8 L 8V SOHC L4 FLEX, 2003-2006.<\/td>\n<\/tr>\n<tr>\n<td>FIAT STRADA ADVENTURE EXTREME CD ,E-TORQ 370 A 0011 1.8 L 16V DOHC L4 FLEX, 2015-2015.<\/td>\n<\/tr>\n<tr>\n<td>FIAT DOBLO CARGO G-2,E-TORQ 370 A 0011 1.8 L 16V DOHC L4 FLEX, 2016-2019.<\/td>\n<\/tr>\n<tr>\n<td>FIAT STRADA ADVENTURE EXTREME CD DUALOGIC ,E-TORQ 370 A 0011 1.8 L 16V DOHC L4 FLEX, 2015-2015.<\/td>\n<\/tr>\n<tr>\n<td>FIAT STRADA ADVENTURE EXTREME CE ,E-TORQ 370 A 0011 1.8 L 16V DOHC L4 FLEX, 2015-2015.<\/td>\n<\/tr>\n<tr>\n<td>CHEVROLET MERIVA SUPER SPORT, FLEXPOWER X18XF 1.8 L 8V SOHC L4 FLEX, 2005-2012.<\/td>\n<\/tr>\n<tr>\n<td>FIAT DOBLO HLX ,E-TORQ 370 A 0011 1.8 L 16V DOHC L4 FLEX, 2010-2012. 8000188<\/td>\n<\/tr>\n<tr>\n<td>CHEVROLET COBALT LT FLEX G-2,NLEV N14YF 1.4 L 8V SOHC L4 FLEX, 2019-2021.<\/td>\n<\/tr>\n<tr>\n<td>CHEVROLET CORSA HATCH NEW FLEX SUPER SPORT ,FLEXPOWER X18XF 1.8 L 8V SOHC L4 FLEX, 2005-2010.<\/td>\n<\/tr>\n<tr>\n<td>CHEVROLET CORSA SED\u00c1N NUEVO PREMIUM ,FLEXPOWER 4Y 1.8 L 8V SOHC L4 FLEX, 2004-2005.<\/td>\n<\/tr>\n<tr>\n<td>CHEVROLET MERIVA 1.8 16V ,DOHC SFI 3C 1.8 L 16V DOHC L4 GASOLINA, 2002-2009.<\/td>\n<\/tr>\n<tr>\n<td>CHEVROLET CORSA SED\u00c1N NEW JOY FLEX ,FLEXPOWER 4Y 1.8 L 8V SOHC L4 FLEX, 2004-2005.<\/td>\n<\/tr>\n<tr>\n<td>CHEVROLET CORSA SED\u00c1N NUEVO PREMIUM ,FLEXPOWER X18XF 1.8 L 8V SOHC L4 FLEX, 2006-2009.<\/td>\n<\/tr>\n<tr>\n<td>FIAT STRADA CE SPORTING ,E-TORQ 370 A 0011 1.8 L 16V DOHC L4 FLEX, 2010-2011.<\/td>\n<\/tr>\n<tr>\n<td>CHEVROLET COBALT LTZ FLEX G-2,NLEV N14YF 1.4 L 8V SOHC L4 FLEX, 2019-2021.<\/td>\n<\/tr>\n<tr>\n<td>CHEVROLET MERIVA PREMIUM FLEXPOWER, FLEXPOWER 5U 1.8 L 8V SOHC L4 FLEX, 2004-2005.<\/td>\n<\/tr>\n<tr>\n<td>CHEVROLET CORSA HATCH NEW JOY FLEX ,FLEXPOWER 4Y 1.8 L 8V SOHC L4 FLEX, 2004-2005.<\/td>\n<\/tr>\n<tr>\n<td>CHEVROLET CORSA HATCH NUEVO PREMIUM ,FLEXPOWER 4Y 1.8 L 8V SOHC L4 FLEX, 2004-2005.<\/td>\n<\/tr>\n<tr>\n<td>CHEVROLET CORSA SED\u00c1N NEW JOY FLEX ,FLEXPOWER X18XF 1.8 L 8V SOHC L4 FLEX, 2006-2008.<\/td>\n<\/tr>\n<tr>\n<td>CHEVROLET CORSA HATCH NEW JOY FLEX ,FLEXPOWER X18XF 1.8 L 8V SOHC L4 FLEX, 2006-2008.<\/td>\n<\/tr>\n<tr>\n<td>CHEVROLET CORSA HATCH NUEVO PREMIUM ,FLEXPOWER X18XF 1.8 L 8V SOHC L4 FLEX, 2006-2010.<\/td>\n<\/tr>\n<tr>\n<td>CHEVROLET CORSA HATCH NEW MAXX ,FLEXPOWER X18XF 1.8 L 8V SOHC L4 FLEX, 2006-2008.<\/td>\n<\/tr>\n<tr>\n<td>CHEVROLET MERIVA FLEXPOWER, FLEXPOWER X18XF 1.8 L 8V SOHC L4 FLEX, 2006-2006. 8000188<\/td>\n<\/tr>\n<\/tbody>\n<\/table>\n<div><\/div>\n<div>ATENCI\u00d3N:<\/div>\n<div>Recomendamos que la instalaci\u00f3n del 8000188 sea realizada por un profesional capacitado y especializado.<\/div>\n<div>Solo realiza la compra de este producto 8000188 aseg\u00farate de que es compatible con tu veh\u00edculo, si tienes alguna duda, no dudes en ponerte en contacto con nosotros. Nuestro horario de apertura es de lunes a viernes de 8 a 18 h.<\/div>\n<div><\/div>\n<div>Sobre nosotros<\/div>\n<div>COM Automotive est\u00e1 especializada en piezas de autom\u00f3vil de dise\u00f1o original para el sector de la reparaci\u00f3n posventa, clientes industriales y fabricantes de veh\u00edculos especiales OEM.<\/div>\n<div>Nuestro equipo tiene m\u00e1s de 28 a\u00f1os de experiencia en la fabricaci\u00f3n y el suministro de piezas de automoci\u00f3n a escala mundial.<\/div>\n<div>Nuestra MISI\u00d3N es ofrecer productos de dise\u00f1o original con una calidad impecable y una sustituci\u00f3n personalizada.<\/div>\n<div>Nuestra VISI\u00d3N es promover el crecimiento y un valor inigualable para nuestros clientes.<\/div>\n","protected":false},"excerpt":{"rendered":"<p>8000188P-COM. En stock. Ref: T001000095, 8000188P, 93304772, 93303527, 93327502, 93374342, 8000188, 8000188P, 8000538, ZEN 33001, EURO 20524 &#8211; compatible con: CHEVROLET. Marca: COM Automotive &#8211; Producto con calidad y dise\u00f1o originales. Compatible con Delco Remy<\/p>\n","protected":false},"featured_media":18661,"comment_status":"open","ping_status":"closed","template":"","meta":[],"product_brand":[],"product_cat":[8119],"product_tag":[13346,13341,13347,13343,13342,13344,13345,13339,13340,13348],"class_list":{"0":"post-15789","1":"product","2":"type-product","3":"status-publish","4":"has-post-thumbnail","6":"product_cat-motor-de-arranque","7":"product_tag-8000188-es","8":"product_tag-8000188p-es","9":"product_tag-8000538-es","10":"product_tag-93303527-es","11":"product_tag-93304772-es","12":"product_tag-93327502-es","13":"product_tag-93374342-es","14":"product_tag-euro-20524-es","15":"product_tag-t001000095-es","16":"product_tag-zen-33001-es","18":"first","19":"instock","20":"taxable","21":"shipping-taxable","22":"purchasable","23":"product-type-simple"},"_links":{"self":[{"href":"https:\/\/com-automotive.com\/es\/wp-json\/wp\/v2\/product\/15789","targetHints":{"allow":["GET"]}}],"collection":[{"href":"https:\/\/com-automotive.com\/es\/wp-json\/wp\/v2\/product"}],"about":[{"href":"https:\/\/com-automotive.com\/es\/wp-json\/wp\/v2\/types\/product"}],"replies":[{"embeddable":true,"href":"https:\/\/com-automotive.com\/es\/wp-json\/wp\/v2\/comments?post=15789"}],"wp:featuredmedia":[{"embeddable":true,"href":"https:\/\/com-automotive.com\/es\/wp-json\/wp\/v2\/media\/18661"}],"wp:attachment":[{"href":"https:\/\/com-automotive.com\/es\/wp-json\/wp\/v2\/media?parent=15789"}],"wp:term":[{"taxonomy":"product_brand","embeddable":true,"href":"https:\/\/com-automotive.com\/es\/wp-json\/wp\/v2\/product_brand?post=15789"},{"taxonomy":"product_cat","embeddable":true,"href":"https:\/\/com-automotive.com\/es\/wp-json\/wp\/v2\/product_cat?post=15789"},{"taxonomy":"product_tag","embeddable":true,"href":"https:\/\/com-automotive.com\/es\/wp-json\/wp\/v2\/product_tag?post=15789"}],"curies":[{"name":"wp","href":"https:\/\/api.w.org\/{rel}","templated":true}]}}