{"id":15788,"date":"2023-11-01T16:11:41","date_gmt":"2023-11-01T19:11:41","guid":{"rendered":"https:\/\/com-automotive.com\/motor-de-arranque-de-12v-11d-f000al0100-46803965-para-palio-strada-siena-doblo-marea-1-6-97\/"},"modified":"2023-11-01T16:11:41","modified_gmt":"2023-11-01T19:11:41","slug":"motor-de-arranque-de-12v-11d-f000al0100-46803965-para-palio-strada-siena-doblo-marea-1-6-97","status":"publish","type":"product","link":"https:\/\/com-automotive.com\/es\/motor-de-arranque-de-12v-11d-f000al0100-46803965-para-palio-strada-siena-doblo-marea-1-6-97\/","title":{"rendered":"Motor de arranque de 12V 11D F000AL0100 46803965 para Palio Strada Siena Doblo Marea 1.6 97&gt;<span class=\"product-sku\" style=\"display: block; font-size: 0.85em; color: #777; margin-top: 5px; margin-bottom: 5px;\">SKU: 6000.0100-COM<\/span>"},"content":{"rendered":"<h1><strong>COM-AUTOMOTIVE, calidad de dise\u00f1o original.<\/strong><\/h1>\n<p>F000AL0100 12V 1.1KW 11 Dientes Arrancador Dise\u00f1o: BOSCH SEG Marca: DW &#8211; OEM: FIAT<\/p>\n<h2>Preguntas m\u00e1s frecuentes<\/h2>\n<h3><strong>\u00bfCu\u00e1les son las referencias cruzadas?<\/strong><\/h3>\n<p>T001002006, F000AL0100, 46803965, ZEN 31023, Euro 20567<\/p>\n<h2><strong>Tabla de aplicaci\u00f3n<\/strong><\/h2>\n<table width=\"793\">\n<tbody>\n<tr>\n<td width=\"793\">FIAT PALIO WEEKEND STILE 16V ,FIASA 178 A 8011 1.6 L 16V DOHC L4 GASOLINA, 1997-2003.<\/td>\n<\/tr>\n<tr>\n<td>FIAT PALIO ELX MPI 16 V G-1,FIASA 178 A 8011 1.6 L 16V DOHC L4 GASOLINA, 1996-2000.<\/td>\n<\/tr>\n<tr>\n<td>FIAT LINEA ESSENCE ,E-TORQ 370 A 0011 1.8 L 16V DOHC L4 FLEX, 2011-2016.<\/td>\n<\/tr>\n<tr>\n<td>FIAT PALIO WEEKEND ADVENTURE RST ,FIASA 178 A 8011 1.6 L 16V DOHC L4 GASOLINA, 2001-2003.<\/td>\n<\/tr>\n<tr>\n<td>FIAT LINEA ABSOLUTE DUALOGIC ,310 A 3011 310 A 3011 1.9 L 16V DOHC L4 FLEX, 2008-2011.<\/td>\n<\/tr>\n<tr>\n<td>FIAT BRAVA SX 16V ,FIASA 182 B 6000 1.6 L 16V DOHC L4 GASOLINA, 2001-2003.<\/td>\n<\/tr>\n<tr>\n<td>FIAT LINEA ABSOLUTE DUALOGIC ,E-TORQ 370 A 0011 1.8 L 16V DOHC L4 FLEX, 2014-2016.<\/td>\n<\/tr>\n<tr>\n<td>FIAT LINEA ABSOLUTE DUAL ,E-TORQ 370 A 0011 1.8 L 16V DOHC L4 FLEX, 2010-2013.<\/td>\n<\/tr>\n<tr>\n<td>FIAT LINEA HLX 1.9 ,310 A 3011 310 A 3011 1.9 L 16V DOHC L4 FLEX, 2009-2011.<\/td>\n<\/tr>\n<tr>\n<td>FIAT LINEA ESSENCE DUAL ,E-TORQ 370 A 0011 1.8 L 16V DOHC L4 FLEX, 2011-2013.<\/td>\n<\/tr>\n<tr>\n<td>FIAT LINEA HLX DUALOGIC 1.9 ,310 A 3011 310 A 3011 1.9 L 16V DOHC L4 FLEX, 2009-2011.<\/td>\n<\/tr>\n<tr>\n<td>FIAT LINEA LX 1.9 ,310 A 3011 310 A 3011 1.9 L 16V DOHC L4 FLEX, 2009-2011.<\/td>\n<\/tr>\n<tr>\n<td>FIAT DOBLO ELX ,FIASA 182 B 6000 1.6 L 16V DOHC L4 GASOLINA, 2001-2005.<\/td>\n<\/tr>\n<tr>\n<td>FIAT PALIO WEEKEND SPORT 16V ,FIASA 178 A 8011 1.6 L 16V DOHC L4 GASOLINA, 1997-1999.<\/td>\n<\/tr>\n<tr>\n<td>FIAT LINEA LX DUALOGIC 1.9 ,310 A 3011 310 A 3011 1.9 L 16V DOHC L4 FLEX, 2009-2010.<\/td>\n<\/tr>\n<tr>\n<td>FIAT SIENA ELX 16VSPI ,FIASA 178 D 2011 1.6 L 16V DOHC L4 GASOLINA, 1997-1998.<\/td>\n<\/tr>\n<tr>\n<td>FIAT LINEA LX ,E-TORQ 370 A 0011 1.8 L 16V DOHC L4 FLEX, 2010-2011.<\/td>\n<\/tr>\n<tr>\n<td>FIAT LINEA DUALOGIC 1.9 ,310 A 3011 310 A 3011 1.9 L 16V DOHC L4 FLEX, 2008-2011.<\/td>\n<\/tr>\n<tr>\n<td>FIAT SIENA ESTILO 16V ,FIASA 178 D 2011 1.6 L 16V DOHC L4 GASOLINA, 1998-1999.<\/td>\n<\/tr>\n<tr>\n<td>FIAT LINEA FLEX ,310 A 3011 310 A 3011 1.9 L 16V DOHC L4 FLEX, 2008-2010.<\/td>\n<\/tr>\n<tr>\n<td>FIAT SIENA EL 16V ,FIASA 178 D 2011 1.6 L 16V DOHC L4 GASOLINA, 1998-1999.<\/td>\n<\/tr>\n<tr>\n<td>FIAT LINEA ESSENCE DUALOGIC G-2,E-TORQ 370 A 0011 1.8 L 16V DOHC L4 FLEX, 2015-2016.<\/td>\n<\/tr>\n<tr>\n<td>FIAT LINEA DUALOGIC ,E-TORQ 370 A 0011 1.8 L 16V DOHC L4 FLEX, 2010-2012.<\/td>\n<\/tr>\n<tr>\n<td>FIAT LINEA HLX DUALOGIC ,E-TORQ 370 A 0011 1.8 L 16V DOHC L4 FLEX, 2010-2012.<\/td>\n<\/tr>\n<tr>\n<td>FIAT LINEA HLX ,E-TORQ 370 A 0011 1.8 L 16V DOHC L4 FLEX, 2010-2011.<\/td>\n<\/tr>\n<tr>\n<td>FIAT MAREA SX ,FIASA 182 B 6000 1.6 L 16V DOHC L4 GASOLINA, 2005-2008.<\/td>\n<\/tr>\n<tr>\n<td>FIAT PALIO ELX RST 16V G-2,FIASA 178 A 8011 1.6 L 16V DOHC L4 GASOLINA, 2001-2004.<\/td>\n<\/tr>\n<tr>\n<td>FIAT LINEA ESSENCE G-2,E-TORQ 370 A 0011 1.8 L 16V DOHC L4 FLEX, 2015-2019.<\/td>\n<\/tr>\n<tr>\n<td>FIAT LINEA BLACKMOTION G-2,E-TORQ 370 A 0011 1.8 L 16V DOHC L4 FLEX, 2015-2016.<\/td>\n<\/tr>\n<tr>\n<td>FIAT LINEA BLACKMOTION DUALOGIC G-2,E-TORQ 370 A 0011 1.8 L 16V DOHC L4 FLEX, 2015-2016.<\/td>\n<\/tr>\n<tr>\n<td>FIAT LINEA ABSOLUTE DUALOGIC G-2,E-TORQ 370 A 0011 1.8 L 16V DOHC L4 FLEX, 2015-2016.<\/td>\n<\/tr>\n<tr>\n<td>FIAT SIENA ELX RST ,FIASA 178 D 2011 1.6 L 16V DOHC L4 GASOLINA, 2001-2004.<\/td>\n<\/tr>\n<tr>\n<td>FIAT SIENA ELX ,FIASA 178 D 2011 1.6 L 16V DOHC L4 GASOLINA, 2001-2002.<\/td>\n<\/tr>\n<tr>\n<td>FIAT DOBLO CARGO ,FIASA 182 B 6000 1.6 L 16V DOHC L4 GASOLINA, 2001-2004.<\/td>\n<\/tr>\n<tr>\n<td>FIAT PALIO STILE RST 16 V G-1,FIASA 178 A 8011 1.6 L 16V DOHC L4 GASOLINA, 2000-2002.<\/td>\n<\/tr>\n<tr>\n<td>FIAT BRAVA ELX 16V ,FIASA 182 B 6000 1.6 L 16V DOHC L4 GASOLINA, 2001-2003.<\/td>\n<\/tr>\n<tr>\n<td>FIAT MAREA WEEKEND SX ,FIASA 182 B 6000 1.6 L 16V DOHC L4 GASOLINA, 2005-2007.<\/td>\n<\/tr>\n<tr>\n<td>FIAT PALIO WEEKEND ADVENTURE MPI 16V ,FIASA 178 A 8011 1.6 L 16V DOHC L4 GASOLINA, 1999-1999.<\/td>\n<\/tr>\n<\/tbody>\n<\/table>\n<div><\/div>\n<div>ATENCI\u00d3N:<\/div>\n<div>Recomendamos que la instalaci\u00f3n del F000AL0100 sea realizada por un profesional capacitado y especializado.<\/div>\n<div>Solo realiza la compra de este producto F000AL0100 aseg\u00farate de que es compatible con tu veh\u00edculo, si tienes alguna duda, no dudes en ponerte en contacto con nosotros. Nuestro horario de apertura es de lunes a viernes de 8 a 18 h.<\/div>\n<div><\/div>\n<div>Sobre nosotros<\/div>\n<div>COM Automotive est\u00e1 especializada en piezas de autom\u00f3vil de dise\u00f1o original para el sector de la reparaci\u00f3n posventa, clientes industriales y fabricantes de veh\u00edculos especiales OEM.<\/div>\n<div>Nuestro equipo tiene m\u00e1s de 28 a\u00f1os de experiencia en la fabricaci\u00f3n y el suministro de piezas de automoci\u00f3n a escala mundial.<\/div>\n<div>Nuestra MISI\u00d3N es ofrecer productos de dise\u00f1o original con una calidad impecable y una sustituci\u00f3n personalizada.<\/div>\n<div>Nuestra VISI\u00d3N es promover el crecimiento y un valor inigualable para nuestros clientes.<\/div>\n","protected":false},"excerpt":{"rendered":"<p>F000AL0100-COM. En stock. Ref: T001002006, F000AL0100, 46803965, 63223085, 63222833, 63221502, ZEN 31023, EURO 20567 &#8211; compatible con: FIAT. Marca: COM Automotive &#8211; Producto con calidad y dise\u00f1o originales. Compatible con Bosch<\/p>\n","protected":false},"featured_media":19044,"comment_status":"open","ping_status":"closed","template":"","meta":[],"product_brand":[],"product_cat":[8119],"product_tag":[],"class_list":{"0":"post-15788","1":"product","2":"type-product","3":"status-publish","4":"has-post-thumbnail","6":"product_cat-motor-de-arranque","8":"first","9":"instock","10":"taxable","11":"shipping-taxable","12":"purchasable","13":"product-type-simple"},"_links":{"self":[{"href":"https:\/\/com-automotive.com\/es\/wp-json\/wp\/v2\/product\/15788","targetHints":{"allow":["GET"]}}],"collection":[{"href":"https:\/\/com-automotive.com\/es\/wp-json\/wp\/v2\/product"}],"about":[{"href":"https:\/\/com-automotive.com\/es\/wp-json\/wp\/v2\/types\/product"}],"replies":[{"embeddable":true,"href":"https:\/\/com-automotive.com\/es\/wp-json\/wp\/v2\/comments?post=15788"}],"wp:featuredmedia":[{"embeddable":true,"href":"https:\/\/com-automotive.com\/es\/wp-json\/wp\/v2\/media\/19044"}],"wp:attachment":[{"href":"https:\/\/com-automotive.com\/es\/wp-json\/wp\/v2\/media?parent=15788"}],"wp:term":[{"taxonomy":"product_brand","embeddable":true,"href":"https:\/\/com-automotive.com\/es\/wp-json\/wp\/v2\/product_brand?post=15788"},{"taxonomy":"product_cat","embeddable":true,"href":"https:\/\/com-automotive.com\/es\/wp-json\/wp\/v2\/product_cat?post=15788"},{"taxonomy":"product_tag","embeddable":true,"href":"https:\/\/com-automotive.com\/es\/wp-json\/wp\/v2\/product_tag?post=15788"}],"curies":[{"name":"wp","href":"https:\/\/api.w.org\/{rel}","templated":true}]}}