{"id":15781,"date":"2023-12-28T17:55:38","date_gmt":"2023-12-28T20:55:38","guid":{"rendered":"https:\/\/com-automotive.com\/alternatdor-24v-150a-2448165-avi150p-polea-maciza-para-autobus-scania-k440\/"},"modified":"2025-05-23T16:58:15","modified_gmt":"2025-05-23T19:58:15","slug":"alternatdor-24v-150a-2448165-avi150p-polea-maciza-para-autobus-scania-k440","status":"publish","type":"product","link":"https:\/\/com-automotive.com\/es\/alternatdor-24v-150a-2448165-avi150p-polea-maciza-para-autobus-scania-k440\/","title":{"rendered":"Alternador de 24V 150A polea rigida compatible AVI150 2448165 para Scania Bus K440 K500 AVI150 P2101HP P2114HP P2116HP<span class=\"product-sku\" style=\"display: block; font-size: 0.85em; color: #777; margin-top: 5px; margin-bottom: 5px;\">SKU: 8000.8165-COM<\/span>"},"content":{"rendered":"<h1>Versi\u00f3n UPGRADE: 8000.2114-COM &#8211; Alternador de 24V 180A compatible con AVI150P2114HP polea s\u00f3lida para cami\u00f3n de autob\u00fas Scania K440 K500 NTG 2022<\/h1>\n<h1><strong>COM-AUTOMOTIVE, calidad de dise\u00f1o original.<\/strong><\/h1>\n<h2>Preguntas m\u00e1s frecuentes<\/h2>\n<h3><strong>\u00bfCu\u00e1les son las referencias cruzadas?<\/strong><\/h3>\n<p>2448165, AVI150P2101HP, AVI150P2114HP AVI150P2116HP<\/p>\n<h2><strong>Tabla de aplicaci\u00f3n<\/strong><\/h2>\n<p>Autob\u00fas Scania K440<\/p>\n<div><\/div>\n<div>ATENCI\u00d3N:<\/div>\n<div>Recomendamos que la instalaci\u00f3n la realice un profesional formado y especializado.<\/div>\n<div>S\u00f3lo compra este producto si est\u00e1s seguro de que es compatible con tu veh\u00edculo. Si tienes alguna duda, no dudes en ponerte en contacto con nosotros. Nuestro horario de apertura es de lunes a viernes de 8 a 18 h.<\/div>\n<div><\/div>\n<div>Sobre nosotros<\/div>\n<div>COM Automotive est\u00e1 especializada en piezas de autom\u00f3vil de dise\u00f1o original para el sector de la reparaci\u00f3n posventa, clientes industriales y fabricantes de veh\u00edculos especiales OEM.<\/div>\n<div>Nuestro equipo tiene m\u00e1s de 28 a\u00f1os de experiencia en la fabricaci\u00f3n y el suministro de piezas de automoci\u00f3n a escala mundial.<\/div>\n<div>Nuestra MISI\u00d3N es ofrecer productos de dise\u00f1o original con una calidad impecable y una sustituci\u00f3n personalizada.<\/div>\n<div>Nuestra VISI\u00d3N es promover el crecimiento y un valor inigualable para nuestros clientes.<\/div>\n","protected":false},"excerpt":{"rendered":"<p>8000.8165-COM. Compatible con: 2479047, 2448165, MB53160023, SX0001570718, SC0000573229, SC0000570718, GB250551501, 2920858, 2905970, 2853478, 2572595, 248165, 51230084, 3149616, OM18, AVI150P2101HP, AVI150P2114HP, AVI150P2116HP, A150P214, 2853479, A150P225.  Marca: COM Automotive &#8211; Producto con calidad y dise\u00f1o originales.<\/p>\n","protected":false},"featured_media":19262,"comment_status":"open","ping_status":"closed","template":"","meta":[],"product_brand":[],"product_cat":[8109,8542],"product_tag":[33725,8651,13272,33739,33719,8659,8671,33730,8675,8677,33723,33722,8673,8678,33718,33740,33741,33742,33720,33731,8653,8655,8657,33717,33724,33716,33715,33714],"class_list":{"0":"post-15781","1":"product","2":"type-product","3":"status-publish","4":"has-post-thumbnail","6":"product_cat-alternador-es-2","7":"product_cat-sempreco-es","8":"product_tag-0551501-es","9":"product_tag-2448165-es","10":"product_tag-2448165-com-es","11":"product_tag-2479047-es","12":"product_tag-248165-es","13":"product_tag-2572595-es","14":"product_tag-2853478-es","15":"product_tag-2853479-es","16":"product_tag-2905970-es","17":"product_tag-2920858-es","18":"product_tag-3149616-es","19":"product_tag-51230084-es","20":"product_tag-53160023-es","21":"product_tag-570718-es","22":"product_tag-573229-es","23":"product_tag-8000-8165-com-es","24":"product_tag-80008165-es","25":"product_tag-80008165-com-es","26":"product_tag-a150p214-es","27":"product_tag-a150p225-es","28":"product_tag-avi150p2101hp-es","29":"product_tag-avi150p2114hp-es","30":"product_tag-avi150p2116hp-es","31":"product_tag-gb250551501-es","32":"product_tag-om18-es","33":"product_tag-sc0000570718-es","34":"product_tag-sc0000573229-es","35":"product_tag-sx0001570718-es","37":"first","38":"instock","39":"taxable","40":"shipping-taxable","41":"purchasable","42":"product-type-simple"},"_links":{"self":[{"href":"https:\/\/com-automotive.com\/es\/wp-json\/wp\/v2\/product\/15781","targetHints":{"allow":["GET"]}}],"collection":[{"href":"https:\/\/com-automotive.com\/es\/wp-json\/wp\/v2\/product"}],"about":[{"href":"https:\/\/com-automotive.com\/es\/wp-json\/wp\/v2\/types\/product"}],"replies":[{"embeddable":true,"href":"https:\/\/com-automotive.com\/es\/wp-json\/wp\/v2\/comments?post=15781"}],"wp:featuredmedia":[{"embeddable":true,"href":"https:\/\/com-automotive.com\/es\/wp-json\/wp\/v2\/media\/19262"}],"wp:attachment":[{"href":"https:\/\/com-automotive.com\/es\/wp-json\/wp\/v2\/media?parent=15781"}],"wp:term":[{"taxonomy":"product_brand","embeddable":true,"href":"https:\/\/com-automotive.com\/es\/wp-json\/wp\/v2\/product_brand?post=15781"},{"taxonomy":"product_cat","embeddable":true,"href":"https:\/\/com-automotive.com\/es\/wp-json\/wp\/v2\/product_cat?post=15781"},{"taxonomy":"product_tag","embeddable":true,"href":"https:\/\/com-automotive.com\/es\/wp-json\/wp\/v2\/product_tag?post=15781"}],"curies":[{"name":"wp","href":"https:\/\/api.w.org\/{rel}","templated":true}]}}