{"id":15771,"date":"2023-10-24T01:48:02","date_gmt":"2023-10-24T04:48:02","guid":{"rendered":"https:\/\/com-automotive.com\/alternador-12v-150a-0125711005-cc1t10300cb-para-ford-transit-2-2-tdci-12\/"},"modified":"2023-10-24T01:48:02","modified_gmt":"2023-10-24T04:48:02","slug":"alternador-12v-150a-0125711005-cc1t10300cb-para-ford-transit-2-2-tdci-12","status":"publish","type":"product","link":"https:\/\/com-automotive.com\/es\/alternador-12v-150a-0125711005-cc1t10300cb-para-ford-transit-2-2-tdci-12\/","title":{"rendered":"Alternador 12V 150A 0125711005 CC1T10300CB para Ford Transit 2.2 TDCi 12&gt;<span class=\"product-sku\" style=\"display: block; font-size: 0.85em; color: #777; margin-top: 5px; margin-bottom: 5px;\">SKU: 8000.1005-COM<\/span>"},"content":{"rendered":"<h1>Calidad de dise\u00f1o original COM-AUTOMOTIVE.<\/h1>\n<p>0125711005 Alternador de 12V 150A con Polea &#8211; Dise\u00f1o: BOSCH SEG &#8211; OEM: FORD<\/p>\n<h2>Preguntas m\u00e1s frecuentes<\/h2>\n<h3><strong>\u00bfCu\u00e1les son las referencias cruzadas?<\/strong><\/h3>\n<p>0125711005, CC1T10300CB, 1730113, 1738113, 1745662, 1800123, 1889372, CC1T10300CA, CC1T10300CD, RMCC1T10300CD, ZEN 41006, Euro 70009, T002002003.<\/p>\n<h2><strong>TABLA DE APLICACI\u00d3N<\/strong><\/h2>\n<table width=\"779\">\n<tbody>\n<tr>\n<td width=\"779\">FORD RANGER XLS 2.2 DIESEL AT , FORD DURATORQ 2.2 L 16V DOHC L4 DIESEL, 2016-2019.<\/td>\n<\/tr>\n<tr>\n<td>FORD RANGER XLS 2.2 DIESEL AT , FORD DURATORQ 2.2 L 16V DOHC L4 DIESEL, 2020-2022.<\/td>\n<\/tr>\n<tr>\n<td>FORD RANGER XLT 3.2 DIESEL AT , FORD DURATORQ SAFA 3.2 L 20V DOHC L5 DIESEL, 2020-2022.<\/td>\n<\/tr>\n<tr>\n<td>FORD RANGER XLT 3.2 DIESEL AT , FORD DURATORQ SAFA 3.2 L 20V DOHC L5 DIESEL, 2016-2019.<\/td>\n<\/tr>\n<tr>\n<td>FORD RANGER LIMITED 3.2 DIESEL AT , FORD DURATORQ SAFA 3.2 L 20V DOHC L5 DIESEL, 2016-2019.<\/td>\n<\/tr>\n<tr>\n<td>FORD RANGER LIMITED 3.2 DI\u00c9SEL EN , FORD DURATORQ SAFA 3.2 L 20V DOHC L5 DI\u00c9SEL, 2020-2022.<\/td>\n<\/tr>\n<tr>\n<td>FORD RANGER C.CAB LIMITED, FORD DURATORQ SAFA 3.2 L 20V DOHC L5 DIESEL, 2014-2016.<\/td>\n<\/tr>\n<tr>\n<td>FORD RANGER XLS 2.2 DIESEL MT , FORD DURATORQ 2.2 L 16V DOHC L4 DIESEL, 2016-2019.<\/td>\n<\/tr>\n<tr>\n<td>FORD RANGER C.CAB XLT AUT. , FORD DURATORQ SAFA 3.2L 20V DOHC L5 DIESEL, 2014-2016.<\/td>\n<\/tr>\n<tr>\n<td>FORD RANGER XLS 2.2 DIESEL MT , FORD DURATORQ 2.2 L 16V DOHC L4 DIESEL, 2020-2022.<\/td>\n<\/tr>\n<tr>\n<td>FORD RANGER C.CAB LIMITED AUT. , FORD DURATORQ SAFA 3.2L 20V DOHC L5 DIESEL, 2014-2016.<\/td>\n<\/tr>\n<tr>\n<td>FORD RANGER C.CAB LIMITED, FORD DURATORQ SAFA 3.2 L 20V DOHC L5 DIESEL, 2012-2013.<\/td>\n<\/tr>\n<tr>\n<td>FORD RANGER C.CAB LIMITED AUT. , FORD DURATORQ SAFA 3.2L 20V DOHC L5 DIESEL, 2012-2013.<\/td>\n<\/tr>\n<tr>\n<td>FORD RANGER XLS CD 2.2 , FORD DURATORQ GBVAJQW 2.2 L 16V DOHC L4 DIESEL, 2014-2016.<\/td>\n<\/tr>\n<tr>\n<td>FORD RANGER C.CAB XLT AUT. , FORD DURATORQ SAFA 3.2L 20V DOHC L5 DIESEL, 2012-2013.<\/td>\n<\/tr>\n<tr>\n<td>FORD RANGER C.CAB XLT , FORD DURATORQ SAFA 3.2L 20V DOHC L5 DIESEL, 2014-2019.<\/td>\n<\/tr>\n<tr>\n<td>FORD RANGER XL CHASIS 2.2 , FORD DURATORQ GBVAJQW 2.2 L 16V DOHC L4 DIESEL, 2014-2019.<\/td>\n<\/tr>\n<tr>\n<td>FORD RANGER XLS 2.2 TD 4X2 CD G-2, FORD PUMA 2.2 L 16V DOHC L4 DIESEL, 2019-2019.<\/td>\n<\/tr>\n<tr>\n<td>FORD TRANSIT FURGONETA, FORD DURATORQ CYFA 2.2L 16V DOHC L4 DIESEL, 2012-2016.<\/td>\n<\/tr>\n<tr>\n<td>FORD TRANSIT FURGONETA, FORD DURATORQ CYFA 2.2 L 16V DOHC L4 DIESEL, 2012-2016.<\/td>\n<\/tr>\n<tr>\n<td>FORD RANGER C.CAB XLT , FORD DURATORQ SAFA 3.2L 20V DOHC L5 DIESEL, 2012-2013.<\/td>\n<\/tr>\n<tr>\n<td>CHASIS FORD TRANSIT, FORD DURATORQ CYFA 2.2L 16V DOHC L4 DIESEL, 2013-2016.<\/td>\n<\/tr>\n<tr>\n<td>FORD RANGER R.CAB XLS , FORD DURATORQ SAFA 3.2 L 20V DOHC L5 DIESEL, 2014-2016.<\/td>\n<\/tr>\n<tr>\n<td>FORD TRANSIT CHASIS CABINA, FORD DURATORQ CYFA 2.2L 16V DOHC L4 DIESEL, 2012-2016.<\/td>\n<\/tr>\n<tr>\n<td>FORD RANGER XLS 2.2 TD 4X2 CD G-2, FORD PUMA 2.2 L 16V DOHC L4 DIESEL, 2020-2022.<\/td>\n<\/tr>\n<tr>\n<td>FORD RANGER XLS CD 2.2 , FORD DURATORQ GBVAJQW 2.2 L 16V DOHC L4 DIESEL, 2012-2013.<\/td>\n<\/tr>\n<tr>\n<td>FORD RANGER R.CAB XLS, FORD DURATORQ SAFA 3.2L 20V DOHC L5 DIESEL, 2020-2020.<\/td>\n<\/tr>\n<tr>\n<td>FORD RANGER C.CAB XLS, FORD DURATORQ SAFA 3.2L 20V DOHC L5 DIESEL, 2014-2016.<\/td>\n<\/tr>\n<tr>\n<td>FORD RANGER XLS 2.2 TD 4X2 CD , FORD DURATORQ 2.2 L 16V DOHC L4 DIESEL, 2017-2019.<\/td>\n<\/tr>\n<tr>\n<td>FORD RANGER XL CD G-2, FORD PUMA PUMA 2.2 L 16V DOHC L4 DIESEL, 2020-2020.<\/td>\n<\/tr>\n<tr>\n<td>FORD RANGER XLS NEGRO G-2, FORD PUMA 2.2 L 16V DOHC L4 DIESEL, 2020-2022.<\/td>\n<\/tr>\n<tr>\n<td>FORD RANGER R.CAB XLS, FORD DURATORQ SAFA 3.2 L 20V DOHC L5 DIESEL, 2012-2013.<\/td>\n<\/tr>\n<tr>\n<td>FORD RANGER XL CD G-2, FORD PUMA PUMA 2.2 L 16V DOHC L4 DIESEL, 2019-2019.<\/td>\n<\/tr>\n<tr>\n<td>FORD RANGER XL CHASIS 2.2 , FORD DURATORQ GBVAJQW 2.2 L 16V DOHC L4 DIESEL, 2020-2020.<\/td>\n<\/tr>\n<tr>\n<td>FORD RANGER SPORTRAC 4X4 CD , FORD DURATORQ 2.2 L 16V DOHC L4 DIESEL, 2017-2019.<\/td>\n<\/tr>\n<tr>\n<td>FORD RANGER XL CS G-2, FORD PUMA PUMA 2.2L 16V DOHC L4 DIESEL, 2019-2019.<\/td>\n<\/tr>\n<tr>\n<td>FORD RANGER C.CAB XLS , FORD DURATORQ SAFA 3.2 L 20V DOHC L5 DIESEL, 2012-2013.<\/td>\n<\/tr>\n<tr>\n<td>FORD RANGER TROPIVAN AT , FORD DURATORQ SAFA 3.2 L 20V DOHC L5 DIESEL, 2020-2022.<\/td>\n<\/tr>\n<\/tbody>\n<\/table>\n<div><\/div>\n<div>ATENCI\u00d3N:<\/div>\n<div>Recomendamos que la instalaci\u00f3n la realice un profesional formado y especializado.<\/div>\n<div>Solo realiza la compra de este producto 0125711005 aseg\u00farate de que es compatible con tu veh\u00edculo, si tienes alguna duda, no dudes en ponerte en contacto con nosotros. Nuestro horario de apertura es de lunes a viernes de 8 a 18 h.<\/div>\n<div><\/div>\n<div>Sobre nosotros<\/div>\n<div>COM Automotive est\u00e1 especializada en piezas de autom\u00f3vil de dise\u00f1o original para el sector de la reparaci\u00f3n posventa, clientes industriales y fabricantes de veh\u00edculos especiales OEM.<\/div>\n<div>Nuestro equipo tiene m\u00e1s de 28 a\u00f1os de experiencia en la fabricaci\u00f3n y el suministro de piezas de automoci\u00f3n a escala mundial.<\/div>\n<div>Nuestra MISI\u00d3N es ofrecer productos de dise\u00f1o original con una calidad impecable y una sustituci\u00f3n personalizada.<\/div>\n<div>Nuestra VISI\u00d3N es promover el crecimiento y un valor inigualable para nuestros clientes.<\/div>\n","protected":false},"excerpt":{"rendered":"<p>0125711005-COM. En stock. Ref: T002002003, 0125711005, CC1T10300CB, 1730113, 1738113, 1745662, 1800123, 1889372, CC1T10300CA, CC1T10300CD, RMCC1T10300CD, 0125711, 005, 0125711, 046, ZEN 41006, EURO 70009, 70012, 8EL011713361, DITA 10172 &#8211; compatible con: FORD. Marca: COM Automotive &#8211; Producto con calidad y dise\u00f1o originales. Compatible con Bosch<\/p>\n","protected":false},"featured_media":18924,"comment_status":"open","ping_status":"closed","template":"","meta":[],"product_brand":[],"product_cat":[8109],"product_tag":[13236,13234,13212,13237,13216,13218,13220,13222,13224,13238,13240,13226,13214,13228,13241,13232,13229,13210,13230],"class_list":{"0":"post-15771","1":"product","2":"type-product","3":"status-publish","4":"has-post-thumbnail","6":"product_cat-alternador-es-2","7":"product_tag-005-es","8":"product_tag-0125711-es","9":"product_tag-0125711005-es","10":"product_tag-046-es","11":"product_tag-1730113-es","12":"product_tag-1738113-es","13":"product_tag-1745662-es","14":"product_tag-1800123-es","15":"product_tag-1889372-es","16":"product_tag-70012-es","17":"product_tag-8el011713361-es","18":"product_tag-cc1t10300ca-es","19":"product_tag-cc1t10300cb-es","20":"product_tag-cc1t10300cd-es","21":"product_tag-dita-10172-es","22":"product_tag-euro-70009-es","23":"product_tag-rmcc1t10300cd-es","24":"product_tag-t002002003-es","25":"product_tag-zen-41006-es","27":"first","28":"instock","29":"taxable","30":"shipping-taxable","31":"purchasable","32":"product-type-simple"},"_links":{"self":[{"href":"https:\/\/com-automotive.com\/es\/wp-json\/wp\/v2\/product\/15771","targetHints":{"allow":["GET"]}}],"collection":[{"href":"https:\/\/com-automotive.com\/es\/wp-json\/wp\/v2\/product"}],"about":[{"href":"https:\/\/com-automotive.com\/es\/wp-json\/wp\/v2\/types\/product"}],"replies":[{"embeddable":true,"href":"https:\/\/com-automotive.com\/es\/wp-json\/wp\/v2\/comments?post=15771"}],"wp:featuredmedia":[{"embeddable":true,"href":"https:\/\/com-automotive.com\/es\/wp-json\/wp\/v2\/media\/18924"}],"wp:attachment":[{"href":"https:\/\/com-automotive.com\/es\/wp-json\/wp\/v2\/media?parent=15771"}],"wp:term":[{"taxonomy":"product_brand","embeddable":true,"href":"https:\/\/com-automotive.com\/es\/wp-json\/wp\/v2\/product_brand?post=15771"},{"taxonomy":"product_cat","embeddable":true,"href":"https:\/\/com-automotive.com\/es\/wp-json\/wp\/v2\/product_cat?post=15771"},{"taxonomy":"product_tag","embeddable":true,"href":"https:\/\/com-automotive.com\/es\/wp-json\/wp\/v2\/product_tag?post=15771"}],"curies":[{"name":"wp","href":"https:\/\/api.w.org\/{rel}","templated":true}]}}