{"id":15770,"date":"2023-10-23T18:18:03","date_gmt":"2023-10-23T21:18:03","guid":{"rendered":"https:\/\/com-automotive.com\/alternador-0124325098-a3761540302-12v-90a-para-mb-1620-710-1418-electronico\/"},"modified":"2023-10-23T18:18:03","modified_gmt":"2023-10-23T21:18:03","slug":"alternador-0124325098-a3761540302-12v-90a-para-mb-1620-710-1418-electronico","status":"publish","type":"product","link":"https:\/\/com-automotive.com\/es\/alternador-0124325098-a3761540302-12v-90a-para-mb-1620-710-1418-electronico\/","title":{"rendered":"Alternador 0124325098 A3761540302 12V 90A para MB 1620 710 1418 Electr\u00f3nico<span class=\"product-sku\" style=\"display: block; font-size: 0.85em; color: #777; margin-top: 5px; margin-bottom: 5px;\">SKU: 8000.5098-COM<\/span>"},"content":{"rendered":"<h1>Calidad de dise\u00f1o original COM-AUTOMOTIVE.<\/h1>\n<p>0124325098 Alternador de 12V 90Amp con Polea &#8211; Dise\u00f1o: BOSCH SEG &#8211; OEM: MERCEDES MBB<\/p>\n<h2>Preguntas m\u00e1s frecuentes<\/h2>\n<h3><strong>\u00bfCu\u00e1les son las referencias cruzadas?<\/strong><\/h3>\n<p>012432509A, 0124325098, A3761540302, 3761540302, 3761540302, ZEN 41021<\/p>\n<h2><strong>TABLA DE APLICACI\u00d3N<\/strong><\/h2>\n<table width=\"1036\">\n<tbody>\n<tr>\n<td width=\"1036\">MERCEDES BENZ 710 , MERCEDES BENZ OM 364 LA OM 364 LA 4.0 L 8V SOHV L4 DIESEL, 2001-2019.<\/td>\n<\/tr>\n<tr>\n<td>MERCEDES BENZ LS 1113 , MERCEDES BENZ OM 352 OM 352 5.7 L 12V SOHV L6 DIESEL, 1973-1990.<\/td>\n<\/tr>\n<tr>\n<td>MERCEDES BENZ LPO\/LP , MERCEDES BENZ OM 352 OM 352 5.7 L 12V SOHV L6 DIESEL, 1970-1979.<\/td>\n<\/tr>\n<tr>\n<td>MERCEDES BENZ L 1513 , MERCEDES BENZ OM 352 OM 352 5.7 L 12V SOHV L6 DIESEL, 1970-1987.<\/td>\n<\/tr>\n<tr>\n<td>MERCEDES BENZ L 709 37\/42 , MERCEDES BENZ OM 364 OM 364 4.0 L 8V SOHV L4 DIESEL, 1988-1996.<\/td>\n<\/tr>\n<tr>\n<td>MERCEDES BENZ OH 1313 , MERCEDES BENZ OM 352 OM 352 5.7 L 12V SOHV L6 DIESEL, 1980-1987.<\/td>\n<\/tr>\n<tr>\n<td>MERCEDES BENZ LPO 1113 , MERCEDES BENZ OM 352 OM 352 5.7 L 12V SOHV L6 DIESEL, 1980-1983.<\/td>\n<\/tr>\n<tr>\n<td>MERCEDES BENZ DE 1113 , MERCEDES BENZ OM 352 OM 352 5.7 L 12V SOHV L6 DIESEL, 1982-1987.<\/td>\n<\/tr>\n<tr>\n<td>MERCEDES BENZ O 362 , MERCEDES BENZ OM 352 OM 352 5.7 L 12V SOHV L6 DIESEL, 1971-1979.<\/td>\n<\/tr>\n<tr>\n<td>MERCEDES BENZ LO 812 , MERCEDES BENZ OM 364 LA OM 364 LA 4.0 L 8V SOHV L4 DIESEL, 2003-2012.<\/td>\n<\/tr>\n<tr>\n<td>MERCEDES BENZ 712 , MERCEDES BENZ OM 364 A OM 364 A 4.0 L 8V SOHV L4 DIESEL, 1996-1999.<\/td>\n<\/tr>\n<tr>\n<td>MERCEDES BENZ L 2013 , MERCEDES BENZ OM 352 OM 352 5.7 L 12V SOHV L6 DIESEL, 1970-1987.<\/td>\n<\/tr>\n<tr>\n<td>MERCEDES BENZ LB\/LO 814 , MERCEDES BENZ OM 364 LA OM 364 LA 4.0 L 8V SOHV L4 DIESEL, 1997-2002.<\/td>\n<\/tr>\n<tr>\n<td>MERCEDES BENZ 914 , MERCEDES BENZ OM 364 LA OM 364 LA 4.0 L 8V SOHV L4 DIESEL, 1994-1999.<\/td>\n<\/tr>\n<tr>\n<td>MERCEDES BENZ LK 1113 , MERCEDES BENZ OM 352 OM 352 5.7 L 12V SOHV L6 DIESEL, 1973-1989.<\/td>\n<\/tr>\n<tr>\n<td>MERCEDES BENZ L 1313 , MERCEDES BENZ OM 352 OM 352 5.7 L 12V SOHV L6 DIESEL, 1966-1983.<\/td>\n<\/tr>\n<tr>\n<td>MERCEDES BENZ 912 , MERCEDES BENZ OM 364 A OM 364 A 4.0 L 8V SOHV L4 DIESEL, 1988-1996.<\/td>\n<\/tr>\n<tr>\n<td>MERCEDES BENZ L 1113 , MERCEDES BENZ OM 352 OM 352 5.7 L 12V SOHV L6 DIESEL, 1966-1983.<\/td>\n<\/tr>\n<tr>\n<td>MERCEDES BENZ LPO 344 , MERCEDES BENZ OM 352 OM 352 5.7 L 12V SOHV L6 DIESEL, 1965-1970.<\/td>\n<\/tr>\n<tr>\n<td>MERCEDES BENZ L 1114 , MERCEDES BENZ OM 352 OM 352 5.7 L 12V SOHV L6 DIESEL, 1986-1989.<\/td>\n<\/tr>\n<tr>\n<td>MERCEDES BENZ DE 1314 , MERCEDES BENZ OM 352 OM 352 5.7 L 12V SOHV L6 DIESEL, 1987-1988.<\/td>\n<\/tr>\n<tr>\n<td>MERCEDES BENZ DE 1313 , MERCEDES BENZ OM 352 OM 352 5.7 L 12V SOHV L6 DIESEL, 1969-1979.<\/td>\n<\/tr>\n<tr>\n<td>MERCEDES BENZ LO 812 , MERCEDES BENZ OM 364 OM 364 4.0 L 8V SOHV L4 DIESEL, 1988-1996.<\/td>\n<\/tr>\n<tr>\n<td>MERCEDES BENZ LK 1513 , MERCEDES BENZ OM 352 OM 352 5.7 L 12V SOHV L6 DIESEL, 1970-1987.<\/td>\n<\/tr>\n<tr>\n<td>MERCEDES BENZ 1214 C , MERCEDES BENZ OM 364 LA OM 364 LA 4.0 L 8V SOHV L4 DIESEL, 1997-2000.<\/td>\n<\/tr>\n<tr>\n<td>MERCEDES BENZ LO 712 , MERCEDES BENZ OM 364 LA OM 364 LA 4.0 L 8V SOHV L4 DIESEL, 2003-2012.<\/td>\n<\/tr>\n<tr>\n<td>MERCEDES BENZ LO 610 , MERCEDES BENZ OM 364 LA OM 364 LA 4.0 L 8V SOHV L4 DIESEL, 2001-2003.<\/td>\n<\/tr>\n<tr>\n<td>MERCEDES BENZ OH 1317 , MERCEDES BENZ OM 352 OM 352 5.7 L 12V SOHV L6 DIESEL, 1988-1989.<\/td>\n<\/tr>\n<tr>\n<td>MERCEDES BENZ LO 1114 , MERCEDES BENZ OM 352 OM 352 5.7 L 12V SOHV L6 DIESEL, 1987-1991.<\/td>\n<\/tr>\n<tr>\n<td>MERCEDES BENZ L 2014 , MERCEDES BENZ OM 352 OM 352 5.7 L 12V SOHV L6 DIESEL, 1987-1990.<\/td>\n<\/tr>\n<tr>\n<td>MERCEDES BENZ O 352 , MERCEDES BENZ OM 352 OM 352 5.7 L 12V SOHV L6 DIESEL, 1969-1971.<\/td>\n<\/tr>\n<tr>\n<td>MERCEDES BENZ LK 2213 , MERCEDES BENZ OM 352 OM 352 5.7 L 12V SOHV L6 DIESEL, 1972-1987.<\/td>\n<\/tr>\n<tr>\n<td>MERCEDES BENZ LB 2213 , MERCEDES BENZ OM 352 OM 352 5.7 L 12V SOHV L6 DIESEL, 1972-1987.<\/td>\n<\/tr>\n<tr>\n<td>MERCEDES BENZ LAK 1313 , MERCEDES BENZ OM 352 OM 352 5.7 L 12V SOHV L6 DIESEL, 1966-1983.<\/td>\n<\/tr>\n<tr>\n<td>MERCEDES BENZ L 2213 , MERCEDES BENZ OM 352 OM 352 5.7 L 12V SOHV L6 DIESEL, 1970-1987.<\/td>\n<\/tr>\n<tr>\n<td>MERCEDES BENZ L 1314 , MERCEDES BENZ OM 352 OM 352 5.7 L 12V SOHV L6 DIESEL, 1987-1991.<\/td>\n<\/tr>\n<tr>\n<td>MERCEDES BENZ LK 1114 , MERCEDES BENZ OM 352 OM 352 5.7 L 12V SOHV L6 DIESEL, 1986-1989.<\/td>\n<\/tr>\n<tr>\n<td>MERCEDES BENZ L 1514 , MERCEDES BENZ OM 352 OM 352 5.7 L 12V SOHV L6 DIESEL, 1987-1989.<\/td>\n<\/tr>\n<tr>\n<td>MERCEDES BENZ 710 , MERCEDES BENZ OM 364 A OM 364 A 4.0 L 8V SOHV L4 DIESEL, 1995-1997.<\/td>\n<\/tr>\n<tr>\n<td>MERCEDES BENZ L 709 , MERCEDES BENZ OM 364 OM 364 4.0 L 8V SOHV L4 DIESEL, 1988-1993.<\/td>\n<\/tr>\n<tr>\n<td>MERCEDES BENZ L 2214 , MERCEDES BENZ OM 352 OM 352 5.7 L 12V SOHV L6 DIESEL, 1987-1989.<\/td>\n<\/tr>\n<tr>\n<td>MERCEDES BENZ LK 1514 , MERCEDES BENZ OM 352 OM 352 5.7 L 12V SOHV L6 DIESEL, 1987-1989.<\/td>\n<\/tr>\n<tr>\n<td>MERCEDES BENZ LA 1313 , MERCEDES BENZ OM 352 OM 352 5.7 L 12V SOHV L6 DIESEL, 1973-1980.<\/td>\n<\/tr>\n<tr>\n<td>MERCEDES BENZ OH 1518 , MERCEDES BENZ OM 352 OM 352 5.7 L 12V SOHV L6 DIESEL, 1987-1989.<\/td>\n<\/tr>\n<tr>\n<td>MERCEDES BENZ LK 2214 , MERCEDES BENZ OM 352 OM 352 5.7 L 12V SOHV L6 DIESEL, 1987-1989.<\/td>\n<\/tr>\n<tr>\n<td>MERCEDES BENZ LK 1314 , MERCEDES BENZ OM 352 OM 352 5.7 L 12V SOHV L6 DIESEL, 1987-1991.<\/td>\n<\/tr>\n<tr>\n<td>MERCEDES BENZ LAK 1314 , MERCEDES BENZ OM 352 OM 352 5.7 L 12V SOHV L6 DIESEL, 1987-1988.<\/td>\n<\/tr>\n<tr>\n<td>MERCEDES BENZ L 1315 , MERCEDES BENZ OM 352 OM 352 5.7 L 12V SOHV L6 DIESEL, 1980-1980.<\/td>\n<\/tr>\n<tr>\n<td>MERCEDES BENZ LP 331 , MERCEDES BENZ OM 352 OM 352 5.7 L 12V SOHV L6 DIESEL, 1960-1960.<\/td>\n<\/tr>\n<tr>\n<td>MERCEDES BENZ L 1115 , MERCEDES BENZ OM 352 OM 352 5.7 L 12V SOHV L6 DIESEL, 1985-1987.<\/td>\n<\/tr>\n<tr>\n<td>MERCEDES BENZ LO 1116 , MERCEDES BENZ OM 352 OM 352 5.7 L 12V SOHV L6 DIESEL, 1984-1984.<\/td>\n<\/tr>\n<tr>\n<td>MERCEDES BENZ DE 809 , MERCEDES BENZ OM 364 OM 364 4.0 L 8V SOHV L4 DIESEL, 1996-1996.<\/td>\n<\/tr>\n<\/tbody>\n<\/table>\n<p>&nbsp;<\/p>\n<div>ATENCI\u00d3N:<\/div>\n<div>Recomendamos que la instalaci\u00f3n del 0124325098 sea realizada por un profesional capacitado y especializado.<\/div>\n<div>Solo realiza la compra de este producto 0124325098 aseg\u00farate de que es compatible con tu veh\u00edculo, si tienes alguna duda, no dudes en ponerte en contacto con nosotros. Nuestro horario de apertura es de lunes a viernes de 8 a 18 h.<\/div>\n<div><\/div>\n<div>Sobre nosotros<\/div>\n<div>COM Automotive est\u00e1 especializada en piezas de autom\u00f3vil de dise\u00f1o original para el sector de la reparaci\u00f3n posventa, clientes industriales y fabricantes de veh\u00edculos especiales OEM.<\/div>\n<div>Nuestro equipo tiene m\u00e1s de 28 a\u00f1os de experiencia en la fabricaci\u00f3n y el suministro de piezas de automoci\u00f3n a escala mundial.<\/div>\n<div>Nuestra MISI\u00d3N es ofrecer productos de dise\u00f1o original con una calidad impecable y una sustituci\u00f3n personalizada.<\/div>\n<div>Nuestra VISI\u00d3N es promover el crecimiento y un valor inigualable para nuestros clientes.<\/div>\n","protected":false},"excerpt":{"rendered":"<p>0124325098-COM. En stock. Ref: 012432509A, 0124325098, A3761540302, ZEN 41021, ZM 9010809, EURO 70617, 8EL011712741, DITA 10168 &#8211; compatible con: MERCEDES MBB. Marca: COM Automotive &#8211; Producto con calidad y dise\u00f1o originales. Compatible con Bosch<\/p>\n","protected":false},"featured_media":20401,"comment_status":"open","ping_status":"closed","template":"","meta":[],"product_brand":[],"product_cat":[8109],"product_tag":[13211,13219,13209,13213,13217,13227],"class_list":{"0":"post-15770","1":"product","2":"type-product","3":"status-publish","4":"has-post-thumbnail","6":"product_cat-alternador-es-2","7":"product_tag-0124325098-es","8":"product_tag-0124325098-com-es","9":"product_tag-012432509a-es","10":"product_tag-a3761540302-es","11":"product_tag-zen-41021-es","12":"product_tag-zm-9010809-es","14":"first","15":"instock","16":"taxable","17":"shipping-taxable","18":"purchasable","19":"product-type-simple"},"_links":{"self":[{"href":"https:\/\/com-automotive.com\/es\/wp-json\/wp\/v2\/product\/15770","targetHints":{"allow":["GET"]}}],"collection":[{"href":"https:\/\/com-automotive.com\/es\/wp-json\/wp\/v2\/product"}],"about":[{"href":"https:\/\/com-automotive.com\/es\/wp-json\/wp\/v2\/types\/product"}],"replies":[{"embeddable":true,"href":"https:\/\/com-automotive.com\/es\/wp-json\/wp\/v2\/comments?post=15770"}],"wp:featuredmedia":[{"embeddable":true,"href":"https:\/\/com-automotive.com\/es\/wp-json\/wp\/v2\/media\/20401"}],"wp:attachment":[{"href":"https:\/\/com-automotive.com\/es\/wp-json\/wp\/v2\/media?parent=15770"}],"wp:term":[{"taxonomy":"product_brand","embeddable":true,"href":"https:\/\/com-automotive.com\/es\/wp-json\/wp\/v2\/product_brand?post=15770"},{"taxonomy":"product_cat","embeddable":true,"href":"https:\/\/com-automotive.com\/es\/wp-json\/wp\/v2\/product_cat?post=15770"},{"taxonomy":"product_tag","embeddable":true,"href":"https:\/\/com-automotive.com\/es\/wp-json\/wp\/v2\/product_tag?post=15770"}],"curies":[{"name":"wp","href":"https:\/\/api.w.org\/{rel}","templated":true}]}}