{"id":15769,"date":"2023-11-17T12:02:55","date_gmt":"2023-11-17T15:02:55","guid":{"rendered":"https:\/\/com-automotive.com\/rodete-de-arranque-9d-para-vw-passat-gol-voyage-kombi-16-ano1979\/"},"modified":"2023-11-17T12:02:55","modified_gmt":"2023-11-17T15:02:55","slug":"rodete-de-arranque-9d-para-vw-passat-gol-voyage-kombi-16-ano1979","status":"publish","type":"product","link":"https:\/\/com-automotive.com\/es\/rodete-de-arranque-9d-para-vw-passat-gol-voyage-kombi-16-ano1979\/","title":{"rendered":"Rodete de arranque 9D para VW PASSAT Gol Voyage Kombi 1,6 a\u00f1o1979&gt;<span class=\"product-sku\" style=\"display: block; font-size: 0.85em; color: #777; margin-top: 5px; margin-bottom: 5px;\">SKU: 6200.9400-COM<\/span>"},"content":{"rendered":"<h1><strong>COM-AUTOMOTIVE, calidad de dise\u00f1o original.<\/strong><\/h1>\n<p>Impulsor de arranque, 9 dientes VW Passat 08.79- Gol Voyage Parati Saveiro 1.6 KOMBI 84<\/p>\n<h2>Preguntas m\u00e1s frecuentes<\/h2>\n<h3><strong>\u00bfCu\u00e1les son las referencias cruzadas?<\/strong><\/h3>\n<p>T001000025, 1006209400, ZEN 0068<\/p>\n<h2><strong>Tabla de aplicaci\u00f3n<\/strong><\/h2>\n<p>Veh\u00edculos (Audi , Fox 100 1.6, 1.8, 1.9 , Fox 4000 1.6, 1.7 , Fox 50 1.3, 1.5 , Fox 80 1.3, 1.5, 1.6 , BMW , 528l , 728l , Ford , Capri 2.8 , Galaxy , Granada 2.8 , Pampa 1.6 , Opel , Ascona A , Blitz 1.9 , Manta A , Rekord D , Volkswagen , Dasher 1.5 D , Derby , Gol 1.6, 1.8, 2.0, C, CL, GL , Golf 1.1, 1.3 , Jetta 1.1,  1.3, 1.7 (USA) , Kombi , Parati 1.5 y 1.6 C, CL, GL , Passat 1.3, D1.5, 1.5, 1.6 , Pick Up 1.6 , Polo , Rabbit 1.7 , Saveiro 1.6 CL, GL , Scirocco 1.1, 1.3, 1.6, 1.7 (USA) , Voyage 1.5 y 1.6 CL, GL)<\/p>\n<p>Motor de arranque (Bosch, 0001208053, 0001208054, 0001208055, 0001211209, 0001211210, 0001211213, 0001211214, 0001211216, 0001211217, 0001211218, 0001211219, 0001211220, 0001211230, 0001211233, 0001211234, 0001211235, 0001211236, 0001211244, 0001211245, 0001211247, 0001211248, 0001211249, 0001311041, 0001311046, 0001311049, 0001314014, 0001314015, 9000082030, 9000082045)<\/p>\n<p>ATENCI\u00d3N:<br \/>\nRecomendamos que la instalaci\u00f3n la realice un profesional formado y especializado.<br \/>\nS\u00f3lo compra este producto si est\u00e1s seguro de que es compatible con tu veh\u00edculo. Si tienes alguna duda, no dudes en ponerte en contacto con nosotros. Nuestro horario de apertura es de lunes a viernes de 8 a 18 h.<\/p>\n<p>Sobre nosotros<br \/>\nCOM Automotive est\u00e1 especializada en piezas de autom\u00f3vil de dise\u00f1o original para el sector de la reparaci\u00f3n posventa, clientes industriales y fabricantes de veh\u00edculos especiales OEM.<br \/>\nNuestro equipo tiene m\u00e1s de 28 a\u00f1os de experiencia en la fabricaci\u00f3n y el suministro de piezas de automoci\u00f3n a escala mundial.<br \/>\nNuestra MISI\u00d3N es ofrecer productos de dise\u00f1o original con una calidad impecable y una sustituci\u00f3n personalizada.<br \/>\nNuestra VISI\u00d3N es promover el crecimiento y un valor inigualable para nuestros clientes.<\/p>\n","protected":false},"excerpt":{"rendered":"<p>1006209400-COM. En stock. Ref: T001000025, 1006209400, ZEN 0068 &#8211; compatible con: VOLKSWAGEN. Marca: COM Automotive &#8211; Producto con calidad y dise\u00f1o originales. Compatible con Bosch<\/p>\n","protected":false},"featured_media":20540,"comment_status":"open","ping_status":"closed","template":"","meta":[],"product_brand":[],"product_cat":[8448],"product_tag":[13178,13176,13179],"class_list":{"0":"post-15769","1":"product","2":"type-product","3":"status-publish","4":"has-post-thumbnail","6":"product_cat-rodete","7":"product_tag-1006209400-es","8":"product_tag-t001000025-es","9":"product_tag-zen-0068-es","11":"first","12":"instock","13":"taxable","14":"shipping-taxable","15":"purchasable","16":"product-type-simple"},"_links":{"self":[{"href":"https:\/\/com-automotive.com\/es\/wp-json\/wp\/v2\/product\/15769","targetHints":{"allow":["GET"]}}],"collection":[{"href":"https:\/\/com-automotive.com\/es\/wp-json\/wp\/v2\/product"}],"about":[{"href":"https:\/\/com-automotive.com\/es\/wp-json\/wp\/v2\/types\/product"}],"replies":[{"embeddable":true,"href":"https:\/\/com-automotive.com\/es\/wp-json\/wp\/v2\/comments?post=15769"}],"wp:featuredmedia":[{"embeddable":true,"href":"https:\/\/com-automotive.com\/es\/wp-json\/wp\/v2\/media\/20540"}],"wp:attachment":[{"href":"https:\/\/com-automotive.com\/es\/wp-json\/wp\/v2\/media?parent=15769"}],"wp:term":[{"taxonomy":"product_brand","embeddable":true,"href":"https:\/\/com-automotive.com\/es\/wp-json\/wp\/v2\/product_brand?post=15769"},{"taxonomy":"product_cat","embeddable":true,"href":"https:\/\/com-automotive.com\/es\/wp-json\/wp\/v2\/product_cat?post=15769"},{"taxonomy":"product_tag","embeddable":true,"href":"https:\/\/com-automotive.com\/es\/wp-json\/wp\/v2\/product_tag?post=15769"}],"curies":[{"name":"wp","href":"https:\/\/api.w.org\/{rel}","templated":true}]}}