{"id":15766,"date":"2023-11-01T16:16:42","date_gmt":"2023-11-01T19:16:42","guid":{"rendered":"https:\/\/com-automotive.com\/motor-de-arranque-de-la-serie-12v-7-2kw-12d-39series-8200085-5284104-motor-cummins\/"},"modified":"2023-11-01T16:16:42","modified_gmt":"2023-11-01T19:16:42","slug":"motor-de-arranque-de-la-serie-12v-7-2kw-12d-39series-8200085-5284104-motor-cummins","status":"publish","type":"product","link":"https:\/\/com-automotive.com\/es\/motor-de-arranque-de-la-serie-12v-7-2kw-12d-39series-8200085-5284104-motor-cummins\/","title":{"rendered":"Motor de arranque de la serie 12V 7.2KW 12D 39Series 8200085 5284104 motor Cummins<span class=\"product-sku\" style=\"display: block; font-size: 0.85em; color: #777; margin-top: 5px; margin-bottom: 5px;\">SKU: 6000.0085-COM<\/span>"},"content":{"rendered":"<h1><strong>COM-AUTOMOTIVE, calidad de dise\u00f1o original.<\/strong><\/h1>\n<p>8200085 12V 7.2KW 12D Arrancador Dise\u00f1o: Delco Remy Tipo: 39MT &#8211; OEM: MERCEDES<\/p>\n<h2>Preguntas m\u00e1s frecuentes<\/h2>\n<h3><strong>\u00bfCu\u00e1les son las referencias cruzadas?<\/strong><\/h3>\n<p>T001000082, 8200085, 5284104, 3675298RX, 8200085, 8200446, 8200649, 8300012<\/p>\n<h2><strong>Tabla de aplicaci\u00f3n<\/strong><\/h2>\n<table style=\"height: 274px;\" width=\"922\">\n<tbody>\n<tr>\n<td width=\"623\">MERCEDES BENZ L 2325, MERCEDES BENZ OM 449 A OM 449 A 10.0 L 10V SOHV L5 DIESEL, 1990-2000.<\/td>\n<\/tr>\n<tr>\n<td>MERCEDES BENZ O 400 R , MERCEDES BENZ OM 449 A OM 449 A 10.0 L SOHV L5 DIESEL, 1995-1996.<\/td>\n<\/tr>\n<tr>\n<td>MERCEDES BENZ LS 1625, MERCEDES BENZ OM 449 A OM 449 A 10.0 L 10V SOHV L5 DIESEL, 1990-1993.<\/td>\n<\/tr>\n<tr>\n<td>MERCEDES BENZ LB 2325, MERCEDES BENZ OM 449 A OM 449 A 10.0 L 10V SOHV L5 DIESEL, 1990-1993.<\/td>\n<\/tr>\n<tr>\n<td>MERCEDES BENZ LK 2325, MERCEDES BENZ OM 449 A OM 449 A 10.0 L 10V SOHV L5 DIESEL, 1990-1993.<\/td>\n<\/tr>\n<tr>\n<td>MERCEDES BENZ L 1625, MERCEDES BENZ OM 449 A OM 449 A 10.0 L 10V SOHV L5 DIESEL, 1990-1996.<\/td>\n<\/tr>\n<\/tbody>\n<\/table>\n<div>ATENCI\u00d3N:<\/div>\n<div>Recomendamos que la instalaci\u00f3n la realice un profesional formado y especializado.<\/div>\n<div>S\u00f3lo compra este producto si est\u00e1s seguro de que es compatible con tu veh\u00edculo. Si tienes alguna duda, no dudes en ponerte en contacto con nosotros. Nuestro horario de apertura es de lunes a viernes de 8 a 18 h.<\/div>\n<div><\/div>\n<div>Sobre nosotros<\/div>\n<div>COM Automotive est\u00e1 especializada en piezas de autom\u00f3vil de dise\u00f1o original para el sector de la reparaci\u00f3n posventa, clientes industriales y fabricantes de veh\u00edculos especiales OEM.<\/div>\n<div>Nuestro equipo tiene m\u00e1s de 28 a\u00f1os de experiencia en la fabricaci\u00f3n y el suministro de piezas de automoci\u00f3n a escala mundial.<\/div>\n<div>Nuestra MISI\u00d3N es ofrecer productos de dise\u00f1o original con una calidad impecable y una sustituci\u00f3n personalizada.<\/div>\n<div>Nuestra VISI\u00d3N es promover el crecimiento y un valor inigualable para nuestros clientes.<\/div>\n<p>&nbsp;<\/p>\n","protected":false},"excerpt":{"rendered":"<p>8200085-COM. En stock. Ref: T001000082, 8200085, 5284104, 3675298RX, AZG4803, IS 1306, MS 583, 8200085, 8200446, 8200649, 8300012 &#8211; compatible con: MERCEDES. Marca: COM Automotive &#8211; Producto con calidad y dise\u00f1o originales. Compatible con Delco Remy<\/p>\n","protected":false},"featured_media":18678,"comment_status":"open","ping_status":"closed","template":"","meta":[],"product_brand":[],"product_cat":[8119],"product_tag":[13155,13153,13152,13157,13159,13161,13151],"class_list":{"0":"post-15766","1":"product","2":"type-product","3":"status-publish","4":"has-post-thumbnail","6":"product_cat-motor-de-arranque","7":"product_tag-3675298rx-es","8":"product_tag-5284104-es","9":"product_tag-8200085-es","10":"product_tag-8200446-es","11":"product_tag-8200649-es","12":"product_tag-8300012-es","13":"product_tag-t001000082-es","15":"first","16":"instock","17":"taxable","18":"shipping-taxable","19":"purchasable","20":"product-type-simple"},"_links":{"self":[{"href":"https:\/\/com-automotive.com\/es\/wp-json\/wp\/v2\/product\/15766","targetHints":{"allow":["GET"]}}],"collection":[{"href":"https:\/\/com-automotive.com\/es\/wp-json\/wp\/v2\/product"}],"about":[{"href":"https:\/\/com-automotive.com\/es\/wp-json\/wp\/v2\/types\/product"}],"replies":[{"embeddable":true,"href":"https:\/\/com-automotive.com\/es\/wp-json\/wp\/v2\/comments?post=15766"}],"wp:featuredmedia":[{"embeddable":true,"href":"https:\/\/com-automotive.com\/es\/wp-json\/wp\/v2\/media\/18678"}],"wp:attachment":[{"href":"https:\/\/com-automotive.com\/es\/wp-json\/wp\/v2\/media?parent=15766"}],"wp:term":[{"taxonomy":"product_brand","embeddable":true,"href":"https:\/\/com-automotive.com\/es\/wp-json\/wp\/v2\/product_brand?post=15766"},{"taxonomy":"product_cat","embeddable":true,"href":"https:\/\/com-automotive.com\/es\/wp-json\/wp\/v2\/product_cat?post=15766"},{"taxonomy":"product_tag","embeddable":true,"href":"https:\/\/com-automotive.com\/es\/wp-json\/wp\/v2\/product_tag?post=15766"}],"curies":[{"name":"wp","href":"https:\/\/api.w.org\/{rel}","templated":true}]}}