{"id":15765,"date":"2023-11-01T16:16:37","date_gmt":"2023-11-01T19:16:37","guid":{"rendered":"https:\/\/com-automotive.com\/motor-de-arranque-8200386-87739573-24v-10d-para-cnh-new-holland\/"},"modified":"2023-11-01T16:16:37","modified_gmt":"2023-11-01T19:16:37","slug":"motor-de-arranque-8200386-87739573-24v-10d-para-cnh-new-holland","status":"publish","type":"product","link":"https:\/\/com-automotive.com\/es\/motor-de-arranque-8200386-87739573-24v-10d-para-cnh-new-holland\/","title":{"rendered":"Motor de arranque 8200386 87739573 24V 10D para CNH New Holland<span class=\"product-sku\" style=\"display: block; font-size: 0.85em; color: #777; margin-top: 5px; margin-bottom: 5px;\">SKU: 6000.0386-COM<\/span>"},"content":{"rendered":"<h1><strong>COM-AUTOMOTIVE, calidad de dise\u00f1o original.<\/strong><\/h1>\n<p>8200386 24V 4.0KW 10D Arrancador Dise\u00f1o: Delco Remy Tipo: 29MT &#8211; OEM: NEW HOLLAND<\/p>\n<h2>Preguntas m\u00e1s frecuentes<\/h2>\n<h3><strong>\u00bfCu\u00e1les son las referencias cruzadas?<\/strong><\/h3>\n<p>T001000073, 8200386, 87739573, 87739573, 87739573, 8200386<\/p>\n<h2><strong>Tabla de aplicaci\u00f3n<\/strong><\/h2>\n<table width=\"623\">\n<tbody>\n<tr>\n<td width=\"623\">NUEVA HOLANDA, CUMMINS 6BTA5.95.9L DIESEL,<\/td>\n<\/tr>\n<tr>\n<td>NEW HOLLAND, CUMMINS 6BTA5.9 F4HE9684L 5.9L DIESEL,<\/td>\n<\/tr>\n<tr>\n<td>NEW HOLLAND , EPAF4HE9687B 6.7L DIESEL,<\/td>\n<\/tr>\n<tr>\n<td>NEW HOLLAND , EPAF4HE9687C 6.7L DIESEL,<\/td>\n<\/tr>\n<tr>\n<td>NUEVA HOLANDA , FPT 6.7L DIESEL,<\/td>\n<\/tr>\n<\/tbody>\n<\/table>\n<div><\/div>\n<div>ATENCI\u00d3N:<\/div>\n<div>Recomendamos que la instalaci\u00f3n la realice un profesional formado y especializado.<\/div>\n<div>S\u00f3lo compra este producto si est\u00e1s seguro de que es compatible con tu veh\u00edculo. Si tienes alguna duda, no dudes en ponerte en contacto con nosotros. Nuestro horario de apertura es de lunes a viernes de 8 a 18 h.<\/div>\n<div><\/div>\n<div>Sobre nosotros<\/div>\n<div>COM Automotive est\u00e1 especializada en piezas de autom\u00f3vil de dise\u00f1o original para el sector de la reparaci\u00f3n posventa, clientes industriales y fabricantes de veh\u00edculos especiales OEM.<\/div>\n<div>Nuestro equipo tiene m\u00e1s de 28 a\u00f1os de experiencia en la fabricaci\u00f3n y el suministro de piezas de automoci\u00f3n a escala mundial.<\/div>\n<div>Nuestra MISI\u00d3N es ofrecer productos de dise\u00f1o original con una calidad impecable y una sustituci\u00f3n personalizada.<\/div>\n<div>Nuestra VISI\u00d3N es promover el crecimiento y un valor inigualable para nuestros clientes.<\/div>\n","protected":false},"excerpt":{"rendered":"<p>8200386-COM. En stock. Ref: T001000073, 8200386, 87739573, AZJ3405, IS 0897, IS0692, MS 91, 8200386, MSN190 &#8211; compatible con: NEW HOLLAND. Marca: COM Automotive &#8211; Producto con calidad y dise\u00f1o originales. Compatible con Delco Remy<\/p>\n","protected":false},"featured_media":18691,"comment_status":"open","ping_status":"closed","template":"","meta":[],"product_brand":[],"product_cat":[8119],"product_tag":[13146,13148,27561,13143],"class_list":{"0":"post-15765","1":"product","2":"type-product","3":"status-publish","4":"has-post-thumbnail","6":"product_cat-motor-de-arranque","7":"product_tag-8200386-es","8":"product_tag-87739573-es","9":"product_tag-azj3405-es","10":"product_tag-t001000073-es","12":"first","13":"instock","14":"taxable","15":"shipping-taxable","16":"purchasable","17":"product-type-simple"},"_links":{"self":[{"href":"https:\/\/com-automotive.com\/es\/wp-json\/wp\/v2\/product\/15765","targetHints":{"allow":["GET"]}}],"collection":[{"href":"https:\/\/com-automotive.com\/es\/wp-json\/wp\/v2\/product"}],"about":[{"href":"https:\/\/com-automotive.com\/es\/wp-json\/wp\/v2\/types\/product"}],"replies":[{"embeddable":true,"href":"https:\/\/com-automotive.com\/es\/wp-json\/wp\/v2\/comments?post=15765"}],"wp:featuredmedia":[{"embeddable":true,"href":"https:\/\/com-automotive.com\/es\/wp-json\/wp\/v2\/media\/18691"}],"wp:attachment":[{"href":"https:\/\/com-automotive.com\/es\/wp-json\/wp\/v2\/media?parent=15765"}],"wp:term":[{"taxonomy":"product_brand","embeddable":true,"href":"https:\/\/com-automotive.com\/es\/wp-json\/wp\/v2\/product_brand?post=15765"},{"taxonomy":"product_cat","embeddable":true,"href":"https:\/\/com-automotive.com\/es\/wp-json\/wp\/v2\/product_cat?post=15765"},{"taxonomy":"product_tag","embeddable":true,"href":"https:\/\/com-automotive.com\/es\/wp-json\/wp\/v2\/product_tag?post=15765"}],"curies":[{"name":"wp","href":"https:\/\/api.w.org\/{rel}","templated":true}]}}