{"id":15763,"date":"2023-11-01T16:16:32","date_gmt":"2023-11-01T19:16:32","guid":{"rendered":"https:\/\/com-automotive.com\/motor-de-arranque-12v-3-3kw-10d-8200564-11131249-valtra\/"},"modified":"2023-11-01T16:16:32","modified_gmt":"2023-11-01T19:16:32","slug":"motor-de-arranque-12v-3-3kw-10d-8200564-11131249-valtra","status":"publish","type":"product","link":"https:\/\/com-automotive.com\/es\/motor-de-arranque-12v-3-3kw-10d-8200564-11131249-valtra\/","title":{"rendered":"Motor de arranque 12V 3.3KW 10D 8200564 11131249 VALTRA<span class=\"product-sku\" style=\"display: block; font-size: 0.85em; color: #777; margin-top: 5px; margin-bottom: 5px;\">SKU: 6000.0564-COM<\/span>"},"content":{"rendered":"<h1><strong>COM-AUTOMOTIVE, calidad de dise\u00f1o original.<\/strong><\/h1>\n<p>8200564 12V 3.3KW 10D Arrancador Dise\u00f1o: Delco Remy Tipo: 29MT &#8211; OEM: VALTRA<\/p>\n<h2>Preguntas m\u00e1s frecuentes<\/h2>\n<h3><strong>\u00bfCu\u00e1les son las referencias cruzadas?<\/strong><\/h3>\n<p>T001000070, 8200564, 11131249, 836640940, 836662073, 836640949, 8200564, ZEN 33019<\/p>\n<h2><strong>Tabla de aplicaci\u00f3n<\/strong><\/h2>\n<table style=\"height: 1272px;\" width=\"1010\">\n<tbody>\n<tr>\n<td width=\"623\">VALTRA BH 180 4X4, AGCO POWER 620 DS 620 DS 6.6 L 12V SOHV L6 DIESEL, 2001-2014.<\/td>\n<\/tr>\n<tr>\n<td>VALTRA BM 110 4X4, AGCO POWER 420 DS TURBO 420 DS TURBO 4.4 L 8V SOHV L4 DIESEL, 2001-2023.<\/td>\n<\/tr>\n<tr>\n<td>VALTRA BM 100 4X4, AGCO POWER 420 DS TURBO 420 DS TURBO 4.4 L 8V SOHV L4 DIESEL, 2001-2023.<\/td>\n<\/tr>\n<tr>\n<td>VALTRA A850 4X4, AGCO POWER 420 DS TURBO 420 DS TURBO 4.4 L 8V SOHV L4 DIESEL, 2009-2015.<\/td>\n<\/tr>\n<tr>\n<td>VALTRA BH180, AGCO POWER 620 DS 620 DS 6.6L 12V SOHV L6 DIESEL, 2015-2023.<\/td>\n<\/tr>\n<tr>\n<td>VALTRA BH 145 4X4, AGCO POWER 620 DS 620 DS 6.6 L 12V SOHV L6 DIESEL, 2007-2015.<\/td>\n<\/tr>\n<tr>\n<td>VALTRA BH 165 4X4, AGCO POWER 620 DS 620 DS 6.6 L 12V SOHV L6 DIESEL, 2007-2014.<\/td>\n<\/tr>\n<tr>\n<td>VALTRA BH 185 I 4X4, AGCO POWER 620 DS 620 DS 6.6 L 12V SOHV L6 DIESEL, 2007-2014.<\/td>\n<\/tr>\n<tr>\n<td>PLATAFORMA VALTRA BH165, AGCO POWER 620 DS 620 DS 6.6L 12V SOHV L6 DIESEL, 2015-2023.<\/td>\n<\/tr>\n<tr>\n<td>VALTRA BM125i CABINA, AGCO POWER 420 DS 420 DS 4.4 L 8V SOHV L4 DIESEL, 2015-2015.<\/td>\n<\/tr>\n<tr>\n<td>VALTRA BM 100 PCR 4X4, AGCO POWER 420 DS TURBO 420 DS TURBO 4.4 L 8V SOHV L4 DIESEL, 2005-2023.<\/td>\n<\/tr>\n<tr>\n<td>VALTRA BH 205 I 4X4, AGCO POWER 620 DS 620 DS 6.6 L 12V SOHV L6 DIESEL, 2008-2014.<\/td>\n<\/tr>\n<tr>\n<td>VALTRA BH210i, AGCO POWER 620 DS 620 DS 6.6L 12V SOHV L6 DIESEL, 2015-2023.<\/td>\n<\/tr>\n<tr>\n<td>VALTRA BH 140 4X4, AGCO POWER 620 DS 620 DS 6.6 L 12V SOHV L6 DIESEL, 2001-2007.<\/td>\n<\/tr>\n<tr>\n<td>VALTRA BM 120 4X4, AGCO POWER 420 DS 420 DS 4.4 L 8V SOHV L4 DIESEL, 2001-2010.<\/td>\n<\/tr>\n<tr>\n<td>VALTRA BH 160 4X4, AGCO POWER 620 DS 620 DS 6.6 L 12V SOHV L6 DIESEL, 2001-2008.<\/td>\n<\/tr>\n<tr>\n<td>VALTRA 1180 S 4X4, AGCO POWER 620 DS 620 DS 6.6 L 12V SOHV L6 DIESEL, 1990-2004.<\/td>\n<\/tr>\n<tr>\n<td>VALTRA BM110 CABINA, AGCO POWER 420 DS 420 DS 4.4 L 8V SOHV L4 DIESEL, 2015-2015.<\/td>\n<\/tr>\n<tr>\n<td>VALTRA BC 4500, AGCO POWER 620 DS 620 DS 6.6 L 12V SOHV L6 DIESEL, 2007-2014.<\/td>\n<\/tr>\n<tr>\n<td>VALTRA 1880-4 4X4, AGCO POWER 620 DS 620 DS 6.6 L 12V SOHV L6 DIESEL, 1996-2006.<\/td>\n<\/tr>\n<tr>\n<td>VALTRA BM100 CABINA, AGCO POWER 420 DS 420 DS 4.4 L 8V SOHV L4 DIESEL, 2015-2015.<\/td>\n<\/tr>\n<tr>\n<td>VALTRA BH200, AGCO POWER 620 DS 620 DS 6.6L 12V SOHV L6 DIESEL, 2015-2023.<\/td>\n<\/tr>\n<tr>\n<td>VALTRA 1680, AGCO POWER 620 DS 620 DS 6.6 L 12V SOHV L6 DIESEL, 1996-1999.<\/td>\n<\/tr>\n<tr>\n<td>VALTRA 1680 S 4X4, AGCO POWER 620 DS 620 DS 6.6 L 12V SOHV L6 DIESEL, 2000-2003.<\/td>\n<\/tr>\n<tr>\n<td>VALTRA BM 100 4X2, AGCO POWER 420 DS TURBO 420 DS TURBO 4.4 L 8V SOHV L4 DIESEL, 2001-2023.<\/td>\n<\/tr>\n<tr>\n<td>VALTRA BS3020H, AGCO POWER 620 DS 620 DS 6.6L 12V SOHV L6 DIESEL, 2016-2023.<\/td>\n<\/tr>\n<tr>\n<td>CA\u00d1A DE BS3020H VALTRA, AGCO POWER 620 DS 620 DS 6.6L 12V SOHV L6 DIESEL, 2016-2023.<\/td>\n<\/tr>\n<tr>\n<td>VALTRA BM 100 PCR, AGCO POWER 420 DS TURBO 420 DS TURBO 4.4 L 8V SOHV L4 DIESEL, 2007-2023.<\/td>\n<\/tr>\n<tr>\n<td>VALTRA A950, AGCO POWER 420 DS 420 DS 4.4 L 8V SOHV L4 DIESEL, 2016-2023.<\/td>\n<\/tr>\n<tr>\n<td>CABINA VALTRA BH165, AGCO POWER 620 DS 620 DS 6.6L 12V SOHV L6 DIESEL, 2016-2023.<\/td>\n<\/tr>\n<tr>\n<td>VALTRA BL 88 4X2, AGCO POWER 420 DS TURBO 420 DS TURBO 4.4 L 8V SOHV L4 DIESEL, 2004-2009.<\/td>\n<\/tr>\n<tr>\n<td>VALTRA BT150, AGCO POWER 620 DS 620 DS 6.6 L 12V SOHV L6 DIESEL, 2016-2016.<\/td>\n<\/tr>\n<tr>\n<td>VALTRA BT170, AGCO POWER 620 DS 620 DS 6.6 L 12V SOHV L6 DIESEL, 2016-2016.<\/td>\n<\/tr>\n<tr>\n<td>VALTRA BT190, AGCO POWER 620 DS 620 DS 6.6L 12V SOHV L6 DIESEL, 2016-2016.<\/td>\n<\/tr>\n<\/tbody>\n<\/table>\n<div><\/div>\n<div>ATENCI\u00d3N:<\/div>\n<div>Recomendamos que la instalaci\u00f3n la realice un profesional formado y especializado.<\/div>\n<div>S\u00f3lo compra este producto si est\u00e1s seguro de que es compatible con tu veh\u00edculo. Si tienes alguna duda, no dudes en ponerte en contacto con nosotros. Nuestro horario de apertura es de lunes a viernes de 8 a 18 h.<\/div>\n<div><\/div>\n<div>Sobre nosotros<\/div>\n<div>COM Automotive est\u00e1 especializada en piezas de autom\u00f3vil de dise\u00f1o original para el sector de la reparaci\u00f3n posventa, clientes industriales y fabricantes de veh\u00edculos especiales OEM.<\/div>\n<div>Nuestro equipo tiene m\u00e1s de 28 a\u00f1os de experiencia en la fabricaci\u00f3n y el suministro de piezas de automoci\u00f3n a escala mundial.<\/div>\n<div>Nuestra MISI\u00d3N es ofrecer productos de dise\u00f1o original con una calidad impecable y una sustituci\u00f3n personalizada.<\/div>\n<div>Nuestra VISI\u00d3N es promover el crecimiento y un valor inigualable para nuestros clientes.<\/div>\n","protected":false},"excerpt":{"rendered":"<p>8200564-COM. En stock. Ref: T001000070, 8200564, 11131249, 836640940, 836662073, 836640949, 8200564, ZEN 33019 &#8211; compatible con: VALTRA. Marca: COM Automotive &#8211; Producto con calidad y dise\u00f1o originales. Compatible con Delco Remy<\/p>\n","protected":false},"featured_media":18703,"comment_status":"open","ping_status":"closed","template":"","meta":[],"product_brand":[],"product_cat":[8119],"product_tag":[13134,13132,13135,13138,13136,13130,13140],"class_list":{"0":"post-15763","1":"product","2":"type-product","3":"status-publish","4":"has-post-thumbnail","6":"product_cat-motor-de-arranque","7":"product_tag-11131249-es","8":"product_tag-8200564-es","9":"product_tag-836640940-es","10":"product_tag-836640949-es","11":"product_tag-836662073-es","12":"product_tag-t001000070-es","13":"product_tag-zen-33019-es","15":"first","16":"instock","17":"taxable","18":"shipping-taxable","19":"purchasable","20":"product-type-simple"},"_links":{"self":[{"href":"https:\/\/com-automotive.com\/es\/wp-json\/wp\/v2\/product\/15763","targetHints":{"allow":["GET"]}}],"collection":[{"href":"https:\/\/com-automotive.com\/es\/wp-json\/wp\/v2\/product"}],"about":[{"href":"https:\/\/com-automotive.com\/es\/wp-json\/wp\/v2\/types\/product"}],"replies":[{"embeddable":true,"href":"https:\/\/com-automotive.com\/es\/wp-json\/wp\/v2\/comments?post=15763"}],"wp:featuredmedia":[{"embeddable":true,"href":"https:\/\/com-automotive.com\/es\/wp-json\/wp\/v2\/media\/18703"}],"wp:attachment":[{"href":"https:\/\/com-automotive.com\/es\/wp-json\/wp\/v2\/media?parent=15763"}],"wp:term":[{"taxonomy":"product_brand","embeddable":true,"href":"https:\/\/com-automotive.com\/es\/wp-json\/wp\/v2\/product_brand?post=15763"},{"taxonomy":"product_cat","embeddable":true,"href":"https:\/\/com-automotive.com\/es\/wp-json\/wp\/v2\/product_cat?post=15763"},{"taxonomy":"product_tag","embeddable":true,"href":"https:\/\/com-automotive.com\/es\/wp-json\/wp\/v2\/product_tag?post=15763"}],"curies":[{"name":"wp","href":"https:\/\/api.w.org\/{rel}","templated":true}]}}