{"id":15759,"date":"2023-10-23T18:17:58","date_gmt":"2023-10-23T21:17:58","guid":{"rendered":"https:\/\/com-automotive.com\/alternador-12v-90a-f000bl0486-f000bl048g-231001799r-renault-kwid-1-0-2017\/"},"modified":"2023-10-23T18:17:58","modified_gmt":"2023-10-23T21:17:58","slug":"alternador-12v-90a-f000bl0486-f000bl048g-231001799r-renault-kwid-1-0-2017","status":"publish","type":"product","link":"https:\/\/com-automotive.com\/es\/alternador-12v-90a-f000bl0486-f000bl048g-231001799r-renault-kwid-1-0-2017\/","title":{"rendered":"Alternador 12V 90A F000BL0486 F000BL048G 231001799R Renault Kwid 1.0 2017&gt;<span class=\"product-sku\" style=\"display: block; font-size: 0.85em; color: #777; margin-top: 5px; margin-bottom: 5px;\">SKU: 8000.0486-COM<\/span>"},"content":{"rendered":"<h1>Calidad de dise\u00f1o original COM-AUTOMOTIVE.<\/h1>\n<p>F000BL0486 Alternador de 12V 90Amp con Polea &#8211; Dise\u00f1o: BOSCH SEG &#8211; OEM: RENAULT<\/p>\n<h2>Preguntas m\u00e1s frecuentes<\/h2>\n<h3><strong>\u00bfCu\u00e1les son las referencias cruzadas?<\/strong><\/h3>\n<p>F000BL048G, F000BL0486, 231001799R<\/p>\n<h2><strong>TABLA DE APLICACI\u00d3N<\/strong><\/h2>\n<p>RENAULT KWID ZEN G-1, SCE 1.0 L 12V DOHC L3 FLEX, 2017-2021.<br \/>\nRENAULT KWID INTENSE G-1, SCE 1.0 L 12V DOHC L3 FLEX, 2017-2021.<br \/>\nRENAULT KWID LIFE G-1, SCE 1.0 L 12V DOHC L3 FLEX, 2017-2021.<br \/>\nRENAULT KWID OUTSIDER G-1, SCE 1.0 L 12V DOHC L3 FLEX, 2019-2021.  <\/p>\n<p>COM Automotive est\u00e1 especializada en piezas de autom\u00f3vil de dise\u00f1o original para el sector de la reparaci\u00f3n posventa, clientes industriales y fabricantes de veh\u00edculos especiales OEM.<br \/>\nNuestro equipo tiene m\u00e1s de 28 a\u00f1os de experiencia en la fabricaci\u00f3n y el suministro de piezas de automoci\u00f3n a escala mundial.<br \/>\nNuestra MISI\u00d3N es ofrecer productos de dise\u00f1o original con una calidad impecable y una sustituci\u00f3n personalizada.<br \/>\nNuestra VISI\u00d3N es promover el crecimiento y un valor inigualable para nuestros clientes.<br \/>\nEquipo especializado<br \/>\nValoramos el conocimiento y la diversidad para retener y ganar a los mejores profesionales del mercado.<br \/>\nPresencia mundial<br \/>\nNuestro equipo est\u00e1 presente en los principales mercados y regiones del mundo: Am\u00e9rica, Sudam\u00e9rica y Asia.<\/p>\n","protected":false},"excerpt":{"rendered":"<p>F000BL0486-COM. En stock. Ref: F000BL048G, F000BL0486, 231001799R, 1042105250, 1042105251, 1042105410, DAN1068, 8EL012240731 &#8211; compatible con: RENAULT. Marca: COM Automotive &#8211; Producto con calidad y dise\u00f1o originales. Compatible con Bosch<\/p>\n","protected":false},"featured_media":23172,"comment_status":"open","ping_status":"closed","template":"","meta":[],"product_brand":[],"product_cat":[8109],"product_tag":[],"class_list":{"0":"post-15759","1":"product","2":"type-product","3":"status-publish","4":"has-post-thumbnail","6":"product_cat-alternador-es-2","8":"first","9":"instock","10":"taxable","11":"shipping-taxable","12":"purchasable","13":"product-type-simple"},"_links":{"self":[{"href":"https:\/\/com-automotive.com\/es\/wp-json\/wp\/v2\/product\/15759","targetHints":{"allow":["GET"]}}],"collection":[{"href":"https:\/\/com-automotive.com\/es\/wp-json\/wp\/v2\/product"}],"about":[{"href":"https:\/\/com-automotive.com\/es\/wp-json\/wp\/v2\/types\/product"}],"replies":[{"embeddable":true,"href":"https:\/\/com-automotive.com\/es\/wp-json\/wp\/v2\/comments?post=15759"}],"wp:featuredmedia":[{"embeddable":true,"href":"https:\/\/com-automotive.com\/es\/wp-json\/wp\/v2\/media\/23172"}],"wp:attachment":[{"href":"https:\/\/com-automotive.com\/es\/wp-json\/wp\/v2\/media?parent=15759"}],"wp:term":[{"taxonomy":"product_brand","embeddable":true,"href":"https:\/\/com-automotive.com\/es\/wp-json\/wp\/v2\/product_brand?post=15759"},{"taxonomy":"product_cat","embeddable":true,"href":"https:\/\/com-automotive.com\/es\/wp-json\/wp\/v2\/product_cat?post=15759"},{"taxonomy":"product_tag","embeddable":true,"href":"https:\/\/com-automotive.com\/es\/wp-json\/wp\/v2\/product_tag?post=15759"}],"curies":[{"name":"wp","href":"https:\/\/api.w.org\/{rel}","templated":true}]}}