{"id":15757,"date":"2023-10-23T18:14:23","date_gmt":"2023-10-23T21:14:23","guid":{"rendered":"https:\/\/com-automotive.com\/alternador-12v-120amp-f000bl07zt-f000bl07zs-231005jl0ad-nissan-bosch-seg\/"},"modified":"2023-10-23T18:14:23","modified_gmt":"2023-10-23T21:14:23","slug":"alternador-12v-120amp-f000bl07zt-f000bl07zs-231005jl0ad-nissan-bosch-seg","status":"publish","type":"product","link":"https:\/\/com-automotive.com\/es\/alternador-12v-120amp-f000bl07zt-f000bl07zs-231005jl0ad-nissan-bosch-seg\/","title":{"rendered":"Alternador 12V 120Amp F000BL07ZT F000BL07ZS 231005JL0AD NISSAN BOSCH SEG<span class=\"product-sku\" style=\"display: block; font-size: 0.85em; color: #777; margin-top: 5px; margin-bottom: 5px;\">SKU: F000BL07ZT-COM<\/span>"},"content":{"rendered":"<h1>Calidad de dise\u00f1o original COM-AUTOMOTIVE.<\/h1>\n<p>F000BL07ZT Alternador de 12V 120Amp con Polea &#8211; Dise\u00f1o: BOSCH SEG &#8211; OEM: NISSAN<\/p>\n<h2>Preguntas m\u00e1s frecuentes<\/h2>\n<h3><strong>\u00bfCu\u00e1les son las referencias cruzadas?<\/strong><\/h3>\n<p>F000BL07ZS, F000BL07ZT, 231005JL0AD, 231005JL0A<\/p>\n<h2><strong>TABLA DE APLICACI\u00d3N<\/strong><\/h2>\n<p>NISSAN FRONTIER ATTACK 2.3 TURBO 4X4 AT7 , NISSAN YS23 YS23 2.3 L 16V DOHC L4 DIESEL, 2019-2023.<br \/>\nNISSAN FRONTIER LE 2.3 TURBO 4X4 AT7 , NISSAN YS23 YS23 2.3 L 16V DOHC L4 DIESEL, 2017-2023.<br \/>\nNISSAN FRONTIER XE 2.3 TURBO 4X4 AT7 , NISSAN YS23 YS23 2.3 L 16V DOHC L4 DIESEL, 2019-2023.<br \/>\nNISSAN FRONTIER SE 2.3 TURBO 4X4 AT7 , NISSAN YS23 YS23 2.3 L 16V DOHC L4 DIESEL, 2017-2023.<br \/>\nNISSAN FRONTIER S 2.3 TURBO 4X4 MT6 , NISSAN YS23 YS23 2.3 L 16V DOHC L4 DIESEL, 2019-2023.<\/p>\n<p>COM Automotive est\u00e1 especializada en piezas de autom\u00f3vil de dise\u00f1o original para el sector de la reparaci\u00f3n posventa, clientes industriales y fabricantes de veh\u00edculos especiales OEM.<br \/>\nNuestro equipo tiene m\u00e1s de 28 a\u00f1os de experiencia en la fabricaci\u00f3n y el suministro de piezas de automoci\u00f3n a escala mundial.<br \/>\nNuestra MISI\u00d3N es ofrecer productos de dise\u00f1o original con una calidad impecable y una sustituci\u00f3n personalizada.<br \/>\nNuestra VISI\u00d3N es promover el crecimiento y un valor inigualable para nuestros clientes.<br \/>\nEquipo especializado<br \/>\nValoramos el conocimiento y la diversidad para retener y ganar a los mejores profesionales del mercado.<br \/>\nPresencia mundial<br \/>\nNuestro equipo est\u00e1 presente en los principales mercados y regiones del mundo: Am\u00e9rica, Sudam\u00e9rica y Asia.<\/p>\n","protected":false},"excerpt":{"rendered":"<p>F000BL07ZT Alternador de 12V 120Amp con Polea &#8211; Dise\u00f1o: BOSCH SEG &#8211; OEM: NISSAN<\/p>\n","protected":false},"featured_media":3971,"comment_status":"closed","ping_status":"closed","template":"","meta":[],"product_brand":[],"product_cat":[8109,8542],"product_tag":[9095,9094,11910],"class_list":{"0":"post-15757","1":"product","2":"type-product","3":"status-publish","4":"has-post-thumbnail","6":"product_cat-alternador-es-2","7":"product_cat-sempreco-es","8":"product_tag-120amp-es","9":"product_tag-12v-es","10":"product_tag-b5-es","12":"first","13":"instock","14":"taxable","15":"shipping-taxable","16":"purchasable","17":"product-type-simple"},"_links":{"self":[{"href":"https:\/\/com-automotive.com\/es\/wp-json\/wp\/v2\/product\/15757","targetHints":{"allow":["GET"]}}],"collection":[{"href":"https:\/\/com-automotive.com\/es\/wp-json\/wp\/v2\/product"}],"about":[{"href":"https:\/\/com-automotive.com\/es\/wp-json\/wp\/v2\/types\/product"}],"replies":[{"embeddable":true,"href":"https:\/\/com-automotive.com\/es\/wp-json\/wp\/v2\/comments?post=15757"}],"wp:featuredmedia":[{"embeddable":true,"href":"https:\/\/com-automotive.com\/es\/wp-json\/wp\/v2\/media\/3971"}],"wp:attachment":[{"href":"https:\/\/com-automotive.com\/es\/wp-json\/wp\/v2\/media?parent=15757"}],"wp:term":[{"taxonomy":"product_brand","embeddable":true,"href":"https:\/\/com-automotive.com\/es\/wp-json\/wp\/v2\/product_brand?post=15757"},{"taxonomy":"product_cat","embeddable":true,"href":"https:\/\/com-automotive.com\/es\/wp-json\/wp\/v2\/product_cat?post=15757"},{"taxonomy":"product_tag","embeddable":true,"href":"https:\/\/com-automotive.com\/es\/wp-json\/wp\/v2\/product_tag?post=15757"}],"curies":[{"name":"wp","href":"https:\/\/api.w.org\/{rel}","templated":true}]}}