{"id":15756,"date":"2023-10-23T18:06:15","date_gmt":"2023-10-23T21:06:15","guid":{"rendered":"https:\/\/com-automotive.com\/alternador-12v-110a-f000bl06bj-f000bl06et-db3910300ac-ranger-2-2-16v-1222\/"},"modified":"2023-10-23T18:06:15","modified_gmt":"2023-10-23T21:06:15","slug":"alternador-12v-110a-f000bl06bj-f000bl06et-db3910300ac-ranger-2-2-16v-1222","status":"publish","type":"product","link":"https:\/\/com-automotive.com\/es\/alternador-12v-110a-f000bl06bj-f000bl06et-db3910300ac-ranger-2-2-16v-1222\/","title":{"rendered":"Alternador 12V 110A F000BL06BJ F000BL06ET DB3910300AC Ranger 2.2 16V 12&gt;22<span class=\"product-sku\" style=\"display: block; font-size: 0.85em; color: #777; margin-top: 5px; margin-bottom: 5px;\">SKU: 8000.0681-COM<\/span>"},"content":{"rendered":"<h1>Calidad de dise\u00f1o original COM-AUTOMOTIVE.<\/h1>\n<p>Alternador F000BL06BJ de 12 V y 110 amperios con polea &#8211; Dise\u00f1o: BOSCH SEG &#8211; OEM: FORD<\/p>\n<h2>Preguntas m\u00e1s frecuentes<\/h2>\n<h3><strong>\u00bfCu\u00e1les son las referencias cruzadas?<\/strong><\/h3>\n<p>F000BL06ET, F000BL06BJ DB3910300AC<\/p>\n<h2><strong>TABLA DE APLICACI\u00d3N<\/strong><\/h2>\n<p>FORD RANGER XLS 2.2 DIESEL AT , FORD DURATORQ 2.2 L 16V DOHC L4 DIESEL, 2016-2023.<br \/>\nFORD RANGER XLS 2.2 DIESEL MT , FORD DURATORQ 2.2 L 16V DOHC L4 DIESEL, 2016-2023.<br \/>\nFORD RANGER XLS CD 2.2 , FORD DURATORQ GBVAJQW 2.2 L 16V DOHC L4 DIESEL, 2012-2016.<br \/>\nFORD RANGER XLS 2.2 TD 4X2 CD G-2, FORD PUMA 2.2 L 16V DOHC L4 DIESEL, 2019-2023.<br \/>\nFORD RANGER XL CHASIS 2.2 , FORD DURATORQ GBVAJQW 2.2 L 16V DOHC L4 DIESEL, 2014-2020.<br \/>\nFORD RANGER XL CD G-2, FORD PUMA PUMA 2.2 L 16V DOHC L4 DIESEL, 2019-2020.<br \/>\nFORD RANGER XLS 2.2 TD 4X2 CD , FORD DURATORQ 2.2 L 16V DOHC L4 DIESEL, 2017-2019.<br \/>\nFORD RANGER XLS NEGRO G-2, FORD PUMA 2.2 L 16V DOHC L4 DIESEL, 2020-2023.<br \/>\nFORD RANGER SPORTRAC 4X4 CD , FORD DURATORQ 2.2 L 16V DOHC L4 DIESEL, 2017-2019.<br \/>\nFORD RANGER XL CS G-2, FORD PUMA PUMA 2.2L 16V DOHC L4 DIESEL, 2019-2019.<\/p>\n<p>COM Automotive est\u00e1 especializada en piezas de autom\u00f3vil de dise\u00f1o original para el sector de la reparaci\u00f3n posventa, clientes industriales y fabricantes de veh\u00edculos especiales OEM.<br \/>\nNuestro equipo tiene m\u00e1s de 28 a\u00f1os de experiencia en la fabricaci\u00f3n y el suministro de piezas de automoci\u00f3n a escala mundial.<br \/>\nNuestra MISI\u00d3N es ofrecer productos de dise\u00f1o original con una calidad impecable y una sustituci\u00f3n personalizada.<br \/>\nNuestra VISI\u00d3N es promover el crecimiento y un valor inigualable para nuestros clientes.<br \/>\nEquipo especializado<br \/>\nValoramos el conocimiento y la diversidad para retener y ganar a los mejores profesionales del mercado.<br \/>\nPresencia mundial<br \/>\nNuestro equipo est\u00e1 presente en los principales mercados y regiones del mundo: Am\u00e9rica, Sudam\u00e9rica y Asia.<\/p>\n","protected":false},"excerpt":{"rendered":"<p>F000BL06BJ-COM. En stock. Ref: F000BL06ET, F000BL06BJ, DB3910300AC &#8211; compatible con: FORD. Marca: COM Automotive &#8211; Producto con calidad y dise\u00f1o originales. Compatible con Bosch<\/p>\n","protected":false},"featured_media":18481,"comment_status":"open","ping_status":"closed","template":"","meta":[],"product_brand":[],"product_cat":[8109],"product_tag":[12028],"class_list":{"0":"post-15756","1":"product","2":"type-product","3":"status-publish","4":"has-post-thumbnail","6":"product_cat-alternador-es-2","7":"product_tag-db3910300ac-es","9":"first","10":"instock","11":"taxable","12":"shipping-taxable","13":"purchasable","14":"product-type-simple"},"_links":{"self":[{"href":"https:\/\/com-automotive.com\/es\/wp-json\/wp\/v2\/product\/15756","targetHints":{"allow":["GET"]}}],"collection":[{"href":"https:\/\/com-automotive.com\/es\/wp-json\/wp\/v2\/product"}],"about":[{"href":"https:\/\/com-automotive.com\/es\/wp-json\/wp\/v2\/types\/product"}],"replies":[{"embeddable":true,"href":"https:\/\/com-automotive.com\/es\/wp-json\/wp\/v2\/comments?post=15756"}],"wp:featuredmedia":[{"embeddable":true,"href":"https:\/\/com-automotive.com\/es\/wp-json\/wp\/v2\/media\/18481"}],"wp:attachment":[{"href":"https:\/\/com-automotive.com\/es\/wp-json\/wp\/v2\/media?parent=15756"}],"wp:term":[{"taxonomy":"product_brand","embeddable":true,"href":"https:\/\/com-automotive.com\/es\/wp-json\/wp\/v2\/product_brand?post=15756"},{"taxonomy":"product_cat","embeddable":true,"href":"https:\/\/com-automotive.com\/es\/wp-json\/wp\/v2\/product_cat?post=15756"},{"taxonomy":"product_tag","embeddable":true,"href":"https:\/\/com-automotive.com\/es\/wp-json\/wp\/v2\/product_tag?post=15756"}],"curies":[{"name":"wp","href":"https:\/\/api.w.org\/{rel}","templated":true}]}}