{"id":15755,"date":"2023-10-23T18:06:10","date_gmt":"2023-10-23T21:06:10","guid":{"rendered":"https:\/\/com-automotive.com\/alternador-12v-130amp-f000bl07cr-f000bl07cp-52140287-gm-bosch-seg\/"},"modified":"2023-10-23T18:06:10","modified_gmt":"2023-10-23T21:06:10","slug":"alternador-12v-130amp-f000bl07cr-f000bl07cp-52140287-gm-bosch-seg","status":"publish","type":"product","link":"https:\/\/com-automotive.com\/es\/alternador-12v-130amp-f000bl07cr-f000bl07cp-52140287-gm-bosch-seg\/","title":{"rendered":"Alternador 12V 130Amp F000BL07CR F000BL07CP 52140287 GM BOSCH SEG<span class=\"product-sku\" style=\"display: block; font-size: 0.85em; color: #777; margin-top: 5px; margin-bottom: 5px;\">SKU: F000BL07CR-COM<\/span>"},"content":{"rendered":"<h1>Calidad de dise\u00f1o original COM-AUTOMOTIVE.<\/h1>\n<p>Alternador F000BL07CR de 12 V y 130 amperios con polea &#8211; Dise\u00f1o: BOSCH SEG &#8211; OEM: GM<\/p>\n<h2>Preguntas m\u00e1s frecuentes<\/h2>\n<h3><strong>\u00bfCu\u00e1les son las referencias cruzadas?<\/strong><\/h3>\n<p>F000BL07CP, F000BL07CR, 52140287, 52140287 52140287<\/p>\n<h2><strong>TABLA DE APLICACI\u00d3N<\/strong><\/h2>\n<p>CHEVROLET S10 LT 2.5 FLEX 4X4 CD G-2, ECOTEC LCV-LGE SIDI 2.5 L 16V DOHC L4 FLEX, 2014-2018.<br \/>\nCHEVROLET S10 LTZ 2.5 FLEX 4X4 CD G-2, ECOTEC LCV-LGE SIDI 2.5 L 16V DOHC L4 FLEX, 2014-2019.<br \/>\nCHEVROLET S10 LTZ 2.5 FLEX 4X4 CD EN G-2, ECOTEC LCV-LGE SIDI 2.5 L 16V DOHC L4 FLEX, 2019-2023.<br \/>\nCHEVROLET S10 LT 2.5 FLEX 4X2 CD G-2, ECOTEC LCV-LGE SIDI 2.5 L 16V DOHC L4 FLEX, 2014-2019.<br \/>\nCHEVROLET S10 LTZ 2.5 FLEX 4X2 CD G-2, ECOTEC LCV-LGE SIDI 2.5 L 16V DOHC L4 FLEX, 2014-2018.<br \/>\nCHEVROLET S10 FREERIDE G-2, ECOTEC LCV-LGE SIDI 2.5 L 16V DOHC L4 FLEX, 2016-2018.<br \/>\nCHEVROLET S10 LT 2.5 FLEX 4X2 CD EN G-2, ECOTEC LCV-LGE SIDI 2.5 L 16V DOHC L4 FLEX, 2019-2023.<br \/>\nCHEVROLET S10 LTZ 2.5 FLEX 4X2 CD EN G-2, ECOTEC LCV-LGE SIDI 2.5 L 16V DOHC L4 FLEX, 2019-2023.<br \/>\nCHEVROLET S10 ADVANTAGE 2.5 FLEX 4X2 CD G-2, ECOTEC LCV-LGE SIDI 2.5 L 16V DOHC L4 FLEX, 2016-2023.<br \/>\nCHEVROLET S10 ADVANTAGE 2.5 CD G-2, ECOTEC LCV-LGE SIDI 2.5 L 16V DOHC L4 FLEX, 2020-2023.<br \/>\nCHEVROLET S10 LT 2.5 FLEX 4X4 CD AT G-2, ECOTEC LCV-LGE SIDI 2.5 L 16V DOHC L4 FLEX, 2019-2023.<\/p>\n<p>COM Automotive est\u00e1 especializada en piezas de autom\u00f3vil de dise\u00f1o original para el sector de la reparaci\u00f3n posventa, clientes industriales y fabricantes de veh\u00edculos especiales OEM.<br \/>\nNuestro equipo tiene m\u00e1s de 28 a\u00f1os de experiencia en la fabricaci\u00f3n y el suministro de piezas de automoci\u00f3n a escala mundial.<br \/>\nNuestra MISI\u00d3N es ofrecer productos de dise\u00f1o original con una calidad impecable y una sustituci\u00f3n personalizada.<br \/>\nNuestra VISI\u00d3N es promover el crecimiento y un valor inigualable para nuestros clientes.<br \/>\nEquipo especializado<br \/>\nValoramos el conocimiento y la diversidad para retener y ganar a los mejores profesionales del mercado.<br \/>\nPresencia mundial<br \/>\nNuestro equipo est\u00e1 presente en los principales mercados y regiones del mundo: Am\u00e9rica, Sudam\u00e9rica y Asia.<\/p>\n","protected":false},"excerpt":{"rendered":"<p>Alternador F000BL07CR de 12 V y 130 amperios con polea &#8211; Dise\u00f1o: BOSCH SEG &#8211; OEM: GM<\/p>\n","protected":false},"featured_media":3946,"comment_status":"closed","ping_status":"closed","template":"","meta":[],"product_brand":[],"product_cat":[8109,8542],"product_tag":[11617],"class_list":{"0":"post-15755","1":"product","2":"type-product","3":"status-publish","4":"has-post-thumbnail","6":"product_cat-alternador-es-2","7":"product_cat-sempreco-es","8":"product_tag-130amp-es","10":"first","11":"instock","12":"taxable","13":"shipping-taxable","14":"purchasable","15":"product-type-simple"},"_links":{"self":[{"href":"https:\/\/com-automotive.com\/es\/wp-json\/wp\/v2\/product\/15755","targetHints":{"allow":["GET"]}}],"collection":[{"href":"https:\/\/com-automotive.com\/es\/wp-json\/wp\/v2\/product"}],"about":[{"href":"https:\/\/com-automotive.com\/es\/wp-json\/wp\/v2\/types\/product"}],"replies":[{"embeddable":true,"href":"https:\/\/com-automotive.com\/es\/wp-json\/wp\/v2\/comments?post=15755"}],"wp:featuredmedia":[{"embeddable":true,"href":"https:\/\/com-automotive.com\/es\/wp-json\/wp\/v2\/media\/3946"}],"wp:attachment":[{"href":"https:\/\/com-automotive.com\/es\/wp-json\/wp\/v2\/media?parent=15755"}],"wp:term":[{"taxonomy":"product_brand","embeddable":true,"href":"https:\/\/com-automotive.com\/es\/wp-json\/wp\/v2\/product_brand?post=15755"},{"taxonomy":"product_cat","embeddable":true,"href":"https:\/\/com-automotive.com\/es\/wp-json\/wp\/v2\/product_cat?post=15755"},{"taxonomy":"product_tag","embeddable":true,"href":"https:\/\/com-automotive.com\/es\/wp-json\/wp\/v2\/product_tag?post=15755"}],"curies":[{"name":"wp","href":"https:\/\/api.w.org\/{rel}","templated":true}]}}