{"id":15753,"date":"2023-10-23T18:05:47","date_gmt":"2023-10-23T21:05:47","guid":{"rendered":"https:\/\/com-automotive.com\/alternador-12v-110a-f000bl06bh-f000bl06ez-fusion-ranger-2-5l-16v-ano-2012\/"},"modified":"2023-10-23T18:05:47","modified_gmt":"2023-10-23T21:05:47","slug":"alternador-12v-110a-f000bl06bh-f000bl06ez-fusion-ranger-2-5l-16v-ano-2012","status":"publish","type":"product","link":"https:\/\/com-automotive.com\/es\/alternador-12v-110a-f000bl06bh-f000bl06ez-fusion-ranger-2-5l-16v-ano-2012\/","title":{"rendered":"Alternador 12V 110A F000BL06BH F000BL06EZ Fusion Ranger 2.5L 16V a\u00f1o 2012&gt;<span class=\"product-sku\" style=\"display: block; font-size: 0.85em; color: #777; margin-top: 5px; margin-bottom: 5px;\">SKU: 8000.0687-COM<\/span>"},"content":{"rendered":"<h1>Calidad de dise\u00f1o original COM-AUTOMOTIVE.<\/h1>\n<p>Alternador F000BL06BH de 12V 110Amp con polea &#8211; Dise\u00f1o: BOSCH SEG &#8211; OEM: FORD<\/p>\n<h2>Preguntas m\u00e1s frecuentes<\/h2>\n<h3><strong>\u00bfCu\u00e1les son las referencias cruzadas?<\/strong><\/h3>\n<p>F000BL06EZ, F000BL06BH, AB3910300BG, L56618300D AB3910300BG<\/p>\n<h2><strong>TABLA DE APLICACI\u00d3N<\/strong><\/h2>\n<p>FORD RANGER C.CAB XLS, DURATEC DOHC 2.5 L 16V DOHC L4 FLEX, 2012-2016.<br \/>\nFORD RANGER C.CAB XLT , DURATEC DOHC 2.5 L 16V DOHC L4 FLEX, 2012-2016.<br \/>\nFORD RANGER C.CAB XLS 2.5 FLEX , DURATEC DURATEC 2.5 L 16V DOHC L4 FLEX, 2016-2019.<br \/>\nFORD RANGER C.CAB XLT 2.5 FLEX MT , DURATEC DURATEC 2.5 L 16V DOHC L4 FLEX, 2016-2020.<br \/>\nFORD RANGER C.CAB LIMITED 2.5 FLEX MT, DURATEC DURATEC 2.5 L 16V DOHC L4 FLEX, 2016-2020.<br \/>\nFORD RANGER R.CAB XLT , DURATEC DOHC 2.5 L 16V DOHC L4 FLEX, 2012-2016.<br \/>\nFORD RANGER C.CAB LIMITED, DURATEC DOHC 2.5L 16V DOHC L4 FLEX, 2012-2016.<br \/>\nFORD RANGER R.CAB SPORT 2.5 FLEX 4X2 , DURATEC DOHC 2.5 L 16V DOHC L4 FLEX, 2014-2016.<\/p>\n<p>COM Automotive est\u00e1 especializada en piezas de autom\u00f3vil de dise\u00f1o original para el sector de la reparaci\u00f3n posventa, clientes industriales y fabricantes de veh\u00edculos especiales OEM.<br \/>\nNuestro equipo tiene m\u00e1s de 28 a\u00f1os de experiencia en la fabricaci\u00f3n y el suministro de piezas de automoci\u00f3n a escala mundial.<br \/>\nNuestra MISI\u00d3N es ofrecer productos de dise\u00f1o original con una calidad impecable y una sustituci\u00f3n personalizada.<br \/>\nNuestra VISI\u00d3N es promover el crecimiento y un valor inigualable para nuestros clientes.<br \/>\nEquipo especializado<br \/>\nValoramos el conocimiento y la diversidad para retener y ganar a los mejores profesionales del mercado.<br \/>\nPresencia mundial<br \/>\nNuestro equipo est\u00e1 presente en los principales mercados y regiones del mundo: Am\u00e9rica, Sudam\u00e9rica y Asia.<\/p>\n","protected":false},"excerpt":{"rendered":"<p>F000BL06BH-COM. En stock. Ref: F000BL06EZ, F000BL06BH, AB3910300BG, L56618300D &#8211; compatible con: FORD. Marca: COM Automotive &#8211; Producto con calidad y dise\u00f1o originales. Compatible con Bosch<\/p>\n","protected":false},"featured_media":19061,"comment_status":"open","ping_status":"closed","template":"","meta":[],"product_brand":[],"product_cat":[8109],"product_tag":[],"class_list":{"0":"post-15753","1":"product","2":"type-product","3":"status-publish","4":"has-post-thumbnail","6":"product_cat-alternador-es-2","8":"first","9":"instock","10":"taxable","11":"shipping-taxable","12":"purchasable","13":"product-type-simple"},"_links":{"self":[{"href":"https:\/\/com-automotive.com\/es\/wp-json\/wp\/v2\/product\/15753","targetHints":{"allow":["GET"]}}],"collection":[{"href":"https:\/\/com-automotive.com\/es\/wp-json\/wp\/v2\/product"}],"about":[{"href":"https:\/\/com-automotive.com\/es\/wp-json\/wp\/v2\/types\/product"}],"replies":[{"embeddable":true,"href":"https:\/\/com-automotive.com\/es\/wp-json\/wp\/v2\/comments?post=15753"}],"wp:featuredmedia":[{"embeddable":true,"href":"https:\/\/com-automotive.com\/es\/wp-json\/wp\/v2\/media\/19061"}],"wp:attachment":[{"href":"https:\/\/com-automotive.com\/es\/wp-json\/wp\/v2\/media?parent=15753"}],"wp:term":[{"taxonomy":"product_brand","embeddable":true,"href":"https:\/\/com-automotive.com\/es\/wp-json\/wp\/v2\/product_brand?post=15753"},{"taxonomy":"product_cat","embeddable":true,"href":"https:\/\/com-automotive.com\/es\/wp-json\/wp\/v2\/product_cat?post=15753"},{"taxonomy":"product_tag","embeddable":true,"href":"https:\/\/com-automotive.com\/es\/wp-json\/wp\/v2\/product_tag?post=15753"}],"curies":[{"name":"wp","href":"https:\/\/api.w.org\/{rel}","templated":true}]}}